{"id":5554,"date":"2025-02-11T17:40:26","date_gmt":"2025-02-11T20:40:26","guid":{"rendered":"https:\/\/wp.ufpel.edu.br\/nuped\/?page_id=5554"},"modified":"2025-07-02T10:24:48","modified_gmt":"2025-07-02T13:24:48","slug":"editais","status":"publish","type":"page","link":"https:\/\/wp.ufpel.edu.br\/nuped\/editais\/","title":{"rendered":"Editais"},"content":{"rendered":"<p><meta http-equiv=\"refresh\" content=\"0; url=https:\/\/wp.ufpel.edu.br\/cpted\/editais\/\" \/><\/p>\n<p style=\"font-size: 10pt; font-family: arial, helvetica, sans-serif; color: #3366ff;\"><strong>O QUE S\u00c3O EDITAIS?<\/strong><\/p>\n<p style=\"font-size: 10pt; font-family: arial, helvetica, sans-serif;\">Os editais s\u00e3o documentos oficiais usados para divulgar e regulamentar processos seletivos, licita\u00e7\u00f5es, concursos p\u00fablicos e outras atividades administrativas. Eles cont\u00eam informa\u00e7\u00f5es essenciais, como requisitos, prazos, regras e crit\u00e9rios de avalia\u00e7\u00e3o, garantindo que todos os interessados tenham acesso \u00e0s mesmas condi\u00e7\u00f5es e orienta\u00e7\u00f5es. Esses documentos podem ser publicados por \u00f3rg\u00e3os p\u00fablicos, empresas, institui\u00e7\u00f5es de ensino e outras organiza\u00e7\u00f5es para formalizar e estruturar seus procedimentos. Alguns exemplos comuns incluem concursos p\u00fablicos, licita\u00e7\u00f5es para contrata\u00e7\u00e3o de servi\u00e7os, concess\u00e3o de bolsas e financiamentos, al\u00e9m de processos acad\u00eamicos. A principal fun\u00e7\u00e3o do edital \u00e9 assegurar a transpar\u00eancia e a organiza\u00e7\u00e3o, permitindo que todas as etapas sejam conduzidas de maneira clara e justa.<\/p>\n<p style=\"font-size: 10pt; font-family: arial, helvetica, sans-serif; color: #3366ff;\"><strong>QUAL A IMPORT\u00c2NCIA DOS EDITAIS?<\/strong><\/p>\n<p style=\"font-size: 10pt; font-family: arial, helvetica, sans-serif;\">A import\u00e2ncia dos editais est\u00e1 na transpar\u00eancia e na igualdade que proporcionam. Ao definir regras claras, evitam favorecimentos e garantem que todos tenham as mesmas oportunidades. Al\u00e9m disso, oferecem seguran\u00e7a jur\u00eddica ao formalizar cada etapa do processo, reduzindo riscos de questionamentos e problemas legais. Outra vantagem \u00e9 a organiza\u00e7\u00e3o que proporcionam, estabelecendo cronogramas, crit\u00e9rios de avalia\u00e7\u00e3o e orienta\u00e7\u00f5es detalhadas, facilitando a participa\u00e7\u00e3o e o planejamento. Com isso, os editais tornam-se ferramentas fundamentais para garantir processos justos, acess\u00edveis e eficientes para todos.<\/p>\n<p style=\"font-size: 10pt; font-family: arial, helvetica, sans-serif; color: #3366ff;\"><strong>LISTA DE EDITAIS<\/strong><\/p>\n<p style=\"font-size: 10pt; font-family: arial, helvetica, sans-serif;\">\n<table id=\"tablepress-1\" class=\"tablepress tablepress-id-1\">\n<thead>\n<tr class=\"row-1\">\n\t<th class=\"column-1\">UNIDADE<\/th><th class=\"column-2\">N\u00daMERO<\/th><th class=\"column-3\">ANO<\/th><th class=\"column-4\">DESCRI\u00c7\u00c3O<\/th><th class=\"column-5\">TIPO<\/th><th class=\"column-6\">PUBLICA\u00c7\u00c3O<\/th><th class=\"column-7\">ATUALIZA\u00c7\u00c3O<\/th>\n<\/tr>\n<\/thead>\n<tbody class=\"row-striping row-hover\">\n<tr class=\"row-2\">\n\t<td class=\"column-1\">CLHD<\/td><td class=\"column-2\">09<\/td><td class=\"column-3\">2025<\/td><td class=\"column-4\"><a href=\"https:\/\/wp.ufpel.edu.br\/nuped\/clhd-edital-09-2025-coordenadoria-de-curso\/\">Edital 09\/2025 - Coordenadoria de Curso<\/a><\/td><td class=\"column-5\">Sele\u00e7\u00e3o<\/td><td class=\"column-6\">22\/04\/2025<\/td><td class=\"column-7\">26\/05\/2025<\/td>\n<\/tr>\n<tr class=\"row-3\">\n\t<td class=\"column-1\">UAB<\/td><td class=\"column-2\">02<\/td><td class=\"column-3\">2025<\/td><td class=\"column-4\"><a href=\"https:\/\/wp.ufpel.edu.br\/nuped\/uab-edital-02-2025-coordernador-de-curso-e-coordenador-de-tutoria\/\">Edital UAB\/UFPEL 02\/2025 \u2013 Coordenador de Curso e Coordenador de Tutoria<\/a><\/td><td class=\"column-5\">Sele\u00e7\u00e3o<\/td><td class=\"column-6\">07\/05\/2025<\/td><td class=\"column-7\">27\/05\/2025<\/td>\n<\/tr>\n<tr class=\"row-4\">\n\t<td class=\"column-1\">UAB<\/td><td class=\"column-2\">01<\/td><td class=\"column-3\">2025<\/td><td class=\"column-4\"><a href=\"https:\/\/wp.ufpel.edu.br\/nuped\/uab-edital-01-2025-assistente-pedagogico-equipe-multidisciplinar\/\">Edital UAB\/UFPEL 01\/2025 \u2013 Assistente Pedag\u00f3gico \u2013 Equipe Multidisciplinar<\/a><\/td><td class=\"column-5\">Sele\u00e7\u00e3o<\/td><td class=\"column-6\">13\/03\/2025<br \/>\n<\/td><td class=\"column-7\">30\/04\/2025<br \/>\n<\/td>\n<\/tr>\n<tr class=\"row-5\">\n\t<td class=\"column-1\">CLMD<\/td><td class=\"column-2\">04<\/td><td class=\"column-3\">2025<\/td><td class=\"column-4\"><a href=\"https:\/\/wp.ufpel.edu.br\/nuped\/editais\/clmd-edital-04-2025-tutoria-presencial-e-a-distancia\/\">Edital 04\/2025 - Tutoria Presencial e a Dist\u00e2ncia<\/a><\/td><td class=\"column-5\">Sele\u00e7\u00e3o<\/td><td class=\"column-6\">25\/03\/2025<\/td><td class=\"column-7\">30\/04\/2025<\/td>\n<\/tr>\n<tr class=\"row-6\">\n\t<td class=\"column-1\">CLMD<\/td><td class=\"column-2\">03<\/td><td class=\"column-3\">2025<\/td><td class=\"column-4\"><a href=\"https:\/\/wp.ufpel.edu.br\/nuped\/editais\/clmd-edital-03-2025-professor-formador\/\">Edital 03\/2025 - Professor formador<\/a><\/td><td class=\"column-5\">Sele\u00e7\u00e3o<\/td><td class=\"column-6\">26\/03\/2025<\/td><td class=\"column-7\">23\/04\/2025<\/td>\n<\/tr>\n<tr class=\"row-7\">\n\t<td class=\"column-1\">CLED<\/td><td class=\"column-2\">04<\/td><td class=\"column-3\">2025<\/td><td class=\"column-4\"><a href=\"https:\/\/wp.ufpel.edu.br\/nuped\/editais\/cled-edital-04-2025-tutor-presencial\/\">Edital 04\/2025 - Tutor Presencial<\/a><\/td><td class=\"column-5\">Sele\u00e7\u00e3o<\/td><td class=\"column-6\">27\/02\/2025<\/td><td class=\"column-7\">21\/03\/2025<\/td>\n<\/tr>\n<tr class=\"row-8\">\n\t<td class=\"column-1\">CLHD<\/td><td class=\"column-2\">08<\/td><td class=\"column-3\">2025<\/td><td class=\"column-4\"><a href=\"https:\/\/wp.ufpel.edu.br\/nuped\/clhd-edital-08-2025-tutoria-a-distancia\/\">Edital 08\/2025 - Tutoria a Dist\u00e2ncia<\/a><\/td><td class=\"column-5\">Sele\u00e7\u00e3o<\/td><td class=\"column-6\">18\/02\/2025<\/td><td class=\"column-7\">21\/03\/2025<\/td>\n<\/tr>\n<tr class=\"row-9\">\n\t<td class=\"column-1\">CLHD<\/td><td class=\"column-2\">05<\/td><td class=\"column-3\">2025<\/td><td class=\"column-4\"><a href=\"https:\/\/wp.ufpel.edu.br\/nuped\/clhd-edital-05-2025-tutoria-presencial\/\">Edital 05\/2025 - Tutoria Presencial<\/a><\/td><td class=\"column-5\">Sele\u00e7\u00e3o<\/td><td class=\"column-6\">14\/02\/2025<\/td><td class=\"column-7\">20\/03\/2025<\/td>\n<\/tr>\n<tr class=\"row-10\">\n\t<td class=\"column-1\">CLHD<\/td><td class=\"column-2\">06<\/td><td class=\"column-3\">2025<\/td><td class=\"column-4\"><a href=\"https:\/\/wp.ufpel.edu.br\/nuped\/editais\/clhd-edital-06-2025-professor-formador\/\">Edital 06\/2025 - Professor Formador Hist\u00f3ria<\/a><\/td><td class=\"column-5\">Sele\u00e7\u00e3o<\/td><td class=\"column-6\">18\/02\/2025<\/td><td class=\"column-7\">20\/03\/2025<\/td>\n<\/tr>\n<tr class=\"row-11\">\n\t<td class=\"column-1\">CLHD<\/td><td class=\"column-2\">04<\/td><td class=\"column-3\">2025<\/td><td class=\"column-4\"><a href=\"https:\/\/wp.ufpel.edu.br\/nuped\/clhd-edital-05-2025-tutoria-presencial\/\">Edital CLHD 04\/2025 \u2013 Coordenadoria de curso<\/a><\/td><td class=\"column-5\">Sele\u00e7\u00e3o<\/td><td class=\"column-6\">14\/03\/2025<\/td><td class=\"column-7\">14\/03\/2025<\/td>\n<\/tr>\n<tr class=\"row-12\">\n\t<td class=\"column-1\">CLMD<\/td><td class=\"column-2\">01<\/td><td class=\"column-3\">2025<\/td><td class=\"column-4\"><a href=\"https:\/\/wp.ufpel.edu.br\/nuped\/editais\/clmd-edital-01-2025-professor-formador\/\">Edital 01\/2025 -Professor Formador<\/a><\/td><td class=\"column-5\">Sele\u00e7\u00e3o <\/td><td class=\"column-6\">06\/02\/2025<\/td><td class=\"column-7\">12\/03\/2025<\/td>\n<\/tr>\n<tr class=\"row-13\">\n\t<td class=\"column-1\">CLMD<\/td><td class=\"column-2\">02<\/td><td class=\"column-3\">2025<\/td><td class=\"column-4\"><a href=\"https:\/\/wp.ufpel.edu.br\/nuped\/editais\/clmd-edital-02-2025-tutor\/\">Edital 02\/2025 - Tutor<\/a><\/td><td class=\"column-5\">Sele\u00e7\u00e3o<\/td><td class=\"column-6\">06\/02\/2025<\/td><td class=\"column-7\">12\/03\/2025<\/td>\n<\/tr>\n<tr class=\"row-14\">\n\t<td class=\"column-1\">EGPS<\/td><td class=\"column-2\">01<\/td><td class=\"column-3\">2025<\/td><td class=\"column-4\"><a href=\"https:\/\/wp.ufpel.edu.br\/nuped\/egps-edital-01-2025-coordenador-de-curso\/\">Edital 01\/2025 - Coordenador de Curso<\/a><\/td><td class=\"column-5\">Sele\u00e7\u00e3o<\/td><td class=\"column-6\">27\/01\/2025<\/td><td class=\"column-7\">07\/03\/2025<\/td>\n<\/tr>\n<tr class=\"row-15\">\n\t<td class=\"column-1\">CLHD<\/td><td class=\"column-2\">07<\/td><td class=\"column-3\">2025<\/td><td class=\"column-4\"><a href=\"https:\/\/wp.ufpel.edu.br\/nuped\/editais\/clhd-edital-07-2025-tutoria\/\">Edital 07\/2025 - Tutoria a Dist\u00e2ncia em Libras<\/a><\/td><td class=\"column-5\">Sele\u00e7\u00e3o<\/td><td class=\"column-6\">18\/02\/2025<\/td><td class=\"column-7\">07\/03\/2025<\/td>\n<\/tr>\n<tr class=\"row-16\">\n\t<td class=\"column-1\">CLED<\/td><td class=\"column-2\">01<\/td><td class=\"column-3\">2025<\/td><td class=\"column-4\"><a href=\"https:\/\/wp.ufpel.edu.br\/nuped\/editais\/cled-edital-01-2025-tutor-a-distancia\/\">Edital 01\/2025 - Tutor a dist\u00e2ncia<\/a><\/td><td class=\"column-5\">Sele\u00e7\u00e3o<\/td><td class=\"column-6\">21\/01\/2025<\/td><td class=\"column-7\">20\/02\/2025<\/td>\n<\/tr>\n<tr class=\"row-17\">\n\t<td class=\"column-1\">CLED<\/td><td class=\"column-2\">02<\/td><td class=\"column-3\">2025<\/td><td class=\"column-4\"><a href=\"https:\/\/wp.ufpel.edu.br\/nuped\/editais\/cled-edital-02-2025-professor-formador-espanhol\/\">Edital 02\/2025 Professor Formador Espanhol<\/a><\/td><td class=\"column-5\">Sele\u00e7\u00e3o<\/td><td class=\"column-6\">21\/01\/2025<\/td><td class=\"column-7\">20\/02\/2025<\/td>\n<\/tr>\n<tr class=\"row-18\">\n\t<td class=\"column-1\">CLED<\/td><td class=\"column-2\">03<\/td><td class=\"column-3\">2025<\/td><td class=\"column-4\"><a href=\"https:\/\/wp.ufpel.edu.br\/nuped\/editais\/cled-edital-03-2025-professor-formador\/\">Edital 03\/2025 - Professor Formador Portugu\u00eas<\/a><\/td><td class=\"column-5\">Sele\u00e7\u00e3o<\/td><td class=\"column-6\">21\/01\/2025<\/td><td class=\"column-7\">20\/02\/2025<\/td>\n<\/tr>\n<tr class=\"row-19\">\n\t<td class=\"column-1\">ESEF<\/td><td class=\"column-2\">210<\/td><td class=\"column-3\">2024<\/td><td class=\"column-4\"><a href=\"https:\/\/wp.ufpel.edu.br\/nuped\/editais\/esef-edital-210-2024-aluno-regular\/\">Edital 210\/2025 - Aluno Regular<\/a><\/td><td class=\"column-5\">Sele\u00e7\u00e3o<\/td><td class=\"column-6\">14\/02\/2025<\/td><td class=\"column-7\">14\/02\/2025<\/td>\n<\/tr>\n<tr class=\"row-20\">\n\t<td class=\"column-1\">PRE<\/td><td class=\"column-2\">01<\/td><td class=\"column-3\">2025<\/td><td class=\"column-4\"><a href=\"https:\/\/wp.ufpel.edu.br\/nuped\/pre-edital-01-2025-auxiliares-tecnico-pedagogicos-i\/\">Edital 01\/2025 - Auxiliares T\u00e9cnicos-Pedag\u00f3gicos<\/a><\/td><td class=\"column-5\">Sele\u00e7\u00e3o<\/td><td class=\"column-6\">15\/01\/2025<\/td><td class=\"column-7\">13\/02\/2025<\/td>\n<\/tr>\n<\/tbody>\n<\/table>\n<!-- #tablepress-1 from cache --><\/p>\n","protected":false},"excerpt":{"rendered":"<p>O QUE S\u00c3O EDITAIS? Os editais s\u00e3o documentos oficiais usados para divulgar e regulamentar processos seletivos, licita\u00e7\u00f5es, concursos p\u00fablicos e outras atividades administrativas. Eles cont\u00eam informa\u00e7\u00f5es essenciais, como requisitos, prazos, regras e crit\u00e9rios de avalia\u00e7\u00e3o, garantindo que todos os interessados tenham acesso \u00e0s mesmas condi\u00e7\u00f5es e orienta\u00e7\u00f5es. Esses documentos podem ser publicados por \u00f3rg\u00e3os p\u00fablicos, [&hellip;]<\/p>\n","protected":false},"author":1308,"featured_media":0,"parent":0,"menu_order":0,"comment_status":"closed","ping_status":"closed","template":"","meta":{"footnotes":""},"class_list":["post-5554","page","type-page","status-publish","hentry"],"_links":{"self":[{"href":"https:\/\/wp.ufpel.edu.br\/nuped\/wp-json\/wp\/v2\/pages\/5554","targetHints":{"allow":["GET"]}}],"collection":[{"href":"https:\/\/wp.ufpel.edu.br\/nuped\/wp-json\/wp\/v2\/pages"}],"about":[{"href":"https:\/\/wp.ufpel.edu.br\/nuped\/wp-json\/wp\/v2\/types\/page"}],"author":[{"embeddable":true,"href":"https:\/\/wp.ufpel.edu.br\/nuped\/wp-json\/wp\/v2\/users\/1308"}],"replies":[{"embeddable":true,"href":"https:\/\/wp.ufpel.edu.br\/nuped\/wp-json\/wp\/v2\/comments?post=5554"}],"version-history":[{"count":20,"href":"https:\/\/wp.ufpel.edu.br\/nuped\/wp-json\/wp\/v2\/pages\/5554\/revisions"}],"predecessor-version":[{"id":6242,"href":"https:\/\/wp.ufpel.edu.br\/nuped\/wp-json\/wp\/v2\/pages\/5554\/revisions\/6242"}],"wp:attachment":[{"href":"https:\/\/wp.ufpel.edu.br\/nuped\/wp-json\/wp\/v2\/media?parent=5554"}],"curies":[{"name":"wp","href":"https:\/\/api.w.org\/{rel}","templated":true}]}}