{"id":5087,"date":"2024-08-06T10:50:32","date_gmt":"2024-08-06T13:50:32","guid":{"rendered":"https:\/\/wp.ufpel.edu.br\/nuped\/?page_id=5087"},"modified":"2024-09-11T09:37:42","modified_gmt":"2024-09-11T12:37:42","slug":"ufpel-sem-distancia-2","status":"publish","type":"page","link":"https:\/\/wp.ufpel.edu.br\/nuped\/ufpel-sem-distancia-2\/","title":{"rendered":"UFPel sem Dist\u00e2ncia 2"},"content":{"rendered":"<link rel=\"stylesheet\" href=\"https:\/\/cdnjs.cloudflare.com\/ajax\/libs\/font-awesome\/6.6.0\/css\/all.min.css\" integrity=\"sha512-Kc323vGBEqzTmouAECnVceyQqyqdsSiqLQISBL29aUW4U\/M7pSPA\/gEUZQqv1cwx4OnYxTxve5UMg5GT6L4JJg==\" crossorigin=\"anonymous\" referrerpolicy=\"no-referrer\" \/>\n<p><img class=\"aligncenter wp-image-5089 size-full\" src=\"https:\/\/wp.ufpel.edu.br\/nuped\/files\/2024\/08\/Prancheta-2.png\" alt=\"\" width=\"985\" height=\"219\" srcset=\"https:\/\/wp.ufpel.edu.br\/nuped\/files\/2024\/08\/Prancheta-2.png 985w, https:\/\/wp.ufpel.edu.br\/nuped\/files\/2024\/08\/Prancheta-2-400x89.png 400w, https:\/\/wp.ufpel.edu.br\/nuped\/files\/2024\/08\/Prancheta-2-768x171.png 768w\" sizes=\"(max-width: 985px) 100vw, 985px\" \/><\/p>\n<p>A acessibilidade na educa\u00e7\u00e3o online \u00e9 um dos fatores que contribuem para garantir que todos os estudantes, independentemente de suas habilidades ou limita\u00e7\u00f5es, tenham acesso igualit\u00e1rio ao aprendizado. Mostrando-se uma tem\u00e1tica fundamental para promo\u00e7\u00e3o de uma educa\u00e7\u00e3o mais inclusiva e acolhedora, com vistas ao enfrentamento do desafio da evas\u00e3o.<\/p>\n<p>Considerando esse contexto, a Universidade Aberta do Brasil (UAB), o N\u00facleo de Pol\u00edticas de Educa\u00e7\u00e3o a Dist\u00e2ncia (NUPED) e a Pr\u00f3-Reitoria de Ensino (PRE) organizaram o evento a 2\u00aa edi\u00e7\u00e3o do evento UFPel sem Dist\u00e2ncia, com o tema Perman\u00eancia e Acessibilidade na Educa\u00e7\u00e3o Online.<\/p>\n<p>O evento contar\u00e1 com palestras, mesa redonda, oficinas, visita ao campi da UFPel e apresenta\u00e7\u00e3o de artigos. No que se refere a publica\u00e7\u00e3o de trabalhos no evento, os estudos devem ser submetidos no per\u00edodo de 03 de junho a 01 de setembro de 2024.<\/p>\n<table class=\" alignleft\" style=\"height: 24px; width: 100%; border-collapse: collapse; background-color: #11429f; border-radius: 5px;\" border=\"0\" cellpadding=\"5\">\n<tbody>\n<tr>\n<td><strong><span style=\"color: #ffffff;\">\u00a0INSCRI\u00c7\u00d5ES<\/span><\/strong><\/td>\n<\/tr>\n<\/tbody>\n<\/table>\n<table class=\" alignleft\" style=\"width: 100%;\" border=\"0\" cellpadding=\"10\">\n<tbody>\n<tr>\n<td>\n<p><i class=\"fa-solid fa-calendar-days\" style=\"width: 20px; text-align: center;\"><\/i> Data Limite: 11 de setembro.<\/p>\n<p><i class=\"fa-regular fa-address-card\" style=\"width: 20px; text-align: center;\"><\/i> <a style=\"text-decoration: none; color: #0000ff;\" href=\"https:\/\/l.ufpel.edu.br\/UFPelsemDistancia2\" target=\"_blank\" rel=\"noopener\">Formul\u00e1rio de Inscri\u00e7\u00e3o<\/a><\/p>\n<p><i class=\"fa-regular fa-file-word\" style=\"width: 20px; text-align: center;\"><\/i> <a style=\"text-decoration: none; color: #0000ff;\" href=\"https:\/\/l.ufpel.edu.br\/TemplateUFPelsemDistancia\" target=\"_blank\" rel=\"noopener\">Template de Submiss\u00e3o do Resumo Expandido<\/a><\/p>\n<p><i class=\"fa-regular fa-file-powerpoint\" style=\"width: 20px; text-align: center;\"><\/i><a style=\"text-decoration: none; color: #0000ff;\" href=\"https:\/\/l.ufpel.edu.br\/templateparaapresentacao\" target=\"_blank\" rel=\"noopener\">Template para a Apresenta\u00e7\u00e3o dos Artigos<\/a><\/p>\n<p><i class=\"fa-regular fa-address-card\" style=\"width: 20px; text-align: center;\"><\/i> <a style=\"text-decoration: none; color: #0000ff;\" href=\"https:\/\/wp.ufpel.edu.br\/nuped\/2024\/09\/09\/ufpel-sem-distancia-2-artigos-aprovados\/\" target=\"_blank\" rel=\"noopener\">Artigos aprovados e local de apresenta\u00e7\u00e3o<\/a><\/td>\n<\/tr>\n<\/tbody>\n<\/table>\n<table class=\" alignleft\" style=\"height: 24px; width: 100%; border-collapse: collapse; background-color: #11429f; border-radius: 5px;\" border=\"0\" cellpadding=\"5\">\n<tbody>\n<tr>\n<td><strong><span style=\"color: #ffffff;\">\u00a0INFORMA\u00c7\u00d5ES IMPORTANTES<\/span><\/strong><\/td>\n<\/tr>\n<\/tbody>\n<\/table>\n<table class=\" alignleft\" style=\"width: 100%;\" border=\"0\" cellpadding=\"10\">\n<tbody>\n<tr>\n<td>\n<p><i class=\"fa-solid fa-calendar-days\" style=\"width: 20px; text-align: center;\"><\/i> Data de Realiza\u00e7\u00e3o: 12, 13 e 14 de setembro.<\/p>\n<p><i class=\"fa-solid fa-sack-dollar\" style=\"width: 20px; text-align: center;\"><\/i> Evento gratuito<\/p>\n<p><i class=\"fa-solid fa-triangle-exclamation\" style=\"width: 20px; text-align: center;\"><\/i> A submiss\u00e3o de resumos expandidos deve ocorrer at\u00e9 1 de setembro.<\/p>\n<p><i class=\"fa-solid fa-scroll\" style=\"width: 20px; text-align: center;\"><\/i>Certificado de 20 horas<\/p>\n<p><i class=\"fa-brands fa-whatsapp\" style=\"width: 20px; text-align: center;\"><\/i><a style=\"text-decoration: none; color: #0000ff;\" href=\"https:\/\/chat.whatsapp.com\/F7N2Datcfgh3xY9o0qGwVT\" target=\"_blank\" rel=\"noopener\">Grupo WhatsApp<\/a><\/td>\n<\/tr>\n<\/tbody>\n<\/table>\n<table class=\" alignleft\" style=\"height: 24px; width: 100%; border-collapse: collapse; background-color: #11429f; border-radius: 5px;\" border=\"0\" cellpadding=\"5\">\n<tbody>\n<tr>\n<td><strong><span style=\"color: #ffffff;\">\u00a0AUX\u00cdLIO FINANCEIRO ESTUDANTIL PARA O EVENTO<\/span><\/strong><\/td>\n<\/tr>\n<\/tbody>\n<\/table>\n<table class=\" alignleft\" style=\"width: 100%;\" border=\"0\" cellpadding=\"10\">\n<tbody>\n<tr>\n<td>\n<p><i class=\"fa-solid fa-file-invoice\" style=\"width: 20px; text-align: center;\"><\/i> <a style=\"text-decoration: none; color: #0000ff;\" href=\"https:\/\/wp.ufpel.edu.br\/nuped\/files\/2024\/09\/Relacao-de-Alunos-Auxilio-Parcial.pdf\">Rela\u00e7\u00e3o de Inscritos &#8211; Edital 002\/2024<\/a><\/p>\n<p><i class=\"fa-solid fa-file-invoice\" style=\"width: 20px; text-align: center;\"><\/i> <a style=\"text-decoration: none; color: #0000ff;\" href=\"https:\/\/wp.ufpel.edu.br\/nuped\/files\/2024\/09\/Edital-002.2024-Auxilio-Evento-Parcial.pdf\">Edital de Aux\u00edlio Financeiro Estudantil Parcial para Evento &#8211; Edital n. 002\/2024<\/a><\/p>\n<p><i class=\"fa-solid fa-hand-holding-dollar\" style=\"width: 20px; text-align: center;\"><\/i> <a style=\"text-decoration: none; color: #0000ff;\">Formul\u00e1rio de Solicita\u00e7\u00e3o do Aux\u00edlio Financeiro Estudantil Parcial para Evento &#8211; Edital n. 002\/2024<\/a><\/p>\n<p><i class=\"fa-solid fa-file-invoice\" style=\"width: 20px; text-align: center;\"><\/i> <a style=\"text-decoration: none; color: #0000ff;\" href=\"https:\/\/wp.ufpel.edu.br\/nuped\/files\/2024\/09\/Listagem-Alunos-Edital-012024.pdf\">Rela\u00e7\u00e3o de Inscritos &#8211; Edital 001\/2024<\/a><\/p>\n<p><i class=\"fa-solid fa-file-invoice\" style=\"width: 20px; text-align: center;\"><\/i> <a style=\"text-decoration: none; color: #0000ff;\" href=\"https:\/\/wp.ufpel.edu.br\/nuped\/files\/2024\/08\/SEI_UFPel-2709092-Edital.pdf\" target=\"_blank\" rel=\"noopener\">Edital de Aux\u00edlio Financeiro Estudantil para Evento &#8211; Edital n. 001\/2024<\/a><\/p>\n<p><i class=\"fa-solid fa-hand-holding-dollar\" style=\"width: 20px; text-align: center;\"><\/i> <a style=\"text-decoration: none; color: #0000ff;\" href=\"https:\/\/l.ufpel.edu.br\/auxilioeventoUFPelsemDistancia\" target=\"_blank\" rel=\"noopener\">Formul\u00e1rio de Solicita\u00e7\u00e3o do Aux\u00edlio Financeiro Estudantil para Evento &#8211; Edital n. 001\/2024<\/a><\/td>\n<\/tr>\n<\/tbody>\n<\/table>\n<table class=\" alignleft\" style=\"height: 24px; width: 100%; border-collapse: collapse; background-color: #11429f; border-radius: 5px;\" border=\"0\" cellpadding=\"5\">\n<tbody>\n<tr>\n<td><strong><span style=\"color: #ffffff;\">\u00a0CURSOS E OFICINAS<\/span><\/strong><\/td>\n<\/tr>\n<\/tbody>\n<\/table>\n<table class=\" alignleft\" style=\"width: 100%;\" border=\"0\" cellpadding=\"10\">\n<tbody>\n<tr>\n<td>\n<p><i class=\"fa-solid fa-pen-to-square\" style=\"width: 20px; text-align: center;\"><\/i> <a style=\"text-decoration: none; color: #0000ff;\" href=\"https:\/\/docs.google.com\/forms\/d\/e\/1FAIpQLScmRtdnrZuTUq5pywaI2UxeN0cUXSBmCP--ccgnfo5rzhpAhg\/viewform\" target=\"_blank\" rel=\"noopener\">Formul\u00e1rio de Inscri\u00e7\u00e3o para as Oficinas<\/a><\/p>\n<p><i class=\"fa-solid fa-file-pen\" style=\"width: 20px; text-align: center;\"><\/i><a style=\"text-decoration: none; color: #0000ff;\" href=\"https:\/\/l.ufpel.edu.br\/Oficinaderesumosexpandidos\">Inscri\u00e7\u00e3o para o Curso de confec\u00e7\u00e3o de resumos expandidos<\/a><\/td>\n<\/tr>\n<\/tbody>\n<\/table>\n<hr style=\"border: solid 1px #f9f9f9;\" \/>\n<p><img src=\"https:\/\/wp.ufpel.edu.br\/nuped\/files\/2024\/09\/WhatsApp-Image-2024-09-11-at-09.29.22.jpeg\" alt=\"\" width=\"1600\" height=\"1600\" class=\"alignnone size-full wp-image-5233\" srcset=\"https:\/\/wp.ufpel.edu.br\/nuped\/files\/2024\/09\/WhatsApp-Image-2024-09-11-at-09.29.22.jpeg 1600w, https:\/\/wp.ufpel.edu.br\/nuped\/files\/2024\/09\/WhatsApp-Image-2024-09-11-at-09.29.22-400x400.jpeg 400w, https:\/\/wp.ufpel.edu.br\/nuped\/files\/2024\/09\/WhatsApp-Image-2024-09-11-at-09.29.22-1024x1024.jpeg 1024w, https:\/\/wp.ufpel.edu.br\/nuped\/files\/2024\/09\/WhatsApp-Image-2024-09-11-at-09.29.22-200x200.jpeg 200w, https:\/\/wp.ufpel.edu.br\/nuped\/files\/2024\/09\/WhatsApp-Image-2024-09-11-at-09.29.22-768x768.jpeg 768w, https:\/\/wp.ufpel.edu.br\/nuped\/files\/2024\/09\/WhatsApp-Image-2024-09-11-at-09.29.22-1536x1536.jpeg 1536w\" sizes=\"(max-width: 1600px) 100vw, 1600px\" \/><\/p>\n","protected":false},"excerpt":{"rendered":"<p>A acessibilidade na educa\u00e7\u00e3o online \u00e9 um dos fatores que contribuem para garantir que todos os estudantes, independentemente de suas habilidades ou limita\u00e7\u00f5es, tenham acesso igualit\u00e1rio ao aprendizado. Mostrando-se uma tem\u00e1tica fundamental para promo\u00e7\u00e3o de uma educa\u00e7\u00e3o mais inclusiva e acolhedora, com vistas ao enfrentamento do desafio da evas\u00e3o. Considerando esse contexto, a Universidade Aberta [&hellip;]<\/p>\n","protected":false},"author":1308,"featured_media":0,"parent":0,"menu_order":0,"comment_status":"closed","ping_status":"closed","template":"","meta":{"footnotes":""},"class_list":["post-5087","page","type-page","status-publish","hentry"],"_links":{"self":[{"href":"https:\/\/wp.ufpel.edu.br\/nuped\/wp-json\/wp\/v2\/pages\/5087","targetHints":{"allow":["GET"]}}],"collection":[{"href":"https:\/\/wp.ufpel.edu.br\/nuped\/wp-json\/wp\/v2\/pages"}],"about":[{"href":"https:\/\/wp.ufpel.edu.br\/nuped\/wp-json\/wp\/v2\/types\/page"}],"author":[{"embeddable":true,"href":"https:\/\/wp.ufpel.edu.br\/nuped\/wp-json\/wp\/v2\/users\/1308"}],"replies":[{"embeddable":true,"href":"https:\/\/wp.ufpel.edu.br\/nuped\/wp-json\/wp\/v2\/comments?post=5087"}],"version-history":[{"count":93,"href":"https:\/\/wp.ufpel.edu.br\/nuped\/wp-json\/wp\/v2\/pages\/5087\/revisions"}],"predecessor-version":[{"id":5236,"href":"https:\/\/wp.ufpel.edu.br\/nuped\/wp-json\/wp\/v2\/pages\/5087\/revisions\/5236"}],"wp:attachment":[{"href":"https:\/\/wp.ufpel.edu.br\/nuped\/wp-json\/wp\/v2\/media?parent=5087"}],"curies":[{"name":"wp","href":"https:\/\/api.w.org\/{rel}","templated":true}]}}