{"id":474,"date":"2020-08-12T18:16:23","date_gmt":"2020-08-12T21:16:23","guid":{"rendered":"https:\/\/wp.ufpel.edu.br\/nate\/?page_id=474"},"modified":"2020-08-12T18:16:23","modified_gmt":"2020-08-12T21:16:23","slug":"playlist","status":"publish","type":"page","link":"https:\/\/wp.ufpel.edu.br\/nuped\/playlist\/","title":{"rendered":"Playlist de v\u00eddeos"},"content":{"rendered":"\n<h2>Nessa playlist voc\u00ea encontrar\u00e1 os seguinte tutoriais em v\u00eddeo:<\/h2>\n<a href=\"#video1\" style=\"color: #3366ff\">\n<h5>\n<br id=\"\" \/>\n<br id=\"\" \/>\n1) e-AULA | Acesso e detalhes de interface do novo Moodle\n<\/a>\n<br id=\"\" \/>\n<br id=\"\" \/>\n<a href=\"#video2\" style=\"color: #3366ff\">\n2) e-AULA | Menu para acesso ao perfil e mudar papel\n<\/a>\n<br id=\"\" \/>\n<br id=\"\" \/>\n<a href=\"#video3\" style=\"color: #3366ff\">\n3) e-AULA | Detalhes na interface do novo Moodle\n<\/a>\n<br id=\"\" \/>\n<br id=\"\" \/>\n<a href=\"#video4\" style=\"color: #3366ff\">\n4) e-AULA | Ocultar e mostrar uma disciplina\n<\/a>\n<br id=\"\" \/>\n<br id=\"\" \/>\n<a href=\"#video5\" style=\"color: #3366ff\">\n5) e-AULA | Alterando o perfil\n<\/a>\n<br id=\"\" \/>\n<br id=\"\" \/>\n<a href=\"#video6\" style=\"color: #3366ff\">\n6) e-AULA | Backup c\u00f3pia de uma disciplina curso no AVA Institucional<\/a>\n<br id=\"\" \/>\n<br id=\"\" \/>\n<a href=\"#video7\" style=\"color: #3366ff\">\n7) e-AULA | Restaurar um backup no e AULA\n<\/a>\n<br id=\"\" \/>\n<br id=\"\" \/>\n<a href=\"#video8\" style=\"color: #3366ff\">\n8) e-AULA | M\u00f3dulo de integra\u00e7\u00e3o Cobalto versus e AULA\n<\/a>\n<br id=\"\" \/>\n<br id=\"\" \/>\n<a href=\"#video9\" style=\"color: #3366ff\">\n9) e-AULA | Editor padr\u00e3o no e AULA e como alterar para o editor id\u00eantico ao do AVA Institucional\n<\/a>\n<br id=\"\" \/>\n<br id=\"\" \/>\n<a href=\"#video10\" style=\"color: #3366ff\">\n10) e-AULA | Integra\u00e7\u00e3o do sistema de webconfer\u00eancia com o e-AULA\n<\/a>\n<br id=\"\" \/>\n<br id=\"\" \/>\n<a href=\"#video11\" style=\"color: #3366ff\">\n11) e-AULA | Sugest\u00e3o de estrutura para uma disciplina\n<\/a>\n<br id=\"\" \/>\n<br id=\"\" \/>\n<a href=\"#video12\" style=\"color: #3366ff\">\n12) e-AULA | Inclus\u00e3o de monitores no e-AULA\n<\/a>\n<br id=\"\" \/>\n<br id=\"\" \/>\n<a href=\"#video13\" style=\"color: #3366ff\">\n13) e-AULA | Conceitos iniciais (Contribui\u00e7\u00e3o Prof Gerson CA UFPel)<\/a>\n<br id=\"\" \/>\n<br id=\"\" \/>\n<a href=\"#video14\" style=\"color: #3366ff\">\n14) e-AULA | Registro de frequ\u00eancia Cobalto\n<\/a>\n<br id=\"\" \/>\n<br id=\"\" \/>\n<a href=\"#video15\" style=\"color: #3366ff\">\n15) e-AULA | Registro de frequ\u00eancia &#8211; Moodle\n<\/a>\n<br id=\"\" \/>\n<br id=\"\" \/>\n<a href=\"#video16\" style=\"color: #3366ff\">\n16) e-AULA | V\u00eddeo-aula biblioteca<\/a>\n<br id=\"\" \/>\n<br id=\"\" \/>\n<\/h5>\n\n<div id=\"video1\" style=\"text-align: center\">\n<br id=\"\" \/>\n<br id=\"\" \/>\n<br id=\"\" \/>\n<h3>1) e-AULA | Acesso e detalhes de interface do novo Moodle<\/h3>\n<div>\n<iframe title=\"1)  e-AULA |  Acesso e detalhes de interface do novo Moodle\" width=\"500\" height=\"281\" src=\"https:\/\/www.youtube.com\/embed\/sT8dxPLY6C8?feature=oembed\" frameborder=\"0\" allow=\"accelerometer; autoplay; clipboard-write; encrypted-media; gyroscope; picture-in-picture; web-share\" referrerpolicy=\"strict-origin-when-cross-origin\" allowfullscreen><\/iframe>\n<\/div>\n<br id=\"\" \/>\n<br id=\"\" \/>\n<br id=\"\" \/>\n<div id=\"video2\" style=\"text-align: center\">\n<br id=\"\" \/>\n<br id=\"\" \/>\n<br id=\"\" \/>\n<h3>2) e-AULA | Menu para acesso ao perfil e mudar papel<\/h3>\n<div><iframe title=\"2)  e-AULA | Menu para acesso ao perfil e mudar papel\" width=\"500\" height=\"281\" src=\"https:\/\/www.youtube.com\/embed\/jKGQF4B3No8?feature=oembed\" frameborder=\"0\" allow=\"accelerometer; autoplay; clipboard-write; encrypted-media; gyroscope; picture-in-picture; web-share\" referrerpolicy=\"strict-origin-when-cross-origin\" allowfullscreen><\/iframe><\/div>\n<\/div>\n<br id=\"\" \/>\n<br id=\"\" \/>\n<br id=\"\" \/>\n<div id=\"video3\" style=\"text-align: center\">\n<br id=\"\" \/>\n<br id=\"\" \/>\n<h3>3) e-AULA | Detalhes na interface do novo Moodle<\/h3>\n<div><iframe title=\"3)  e-AULA | Detalhes na interface do novo Moodle\" width=\"500\" height=\"281\" src=\"https:\/\/www.youtube.com\/embed\/sV-vjKMewjY?feature=oembed\" frameborder=\"0\" allow=\"accelerometer; autoplay; clipboard-write; encrypted-media; gyroscope; picture-in-picture; web-share\" referrerpolicy=\"strict-origin-when-cross-origin\" allowfullscreen><\/iframe><\/div>\n<\/div>\n<br id=\"\" \/>\n<br id=\"\" \/>\n<br id=\"\" \/>\n<div id=\"video4\" style=\"text-align: center\">\n<br id=\"\" \/>\n<br id=\"\" \/>\n<br id=\"\" \/>\n<h3>4) e-AULA | Ocultar e mostrar uma disciplina<\/h3>\n<div><iframe title=\"4) e-AULA | Ocultar e mostrar uma disciplina\" width=\"500\" height=\"281\" src=\"https:\/\/www.youtube.com\/embed\/LAvpLkZn-0c?feature=oembed\" frameborder=\"0\" allow=\"accelerometer; autoplay; clipboard-write; encrypted-media; gyroscope; picture-in-picture; web-share\" referrerpolicy=\"strict-origin-when-cross-origin\" allowfullscreen><\/iframe><\/div>\n<\/div>\n<br id=\"\" \/>\n<br id=\"\" \/>\n<br id=\"\" \/>\n<div id=\"video5\" style=\"text-align: center\">\n<br id=\"\" \/>\n<br id=\"\" \/>\n<br id=\"\" \/>\n<h3>5) e-AULA | Alterando o perfil<\/h3>\n<div><iframe title=\"5)  e-AULA | Alterando o perfil\" width=\"500\" height=\"281\" src=\"https:\/\/www.youtube.com\/embed\/XI102osMxsM?feature=oembed\" frameborder=\"0\" allow=\"accelerometer; autoplay; clipboard-write; encrypted-media; gyroscope; picture-in-picture; web-share\" referrerpolicy=\"strict-origin-when-cross-origin\" allowfullscreen><\/iframe><\/div>\n<\/div>\n<br id=\"\" \/>\n<br id=\"\" \/>\n<br id=\"\" \/>\n<div id=\"video6\" style=\"text-align: center\">\n<br id=\"\" \/>\n<br id=\"\" \/>\n<br id=\"\" \/>\n<h3>6) e-AULA | Backup c\u00f3pia de uma disciplina curso no AVA Institucional<\/h3>\n<div><iframe title=\"6) e-AULA | Backup c\u00f3pia de uma disciplina curso no AVA Institucional\" width=\"500\" height=\"281\" src=\"https:\/\/www.youtube.com\/embed\/dGwUVhHraL0?feature=oembed\" frameborder=\"0\" allow=\"accelerometer; autoplay; clipboard-write; encrypted-media; gyroscope; picture-in-picture; web-share\" referrerpolicy=\"strict-origin-when-cross-origin\" allowfullscreen><\/iframe><\/div>\n<\/div>\n<br id=\"\" \/>\n<br id=\"\" \/>\n<br id=\"\" \/>\n<div id=\"video7\" style=\"text-align: center\">\n<br id=\"\" \/>\n<br id=\"\" \/>\n<br id=\"\" \/>\n<h3>7) e-AULA | Restaurar um backup no e AULA<\/h3>\n<div><iframe title=\"7) e-AULA | Restaurar um backup no e AULA\" width=\"500\" height=\"281\" src=\"https:\/\/www.youtube.com\/embed\/JyweBsu2yd8?feature=oembed\" frameborder=\"0\" allow=\"accelerometer; autoplay; clipboard-write; encrypted-media; gyroscope; picture-in-picture; web-share\" referrerpolicy=\"strict-origin-when-cross-origin\" allowfullscreen><\/iframe><\/div>\n<\/div>\n<br id=\"\" \/>\n<br id=\"\" \/>\n<br id=\"\" \/>\n<div id=\"video8\" style=\"text-align: center\">\n<br id=\"\" \/>\n<br id=\"\" \/>\n<br id=\"\" \/>\n<h3>8) e-AULA | M\u00f3dulo de integra\u00e7\u00e3o Cobalto versus e AULA<\/h3>\n<div><iframe title=\"8) e-AULA | M\u00f3dulo de integra\u00e7\u00e3o Cobalto versus e AULA\" width=\"500\" height=\"281\" src=\"https:\/\/www.youtube.com\/embed\/TEpA7ohNmOI?feature=oembed\" frameborder=\"0\" allow=\"accelerometer; autoplay; clipboard-write; encrypted-media; gyroscope; picture-in-picture; web-share\" referrerpolicy=\"strict-origin-when-cross-origin\" allowfullscreen><\/iframe><\/div>\n<\/div>\n<br id=\"\" \/>\n<br id=\"\" \/>\n<br id=\"\" \/>\n<div id=\"video9\" style=\"text-align: center\">\n<br id=\"\" \/>\n<br id=\"\" \/>\n<br id=\"\" \/>\n<h3>9) e-AULA | Editor padr\u00e3o no e AULA e como alterar para o editor id\u00eantico ao do AVA Institucional<\/h3>\n<div><iframe title=\"9) e-AULA | Editor padr\u00e3o no e AULA e como alterar para o editor id\u00eantico ao do AVA Institucional\" width=\"500\" height=\"281\" src=\"https:\/\/www.youtube.com\/embed\/FUzmGpYfXtM?feature=oembed\" frameborder=\"0\" allow=\"accelerometer; autoplay; clipboard-write; encrypted-media; gyroscope; picture-in-picture; web-share\" referrerpolicy=\"strict-origin-when-cross-origin\" allowfullscreen><\/iframe><\/div>\n<\/div>\n<br id=\"\" \/>\n<br id=\"\" \/>\n<br id=\"\" \/>\n<div id=\"video10\" style=\"text-align: center\">\n<br id=\"\" \/>\n<br id=\"\" \/>\n<br id=\"\" \/>\n<h3>10) e-AULA | Integra\u00e7\u00e3o do sistema de webconfer\u00eancia com o e-AULA<\/h3>\n<div><iframe title=\"10)  e-AULA | Integra\u00e7\u00e3o do sistema de webconfer\u00eancia com o e-AULA\" width=\"500\" height=\"281\" src=\"https:\/\/www.youtube.com\/embed\/LWQleZasjV4?feature=oembed\" frameborder=\"0\" allow=\"accelerometer; autoplay; clipboard-write; encrypted-media; gyroscope; picture-in-picture; web-share\" referrerpolicy=\"strict-origin-when-cross-origin\" allowfullscreen><\/iframe><\/div>\n<\/div>\n<br id=\"\" \/>\n<br id=\"\" \/>\n<br id=\"\" \/>\n<div id=\"video11\" style=\"text-align: center\">\n<br id=\"\" \/>\n<br id=\"\" \/>\n<br id=\"\" \/>\n<h3>11) e-AULA | Sugest\u00e3o de estrutura para uma disciplina<\/h3>\n<div><iframe title=\"11) e-AULA | Sugest\u00e3o de estrutura para uma disciplina\" width=\"500\" height=\"281\" src=\"https:\/\/www.youtube.com\/embed\/6bs0EMaoggQ?feature=oembed\" frameborder=\"0\" allow=\"accelerometer; autoplay; clipboard-write; encrypted-media; gyroscope; picture-in-picture; web-share\" referrerpolicy=\"strict-origin-when-cross-origin\" allowfullscreen><\/iframe><\/div>\n<\/div>\n<br id=\"\" \/>\n<br id=\"\" \/>\n<br id=\"\" \/>\n<div id=\"video12\" style=\"text-align: center\">\n<br id=\"\" \/>\n<br id=\"\" \/>\n<br id=\"\" \/>\n<h3>12) e-AULA | Inclus\u00e3o de monitores no e-AULA<\/h3>\n<div><iframe title=\"12) e-AULA | Inclus\u00e3o de monitores no e-AULA\" width=\"500\" height=\"281\" src=\"https:\/\/www.youtube.com\/embed\/e5Ht299uEjo?feature=oembed\" frameborder=\"0\" allow=\"accelerometer; autoplay; clipboard-write; encrypted-media; gyroscope; picture-in-picture; web-share\" referrerpolicy=\"strict-origin-when-cross-origin\" allowfullscreen><\/iframe><\/div>\n<\/div>\n<br id=\"\" \/>\n<br id=\"\" \/>\n<br id=\"\" \/>\n<div id=\"video13\" style=\"text-align: center\">\n<br id=\"\" \/>\n<br id=\"\" \/>\n<br id=\"\" \/>\n<h3>13) e-AULA | Conceitos iniciais (Contribui\u00e7\u00e3o Prof Gerson CA UFPel)<\/h3>\n<div><iframe title=\"13) e-AULA | Conceitos iniciais (Contribui\u00e7\u00e3o Prof  Gerson CA UFPel)\" width=\"500\" height=\"281\" src=\"https:\/\/www.youtube.com\/embed\/8VbuESJaqBM?feature=oembed\" frameborder=\"0\" allow=\"accelerometer; autoplay; clipboard-write; encrypted-media; gyroscope; picture-in-picture; web-share\" referrerpolicy=\"strict-origin-when-cross-origin\" allowfullscreen><\/iframe><\/div>\n<\/div>\n<br id=\"\" \/>\n<br id=\"\" \/>\n<br id=\"\" \/>\n<div id=\"video14\" style=\"text-align: center\">\n<br id=\"\" \/>\n<br id=\"\" \/>\n<br id=\"\" \/>\n<h3>14) e-AULA | Registro de frequ\u00eancia Cobalto<\/h3>\n<div><iframe title=\"14) e-AULA | Registro de frequ\u00eancia   Cobalto\" width=\"500\" height=\"281\" src=\"https:\/\/www.youtube.com\/embed\/kG54wtK4lGQ?feature=oembed\" frameborder=\"0\" allow=\"accelerometer; autoplay; clipboard-write; encrypted-media; gyroscope; picture-in-picture; web-share\" referrerpolicy=\"strict-origin-when-cross-origin\" allowfullscreen><\/iframe><\/div>\n<\/div>\n<br id=\"\" \/>\n<br id=\"\" \/>\n<br id=\"\" \/>\n<div id=\"video15\" style=\"text-align: center\">\n<br id=\"\" \/>\n<br id=\"\" \/>\n<br id=\"\" \/>\n<h3>15) e-AULA | Registro de frequ\u00eancia &#8211; Moodle<\/h3>\n<div><iframe title=\"15) e-AULA | Registro de frequ\u00eancia - Moodle\" width=\"500\" height=\"281\" src=\"https:\/\/www.youtube.com\/embed\/qlkUwaDP4T0?feature=oembed\" frameborder=\"0\" allow=\"accelerometer; autoplay; clipboard-write; encrypted-media; gyroscope; picture-in-picture; web-share\" referrerpolicy=\"strict-origin-when-cross-origin\" allowfullscreen><\/iframe>\n<\/div>\n<br id=\"\" \/>\n<br id=\"\" \/>\n<br id=\"\" \/>\n<div id=\"video16\" style=\"text-align: center\">\n<br id=\"\" \/>\n<br id=\"\" \/>\n<br id=\"\" \/>\n<h3>16) e-AULA | V\u00eddeo-aula biblioteca<\/h3>\n<div><iframe title=\"16) e-AULA | V\u00eddeo-aula biblioteca\" width=\"500\" height=\"281\" src=\"https:\/\/www.youtube.com\/embed\/Ff7n3Ajl5B0?feature=oembed\" frameborder=\"0\" allow=\"accelerometer; autoplay; clipboard-write; encrypted-media; gyroscope; picture-in-picture; web-share\" referrerpolicy=\"strict-origin-when-cross-origin\" allowfullscreen><\/iframe><\/div>\n<\/div>\n\n\n\n<p><\/p>\n","protected":false},"excerpt":{"rendered":"<p>Nessa playlist voc\u00ea encontrar\u00e1 os seguinte tutoriais em v\u00eddeo: 1) e-AULA | Acesso e detalhes de interface do novo Moodle 2) e-AULA | Menu para acesso ao perfil e mudar papel 3) e-AULA | Detalhes na interface do novo Moodle 4) e-AULA | Ocultar e mostrar uma disciplina 5) e-AULA | Alterando o perfil 6) [&hellip;]<\/p>\n","protected":false},"author":1165,"featured_media":0,"parent":0,"menu_order":0,"comment_status":"closed","ping_status":"closed","template":"","meta":{"footnotes":""},"class_list":["post-474","page","type-page","status-publish","hentry"],"_links":{"self":[{"href":"https:\/\/wp.ufpel.edu.br\/nuped\/wp-json\/wp\/v2\/pages\/474","targetHints":{"allow":["GET"]}}],"collection":[{"href":"https:\/\/wp.ufpel.edu.br\/nuped\/wp-json\/wp\/v2\/pages"}],"about":[{"href":"https:\/\/wp.ufpel.edu.br\/nuped\/wp-json\/wp\/v2\/types\/page"}],"author":[{"embeddable":true,"href":"https:\/\/wp.ufpel.edu.br\/nuped\/wp-json\/wp\/v2\/users\/1165"}],"replies":[{"embeddable":true,"href":"https:\/\/wp.ufpel.edu.br\/nuped\/wp-json\/wp\/v2\/comments?post=474"}],"version-history":[{"count":0,"href":"https:\/\/wp.ufpel.edu.br\/nuped\/wp-json\/wp\/v2\/pages\/474\/revisions"}],"wp:attachment":[{"href":"https:\/\/wp.ufpel.edu.br\/nuped\/wp-json\/wp\/v2\/media?parent=474"}],"curies":[{"name":"wp","href":"https:\/\/api.w.org\/{rel}","templated":true}]}}