{"id":2854,"date":"2023-06-26T10:25:48","date_gmt":"2023-06-26T13:25:48","guid":{"rendered":"https:\/\/wp.ufpel.edu.br\/nuped\/?page_id=2854"},"modified":"2025-02-24T16:19:27","modified_gmt":"2025-02-24T19:19:27","slug":"ebooks","status":"publish","type":"page","link":"https:\/\/wp.ufpel.edu.br\/nuped\/ebooks\/","title":{"rendered":"E-books"},"content":{"rendered":"<p><span style=\"font-family: arial, helvetica, sans-serif; font-size: 10pt;\">O NUPED, unidade de educa\u00e7\u00e3o a dist\u00e2ncia da Universidade Federal de Pelotas, oferece seus ebooks gratuitamente em seu site, proporcionando acesso aberto a recursos educacionais de qualidade. Essa iniciativa permite que estudantes de todo o mundo tenham acesso a materiais atualizados e interativos, enriquecendo sua experi\u00eancia de aprendizagem na modalidade\u00a0a\u00a0dist\u00e2ncia.<\/span><\/p>\n<hr \/>\n<p>&nbsp;<\/p>\n<table style=\"width: 100%; border-collapse: collapse;\" border=\"0\">\n<tbody>\n<tr>\n<td style=\"width: 23.7127%;\"><img class=\"aligncenter wp-image-3063\" src=\"https:\/\/wp.ufpel.edu.br\/nuped\/files\/2023\/07\/Capa1-1-283x400.png\" alt=\"\" width=\"200\" height=\"283\" srcset=\"https:\/\/wp.ufpel.edu.br\/nuped\/files\/2023\/07\/Capa1-1-283x400.png 283w, https:\/\/wp.ufpel.edu.br\/nuped\/files\/2023\/07\/Capa1-1-724x1024.png 724w, https:\/\/wp.ufpel.edu.br\/nuped\/files\/2023\/07\/Capa1-1-768x1086.png 768w, https:\/\/wp.ufpel.edu.br\/nuped\/files\/2023\/07\/Capa1-1-1086x1536.png 1086w, https:\/\/wp.ufpel.edu.br\/nuped\/files\/2023\/07\/Capa1-1.png 1414w\" sizes=\"(max-width: 200px) 100vw, 200px\" \/><\/td>\n<td style=\"width: 76.2147%; vertical-align: top;\">\n<table style=\"width: 100%; border-collapse: collapse;\" border=\"0\">\n<tbody>\n<tr style=\"height: 50px;\">\n<td style=\"width: 100%; height: 50px;\"><span style=\"font-family: arial, helvetica, sans-serif; color: #3366ff;\"><strong><a style=\"color: #3366ff;\" href=\"https:\/\/wp.ufpel.edu.br\/nuped\/relatos-de-praticas-exitosas-no-ensino-remoto\/\"><span style=\"font-size: 10pt;\">RELATOS DE PR\u00c1TICAS EXITOSAS NO ENSINO REMOTO<\/span><\/a><\/strong><\/span><br \/>\n<span style=\"color: #999999; font-size: 10pt; font-family: arial, helvetica, sans-serif;\">1<sup>o<\/sup> Edi\u00e7\u00e3o &#8211; <strong>ISBN<\/strong> 978-65-00-68788-0<\/span><\/td>\n<\/tr>\n<tr style=\"height: 48px;\">\n<td style=\"width: 100%; height: 48px;\"><span style=\"font-size: 10pt; font-family: arial, helvetica, sans-serif;\"><strong>Autores:<\/strong><\/span><br \/>\n<span style=\"font-size: 10pt; font-family: arial, helvetica, sans-serif;\">AVILA, Christiano M. O; BOLZAN, Larissa M; N\u00d6RNBERG, Lui; SILVA, Rosaura E. S.<\/span><\/td>\n<\/tr>\n<tr style=\"height: 24px;\">\n<td style=\"width: 100%; height: 24px;\"><span style=\"font-size: 10pt; font-family: arial, helvetica, sans-serif;\"><strong>Ano:<\/strong> 2023<\/span><\/td>\n<\/tr>\n<tr style=\"height: 40px;\">\n<td style=\"width: 100%; text-align: left; vertical-align: middle; height: 40px;\"><span style=\"font-size: 8pt; font-family: arial, helvetica, sans-serif;\"><img class=\"size-full wp-image-2887 alignleft\" src=\"https:\/\/wp.ufpel.edu.br\/nuped\/files\/2023\/06\/file_download_icon_151366.png\" alt=\"\" width=\"24\" height=\"24\" \/><a href=\"https:\/\/wp.ufpel.edu.br\/nuped\/files\/2023\/07\/Livro-NUPED.pdf\">DOWNLOAD<\/a><\/span><\/td>\n<\/tr>\n<\/tbody>\n<\/table>\n<\/td>\n<\/tr>\n<tr>\n<td style=\"width: 23.7127%;\"><img class=\"aligncenter wp-image-5804\" src=\"https:\/\/wp.ufpel.edu.br\/nuped\/files\/2025\/02\/Ufpel-sem-distancia-2-Anais-do-evento-283x400.png\" alt=\"\" width=\"200\" height=\"283\" srcset=\"https:\/\/wp.ufpel.edu.br\/nuped\/files\/2025\/02\/Ufpel-sem-distancia-2-Anais-do-evento-283x400.png 283w, https:\/\/wp.ufpel.edu.br\/nuped\/files\/2025\/02\/Ufpel-sem-distancia-2-Anais-do-evento-724x1024.png 724w, https:\/\/wp.ufpel.edu.br\/nuped\/files\/2025\/02\/Ufpel-sem-distancia-2-Anais-do-evento-768x1086.png 768w, https:\/\/wp.ufpel.edu.br\/nuped\/files\/2025\/02\/Ufpel-sem-distancia-2-Anais-do-evento-1086x1536.png 1086w, https:\/\/wp.ufpel.edu.br\/nuped\/files\/2025\/02\/Ufpel-sem-distancia-2-Anais-do-evento-1448x2048.png 1448w\" sizes=\"(max-width: 200px) 100vw, 200px\" \/><\/td>\n<td style=\"width: 76.2147%; vertical-align: top;\">\n<table style=\"width: 100%; border-collapse: collapse;\" border=\"0\">\n<tbody>\n<tr style=\"height: 50px;\">\n<td style=\"width: 100%; height: 50px;\"><span style=\"font-family: arial, helvetica, sans-serif; color: #3366ff;\"><strong><a style=\"color: #3366ff;\" href=\"https:\/\/wp.ufpel.edu.br\/nuped\/2024\/10\/17\/anais-do-evento-ufpel-sem-distancia-2\/\"><span style=\"font-size: 10pt;\">2\u00aa EDI\u00c7\u00c3O UFPEL SEM DIST\u00c2NCIA &#8211; ANAIS DO EVENTO<\/span><\/a><\/strong><\/span><br \/>\n<span style=\"color: #999999; font-size: 10pt; font-family: arial, helvetica, sans-serif;\">1<sup>o<\/sup> Edi\u00e7\u00e3o<\/span><\/td>\n<\/tr>\n<tr style=\"height: 48px;\">\n<td style=\"width: 100%; height: 48px;\"><span style=\"font-size: 10pt; font-family: arial, helvetica, sans-serif;\"><strong>Equipe respons\u00e1vel:<\/strong><\/span><br \/>\n<span style=\"font-size: 10pt; font-family: arial, helvetica, sans-serif;\">Larissa Medianeira Bolzan, Christiano Martino Otero \u00c1vila, Rosaura Esp\u00edrito Santo da Silva, Carla Denize Ott Felcher<\/span><\/td>\n<\/tr>\n<tr style=\"height: 48px;\">\n<td style=\"width: 100%; height: 48px;\"><span style=\"font-size: 10pt; font-family: arial, helvetica, sans-serif;\"><strong>Organizadores:<\/strong><\/span><br \/>\n<span style=\"font-size: 10pt; font-family: arial, helvetica, sans-serif;\">Miguel Martins dos Santos, Lucas Brandolt, Larissa Medianeira Bolzan, Christiano Martino Otero \u00c1vila, Rosaura Esp\u00edrito Santo da Silva, Carla Denize Ott Felcher<\/span><\/td>\n<\/tr>\n<tr style=\"height: 24px;\">\n<td style=\"width: 100%; height: 24px;\"><span style=\"font-size: 10pt; font-family: arial, helvetica, sans-serif;\"><strong>Ano:<\/strong> 2024<\/span><\/td>\n<\/tr>\n<tr style=\"height: 40px;\">\n<td style=\"width: 100%; text-align: left; vertical-align: middle; height: 40px;\"><span style=\"font-size: 8pt; font-family: arial, helvetica, sans-serif;\"><img class=\"size-full wp-image-2887 alignleft\" src=\"https:\/\/wp.ufpel.edu.br\/nuped\/files\/2023\/06\/file_download_icon_151366.png\" alt=\"\" width=\"24\" height=\"24\" \/><a href=\"https:\/\/wp.ufpel.edu.br\/nuped\/files\/2024\/10\/Ufpel-sem-distancia-2-Anais-do-evento.pdf\">DOWNLOAD<\/a><\/span><\/td>\n<\/tr>\n<\/tbody>\n<\/table>\n<\/td>\n<\/tr>\n<\/tbody>\n<\/table>\n<hr \/>\n","protected":false},"excerpt":{"rendered":"<p>O NUPED, unidade de educa\u00e7\u00e3o a dist\u00e2ncia da Universidade Federal de Pelotas, oferece seus ebooks gratuitamente em seu site, proporcionando acesso aberto a recursos educacionais de qualidade. Essa iniciativa permite que estudantes de todo o mundo tenham acesso a materiais atualizados e interativos, enriquecendo sua experi\u00eancia de aprendizagem na modalidade\u00a0a\u00a0dist\u00e2ncia. &nbsp; RELATOS DE PR\u00c1TICAS EXITOSAS [&hellip;]<\/p>\n","protected":false},"author":1165,"featured_media":0,"parent":0,"menu_order":0,"comment_status":"closed","ping_status":"closed","template":"","meta":{"footnotes":""},"class_list":["post-2854","page","type-page","status-publish","hentry"],"_links":{"self":[{"href":"https:\/\/wp.ufpel.edu.br\/nuped\/wp-json\/wp\/v2\/pages\/2854","targetHints":{"allow":["GET"]}}],"collection":[{"href":"https:\/\/wp.ufpel.edu.br\/nuped\/wp-json\/wp\/v2\/pages"}],"about":[{"href":"https:\/\/wp.ufpel.edu.br\/nuped\/wp-json\/wp\/v2\/types\/page"}],"author":[{"embeddable":true,"href":"https:\/\/wp.ufpel.edu.br\/nuped\/wp-json\/wp\/v2\/users\/1165"}],"replies":[{"embeddable":true,"href":"https:\/\/wp.ufpel.edu.br\/nuped\/wp-json\/wp\/v2\/comments?post=2854"}],"version-history":[{"count":3,"href":"https:\/\/wp.ufpel.edu.br\/nuped\/wp-json\/wp\/v2\/pages\/2854\/revisions"}],"predecessor-version":[{"id":5806,"href":"https:\/\/wp.ufpel.edu.br\/nuped\/wp-json\/wp\/v2\/pages\/2854\/revisions\/5806"}],"wp:attachment":[{"href":"https:\/\/wp.ufpel.edu.br\/nuped\/wp-json\/wp\/v2\/media?parent=2854"}],"curies":[{"name":"wp","href":"https:\/\/api.w.org\/{rel}","templated":true}]}}