{"id":2840,"date":"2023-06-23T11:15:33","date_gmt":"2023-06-23T14:15:33","guid":{"rendered":"https:\/\/wp.ufpel.edu.br\/nuped\/?page_id=2840"},"modified":"2023-06-23T11:15:33","modified_gmt":"2023-06-23T14:15:33","slug":"moocs","status":"publish","type":"page","link":"https:\/\/wp.ufpel.edu.br\/nuped\/moocs\/","title":{"rendered":"MOOCs e Cursos do NUPED"},"content":{"rendered":"<p align=\"justify\"><span style=\"font-family: times new roman, times, serif\">MOOC (Massive Open Online Course) \u00e9 um curso online aberto e massivo que oferece acesso gratuito a uma ampla gama de conhecimentos e recursos educacionais. Combinando v\u00eddeos, materiais de leitura e f\u00f3runs de discuss\u00e3o, os MOOCs permitem que pessoas de todo o mundo aprendam e interajam em seu pr\u00f3prio ritmo, promovendo a democratiza\u00e7\u00e3o da educa\u00e7\u00e3o. Nesta p\u00e1gina iremos repassar breve resumos sobre os MOOCs criados pela unidade.<br \/>\n<\/span><\/p>\n<h3 class=\"western\" align=\"justify\"><span style=\"font-family: times new roman, times, serif\">Para realizar sua inscri\u00e7\u00e3o em um ou mais dos MOOCs, acesse: <a href=\"https:\/\/l.ufpel.edu.br\/inscricoesmooc\" target=\"_blank\" rel=\"noopener\"><u>https:\/\/l.ufpel.edu.br\/inscricoesmooc<\/u><\/a><\/span><\/h3>\n<h3><span style=\"font-family: times new roman, times, serif\"><span style=\"font-size: medium\"><b>MOOC M\u00cdDIAS EDUCACIONAIS DIGITAIS<\/b><\/span><\/span><\/h3>\n<p><span style=\"font-family: times new roman, times, serif\"><span style=\"font-size: medium\"><img class=\"aligncenter size-full wp-image-2841\" src=\"https:\/\/wp.ufpel.edu.br\/nuped\/files\/2023\/06\/Midias.jpeg\" alt=\"\" width=\"1280\" height=\"640\" srcset=\"https:\/\/wp.ufpel.edu.br\/nuped\/files\/2023\/06\/Midias.jpeg 1280w, https:\/\/wp.ufpel.edu.br\/nuped\/files\/2023\/06\/Midias-400x200.jpeg 400w, https:\/\/wp.ufpel.edu.br\/nuped\/files\/2023\/06\/Midias-1024x512.jpeg 1024w, https:\/\/wp.ufpel.edu.br\/nuped\/files\/2023\/06\/Midias-768x384.jpeg 768w\" sizes=\"(max-width: 1280px) 100vw, 1280px\" \/><\/span><\/span><\/p>\n<p align=\"justify\"><span style=\"font-family: times new roman, times, serif\"><span style=\"font-size: medium\">Este MOOC objetiva apresentar op\u00e7\u00f5es de m\u00eddias digitais para fins educacionais, visando potencializar os processos de ensino, de aprendizagem e de avalia\u00e7\u00e3o no ensino superior.\u00a0<\/span><\/span><span style=\"font-family: times new roman, times, serif\"><span style=\"font-size: medium\">Seu conte\u00fado compreende: confec\u00e7\u00e3o de storyboard, confec\u00e7\u00e3o de roteiro, grava\u00e7\u00e3o de videoaulas, podcast, streaming e vinhetas.<\/span><\/span><\/p>\n<p><span style=\"font-family: times new roman, times, serif\"><span style=\"font-size: medium\"><b>MOOC H5P<\/b><\/span><\/span><\/p>\n<p><span style=\"color: #ff0000;font-family: times new roman, times, serif\"><span style=\"font-size: medium\"><img class=\"aligncenter size-full wp-image-2842\" src=\"https:\/\/wp.ufpel.edu.br\/nuped\/files\/2023\/06\/H5p.jpeg\" alt=\"\" width=\"1280\" height=\"585\" srcset=\"https:\/\/wp.ufpel.edu.br\/nuped\/files\/2023\/06\/H5p.jpeg 1280w, https:\/\/wp.ufpel.edu.br\/nuped\/files\/2023\/06\/H5p-400x183.jpeg 400w, https:\/\/wp.ufpel.edu.br\/nuped\/files\/2023\/06\/H5p-1024x468.jpeg 1024w, https:\/\/wp.ufpel.edu.br\/nuped\/files\/2023\/06\/H5p-768x351.jpeg 768w\" sizes=\"(max-width: 1280px) 100vw, 1280px\" \/><\/span><\/span><\/p>\n<p align=\"justify\"><span style=\"font-family: times new roman, times, serif\"><span style=\"font-size: medium\">Neste MOOC, s\u00e3o apresentados os\u00a0<\/span><span style=\"font-size: medium\">Elementos de gamifica\u00e7\u00e3o H5P, presentes no e-AULA<\/span><span style=\"font-size: medium\">, como um meio para tornar o processo de ensino mais atrativo aos acad\u00eamicos. <\/span><\/span><span style=\"font-family: times new roman, times, serif\"><span style=\"font-size: medium\">Este MOOC \u00e9 dividido em quatro unidades principais: elementos H5P para exposi\u00e7\u00e3o de conte\u00fado de forma ass\u00edncrona, elementos H5P para promover avalia\u00e7\u00e3o formativa, apresenta\u00e7\u00e3o do elemento H5P e a possibilidade de integrar o livro de notas aos elementos H5P.<\/span><\/span><\/p>\n<p><span style=\"font-family: times new roman, times, serif\"><span style=\"font-size: medium\"><b>AMBIENTANDO-SE NO E-AULA: MOODLE PARA DOCENTES<\/b><\/span><\/span><\/p>\n<p><span style=\"font-family: times new roman, times, serif\"><img class=\"aligncenter size-full wp-image-2848\" src=\"https:\/\/wp.ufpel.edu.br\/nuped\/files\/2023\/06\/Docentes.jpeg\" alt=\"\" width=\"1280\" height=\"552\" srcset=\"https:\/\/wp.ufpel.edu.br\/nuped\/files\/2023\/06\/Docentes.jpeg 1280w, https:\/\/wp.ufpel.edu.br\/nuped\/files\/2023\/06\/Docentes-400x173.jpeg 400w, https:\/\/wp.ufpel.edu.br\/nuped\/files\/2023\/06\/Docentes-1024x442.jpeg 1024w, https:\/\/wp.ufpel.edu.br\/nuped\/files\/2023\/06\/Docentes-768x331.jpeg 768w\" sizes=\"(max-width: 1280px) 100vw, 1280px\" \/><\/span><\/p>\n<p align=\"justify\"><span style=\"font-family: times new roman, times, serif\"><span style=\"font-size: medium\">Este MOOC visa capacitar os docentes para a utiliza\u00e7\u00e3o da plataforma Moodle (Modular Object-Oriented Dynamic Learning Environment)\u00a0em suas aulas e projetos remotos e\/ou online.<\/span><\/span><\/p>\n<p align=\"justify\"><span style=\"font-family: times new roman, times, serif\"><span style=\"font-size: medium\"><b>AMBIENTANDO-SE COM LIVRO DE NOTAS<\/b><\/span><\/span><\/p>\n<p class=\"western\"><span style=\"color: #000000;font-family: times new roman, times, serif\"><span style=\"font-size: medium\">Este MOOC pretende orientar os docentes na configura\u00e7\u00e3o do Livro de Notas. <\/span><\/span><span style=\"color: #000000;font-family: times new roman, times, serif\"><span style=\"font-size: medium\">O Livro de Notas \u00e9 uma ferramenta, integrada ao e-AULA, que permite a gest\u00e3o das notas que os alunos obt\u00eam, nas atividades e recursos, e as calcula segundo a demanda do professor.<\/span><\/span><\/p>\n<p align=\"justify\"><span style=\"font-family: times new roman, times, serif\"><span style=\"font-size: medium\"><b>AMBIENTANDO-SE NO E-AULA: MOODLE PARA ESTUDANTES<\/b><\/span><\/span><\/p>\n<p align=\"justify\"><span style=\"font-family: times new roman, times, serif\"><span style=\"font-size: medium\"><img class=\"aligncenter size-full wp-image-2844\" src=\"https:\/\/wp.ufpel.edu.br\/nuped\/files\/2023\/06\/Ambientacao-1.jpeg\" alt=\"\" width=\"1280\" height=\"552\" srcset=\"https:\/\/wp.ufpel.edu.br\/nuped\/files\/2023\/06\/Ambientacao-1.jpeg 1280w, https:\/\/wp.ufpel.edu.br\/nuped\/files\/2023\/06\/Ambientacao-1-400x173.jpeg 400w, https:\/\/wp.ufpel.edu.br\/nuped\/files\/2023\/06\/Ambientacao-1-1024x442.jpeg 1024w, https:\/\/wp.ufpel.edu.br\/nuped\/files\/2023\/06\/Ambientacao-1-768x331.jpeg 768w\" sizes=\"(max-width: 1280px) 100vw, 1280px\" \/><\/span><\/span><\/p>\n<p><span style=\"font-family: times new roman, times, serif\">Este MOOC visa possibilitar e\/ou capacitar ao acad\u00eamico da UFPel, o acesso e a ambienta\u00e7\u00e3o \u00e0s funcionalidades e\/ou recursos e atividades da plataforma Moodle\/AVA Institucional da UFPel. O<\/span><span style=\"font-family: times new roman, times, serif\"> ambiente e-AULA \u00e9 uma ferramenta de apoio nos processos de ensino-aprendizagem e na educa\u00e7\u00e3o online da UFPel. O curso \u00e9 um espa\u00e7o para o conhecimento e pr\u00e1tica relacionadas as funcionalidades do AVA\/e-AULA UFPel e o desenvolvimento das aulas digitais e\/ou online do acad\u00eamico UFPel.<\/span><\/p>\n","protected":false},"excerpt":{"rendered":"<p>MOOC (Massive Open Online Course) \u00e9 um curso online aberto e massivo que oferece acesso gratuito a uma ampla gama de conhecimentos e recursos educacionais. Combinando v\u00eddeos, materiais de leitura e f\u00f3runs de discuss\u00e3o, os MOOCs permitem que pessoas de todo o mundo aprendam e interajam em seu pr\u00f3prio ritmo, promovendo a democratiza\u00e7\u00e3o da educa\u00e7\u00e3o. [&hellip;]<\/p>\n","protected":false},"author":1165,"featured_media":0,"parent":0,"menu_order":0,"comment_status":"closed","ping_status":"closed","template":"","meta":{"footnotes":""},"class_list":["post-2840","page","type-page","status-publish","hentry"],"_links":{"self":[{"href":"https:\/\/wp.ufpel.edu.br\/nuped\/wp-json\/wp\/v2\/pages\/2840","targetHints":{"allow":["GET"]}}],"collection":[{"href":"https:\/\/wp.ufpel.edu.br\/nuped\/wp-json\/wp\/v2\/pages"}],"about":[{"href":"https:\/\/wp.ufpel.edu.br\/nuped\/wp-json\/wp\/v2\/types\/page"}],"author":[{"embeddable":true,"href":"https:\/\/wp.ufpel.edu.br\/nuped\/wp-json\/wp\/v2\/users\/1165"}],"replies":[{"embeddable":true,"href":"https:\/\/wp.ufpel.edu.br\/nuped\/wp-json\/wp\/v2\/comments?post=2840"}],"version-history":[{"count":0,"href":"https:\/\/wp.ufpel.edu.br\/nuped\/wp-json\/wp\/v2\/pages\/2840\/revisions"}],"wp:attachment":[{"href":"https:\/\/wp.ufpel.edu.br\/nuped\/wp-json\/wp\/v2\/media?parent=2840"}],"curies":[{"name":"wp","href":"https:\/\/api.w.org\/{rel}","templated":true}]}}