{"id":2379,"date":"2022-06-01T09:14:40","date_gmt":"2022-06-01T12:14:40","guid":{"rendered":"https:\/\/wp.ufpel.edu.br\/nuped\/?page_id=2379"},"modified":"2022-06-01T09:14:40","modified_gmt":"2022-06-01T12:14:40","slug":"relacao-de-polos","status":"publish","type":"page","link":"https:\/\/wp.ufpel.edu.br\/nuped\/relacao-de-polos\/","title":{"rendered":"Rela\u00e7\u00e3o de Polos"},"content":{"rendered":"<p><strong>A<\/strong><\/p>\n<p><a href=\"https:\/\/wp.ufpel.edu.br\/nuped\/agudo\/\"><span style=\"font-weight: 400\">Agudo<\/span><\/a><\/p>\n<p><a href=\"https:\/\/wp.ufpel.edu.br\/nuped\/arroio-dos-ratos\/\"><span style=\"font-weight: 400\">Arroio dos Ratos<\/span><\/a><\/p>\n<p>&nbsp;<\/p>\n<p>&nbsp;<\/p>\n<p><strong>B<\/strong><\/p>\n<p><a href=\"https:\/\/wp.ufpel.edu.br\/nuped\/bage\/\"><span style=\"font-weight: 400\">Bag\u00e9<\/span><\/a><\/p>\n<p><a href=\"https:\/\/wp.ufpel.edu.br\/nuped\/balneario-pinhal\/\"><span style=\"font-weight: 400\">Balne\u00e1rio Pinhal<\/span><\/a><\/p>\n<p>&nbsp;<\/p>\n<p><strong>C<\/strong><\/p>\n<p><a href=\"https:\/\/wp.ufpel.edu.br\/nuped\/cachoeira-do-sul\/\"><span style=\"font-weight: 400\">Cachoeira do Sul<\/span><\/a><\/p>\n<p><a href=\"https:\/\/wp.ufpel.edu.br\/nuped\/camargo\/\"><span style=\"font-weight: 400\">Camargo<\/span><\/a><\/p>\n<p><a href=\"https:\/\/wp.ufpel.edu.br\/nuped\/cerro-largo\/\"><span style=\"font-weight: 400\">Cerro Largo<\/span><\/a><\/p>\n<p><span style=\"font-weight: 400\">Constantina<\/span><\/p>\n<p><a href=\"https:\/\/wp.ufpel.edu.br\/nuped\/cruz-alta\/\"><span style=\"font-weight: 400\">Cruz Alta<\/span><\/a><\/p>\n<p>&nbsp;<\/p>\n<p><span style=\"font-weight: 400\"><strong>E<\/strong><br \/>\n<\/span><a href=\"https:\/\/wp.ufpel.edu.br\/nuped\/encantado\/\"><span style=\"font-weight: 400\">Encantado<\/span><\/a><\/p>\n<p><a href=\"https:\/\/wp.ufpel.edu.br\/nuped\/esteio\/\"><span style=\"font-weight: 400\">Esteio<\/span><\/a><\/p>\n<p>&nbsp;<\/p>\n<p><span style=\"font-weight: 400\"><strong>G<\/strong><br \/>\n<\/span><a href=\"https:\/\/wp.ufpel.edu.br\/nuped\/gramado\/\"><span style=\"font-weight: 400\">Gramado<\/span><\/a><\/p>\n<p><a href=\"https:\/\/wp.ufpel.edu.br\/nuped\/gravatai\/\"><span style=\"font-weight: 400\">Gravata\u00ed<\/span><\/a><\/p>\n<p>&nbsp;<\/p>\n<p><span style=\"font-weight: 400\"><strong>H<\/strong><br \/>\n<\/span><a href=\"https:\/\/wp.ufpel.edu.br\/nuped\/herval\/\"><span style=\"font-weight: 400\">Herval<\/span><\/a><\/p>\n<p><a href=\"https:\/\/wp.ufpel.edu.br\/nuped\/hulha-negra\/\"><span style=\"font-weight: 400\">Hulha Negra<\/span><\/a><\/p>\n<p>&nbsp;<\/p>\n<p><span style=\"font-weight: 400\"><strong>I<\/strong><br \/>\n<\/span><a href=\"https:\/\/wp.ufpel.edu.br\/nuped\/imbe\/\"><span style=\"font-weight: 400\">Imb\u00e9<\/span><\/a><\/p>\n<p><a href=\"https:\/\/wp.ufpel.edu.br\/nuped\/itaqui\/\"><span style=\"font-weight: 400\">Itaqui<\/span><\/a><\/p>\n<p>&nbsp;<\/p>\n<p><span style=\"font-weight: 400\"><strong>J<\/strong><br \/>\n<\/span><a href=\"https:\/\/wp.ufpel.edu.br\/nuped\/jacuizinho\/\"><span style=\"font-weight: 400\">Jacuizinho<\/span><\/a><\/p>\n<p><a href=\"https:\/\/wp.ufpel.edu.br\/nuped\/jaguarao\/\"><span style=\"font-weight: 400\">Jaguar\u00e3o<\/span><\/a><\/p>\n<p><a href=\"https:\/\/wp.ufpel.edu.br\/nuped\/jaquirana\/\"><span style=\"font-weight: 400\">Jaquirana<\/span><\/a><\/p>\n<p>&nbsp;<\/p>\n<p><span style=\"font-weight: 400\"><strong>M<\/strong><br \/>\n<\/span><a href=\"https:\/\/wp.ufpel.edu.br\/nuped\/mostardas\/\"><span style=\"font-weight: 400\">Mostardas<\/span><\/a><\/p>\n<p>&nbsp;<\/p>\n<p><span style=\"font-weight: 400\"><strong>N<\/strong><br \/>\n<\/span><a href=\"https:\/\/wp.ufpel.edu.br\/nuped\/novo-hamburgo\/\"><span style=\"font-weight: 400\">Novo Hamburgo<\/span><\/a><\/p>\n<p>&nbsp;<\/p>\n<p><span style=\"font-weight: 400\"><strong>P<\/strong><br \/>\n<\/span><a href=\"https:\/\/wp.ufpel.edu.br\/nuped\/panambi\/\"><span style=\"font-weight: 400\">Panambi<\/span><\/a><\/p>\n<p><a href=\"https:\/\/wp.ufpel.edu.br\/nuped\/passo-fundo\/\"><span style=\"font-weight: 400\">Passo Fundo<\/span><\/a><\/p>\n<p><a href=\"https:\/\/wp.ufpel.edu.br\/nuped\/picada-cafe\/\"><span style=\"font-weight: 400\">Picada Caf\u00e9<\/span><\/a><\/p>\n<p>&nbsp;<\/p>\n<p><span style=\"font-weight: 400\"><strong>Q<\/strong><br \/>\n<\/span><a href=\"https:\/\/wp.ufpel.edu.br\/nuped\/quarai\/\"><span style=\"font-weight: 400\">Quara\u00ed<\/span><\/a><\/p>\n<p>&nbsp;<\/p>\n<p><span style=\"font-weight: 400\"><strong>R<\/strong><br \/>\n<\/span><a href=\"https:\/\/wp.ufpel.edu.br\/nuped\/restinga-seca\/\"><span style=\"font-weight: 400\">Restinga S\u00eaca<\/span><\/a><\/p>\n<p>&nbsp;<\/p>\n<p><span style=\"font-weight: 400\"><strong>S<\/strong><br \/>\n<\/span><a href=\"https:\/\/wp.ufpel.edu.br\/nuped\/santana-da-boa-vista\/\"><span style=\"font-weight: 400\">Santana da Boa Vista<\/span><\/a><\/p>\n<p><a href=\"https:\/\/wp.ufpel.edu.br\/nuped\/santa-vitoria-do-palmar\/\"><span style=\"font-weight: 400\">Santa Vit\u00f3ria do Palmar<\/span><\/a><\/p>\n<p><a href=\"https:\/\/wp.ufpel.edu.br\/nuped\/santana-do-livramento\/\"><span style=\"font-weight: 400\">Santana do Livramento<\/span><\/a><\/p>\n<p><a href=\"https:\/\/wp.ufpel.edu.br\/nuped\/santo-antonio-da-patrulha\/\"><span style=\"font-weight: 400\">Santo Ant\u00f4nio da Patrulha<\/span><\/a><\/p>\n<p><a href=\"https:\/\/wp.ufpel.edu.br\/nuped\/sao-francisco-de-paula\/\"><span style=\"font-weight: 400\">S\u00e3o Francisco de Paula<\/span><\/a><\/p>\n<p><a href=\"https:\/\/wp.ufpel.edu.br\/nuped\/sao-jose-do-norte\/\"><span style=\"font-weight: 400\">S\u00e3o Jos\u00e9 do Norte<\/span><\/a><\/p>\n<p><a href=\"https:\/\/wp.ufpel.edu.br\/nuped\/sao-joao-do-polesine\/\"><span style=\"font-weight: 400\">S\u00e3o Jos\u00e9 do Pol\u00easine<\/span><\/a><\/p>\n<p><a href=\"https:\/\/wp.ufpel.edu.br\/nuped\/sao-lourenco-do-sul\/\"><span style=\"font-weight: 400\">S\u00e3o Louren\u00e7o do Sul<\/span><\/a><\/p>\n<p><a href=\"https:\/\/wp.ufpel.edu.br\/nuped\/sao-sepe\/\"><span style=\"font-weight: 400\">Sao Sep\u00e9<\/span><\/a><\/p>\n<p><a href=\"https:\/\/wp.ufpel.edu.br\/nuped\/sapiranga\/\"><span style=\"font-weight: 400\">Sapiranga<\/span><\/a><\/p>\n<p><a href=\"https:\/\/wp.ufpel.edu.br\/nuped\/sapucaia-do-sul\/\"><span style=\"font-weight: 400\">Sapucaia do Sul<\/span><\/a><\/p>\n<p><a href=\"https:\/\/wp.ufpel.edu.br\/nuped\/seberi\/\"><span style=\"font-weight: 400\">Seberi<\/span><\/a><\/p>\n<p><a href=\"https:\/\/wp.ufpel.edu.br\/nuped\/serafina-correia\/\"><span style=\"font-weight: 400\">Serafina Correia<\/span><\/a><\/p>\n<p><a href=\"https:\/\/wp.ufpel.edu.br\/nuped\/sisuab\/\"><span style=\"font-weight: 400\">SISUAB<\/span><\/a><\/p>\n<p><a href=\"https:\/\/wp.ufpel.edu.br\/nuped\/sobradinho\/\"><span style=\"font-weight: 400\">Sobradinho<\/span><\/a><\/p>\n<p>&nbsp;<\/p>\n<p><span style=\"font-weight: 400\"><strong>T<\/strong><br \/>\n<\/span><a href=\"https:\/\/wp.ufpel.edu.br\/nuped\/tres-passos\/\"><span style=\"font-weight: 400\">Tr\u00eas Passos<\/span><\/a><\/p>\n<p>&nbsp;<\/p>\n<p><span style=\"font-weight: 400\"><strong>V<\/strong><br \/>\n<\/span><a href=\"https:\/\/wp.ufpel.edu.br\/nuped\/vila-flores\/\"><span style=\"font-weight: 400\">Vila Flores<\/span><\/a><\/p>\n","protected":false},"excerpt":{"rendered":"<p>A Agudo Arroio dos Ratos &nbsp; &nbsp; B Bag\u00e9 Balne\u00e1rio Pinhal &nbsp; C Cachoeira do Sul Camargo Cerro Largo Constantina Cruz Alta &nbsp; E Encantado Esteio &nbsp; G Gramado Gravata\u00ed &nbsp; H Herval Hulha Negra &nbsp; I Imb\u00e9 Itaqui &nbsp; J Jacuizinho Jaguar\u00e3o Jaquirana &nbsp; M Mostardas &nbsp; N Novo Hamburgo &nbsp; P Panambi Passo [&hellip;]<\/p>\n","protected":false},"author":1165,"featured_media":0,"parent":0,"menu_order":0,"comment_status":"closed","ping_status":"closed","template":"","meta":{"footnotes":""},"class_list":["post-2379","page","type-page","status-publish","hentry"],"_links":{"self":[{"href":"https:\/\/wp.ufpel.edu.br\/nuped\/wp-json\/wp\/v2\/pages\/2379","targetHints":{"allow":["GET"]}}],"collection":[{"href":"https:\/\/wp.ufpel.edu.br\/nuped\/wp-json\/wp\/v2\/pages"}],"about":[{"href":"https:\/\/wp.ufpel.edu.br\/nuped\/wp-json\/wp\/v2\/types\/page"}],"author":[{"embeddable":true,"href":"https:\/\/wp.ufpel.edu.br\/nuped\/wp-json\/wp\/v2\/users\/1165"}],"replies":[{"embeddable":true,"href":"https:\/\/wp.ufpel.edu.br\/nuped\/wp-json\/wp\/v2\/comments?post=2379"}],"version-history":[{"count":0,"href":"https:\/\/wp.ufpel.edu.br\/nuped\/wp-json\/wp\/v2\/pages\/2379\/revisions"}],"wp:attachment":[{"href":"https:\/\/wp.ufpel.edu.br\/nuped\/wp-json\/wp\/v2\/media?parent=2379"}],"curies":[{"name":"wp","href":"https:\/\/api.w.org\/{rel}","templated":true}]}}