{"id":2334,"date":"2022-05-25T08:25:37","date_gmt":"2022-05-25T11:25:37","guid":{"rendered":"https:\/\/wp.ufpel.edu.br\/nuped\/?page_id=2334"},"modified":"2022-05-25T08:25:37","modified_gmt":"2022-05-25T11:25:37","slug":"passo-fundo","status":"publish","type":"page","link":"https:\/\/wp.ufpel.edu.br\/nuped\/passo-fundo\/","title":{"rendered":"Passo Fundo"},"content":{"rendered":"<p style=\"text-align: center\">\n<!-- iframe plugin v.6.0 wordpress.org\/plugins\/iframe\/ -->\n<iframe width=\"100%\" align=\"center\" height=\"600\" src=\"https:\/\/www.google.com\/maps\/d\/u\/0\/embed?mid=1-sPWOCBoly1J2FMhfV8t4lcEQ5FrDu5R&#038;ll=-31.407966099999975%2C-53.870366800000006&#038;z=8\" scrolling=\"yes\" class=\"iframe-class\" frameborder=\"0\"><\/iframe>\n<\/p>\n<p style=\"text-align: justify\">O polo associado Passo Fundo entrou em funcionamento em dezembro de 2018, com a oferta de dois cursos: Licenciatura em Pedagogia e Forma\u00e7\u00e3o Pedag\u00f3gica para Graduados n\u00e3o Licenciados, cuja oferta ocorreu em rede. Trata-se de um polo recente que oferta ensino superior e P\u00f3s-Gradua\u00e7\u00e3o lato sensu na modalidade a dist\u00e2ncia e de forma gratuita \u00e0 regi\u00e3o Norte do estado.<\/p>\n<p style=\"text-align: left\"><strong>Cidade\/Estado:<\/strong> Passo Fundo, Rio Grande do Sul, Brasil<br \/>\n<strong>Endere\u00e7o:<\/strong><\/p>\n<p style=\"text-align: left\">Estrada Perimetral Leste, 150<br \/>\nBairro S\u00e3o Jos\u00e9, Passo Fundo &#8211; RS<\/p>\n<p><strong>Telefone:<\/strong> (54) 3311 2916<br \/>\n<strong>Email:<\/strong> pf-uab@ifsul.edu.br<br \/>\n<b>Coordenadora:<\/b><span style=\"font-weight: 400\"> Edimara Luciana Sartori<\/span><\/p>\n<p style=\"text-align: left\"><a href=\"https:\/\/institucional.ufpel.edu.br\/busca\/?p=passo+fundo&amp;cursos=on\"><b>Veja os cursos e atividades\u00a0 da UFPel desenvolvidas na cidade de Passo Fundo<\/b><\/a><\/p>\n\n\t\t<style type=\"text\/css\">\n\t\t\t#gallery-1 {\n\t\t\t\tmargin: auto;\n\t\t\t}\n\t\t\t#gallery-1 .gallery-item {\n\t\t\t\tfloat: left;\n\t\t\t\tmargin-top: 10px;\n\t\t\t\ttext-align: center;\n\t\t\t\twidth: 33%;\n\t\t\t}\n\t\t\t#gallery-1 img {\n\t\t\t\tborder: 2px solid #cfcfcf;\n\t\t\t}\n\t\t\t#gallery-1 .gallery-caption {\n\t\t\t\tmargin-left: 0;\n\t\t\t}\n\t\t\t\/* see gallery_shortcode() in wp-includes\/media.php *\/\n\t\t<\/style>\n\t\t<div id='gallery-1' class='gallery galleryid-2334 gallery-columns-3 gallery-size-medium'><dl class='gallery-item'>\n\t\t\t<dt class='gallery-icon landscape'>\n\t\t\t\t<img width=\"400\" height=\"300\" src=\"https:\/\/wp.ufpel.edu.br\/nuped\/files\/2022\/05\/Foto-predio-1-Edimara-Sartori-400x300.jpeg\" class=\"attachment-medium size-medium\" alt=\"\" srcset=\"https:\/\/wp.ufpel.edu.br\/nuped\/files\/2022\/05\/Foto-predio-1-Edimara-Sartori-400x300.jpeg 400w, https:\/\/wp.ufpel.edu.br\/nuped\/files\/2022\/05\/Foto-predio-1-Edimara-Sartori-1024x768.jpeg 1024w, https:\/\/wp.ufpel.edu.br\/nuped\/files\/2022\/05\/Foto-predio-1-Edimara-Sartori-768x576.jpeg 768w, https:\/\/wp.ufpel.edu.br\/nuped\/files\/2022\/05\/Foto-predio-1-Edimara-Sartori.jpeg 1280w\" sizes=\"(max-width: 400px) 100vw, 400px\" \/>\n\t\t\t<\/dt><\/dl><dl class='gallery-item'>\n\t\t\t<dt class='gallery-icon landscape'>\n\t\t\t\t<img width=\"400\" height=\"300\" src=\"https:\/\/wp.ufpel.edu.br\/nuped\/files\/2022\/05\/Laboratorio-Informatica-309-1-Edimara-Sartori-400x300.jpg\" class=\"attachment-medium size-medium\" alt=\"\" srcset=\"https:\/\/wp.ufpel.edu.br\/nuped\/files\/2022\/05\/Laboratorio-Informatica-309-1-Edimara-Sartori-400x300.jpg 400w, https:\/\/wp.ufpel.edu.br\/nuped\/files\/2022\/05\/Laboratorio-Informatica-309-1-Edimara-Sartori-1024x768.jpg 1024w, https:\/\/wp.ufpel.edu.br\/nuped\/files\/2022\/05\/Laboratorio-Informatica-309-1-Edimara-Sartori-768x576.jpg 768w, https:\/\/wp.ufpel.edu.br\/nuped\/files\/2022\/05\/Laboratorio-Informatica-309-1-Edimara-Sartori.jpg 1152w\" sizes=\"(max-width: 400px) 100vw, 400px\" \/>\n\t\t\t<\/dt><\/dl><dl class='gallery-item'>\n\t\t\t<dt class='gallery-icon landscape'>\n\t\t\t\t<img width=\"400\" height=\"300\" src=\"https:\/\/wp.ufpel.edu.br\/nuped\/files\/2022\/05\/Auditorio-2-Edimara-Sartori-400x300.jpg\" class=\"attachment-medium size-medium\" alt=\"\" srcset=\"https:\/\/wp.ufpel.edu.br\/nuped\/files\/2022\/05\/Auditorio-2-Edimara-Sartori-400x300.jpg 400w, https:\/\/wp.ufpel.edu.br\/nuped\/files\/2022\/05\/Auditorio-2-Edimara-Sartori-1024x768.jpg 1024w, https:\/\/wp.ufpel.edu.br\/nuped\/files\/2022\/05\/Auditorio-2-Edimara-Sartori-768x576.jpg 768w, https:\/\/wp.ufpel.edu.br\/nuped\/files\/2022\/05\/Auditorio-2-Edimara-Sartori.jpg 1152w\" sizes=\"(max-width: 400px) 100vw, 400px\" \/>\n\t\t\t<\/dt><\/dl><br style=\"clear: both\" \/>\n\t\t<\/div>\n\n<p>&nbsp;<\/p>\n","protected":false},"excerpt":{"rendered":"<p>O polo associado Passo Fundo entrou em funcionamento em dezembro de 2018, com a oferta de dois cursos: Licenciatura em Pedagogia e Forma\u00e7\u00e3o Pedag\u00f3gica para Graduados n\u00e3o Licenciados, cuja oferta ocorreu em rede. Trata-se de um polo recente que oferta ensino superior e P\u00f3s-Gradua\u00e7\u00e3o lato sensu na modalidade a dist\u00e2ncia e de forma gratuita \u00e0 [&hellip;]<\/p>\n","protected":false},"author":1165,"featured_media":0,"parent":0,"menu_order":0,"comment_status":"closed","ping_status":"closed","template":"","meta":{"footnotes":""},"class_list":["post-2334","page","type-page","status-publish","hentry"],"_links":{"self":[{"href":"https:\/\/wp.ufpel.edu.br\/nuped\/wp-json\/wp\/v2\/pages\/2334","targetHints":{"allow":["GET"]}}],"collection":[{"href":"https:\/\/wp.ufpel.edu.br\/nuped\/wp-json\/wp\/v2\/pages"}],"about":[{"href":"https:\/\/wp.ufpel.edu.br\/nuped\/wp-json\/wp\/v2\/types\/page"}],"author":[{"embeddable":true,"href":"https:\/\/wp.ufpel.edu.br\/nuped\/wp-json\/wp\/v2\/users\/1165"}],"replies":[{"embeddable":true,"href":"https:\/\/wp.ufpel.edu.br\/nuped\/wp-json\/wp\/v2\/comments?post=2334"}],"version-history":[{"count":0,"href":"https:\/\/wp.ufpel.edu.br\/nuped\/wp-json\/wp\/v2\/pages\/2334\/revisions"}],"wp:attachment":[{"href":"https:\/\/wp.ufpel.edu.br\/nuped\/wp-json\/wp\/v2\/media?parent=2334"}],"curies":[{"name":"wp","href":"https:\/\/api.w.org\/{rel}","templated":true}]}}