{"id":2048,"date":"2021-11-26T15:14:52","date_gmt":"2021-11-26T18:14:52","guid":{"rendered":"https:\/\/wp.ufpel.edu.br\/nuped\/?page_id=2048"},"modified":"2021-11-26T15:14:52","modified_gmt":"2021-11-26T18:14:52","slug":"balneario-pinhal","status":"publish","type":"page","link":"https:\/\/wp.ufpel.edu.br\/nuped\/balneario-pinhal\/","title":{"rendered":"Balne\u00e1rio Pinhal"},"content":{"rendered":"<p style=\"text-align: center\">\n<!-- iframe plugin v.6.0 wordpress.org\/plugins\/iframe\/ -->\n<iframe width=\"100%\" align=\"center\" height=\"600\" src=\"https:\/\/www.google.com\/maps\/d\/u\/0\/embed?mid=1-sPWOCBoly1J2FMhfV8t4lcEQ5FrDu5R&#038;ll=-31.407966099999975%2C-53.870366800000006&#038;z=8\" scrolling=\"yes\" class=\"iframe-class\" frameborder=\"0\"><\/iframe>\n<\/p>\n<p style=\"text-align: justify\">O Polo de Apoio Presencial de Educa\u00e7\u00e3o Superior a Dist\u00e2ncia de Balne\u00e1rio Pinhal UABBP foi instalado no munic\u00edpio de Balne\u00e1rio Pinhal, no Distrito de Magist\u00e9rio, no ano de 2007. Houve no ano anterior uma imensa prepara\u00e7\u00e3o de infraestrutura para podermos adequar a escola \u00e0s exig\u00eancias das Universidades Federais e MEC desta forma criar o Polo. O espa\u00e7o funciona na estrutura de uma Escola de Ensino Fundamental \u2013 EMEF Luiz de Oliveira que no turno da noite encontrava-se ociosa. Tinha como Coordenadora a professora Suzana Motta Werlang.<br \/>\nAtualmente tem como Coordenador o Professor Ismael Silveira, como Coordena\u00e7\u00e3o Pedag\u00f3gica Vera Notargiacomo e a Assistente \u00e0 Doc\u00eancia, Neusa Carvalho conta com a parceria das Institui\u00e7\u00f5es de Ensino Superior como: Universidade Federal de Pelotas \u2013 UFPEL, Universidade Federal do Rio Grande do Sul \u2013 UFRGS, Universidade Federal de Santa Maria \u2013 UFSM, Universidade Federal de Rio Grande \u2013 FURG e Instituto Federal Sul-Riograndense \u2013 IFSUL \u2013 Pelotas.<\/p>\n<p style=\"text-align: left\"><strong>Cidade\/Estado:<\/strong> Balne\u00e1rio Pinhal, Rio Grande do Sul, Brasil<br \/>\n<strong>Endere\u00e7o:<\/strong> Rua S\u00e3o Jer\u00f4nimo, 826. Bairro Magist\u00e9rio. Balne\u00e1rio Pinhal\/RS<br \/>\n<strong>Telefone:<\/strong> (51) 993583863 &#8211; (51) 36820165<br \/>\n<strong>Email:<\/strong> polo.bpinhal.uab@gmail.com<br \/>\n<b>Coordenadora:<\/b><span style=\"font-weight: 400\"> Ismael Elenito Silveira<\/span><\/p>\n<p><b>Redes Sociais: <\/b><a href=\"https:\/\/www.facebook.com\/uab.polobalneariopinhal\">Facebook<\/a><span style=\"font-weight: 400\"> \/ <\/span><a href=\"https:\/\/instagram.com\/polouabbp?utm_medium=copy_link\">Instagram<\/a><\/p>\n<p style=\"text-align: left\"><a href=\"https:\/\/institucional.ufpel.edu.br\/busca\/?p=balne%C3%A1rio+pinhal&amp;cursos=on\"><b>Veja os cursos e atividades\u00a0 da UFPel desenvolvidas na cidade de Balne\u00e1rio Pinhal<\/b><\/a><\/p>\n\n\t\t<style type=\"text\/css\">\n\t\t\t#gallery-1 {\n\t\t\t\tmargin: auto;\n\t\t\t}\n\t\t\t#gallery-1 .gallery-item {\n\t\t\t\tfloat: left;\n\t\t\t\tmargin-top: 10px;\n\t\t\t\ttext-align: center;\n\t\t\t\twidth: 33%;\n\t\t\t}\n\t\t\t#gallery-1 img {\n\t\t\t\tborder: 2px solid #cfcfcf;\n\t\t\t}\n\t\t\t#gallery-1 .gallery-caption {\n\t\t\t\tmargin-left: 0;\n\t\t\t}\n\t\t\t\/* see gallery_shortcode() in wp-includes\/media.php *\/\n\t\t<\/style>\n\t\t<div id='gallery-1' class='gallery galleryid-2048 gallery-columns-3 gallery-size-medium'><dl class='gallery-item'>\n\t\t\t<dt class='gallery-icon landscape'>\n\t\t\t\t<img width=\"400\" height=\"225\" src=\"https:\/\/wp.ufpel.edu.br\/nuped\/files\/2022\/05\/Placa-II-Uab-Polo-Balneario-Pinhal-400x225.jpeg\" class=\"attachment-medium size-medium\" alt=\"\" srcset=\"https:\/\/wp.ufpel.edu.br\/nuped\/files\/2022\/05\/Placa-II-Uab-Polo-Balneario-Pinhal-400x225.jpeg 400w, https:\/\/wp.ufpel.edu.br\/nuped\/files\/2022\/05\/Placa-II-Uab-Polo-Balneario-Pinhal-1024x576.jpeg 1024w, https:\/\/wp.ufpel.edu.br\/nuped\/files\/2022\/05\/Placa-II-Uab-Polo-Balneario-Pinhal-768x432.jpeg 768w, https:\/\/wp.ufpel.edu.br\/nuped\/files\/2022\/05\/Placa-II-Uab-Polo-Balneario-Pinhal.jpeg 1032w\" sizes=\"(max-width: 400px) 100vw, 400px\" \/>\n\t\t\t<\/dt><\/dl><dl class='gallery-item'>\n\t\t\t<dt class='gallery-icon portrait'>\n\t\t\t\t<img width=\"225\" height=\"400\" src=\"https:\/\/wp.ufpel.edu.br\/nuped\/files\/2022\/05\/Corredor-de-entrada-1-Uab-Polo-Balneario-Pinhal-225x400.jpeg\" class=\"attachment-medium size-medium\" alt=\"\" srcset=\"https:\/\/wp.ufpel.edu.br\/nuped\/files\/2022\/05\/Corredor-de-entrada-1-Uab-Polo-Balneario-Pinhal-225x400.jpeg 225w, https:\/\/wp.ufpel.edu.br\/nuped\/files\/2022\/05\/Corredor-de-entrada-1-Uab-Polo-Balneario-Pinhal-576x1024.jpeg 576w, https:\/\/wp.ufpel.edu.br\/nuped\/files\/2022\/05\/Corredor-de-entrada-1-Uab-Polo-Balneario-Pinhal.jpeg 581w\" sizes=\"(max-width: 225px) 100vw, 225px\" \/>\n\t\t\t<\/dt><\/dl><dl class='gallery-item'>\n\t\t\t<dt class='gallery-icon landscape'>\n\t\t\t\t<img width=\"400\" height=\"225\" src=\"https:\/\/wp.ufpel.edu.br\/nuped\/files\/2022\/05\/Sala-multiuso-1-Uab-Polo-Balneario-Pinhal-400x225.jpeg\" class=\"attachment-medium size-medium\" alt=\"\" srcset=\"https:\/\/wp.ufpel.edu.br\/nuped\/files\/2022\/05\/Sala-multiuso-1-Uab-Polo-Balneario-Pinhal-400x225.jpeg 400w, https:\/\/wp.ufpel.edu.br\/nuped\/files\/2022\/05\/Sala-multiuso-1-Uab-Polo-Balneario-Pinhal-1024x576.jpeg 1024w, https:\/\/wp.ufpel.edu.br\/nuped\/files\/2022\/05\/Sala-multiuso-1-Uab-Polo-Balneario-Pinhal-768x432.jpeg 768w, https:\/\/wp.ufpel.edu.br\/nuped\/files\/2022\/05\/Sala-multiuso-1-Uab-Polo-Balneario-Pinhal.jpeg 1032w\" sizes=\"(max-width: 400px) 100vw, 400px\" \/>\n\t\t\t<\/dt><\/dl><br style=\"clear: both\" \/>\n\t\t<\/div>\n\n<p>&nbsp;<\/p>\n","protected":false},"excerpt":{"rendered":"<p>O Polo de Apoio Presencial de Educa\u00e7\u00e3o Superior a Dist\u00e2ncia de Balne\u00e1rio Pinhal UABBP foi instalado no munic\u00edpio de Balne\u00e1rio Pinhal, no Distrito de Magist\u00e9rio, no ano de 2007. Houve no ano anterior uma imensa prepara\u00e7\u00e3o de infraestrutura para podermos adequar a escola \u00e0s exig\u00eancias das Universidades Federais e MEC desta forma criar o Polo. [&hellip;]<\/p>\n","protected":false},"author":1165,"featured_media":0,"parent":0,"menu_order":0,"comment_status":"closed","ping_status":"closed","template":"","meta":{"footnotes":""},"class_list":["post-2048","page","type-page","status-publish","hentry"],"_links":{"self":[{"href":"https:\/\/wp.ufpel.edu.br\/nuped\/wp-json\/wp\/v2\/pages\/2048","targetHints":{"allow":["GET"]}}],"collection":[{"href":"https:\/\/wp.ufpel.edu.br\/nuped\/wp-json\/wp\/v2\/pages"}],"about":[{"href":"https:\/\/wp.ufpel.edu.br\/nuped\/wp-json\/wp\/v2\/types\/page"}],"author":[{"embeddable":true,"href":"https:\/\/wp.ufpel.edu.br\/nuped\/wp-json\/wp\/v2\/users\/1165"}],"replies":[{"embeddable":true,"href":"https:\/\/wp.ufpel.edu.br\/nuped\/wp-json\/wp\/v2\/comments?post=2048"}],"version-history":[{"count":0,"href":"https:\/\/wp.ufpel.edu.br\/nuped\/wp-json\/wp\/v2\/pages\/2048\/revisions"}],"wp:attachment":[{"href":"https:\/\/wp.ufpel.edu.br\/nuped\/wp-json\/wp\/v2\/media?parent=2048"}],"curies":[{"name":"wp","href":"https:\/\/api.w.org\/{rel}","templated":true}]}}