{"id":2040,"date":"2021-11-26T15:13:27","date_gmt":"2021-11-26T18:13:27","guid":{"rendered":"https:\/\/wp.ufpel.edu.br\/nuped\/?page_id=2040"},"modified":"2021-11-26T15:13:27","modified_gmt":"2021-11-26T18:13:27","slug":"herval","status":"publish","type":"page","link":"https:\/\/wp.ufpel.edu.br\/nuped\/herval\/","title":{"rendered":"Herval"},"content":{"rendered":"<p style=\"text-align: center\">\n<!-- iframe plugin v.6.0 wordpress.org\/plugins\/iframe\/ -->\n<iframe width=\"100%\" align=\"center\" height=\"600\" src=\"https:\/\/www.google.com\/maps\/d\/u\/0\/embed?mid=1-sPWOCBoly1J2FMhfV8t4lcEQ5FrDu5R&#038;ll=-31.407966099999975%2C-53.870366800000006&#038;z=8\" scrolling=\"yes\" class=\"iframe-class\" frameborder=\"0\"><\/iframe>\n<\/p>\n<p><strong>Polo Universit\u00e1rio Marco Aur\u00e9lio Gon\u00e7alves da Silva<\/strong><\/p>\n<p>O Polo Universit\u00e1rio de Herval foi institu\u00eddo atrav\u00e9s do Decreto 108\/2007 e inaugurado em 29\/8\/2007 com a primeira oferta, em 2008, do curso de Licenciatura em Pedagogia e Matem\u00e1tica\/ UFPEL. Em 2019 atrav\u00e9s da Lei 1480 passou a denominar-se Polo Universit\u00e1rio Marco Aur\u00e9lio Gon\u00e7alves da Silva.<br \/>\nEstrutura do Polo: 02 laborat\u00f3rios de inform\u00e1tica, secretaria, sala de tutoria, coordena\u00e7\u00e3o, t\u00e9cnico em inform\u00e1tica, biblioteca, sala para encontros presenciais e reuni\u00f5es, cozinha e banheiros.<\/p>\n<p><strong>Cidade\/Estado:<\/strong> Herval, Rio Grande do Sul, Brasil<br \/>\n<strong>Endere\u00e7o:<\/strong> Rua: Jos\u00e9 Maria D&#8217;Avila, 336 &#8211; Centro- Herval\/RS CEP: 96.310-000<br \/>\n<strong>Telefone:<\/strong> (53) 32672900 Ramal: 02 Setor\/depto: 06<br \/>\n<strong>Email:<\/strong> polouabherval@gmail.com<br \/>\n<strong>Coordenadora:<\/strong> Valderes Lima Pinto<\/p>\n<p><strong>Redes Sociais:<\/strong> <a href=\"https:\/\/www.facebook.com\/profile.php?id=100079392790030\">Facebook<\/a><\/p>\n<p style=\"text-align: left\"><a href=\"https:\/\/institucional.ufpel.edu.br\/busca\/?p=herval&amp;cursos=on\"><b>Veja os cursos e atividades da UFPel desenvolvidas na cidade de Herval<\/b><\/a><\/p>\n\n\t\t<style type=\"text\/css\">\n\t\t\t#gallery-1 {\n\t\t\t\tmargin: auto;\n\t\t\t}\n\t\t\t#gallery-1 .gallery-item {\n\t\t\t\tfloat: left;\n\t\t\t\tmargin-top: 10px;\n\t\t\t\ttext-align: center;\n\t\t\t\twidth: 33%;\n\t\t\t}\n\t\t\t#gallery-1 img {\n\t\t\t\tborder: 2px solid #cfcfcf;\n\t\t\t}\n\t\t\t#gallery-1 .gallery-caption {\n\t\t\t\tmargin-left: 0;\n\t\t\t}\n\t\t\t\/* see gallery_shortcode() in wp-includes\/media.php *\/\n\t\t<\/style>\n\t\t<div id='gallery-1' class='gallery galleryid-2040 gallery-columns-3 gallery-size-medium'><dl class='gallery-item'>\n\t\t\t<dt class='gallery-icon landscape'>\n\t\t\t\t<img width=\"400\" height=\"337\" src=\"https:\/\/wp.ufpel.edu.br\/nuped\/files\/2022\/05\/Fachada-Polo-Universitario-Herval.-400x337.jpg\" class=\"attachment-medium size-medium\" alt=\"\" srcset=\"https:\/\/wp.ufpel.edu.br\/nuped\/files\/2022\/05\/Fachada-Polo-Universitario-Herval.-400x337.jpg 400w, https:\/\/wp.ufpel.edu.br\/nuped\/files\/2022\/05\/Fachada-Polo-Universitario-Herval.-1024x862.jpg 1024w, https:\/\/wp.ufpel.edu.br\/nuped\/files\/2022\/05\/Fachada-Polo-Universitario-Herval.-768x646.jpg 768w, https:\/\/wp.ufpel.edu.br\/nuped\/files\/2022\/05\/Fachada-Polo-Universitario-Herval.-1536x1292.jpg 1536w, https:\/\/wp.ufpel.edu.br\/nuped\/files\/2022\/05\/Fachada-Polo-Universitario-Herval.-2048x1723.jpg 2048w\" sizes=\"(max-width: 400px) 100vw, 400px\" \/>\n\t\t\t<\/dt><\/dl><dl class='gallery-item'>\n\t\t\t<dt class='gallery-icon landscape'>\n\t\t\t\t<img width=\"400\" height=\"300\" src=\"https:\/\/wp.ufpel.edu.br\/nuped\/files\/2022\/05\/entrada-principal-1-Polo-Universitario-Herval-400x300.jpg\" class=\"attachment-medium size-medium\" alt=\"\" srcset=\"https:\/\/wp.ufpel.edu.br\/nuped\/files\/2022\/05\/entrada-principal-1-Polo-Universitario-Herval-400x300.jpg 400w, https:\/\/wp.ufpel.edu.br\/nuped\/files\/2022\/05\/entrada-principal-1-Polo-Universitario-Herval-1024x768.jpg 1024w, https:\/\/wp.ufpel.edu.br\/nuped\/files\/2022\/05\/entrada-principal-1-Polo-Universitario-Herval-768x576.jpg 768w, https:\/\/wp.ufpel.edu.br\/nuped\/files\/2022\/05\/entrada-principal-1-Polo-Universitario-Herval-1536x1152.jpg 1536w, https:\/\/wp.ufpel.edu.br\/nuped\/files\/2022\/05\/entrada-principal-1-Polo-Universitario-Herval-2048x1536.jpg 2048w\" sizes=\"(max-width: 400px) 100vw, 400px\" \/>\n\t\t\t<\/dt><\/dl><dl class='gallery-item'>\n\t\t\t<dt class='gallery-icon landscape'>\n\t\t\t\t<img width=\"400\" height=\"300\" src=\"https:\/\/wp.ufpel.edu.br\/nuped\/files\/2022\/05\/Biblioteca-Polo-Universitario-Herval-400x300.jpg\" class=\"attachment-medium size-medium\" alt=\"\" srcset=\"https:\/\/wp.ufpel.edu.br\/nuped\/files\/2022\/05\/Biblioteca-Polo-Universitario-Herval-400x300.jpg 400w, https:\/\/wp.ufpel.edu.br\/nuped\/files\/2022\/05\/Biblioteca-Polo-Universitario-Herval-1024x768.jpg 1024w, https:\/\/wp.ufpel.edu.br\/nuped\/files\/2022\/05\/Biblioteca-Polo-Universitario-Herval-768x576.jpg 768w, https:\/\/wp.ufpel.edu.br\/nuped\/files\/2022\/05\/Biblioteca-Polo-Universitario-Herval-1536x1152.jpg 1536w, https:\/\/wp.ufpel.edu.br\/nuped\/files\/2022\/05\/Biblioteca-Polo-Universitario-Herval-2048x1536.jpg 2048w\" sizes=\"(max-width: 400px) 100vw, 400px\" \/>\n\t\t\t<\/dt><\/dl><br style=\"clear: both\" \/>\n\t\t<\/div>\n\n<p>&nbsp;<\/p>\n","protected":false},"excerpt":{"rendered":"<p>Polo Universit\u00e1rio Marco Aur\u00e9lio Gon\u00e7alves da Silva O Polo Universit\u00e1rio de Herval foi institu\u00eddo atrav\u00e9s do Decreto 108\/2007 e inaugurado em 29\/8\/2007 com a primeira oferta, em 2008, do curso de Licenciatura em Pedagogia e Matem\u00e1tica\/ UFPEL. Em 2019 atrav\u00e9s da Lei 1480 passou a denominar-se Polo Universit\u00e1rio Marco Aur\u00e9lio Gon\u00e7alves da Silva. Estrutura do [&hellip;]<\/p>\n","protected":false},"author":1165,"featured_media":0,"parent":0,"menu_order":0,"comment_status":"closed","ping_status":"closed","template":"","meta":{"footnotes":""},"class_list":["post-2040","page","type-page","status-publish","hentry"],"_links":{"self":[{"href":"https:\/\/wp.ufpel.edu.br\/nuped\/wp-json\/wp\/v2\/pages\/2040","targetHints":{"allow":["GET"]}}],"collection":[{"href":"https:\/\/wp.ufpel.edu.br\/nuped\/wp-json\/wp\/v2\/pages"}],"about":[{"href":"https:\/\/wp.ufpel.edu.br\/nuped\/wp-json\/wp\/v2\/types\/page"}],"author":[{"embeddable":true,"href":"https:\/\/wp.ufpel.edu.br\/nuped\/wp-json\/wp\/v2\/users\/1165"}],"replies":[{"embeddable":true,"href":"https:\/\/wp.ufpel.edu.br\/nuped\/wp-json\/wp\/v2\/comments?post=2040"}],"version-history":[{"count":0,"href":"https:\/\/wp.ufpel.edu.br\/nuped\/wp-json\/wp\/v2\/pages\/2040\/revisions"}],"wp:attachment":[{"href":"https:\/\/wp.ufpel.edu.br\/nuped\/wp-json\/wp\/v2\/media?parent=2040"}],"curies":[{"name":"wp","href":"https:\/\/api.w.org\/{rel}","templated":true}]}}