{"id":2036,"date":"2021-11-26T15:12:52","date_gmt":"2021-11-26T18:12:52","guid":{"rendered":"https:\/\/wp.ufpel.edu.br\/nuped\/?page_id=2036"},"modified":"2021-11-26T15:12:52","modified_gmt":"2021-11-26T18:12:52","slug":"imbe","status":"publish","type":"page","link":"https:\/\/wp.ufpel.edu.br\/nuped\/imbe\/","title":{"rendered":"Imb\u00e9"},"content":{"rendered":"<p style=\"text-align: center\">\n<!-- iframe plugin v.6.0 wordpress.org\/plugins\/iframe\/ -->\n<iframe width=\"100%\" align=\"center\" height=\"600\" src=\"https:\/\/www.google.com\/maps\/d\/u\/0\/embed?mid=1-sPWOCBoly1J2FMhfV8t4lcEQ5FrDu5R&#038;ll=-31.407966099999975%2C-53.870366800000006&#038;z=8\" scrolling=\"yes\" class=\"iframe-class\" frameborder=\"0\"><\/iframe>\n<\/p>\n<p style=\"text-align: left\">O Polo de Imb\u00e9 iniciou suas atividades em mar\u00e7o de 2010. Desde ent\u00e3o oferta os mais variados cursos de Gradua\u00e7\u00e3o e P\u00f3s-Gradua\u00e7\u00e3o, perfazendo um quantitativo de mais de 2.000 alunos. Como se trata de um Polo associado, suas diretrizes operacionais est\u00e3o ligadas diretamente \u00e0 Secretaria de Educa\u00e7\u00e3o a Dist\u00e2ncia da UFRGS.<strong><br \/>\n<\/strong><\/p>\n<p style=\"text-align: left\"><strong>Cidade\/Estado:<\/strong> Imb\u00e9, Rio Grande do Sul, Brasil<br \/>\n<strong>Endere\u00e7o:<\/strong> Av. Tramanda\u00ed, 976 &#8211; Imb\u00e9\/RS<br \/>\n<strong>Telefone:<\/strong> (51) 33081258<br \/>\n<strong>Email:<\/strong> polo.uab.imbe@sead.ufrgs.br<br \/>\n<b>Coordenador:<\/b><span style=\"font-weight: 400\"> Renan Ribeiro da Silva de Castro<\/span><\/p>\n<p><b>Redes Sociais: <\/b><a href=\"https:\/\/www.facebook.com\/polouabarroiodosratosrs36563087\/\">Facebook<\/a><\/p>\n<p style=\"text-align: left\"><a href=\"https:\/\/institucional.ufpel.edu.br\/busca\/?p=imb\u00e9&amp;cursos=on\"><b>Veja os cursos e atividades\u00a0 da UFPel desenvolvidas na cidade de Imb\u00e9<\/b><\/a><\/p>\n\n\t\t<style type=\"text\/css\">\n\t\t\t#gallery-1 {\n\t\t\t\tmargin: auto;\n\t\t\t}\n\t\t\t#gallery-1 .gallery-item {\n\t\t\t\tfloat: left;\n\t\t\t\tmargin-top: 10px;\n\t\t\t\ttext-align: center;\n\t\t\t\twidth: 33%;\n\t\t\t}\n\t\t\t#gallery-1 img {\n\t\t\t\tborder: 2px solid #cfcfcf;\n\t\t\t}\n\t\t\t#gallery-1 .gallery-caption {\n\t\t\t\tmargin-left: 0;\n\t\t\t}\n\t\t\t\/* see gallery_shortcode() in wp-includes\/media.php *\/\n\t\t<\/style>\n\t\t<div id='gallery-1' class='gallery galleryid-2036 gallery-columns-3 gallery-size-medium'><dl class='gallery-item'>\n\t\t\t<dt class='gallery-icon landscape'>\n\t\t\t\t<img width=\"400\" height=\"225\" src=\"https:\/\/wp.ufpel.edu.br\/nuped\/files\/2022\/05\/Faixada_Polo_Imbe-Renan-Castro-400x225.jpg\" class=\"attachment-medium size-medium\" alt=\"\" srcset=\"https:\/\/wp.ufpel.edu.br\/nuped\/files\/2022\/05\/Faixada_Polo_Imbe-Renan-Castro-400x225.jpg 400w, https:\/\/wp.ufpel.edu.br\/nuped\/files\/2022\/05\/Faixada_Polo_Imbe-Renan-Castro-1024x576.jpg 1024w, https:\/\/wp.ufpel.edu.br\/nuped\/files\/2022\/05\/Faixada_Polo_Imbe-Renan-Castro-768x432.jpg 768w, https:\/\/wp.ufpel.edu.br\/nuped\/files\/2022\/05\/Faixada_Polo_Imbe-Renan-Castro-1536x864.jpg 1536w, https:\/\/wp.ufpel.edu.br\/nuped\/files\/2022\/05\/Faixada_Polo_Imbe-Renan-Castro-2048x1152.jpg 2048w\" sizes=\"(max-width: 400px) 100vw, 400px\" \/>\n\t\t\t<\/dt><\/dl><dl class='gallery-item'>\n\t\t\t<dt class='gallery-icon landscape'>\n\t\t\t\t<img width=\"400\" height=\"225\" src=\"https:\/\/wp.ufpel.edu.br\/nuped\/files\/2022\/05\/Sala-102a-Renan-Castro-400x225.jpg\" class=\"attachment-medium size-medium\" alt=\"\" srcset=\"https:\/\/wp.ufpel.edu.br\/nuped\/files\/2022\/05\/Sala-102a-Renan-Castro-400x225.jpg 400w, https:\/\/wp.ufpel.edu.br\/nuped\/files\/2022\/05\/Sala-102a-Renan-Castro-1024x576.jpg 1024w, https:\/\/wp.ufpel.edu.br\/nuped\/files\/2022\/05\/Sala-102a-Renan-Castro-768x432.jpg 768w, https:\/\/wp.ufpel.edu.br\/nuped\/files\/2022\/05\/Sala-102a-Renan-Castro-1536x864.jpg 1536w, https:\/\/wp.ufpel.edu.br\/nuped\/files\/2022\/05\/Sala-102a-Renan-Castro-2048x1152.jpg 2048w\" sizes=\"(max-width: 400px) 100vw, 400px\" \/>\n\t\t\t<\/dt><\/dl><dl class='gallery-item'>\n\t\t\t<dt class='gallery-icon landscape'>\n\t\t\t\t<img width=\"400\" height=\"225\" src=\"https:\/\/wp.ufpel.edu.br\/nuped\/files\/2022\/05\/Lab_Inf-a-Renan-Castro-400x225.jpg\" class=\"attachment-medium size-medium\" alt=\"\" srcset=\"https:\/\/wp.ufpel.edu.br\/nuped\/files\/2022\/05\/Lab_Inf-a-Renan-Castro-400x225.jpg 400w, https:\/\/wp.ufpel.edu.br\/nuped\/files\/2022\/05\/Lab_Inf-a-Renan-Castro-1024x576.jpg 1024w, https:\/\/wp.ufpel.edu.br\/nuped\/files\/2022\/05\/Lab_Inf-a-Renan-Castro-768x432.jpg 768w, https:\/\/wp.ufpel.edu.br\/nuped\/files\/2022\/05\/Lab_Inf-a-Renan-Castro-1536x864.jpg 1536w, https:\/\/wp.ufpel.edu.br\/nuped\/files\/2022\/05\/Lab_Inf-a-Renan-Castro-2048x1152.jpg 2048w\" sizes=\"(max-width: 400px) 100vw, 400px\" \/>\n\t\t\t<\/dt><\/dl><br style=\"clear: both\" \/>\n\t\t<\/div>\n\n<p>&nbsp;<\/p>\n","protected":false},"excerpt":{"rendered":"<p>O Polo de Imb\u00e9 iniciou suas atividades em mar\u00e7o de 2010. Desde ent\u00e3o oferta os mais variados cursos de Gradua\u00e7\u00e3o e P\u00f3s-Gradua\u00e7\u00e3o, perfazendo um quantitativo de mais de 2.000 alunos. Como se trata de um Polo associado, suas diretrizes operacionais est\u00e3o ligadas diretamente \u00e0 Secretaria de Educa\u00e7\u00e3o a Dist\u00e2ncia da UFRGS. Cidade\/Estado: Imb\u00e9, Rio Grande [&hellip;]<\/p>\n","protected":false},"author":1165,"featured_media":0,"parent":0,"menu_order":0,"comment_status":"closed","ping_status":"closed","template":"","meta":{"footnotes":""},"class_list":["post-2036","page","type-page","status-publish","hentry"],"_links":{"self":[{"href":"https:\/\/wp.ufpel.edu.br\/nuped\/wp-json\/wp\/v2\/pages\/2036","targetHints":{"allow":["GET"]}}],"collection":[{"href":"https:\/\/wp.ufpel.edu.br\/nuped\/wp-json\/wp\/v2\/pages"}],"about":[{"href":"https:\/\/wp.ufpel.edu.br\/nuped\/wp-json\/wp\/v2\/types\/page"}],"author":[{"embeddable":true,"href":"https:\/\/wp.ufpel.edu.br\/nuped\/wp-json\/wp\/v2\/users\/1165"}],"replies":[{"embeddable":true,"href":"https:\/\/wp.ufpel.edu.br\/nuped\/wp-json\/wp\/v2\/comments?post=2036"}],"version-history":[{"count":0,"href":"https:\/\/wp.ufpel.edu.br\/nuped\/wp-json\/wp\/v2\/pages\/2036\/revisions"}],"wp:attachment":[{"href":"https:\/\/wp.ufpel.edu.br\/nuped\/wp-json\/wp\/v2\/media?parent=2036"}],"curies":[{"name":"wp","href":"https:\/\/api.w.org\/{rel}","templated":true}]}}