{"id":2024,"date":"2021-11-26T15:06:44","date_gmt":"2021-11-26T18:06:44","guid":{"rendered":"https:\/\/wp.ufpel.edu.br\/nuped\/?page_id=2024"},"modified":"2021-11-26T15:06:44","modified_gmt":"2021-11-26T18:06:44","slug":"sobradinho","status":"publish","type":"page","link":"https:\/\/wp.ufpel.edu.br\/nuped\/sobradinho\/","title":{"rendered":"Sobradinho"},"content":{"rendered":"<p style=\"text-align: center\">\n<!-- iframe plugin v.6.0 wordpress.org\/plugins\/iframe\/ -->\n<iframe width=\"100%\" align=\"center\" height=\"600\" src=\"https:\/\/www.google.com\/maps\/d\/u\/0\/embed?mid=1-sPWOCBoly1J2FMhfV8t4lcEQ5FrDu5R&#038;ll=-31.407966099999975%2C-53.870366800000006&#038;z=8\" scrolling=\"yes\" class=\"iframe-class\" frameborder=\"0\"><\/iframe>\n<\/p>\n<p style=\"text-align: justify\">O Munic\u00edpio de Sobradinho foi emancipado no dia 03 de dezembro de 1927, est\u00e1 localizado no Centro Geogr\u00e1fico do Estado do Rio Grande do Sul, a 236 km de Porto Alegre, e 95 km de Santa Cruz do Sul. \u00c9 conhecido como \u201cCeleiro do Centro Serra\u201d por ser refer\u00eancia nos setores de com\u00e9rcio e servi\u00e7o da Regi\u00e3o Centro Serra do Rio Grande do Sul. Situado na regi\u00e3o Centro Serra, faz divisa ao norte com o munic\u00edpio de Arroio do Tigre; ao sul, com Lagoa Bonita do Sul; ao leste, com Passa Sete e Segredo; e ao oeste, com Ibarama. A altitude do munic\u00edpio em sua sede \u00e9 de 427 metros; longitude -53,029 e latitude -29,421. Tem uma \u00e1rea de 130 quil\u00f4metros quadrados e sua popula\u00e7\u00e3o estimada em 2008 era de 14 675 habitantes pelo Censo de 2010. O \u00edndice de desenvolvimento humano \u00e9 considerado alto, de 0,743. Os principais produtos industriais fabricados em Sobradinho s\u00e3o estofados, latic\u00ednios, confec\u00e7\u00f5es de couro, tecido e malha, cal\u00e7ados, beneficiamento de madeira, cepas de madeira para cal\u00e7ados, grampos de madeira para uso na secagem de fumo de estufa, metalurgia, carnes e vinhos. Os principais produtos agr\u00edcolas s\u00e3o fumo, feij\u00e3o, milho, soja e uva, e o principal produto pecu\u00e1rio \u00e9 o leite. Na \u00e1rea educacional, o munic\u00edpio de Sobradinho atende cerca de 1470 alunos na educa\u00e7\u00e3o Infantil e ensino Fundamental. O IDEB na rede municipal aumentou para 5,6 e na rede estadual atingiu o \u00edndice de 6,0.<br \/>\nPor ser considerado o celeiro do Centro Serra, Sobradinho tamb\u00e9m implantou O Polo Regional de Educa\u00e7\u00e3o \u00e0 Dist\u00e2ncia, viabilizando a oferta de cursos pelas Universidades e Institutos Federais, contribuindo na forma\u00e7\u00e3o acad\u00eamica da regi\u00e3o, viabilizando a interioriza\u00e7\u00e3o do ensino p\u00fablico, gratuito e de qualidade.<br \/>\nO projeto de Implanta\u00e7\u00e3o do Polo Regional de Ensino Superior a Dist\u00e2ncia de Sobradinho junto ao Sistema Universidade Aberta do Brasil foi encaminhado para o Governo Federal via UFSM no ano de 2007 por uma iniciativa da Secretaria Municipal de Educa\u00e7\u00e3o de Sobradinho, criado pela Lei Municipal n\u00ba 2.865 de 06 de julho de 2007, j\u00e1 com a defini\u00e7\u00e3o dos cursos que a Institui\u00e7\u00e3o Federal estava oferecendo e que o Munic\u00edpio necessitava como demanda imediata. A escolha por Agricultura Familiar e Sustentabilidade deu-se pela car\u00eancia t\u00e9cnica na \u00e1rea e pela base agr\u00edcola dos Munic\u00edpios Regionais e o Curso de Pedagogia foi solicitado pelo alto n\u00famero de Professores de S\u00e9ries Iniciais e Educa\u00e7\u00e3o Infantil sem forma\u00e7\u00e3o acad\u00eamica.<br \/>\nA Sele\u00e7\u00e3o da coordena\u00e7\u00e3o do Polo foi realizada pela Equipe da Secretaria de Educa\u00e7\u00e3o \u00e0 Dist\u00e2ncia do MEC entre os curr\u00edculos dos candidatos que se inscreveram no Munic\u00edpio Sede do Polo. J\u00e1 a sele\u00e7\u00e3o dos primeiros tutores foi realizada pela UFSM, atrav\u00e9s dos curr\u00edculos dos interessados.<br \/>\nO contato Institucional para novos Cursos \u00e9 feito pela coordena\u00e7\u00e3o do Polo com Administra\u00e7\u00e3o P\u00fablica Municipal e o Conselho do Polo, mediante pesquisa de demanda realizada anualmente. A procura e valoriza\u00e7\u00e3o do Ensino P\u00fablico na Modalidade EAD est\u00e1 cada vez maior em nossa regi\u00e3o, por isso busca-se constantemente a articula\u00e7\u00e3o de novos cursos.<br \/>\nNo segundo semestre de 2010 a primeira Turma de Especializa\u00e7\u00e3o em TIC\u2019s concluiu o Curso. Neste mesmo per\u00edodo encerraram os projetos Agroflorestal do CNPq e o Projeto de Interviv\u00eancia Acad\u00eamica desenvolvidos nos anos de 2009 e 2010, atendendo um total de 200 alunos de ensino fundamental e m\u00e9dio.<br \/>\nEm 2011 conclu\u00edram duas turmas de especializa\u00e7\u00e3o, uma de Gest\u00e3o P\u00fablica Municipal e outra de Gest\u00e3o P\u00fablica em Sa\u00fade.<br \/>\nNo ano de 2012 aconteceram as primeiras formaturas das turmas de gradua\u00e7\u00e3o: Agricultura Familiar e Sustentabilidade e Licenciatura em Pedagogia, bem como a formatura da 1\u00aa turma do T\u00e9cnico em Inform\u00e1tica e a Conclus\u00e3o do Curso de Aperfei\u00e7oamento de Pol\u00edticas P\u00fablicas de G\u00eanero e Ra\u00e7a. As turmas de Especializa\u00e7\u00f5es em Gest\u00e3o P\u00fablica Municipal, Gest\u00e3o em Sa\u00fade e TIC\u2019s tamb\u00e9m conclu\u00edram suas atividades no final do ano de 2012.<br \/>\nEm 2013 aconteceram \u00e0s formaturas das Licenciaturas em Pedagogia, Letras-Portugu\u00eas, Geografia, Letras-Espanhol da UFSM e Licenciatura em Matem\u00e1tica da FURG. Durante o ano de 2013 o curso de Educa\u00e7\u00e3o Continuada Artes em Educa\u00e7\u00e3o B\u00e1sica da UFRGS tamb\u00e9m encerrou suas atividades.<br \/>\nEm 2014, primeiro semestre, tivemos a formatura de mais uma turma de Letras Portugu\u00eas e de uma turma do Curso T\u00e9cnicos em Secretariado. No segundo semestre de 2014 aconteceu \u00e0 formatura da 1\u00aa turma do Bacharelado em Administra\u00e7\u00e3o da UFSM e da 1\u00aa turma do Curso T\u00e9cnico em Vendas do IF Farroupilha Campus Santa Rosa.<br \/>\nNo ano de 2015 aconteceram as conclus\u00f5es dos cursos de Licenciatura em Educa\u00e7\u00e3o especial, Espanhol e Pedagogia. J\u00e1 em 2016 concluiu o Curso de Bacharelado em Administra\u00e7\u00e3o p\u00fablica.<br \/>\nEm 2017 tivemos a conclus\u00e3o de mais turmas dos Cursos de Licenciatura em Pedagogia, Educa\u00e7\u00e3o do campo e Tecn\u00f3logo em Agricultura Familiar e Sustentabilidade.<br \/>\nNo ano de 2019, o Polo ofereceu os Cursos de Letras Portugu\u00eas\/Literaturas &#8211; UFSM, Letras Espanhol &#8211; UFSM, Pedagogia \u2013 UFSM, Geografia _ UNIPAMPA, Ci\u00eancias Sociais \u2013 UFRGS, Licenciatura em Forma\u00e7\u00e3o Pedag\u00f3gica \u2013 IFSul e o Curso t\u00e9cnico em Multimeios Did\u00e1ticos pelo IFFar que ser\u00e1 conclu\u00eddo nos pr\u00f3ximos meses. Iniciaram as matr\u00edculas para os cursos de Licenciatura em Matem\u00e1tica pelo IFFar, Licenciatura em Educa\u00e7\u00e3o do Campo pela UFSM. No m\u00eas de mar\u00e7o promovemos a VI Jornada Acad\u00eamica do Polo de Sobradinho aos alunos do Polo e comunidade local, com palestras de professores das Universidades parceiras, com certifica\u00e7\u00e3o de 40 horas. Durante a Jornada Acad\u00eamica divulgamos o lan\u00e7amento dos Livros \u201cUniversidade Aberta do Brasil no RS\u201d e \u201cTrajet\u00f3rias Educacionais na Educa\u00e7\u00e3o \u00e0 Dist\u00e2ncia\u201d. Tamb\u00e9m realizamos no m\u00eas de maio a exposi\u00e7\u00e3o do Planet\u00e1rio Itinerante em parceria com a Unipampa para os alunos do Polo e das redes municipais e estaduais. Assim, estamos oportunizando forma\u00e7\u00e3o e conhecimento para toda regi\u00e3o Centro Serra, al\u00e9m dos acad\u00eamicos do Polo, que em sua maioria s\u00e3o de classe social baixa, trabalhadora e interiorana, que dificilmente obteriam uma Gradua\u00e7\u00e3o se n\u00e3o tivessem esta oportunidade.<br \/>\nEm 2020 iniciou o processo seletivo de Licenciatura em Hist\u00f3ria pela UFPEL. Tamb\u00e9m foi iniciado a escrita do livro contando a hist\u00f3ria do polo de Sobradinho.<br \/>\nAssim, estamos oportunizando forma\u00e7\u00e3o e conhecimento a cerca de 300 alunos provenientes de 25 munic\u00edpios diferentes da regi\u00e3o Centro Serra, em sua maioria de classe social baixa, trabalhadora e interiorana, que dificilmente obteriam uma gradua\u00e7\u00e3o se n\u00e3o tivessem esta oportunidade.<\/p>\n<p style=\"text-align: left\"><strong>Cidade\/Estado:<\/strong> Sobradinho, Rio Grande do Sul, Brasil<br \/>\n<strong>Endere\u00e7o:<\/strong> Rua Luiz Hon\u00f3rio Guerreiro, 270 &#8211; Bairro Vera Cruz &#8211; Sobradinho &#8211; CEP 96900000<br \/>\n<strong>Telefone:<\/strong> (51) 998666554<br \/>\n<strong>Email:<\/strong> polouabsobradinho.rs@gmail.com<br \/>\n<b>Coordenadora:<\/b><span style=\"font-weight: 400\"> Scheila Simone Secretti<\/span><\/p>\n<p><b>Redes Sociais:\u00a0<a href=\"https:\/\/www.facebook.com\/polode.sobradinho\">Facebook<\/a> <a href=\"https:\/\/www.facebook.com\/polode.sobradinho\">\/<\/a> \u00a0<a href=\"https:\/\/instagram.com\/sobradinhopolo\">Instagram<\/a>\u00a0 <a href=\"https:\/\/www.facebook.com\/polode.sobradinho\">\/<\/a> <a href=\"https:\/\/sites.google.com\/view\/polo-ead-uab-sobradinho-rs\/in%C3%ADcio\">Site<\/a><\/b><\/p>\n<p style=\"text-align: left\"><a href=\"https:\/\/institucional.ufpel.edu.br\/busca\/?p=Sobradinho&amp;cursos=on\"><b>Veja os cursos e atividades\u00a0 da UFPel desenvolvidas na cidade de Sobradinho<\/b><\/a><\/p>\n\n\t\t<style type=\"text\/css\">\n\t\t\t#gallery-1 {\n\t\t\t\tmargin: auto;\n\t\t\t}\n\t\t\t#gallery-1 .gallery-item {\n\t\t\t\tfloat: left;\n\t\t\t\tmargin-top: 10px;\n\t\t\t\ttext-align: center;\n\t\t\t\twidth: 33%;\n\t\t\t}\n\t\t\t#gallery-1 img {\n\t\t\t\tborder: 2px solid #cfcfcf;\n\t\t\t}\n\t\t\t#gallery-1 .gallery-caption {\n\t\t\t\tmargin-left: 0;\n\t\t\t}\n\t\t\t\/* see gallery_shortcode() in wp-includes\/media.php *\/\n\t\t<\/style>\n\t\t<div id='gallery-1' class='gallery galleryid-2024 gallery-columns-3 gallery-size-medium'><dl class='gallery-item'>\n\t\t\t<dt class='gallery-icon landscape'>\n\t\t\t\t<img width=\"400\" height=\"300\" src=\"https:\/\/wp.ufpel.edu.br\/nuped\/files\/2022\/05\/polo-Polo-Sobradinho-400x300.jpeg\" class=\"attachment-medium size-medium\" alt=\"\" srcset=\"https:\/\/wp.ufpel.edu.br\/nuped\/files\/2022\/05\/polo-Polo-Sobradinho-400x300.jpeg 400w, https:\/\/wp.ufpel.edu.br\/nuped\/files\/2022\/05\/polo-Polo-Sobradinho-1024x768.jpeg 1024w, https:\/\/wp.ufpel.edu.br\/nuped\/files\/2022\/05\/polo-Polo-Sobradinho-768x576.jpeg 768w, https:\/\/wp.ufpel.edu.br\/nuped\/files\/2022\/05\/polo-Polo-Sobradinho.jpeg 1280w\" sizes=\"(max-width: 400px) 100vw, 400px\" \/>\n\t\t\t<\/dt><\/dl><dl class='gallery-item'>\n\t\t\t<dt class='gallery-icon landscape'>\n\t\t\t\t<img width=\"400\" height=\"300\" src=\"https:\/\/wp.ufpel.edu.br\/nuped\/files\/2022\/05\/Auditorio-Polo-Sobradinho-400x300.jpg\" class=\"attachment-medium size-medium\" alt=\"\" srcset=\"https:\/\/wp.ufpel.edu.br\/nuped\/files\/2022\/05\/Auditorio-Polo-Sobradinho-400x300.jpg 400w, https:\/\/wp.ufpel.edu.br\/nuped\/files\/2022\/05\/Auditorio-Polo-Sobradinho-1024x768.jpg 1024w, https:\/\/wp.ufpel.edu.br\/nuped\/files\/2022\/05\/Auditorio-Polo-Sobradinho-768x576.jpg 768w, https:\/\/wp.ufpel.edu.br\/nuped\/files\/2022\/05\/Auditorio-Polo-Sobradinho-1536x1152.jpg 1536w, https:\/\/wp.ufpel.edu.br\/nuped\/files\/2022\/05\/Auditorio-Polo-Sobradinho-2048x1536.jpg 2048w\" sizes=\"(max-width: 400px) 100vw, 400px\" \/>\n\t\t\t<\/dt><\/dl><dl class='gallery-item'>\n\t\t\t<dt class='gallery-icon landscape'>\n\t\t\t\t<img width=\"400\" height=\"300\" src=\"https:\/\/wp.ufpel.edu.br\/nuped\/files\/2022\/05\/Lab-I-fundos-Polo-Sobradinho-400x300.jpg\" class=\"attachment-medium size-medium\" alt=\"\" srcset=\"https:\/\/wp.ufpel.edu.br\/nuped\/files\/2022\/05\/Lab-I-fundos-Polo-Sobradinho-400x300.jpg 400w, https:\/\/wp.ufpel.edu.br\/nuped\/files\/2022\/05\/Lab-I-fundos-Polo-Sobradinho-1024x768.jpg 1024w, https:\/\/wp.ufpel.edu.br\/nuped\/files\/2022\/05\/Lab-I-fundos-Polo-Sobradinho-768x576.jpg 768w, https:\/\/wp.ufpel.edu.br\/nuped\/files\/2022\/05\/Lab-I-fundos-Polo-Sobradinho-1536x1152.jpg 1536w, https:\/\/wp.ufpel.edu.br\/nuped\/files\/2022\/05\/Lab-I-fundos-Polo-Sobradinho-2048x1536.jpg 2048w\" sizes=\"(max-width: 400px) 100vw, 400px\" \/>\n\t\t\t<\/dt><\/dl><br style=\"clear: both\" \/>\n\t\t<\/div>\n\n<p>&nbsp;<\/p>\n","protected":false},"excerpt":{"rendered":"<p>O Munic\u00edpio de Sobradinho foi emancipado no dia 03 de dezembro de 1927, est\u00e1 localizado no Centro Geogr\u00e1fico do Estado do Rio Grande do Sul, a 236 km de Porto Alegre, e 95 km de Santa Cruz do Sul. \u00c9 conhecido como \u201cCeleiro do Centro Serra\u201d por ser refer\u00eancia nos setores de com\u00e9rcio e servi\u00e7o [&hellip;]<\/p>\n","protected":false},"author":1165,"featured_media":0,"parent":0,"menu_order":0,"comment_status":"closed","ping_status":"closed","template":"","meta":{"footnotes":""},"class_list":["post-2024","page","type-page","status-publish","hentry"],"_links":{"self":[{"href":"https:\/\/wp.ufpel.edu.br\/nuped\/wp-json\/wp\/v2\/pages\/2024","targetHints":{"allow":["GET"]}}],"collection":[{"href":"https:\/\/wp.ufpel.edu.br\/nuped\/wp-json\/wp\/v2\/pages"}],"about":[{"href":"https:\/\/wp.ufpel.edu.br\/nuped\/wp-json\/wp\/v2\/types\/page"}],"author":[{"embeddable":true,"href":"https:\/\/wp.ufpel.edu.br\/nuped\/wp-json\/wp\/v2\/users\/1165"}],"replies":[{"embeddable":true,"href":"https:\/\/wp.ufpel.edu.br\/nuped\/wp-json\/wp\/v2\/comments?post=2024"}],"version-history":[{"count":0,"href":"https:\/\/wp.ufpel.edu.br\/nuped\/wp-json\/wp\/v2\/pages\/2024\/revisions"}],"wp:attachment":[{"href":"https:\/\/wp.ufpel.edu.br\/nuped\/wp-json\/wp\/v2\/media?parent=2024"}],"curies":[{"name":"wp","href":"https:\/\/api.w.org\/{rel}","templated":true}]}}