{"id":2007,"date":"2021-11-26T15:02:40","date_gmt":"2021-11-26T18:02:40","guid":{"rendered":"https:\/\/wp.ufpel.edu.br\/nuped\/?page_id=2007"},"modified":"2021-11-26T15:02:40","modified_gmt":"2021-11-26T18:02:40","slug":"tres-passos","status":"publish","type":"page","link":"https:\/\/wp.ufpel.edu.br\/nuped\/tres-passos\/","title":{"rendered":"Tr\u00eas Passos"},"content":{"rendered":"<p style=\"text-align: center\">\n<!-- iframe plugin v.6.0 wordpress.org\/plugins\/iframe\/ -->\n<iframe width=\"100%\" align=\"center\" height=\"600\" src=\"https:\/\/www.google.com\/maps\/d\/u\/0\/embed?mid=1-sPWOCBoly1J2FMhfV8t4lcEQ5FrDu5R&#038;ll=-31.407966099999975%2C-53.870366800000006&#038;z=8\" scrolling=\"yes\" class=\"iframe-class\" frameborder=\"0\"><\/iframe>\n<\/p>\n<p style=\"text-align: justify\">Em 2006, o munic\u00edpio de Tr\u00eas Passos\/RS assinou o termo de coopera\u00e7\u00e3o t\u00e9cnica com o MEC, respondendo ao Edital de sele\u00e7\u00e3o n\u00b0 01\/2005 &#8211; SEED-MEC, estabelecendo assim o compromisso na implanta\u00e7\u00e3o do Polo de Apoio Presencial de Tr\u00eas Passos\/RS, do sistema UAB, cujo dever do munic\u00edpio seria o de oferecer um ambiente adequado para a realiza\u00e7\u00e3o e o desenvolvimento do ensino, ou seja, estrutura, organizar e manter o Polo Presencial.<br \/>\nSabendo que a Universidade Aberta do Brasil \u00e9 um sistema diferenciado de educa\u00e7\u00e3o, pois re\u00fane v\u00e1rias institui\u00e7\u00f5es p\u00fablicas de ensino superior, ci\u00eancia e tecnologia, no ano de 2006, tendo sido aprovado o projeto de implanta\u00e7\u00e3o no munic\u00edpio do Polo de Apoio Presencial do sistema UAB, deu-se ent\u00e3o o in\u00edcio \u00e0 busca por ofertas das Universidades Federais do Rio Grande do Sul, as quais estariam interessadas nessa modalidade de ensino. Os respons\u00e1veis pela secretaria da educa\u00e7\u00e3o do munic\u00edpio procuraram adequar uma escola municipal para a instala\u00e7\u00e3o do Polo de Apoio Presencial.<br \/>\nAp\u00f3s v\u00e1rias sondagens, decidiu-se que a escola que abrigaria o Polo seria a Escola Municipal de Ensino Fundamental 25 de Julho, que, segundo orienta\u00e7\u00f5es do MEC sobre os recursos necess\u00e1rios para o funcionamento de um Polo, disponibilizou o m\u00ednimo necess\u00e1rio para dar o in\u00edcio a este, isto \u00e9, ofertou uma sala para o laborat\u00f3rio de inform\u00e1tica e uma sala para uso da secretaria acad\u00eamica. J\u00e1 as salas de aula, os banheiros e a biblioteca deveriam ser utilizados concomitante com os demais alunos, professores e funcion\u00e1rios da escola. Cabe ressaltar que o MEC sugeria que tamb\u00e9m fossem disponibilizadas salas para a coordena\u00e7\u00e3o do polo, para reuni\u00f5es e para videoconfer\u00eancia. A escola recebeu a visita de avaliadores do MEC que aprovaram o funcionamento do Polo da UAB em suas instala\u00e7\u00f5es mesmo n\u00e3o estando nas condi\u00e7\u00f5es necess\u00e1rias para o pleno funcionamento.<br \/>\nDe acordo com os editais do MEC, o Polo Universit\u00e1rio de Tr\u00eas Passos\/RS deveria iniciar o seu funcionamento a partir de junho de 2007, per\u00edodo em que os gestores municipais e a coordena\u00e7\u00e3o do mesmo procuraram adequar instala\u00e7\u00f5es, organizar documenta\u00e7\u00f5es, selecionar tutores e dar continuidade ao processo de credenciamento das universidades e dos cursos a serem ofertados.<br \/>\nO Polo foi instalado oficialmente em junho de 2007, em solenidade que contou com a presen\u00e7a de autoridades, professores da UFRGS e representantes do primeiro curso a ser ofertado nesse Polo, o PLAGEDER \u2013 Planejamento e Gest\u00e3o para o Desenvolvimento Rural, cuja aula inaugural ocorreu em 19 de outubro de 2007.<br \/>\nEm mar\u00e7o de 2008, iniciaram os cursos de Letras e de Pedagogia, ofertados pela UFSM (Universidade Federal de Santa Maria). No segundo semestre de 2009, em parceria com a Universidade Federal de Pelotas, deu-se in\u00edcio ao curso de Especializa\u00e7\u00e3o em Gest\u00e3o de Polos, com a participa\u00e7\u00e3o de todos os tutores que trabalhavam neste Polo. A oferta do curso de especializa\u00e7\u00e3o, contribuiu na qualifica\u00e7\u00e3o do papel do Gestor de Polos visto que este \u00e9 fundamental, no que circunda o bom desempenho dos Polos de Apoio Presencial. Devido \u00e0 grande responsabilidade atribu\u00edda a este, \u00e9 necess\u00e1rio que o mesmo tenha capacidade de gerenciar as dificuldades que surgem no dia-a-dia dos Polos. Este Gestor normalmente \u00e9 um professor da rede p\u00fablica municipal, selecionado por edital realizado pelo mantenedor do polo.<br \/>\nEm 2009, a C\u00e2mara Municipal de Vereadores aprovou a Lei de Cria\u00e7\u00e3o e Sustentabilidade do Polo efetivando, assim, a sua legalidade. J\u00e1 no ano de 2010, a nova administra\u00e7\u00e3o municipal (2009-2012), atendendo as orienta\u00e7\u00f5es recebidas da DED-CAPES (Diretoria de Educa\u00e7\u00e3o a Dist\u00e2ncia\/Coordena\u00e7\u00e3o de Aperfei\u00e7oamento de Pessoal de N\u00edvel Superior), e acreditando no projeto UAB, adquiriu um pr\u00e9dio pr\u00f3prio para o funcionamento do Polo. Ap\u00f3s as reformas realizadas, em fevereiro de 2010, o Polo foi transferido para o atual endere\u00e7o. Ap\u00f3s vistoria do MEC, em 05 de mar\u00e7o de 2010, o Polo de Apoio Presencial de Tr\u00eas Passos\/RS recebeu a autoriza\u00e7\u00e3o para o funcionamento nas novas instala\u00e7\u00f5es.<br \/>\nA inaugura\u00e7\u00e3o oficial do Polo ocorreu em 9 de abril de 2010, em solenidade que contou com a presen\u00e7a de autoridades regionais, representantes de todas as universidades que comp\u00f5em o Polo, gestores municipais, alunos e comunidade em geral. Nos discursos proferidos foi enaltecida a import\u00e2ncia desse Polo para o desenvolvimento regional. A nova estrutura f\u00edsica conta agora com dois laborat\u00f3rios de inform\u00e1tica, tr\u00eas salas de aula, uma sala para videoconfer\u00eancia, uma sala para tutores, uma biblioteca, uma sala para coordena\u00e7\u00e3o, uma sala para secretaria e um espa\u00e7o para o diret\u00f3rio acad\u00eamico.<\/p>\n<p style=\"text-align: left\"><strong>Cidade\/Estado:<\/strong> Tr\u00eas Passos, Rio Grande do Sul, Brasil<br \/>\n<strong>Endere\u00e7o:<\/strong> Avenida Get\u00falio Vargas, S\/n\u00ba<br \/>\n<strong>Telefone:<\/strong> (55) 999484440<br \/>\n<strong>Email:<\/strong> polouabtrespassos@gmail.com<br \/>\n<b>Coordenadora:<\/b><span style=\"font-weight: 400\"> Janete Beatris Ledur Kozsloski\u00a0<\/span><\/p>\n<p><b>Redes Sociais:<\/b> <a href=\"https:\/\/www.facebook.com\/POLOUABTRESPASSOS\/\"><b>Facebook<\/b><\/a> <b>\/ <\/b><a href=\"https:\/\/www.instagram.com\/POLOUABTRESPASSOS\/\"><b>Instagram<\/b><\/a><\/p>\n<p style=\"text-align: left\"><a href=\"https:\/\/institucional.ufpel.edu.br\/busca\/?p=hulha+negra&amp;cursos=on\"><b>Veja os cursos e atividades da UFPel desenvolvidas na cidade de Tr\u00eas Passos<\/b><\/a><\/p>\n\n\t\t<style type=\"text\/css\">\n\t\t\t#gallery-1 {\n\t\t\t\tmargin: auto;\n\t\t\t}\n\t\t\t#gallery-1 .gallery-item {\n\t\t\t\tfloat: left;\n\t\t\t\tmargin-top: 10px;\n\t\t\t\ttext-align: center;\n\t\t\t\twidth: 33%;\n\t\t\t}\n\t\t\t#gallery-1 img {\n\t\t\t\tborder: 2px solid #cfcfcf;\n\t\t\t}\n\t\t\t#gallery-1 .gallery-caption {\n\t\t\t\tmargin-left: 0;\n\t\t\t}\n\t\t\t\/* see gallery_shortcode() in wp-includes\/media.php *\/\n\t\t<\/style>\n\t\t<div id='gallery-1' class='gallery galleryid-2007 gallery-columns-3 gallery-size-medium'><dl class='gallery-item'>\n\t\t\t<dt class='gallery-icon landscape'>\n\t\t\t\t<img width=\"400\" height=\"291\" src=\"https:\/\/wp.ufpel.edu.br\/nuped\/files\/2022\/05\/polo-2-Janete-Ledur-Kozloski-400x291.jpg\" class=\"attachment-medium size-medium\" alt=\"\" srcset=\"https:\/\/wp.ufpel.edu.br\/nuped\/files\/2022\/05\/polo-2-Janete-Ledur-Kozloski-400x291.jpg 400w, https:\/\/wp.ufpel.edu.br\/nuped\/files\/2022\/05\/polo-2-Janete-Ledur-Kozloski-1024x745.jpg 1024w, https:\/\/wp.ufpel.edu.br\/nuped\/files\/2022\/05\/polo-2-Janete-Ledur-Kozloski-768x558.jpg 768w, https:\/\/wp.ufpel.edu.br\/nuped\/files\/2022\/05\/polo-2-Janete-Ledur-Kozloski-1536x1117.jpg 1536w, https:\/\/wp.ufpel.edu.br\/nuped\/files\/2022\/05\/polo-2-Janete-Ledur-Kozloski.jpg 1997w\" sizes=\"(max-width: 400px) 100vw, 400px\" \/>\n\t\t\t<\/dt><\/dl><dl class='gallery-item'>\n\t\t\t<dt class='gallery-icon landscape'>\n\t\t\t\t<img width=\"400\" height=\"300\" src=\"https:\/\/wp.ufpel.edu.br\/nuped\/files\/2022\/05\/polo3-Janete-Ledur-Kozloski-400x300.jpg\" class=\"attachment-medium size-medium\" alt=\"\" srcset=\"https:\/\/wp.ufpel.edu.br\/nuped\/files\/2022\/05\/polo3-Janete-Ledur-Kozloski-400x300.jpg 400w, https:\/\/wp.ufpel.edu.br\/nuped\/files\/2022\/05\/polo3-Janete-Ledur-Kozloski-1024x768.jpg 1024w, https:\/\/wp.ufpel.edu.br\/nuped\/files\/2022\/05\/polo3-Janete-Ledur-Kozloski-768x576.jpg 768w, https:\/\/wp.ufpel.edu.br\/nuped\/files\/2022\/05\/polo3-Janete-Ledur-Kozloski-1536x1152.jpg 1536w, https:\/\/wp.ufpel.edu.br\/nuped\/files\/2022\/05\/polo3-Janete-Ledur-Kozloski.jpg 1600w\" sizes=\"(max-width: 400px) 100vw, 400px\" \/>\n\t\t\t<\/dt><\/dl>\n\t\t\t<br style='clear: both' \/>\n\t\t<\/div>\n\n<p>&nbsp;<\/p>\n","protected":false},"excerpt":{"rendered":"<p>Em 2006, o munic\u00edpio de Tr\u00eas Passos\/RS assinou o termo de coopera\u00e7\u00e3o t\u00e9cnica com o MEC, respondendo ao Edital de sele\u00e7\u00e3o n\u00b0 01\/2005 &#8211; SEED-MEC, estabelecendo assim o compromisso na implanta\u00e7\u00e3o do Polo de Apoio Presencial de Tr\u00eas Passos\/RS, do sistema UAB, cujo dever do munic\u00edpio seria o de oferecer um ambiente adequado para a [&hellip;]<\/p>\n","protected":false},"author":1165,"featured_media":0,"parent":0,"menu_order":0,"comment_status":"closed","ping_status":"closed","template":"","meta":{"footnotes":""},"class_list":["post-2007","page","type-page","status-publish","hentry"],"_links":{"self":[{"href":"https:\/\/wp.ufpel.edu.br\/nuped\/wp-json\/wp\/v2\/pages\/2007","targetHints":{"allow":["GET"]}}],"collection":[{"href":"https:\/\/wp.ufpel.edu.br\/nuped\/wp-json\/wp\/v2\/pages"}],"about":[{"href":"https:\/\/wp.ufpel.edu.br\/nuped\/wp-json\/wp\/v2\/types\/page"}],"author":[{"embeddable":true,"href":"https:\/\/wp.ufpel.edu.br\/nuped\/wp-json\/wp\/v2\/users\/1165"}],"replies":[{"embeddable":true,"href":"https:\/\/wp.ufpel.edu.br\/nuped\/wp-json\/wp\/v2\/comments?post=2007"}],"version-history":[{"count":0,"href":"https:\/\/wp.ufpel.edu.br\/nuped\/wp-json\/wp\/v2\/pages\/2007\/revisions"}],"wp:attachment":[{"href":"https:\/\/wp.ufpel.edu.br\/nuped\/wp-json\/wp\/v2\/media?parent=2007"}],"curies":[{"name":"wp","href":"https:\/\/api.w.org\/{rel}","templated":true}]}}