{"id":1968,"date":"2021-11-26T14:53:10","date_gmt":"2021-11-26T17:53:10","guid":{"rendered":"https:\/\/wp.ufpel.edu.br\/nuped\/?page_id=1968"},"modified":"2021-11-26T14:53:10","modified_gmt":"2021-11-26T17:53:10","slug":"santana-da-boa-vista","status":"publish","type":"page","link":"https:\/\/wp.ufpel.edu.br\/nuped\/santana-da-boa-vista\/","title":{"rendered":"Santana da Boa Vista"},"content":{"rendered":"<p style=\"text-align: center\">\n<!-- iframe plugin v.6.0 wordpress.org\/plugins\/iframe\/ -->\n<iframe width=\"100%\" align=\"center\" height=\"600\" src=\"https:\/\/www.google.com\/maps\/d\/u\/0\/embed?mid=1-sPWOCBoly1J2FMhfV8t4lcEQ5FrDu5R&#038;ll=-31.407966099999975%2C-53.870366800000006&#038;z=8\" scrolling=\"yes\" class=\"iframe-class\" frameborder=\"0\"><\/iframe>\n<\/p>\n<p style=\"text-align: justify\">Nosso polo teve in\u00edcio no ano de 2006, trazendo a educa\u00e7\u00e3o superior para nossa cidade, atualmente o nosso polo oferece cursos de Gradua\u00e7\u00e3o e T\u00e9cnicos.<\/p>\n<p style=\"text-align: left\"><strong>Cidade\/Estado:<\/strong> Santana da Boa Vista, Rio Grande do Sul, Brasil<br \/>\n<strong>Endere\u00e7o:<\/strong> Rua Apar\u00edcio Freitas 405, Bairro Coab<br \/>\n<strong>Telefone:<\/strong> (53) 3258-1045<br \/>\n<strong>Email:<\/strong> polosbv@gmail.com<br \/>\n<b>Coordenadora:<\/b><span style=\"font-weight: 400\"> Laerte Brum Lopes<br \/>\n<\/span><\/p>\n<p><b>Redes Sociais: <\/b><a href=\"https:\/\/www.facebook.com\/profile.php?id=100071433117292\"><b>Facebook<\/b><\/a><\/p>\n<p style=\"text-align: left\"><a href=\"https:\/\/institucional.ufpel.edu.br\/busca\/?p=santana+da+boa+vista&amp;cursos=on\"><b>Veja os cursos e atividades\u00a0 da UFPel desenvolvidas na cidade de Santana da Boa Vista<\/b><\/a><\/p>\n\n\t\t<style type=\"text\/css\">\n\t\t\t#gallery-1 {\n\t\t\t\tmargin: auto;\n\t\t\t}\n\t\t\t#gallery-1 .gallery-item {\n\t\t\t\tfloat: left;\n\t\t\t\tmargin-top: 10px;\n\t\t\t\ttext-align: center;\n\t\t\t\twidth: 33%;\n\t\t\t}\n\t\t\t#gallery-1 img {\n\t\t\t\tborder: 2px solid #cfcfcf;\n\t\t\t}\n\t\t\t#gallery-1 .gallery-caption {\n\t\t\t\tmargin-left: 0;\n\t\t\t}\n\t\t\t\/* see gallery_shortcode() in wp-includes\/media.php *\/\n\t\t<\/style>\n\t\t<div id='gallery-1' class='gallery galleryid-1968 gallery-columns-3 gallery-size-medium'><dl class='gallery-item'>\n\t\t\t<dt class='gallery-icon landscape'>\n\t\t\t\t<img width=\"400\" height=\"300\" src=\"https:\/\/wp.ufpel.edu.br\/nuped\/files\/2022\/05\/fchada-do-polo-Polo-Municipal-Santana-da-Boa-Vista-400x300.jpg\" class=\"attachment-medium size-medium\" alt=\"\" srcset=\"https:\/\/wp.ufpel.edu.br\/nuped\/files\/2022\/05\/fchada-do-polo-Polo-Municipal-Santana-da-Boa-Vista-400x300.jpg 400w, https:\/\/wp.ufpel.edu.br\/nuped\/files\/2022\/05\/fchada-do-polo-Polo-Municipal-Santana-da-Boa-Vista-1024x768.jpg 1024w, https:\/\/wp.ufpel.edu.br\/nuped\/files\/2022\/05\/fchada-do-polo-Polo-Municipal-Santana-da-Boa-Vista-768x576.jpg 768w, https:\/\/wp.ufpel.edu.br\/nuped\/files\/2022\/05\/fchada-do-polo-Polo-Municipal-Santana-da-Boa-Vista-1536x1152.jpg 1536w, https:\/\/wp.ufpel.edu.br\/nuped\/files\/2022\/05\/fchada-do-polo-Polo-Municipal-Santana-da-Boa-Vista.jpg 2048w\" sizes=\"(max-width: 400px) 100vw, 400px\" \/>\n\t\t\t<\/dt><\/dl><dl class='gallery-item'>\n\t\t\t<dt class='gallery-icon landscape'>\n\t\t\t\t<img width=\"400\" height=\"300\" src=\"https:\/\/wp.ufpel.edu.br\/nuped\/files\/2022\/05\/Corredor-de-acesso-as-salas-e-ao-banheiro-Polo-Municipal-Santana-da-Boa-Vista-400x300.jpg\" class=\"attachment-medium size-medium\" alt=\"\" srcset=\"https:\/\/wp.ufpel.edu.br\/nuped\/files\/2022\/05\/Corredor-de-acesso-as-salas-e-ao-banheiro-Polo-Municipal-Santana-da-Boa-Vista-400x300.jpg 400w, https:\/\/wp.ufpel.edu.br\/nuped\/files\/2022\/05\/Corredor-de-acesso-as-salas-e-ao-banheiro-Polo-Municipal-Santana-da-Boa-Vista-1024x768.jpg 1024w, https:\/\/wp.ufpel.edu.br\/nuped\/files\/2022\/05\/Corredor-de-acesso-as-salas-e-ao-banheiro-Polo-Municipal-Santana-da-Boa-Vista-768x576.jpg 768w, https:\/\/wp.ufpel.edu.br\/nuped\/files\/2022\/05\/Corredor-de-acesso-as-salas-e-ao-banheiro-Polo-Municipal-Santana-da-Boa-Vista-1536x1152.jpg 1536w, https:\/\/wp.ufpel.edu.br\/nuped\/files\/2022\/05\/Corredor-de-acesso-as-salas-e-ao-banheiro-Polo-Municipal-Santana-da-Boa-Vista.jpg 1600w\" sizes=\"(max-width: 400px) 100vw, 400px\" \/>\n\t\t\t<\/dt><\/dl><dl class='gallery-item'>\n\t\t\t<dt class='gallery-icon landscape'>\n\t\t\t\t<img width=\"400\" height=\"300\" src=\"https:\/\/wp.ufpel.edu.br\/nuped\/files\/2022\/05\/laboratorio-1-Polo-Municipal-Santana-da-Boa-Vista-400x300.jpg\" class=\"attachment-medium size-medium\" alt=\"\" srcset=\"https:\/\/wp.ufpel.edu.br\/nuped\/files\/2022\/05\/laboratorio-1-Polo-Municipal-Santana-da-Boa-Vista-400x300.jpg 400w, https:\/\/wp.ufpel.edu.br\/nuped\/files\/2022\/05\/laboratorio-1-Polo-Municipal-Santana-da-Boa-Vista-1024x768.jpg 1024w, https:\/\/wp.ufpel.edu.br\/nuped\/files\/2022\/05\/laboratorio-1-Polo-Municipal-Santana-da-Boa-Vista-768x576.jpg 768w, https:\/\/wp.ufpel.edu.br\/nuped\/files\/2022\/05\/laboratorio-1-Polo-Municipal-Santana-da-Boa-Vista-1536x1152.jpg 1536w, https:\/\/wp.ufpel.edu.br\/nuped\/files\/2022\/05\/laboratorio-1-Polo-Municipal-Santana-da-Boa-Vista.jpg 1600w\" sizes=\"(max-width: 400px) 100vw, 400px\" \/>\n\t\t\t<\/dt><\/dl><br style=\"clear: both\" \/>\n\t\t<\/div>\n\n<p>&nbsp;<\/p>\n","protected":false},"excerpt":{"rendered":"<p>Nosso polo teve in\u00edcio no ano de 2006, trazendo a educa\u00e7\u00e3o superior para nossa cidade, atualmente o nosso polo oferece cursos de Gradua\u00e7\u00e3o e T\u00e9cnicos. Cidade\/Estado: Santana da Boa Vista, Rio Grande do Sul, Brasil Endere\u00e7o: Rua Apar\u00edcio Freitas 405, Bairro Coab Telefone: (53) 3258-1045 Email: polosbv@gmail.com Coordenadora: Laerte Brum Lopes Redes Sociais: Facebook Veja [&hellip;]<\/p>\n","protected":false},"author":1165,"featured_media":0,"parent":0,"menu_order":0,"comment_status":"closed","ping_status":"closed","template":"","meta":{"footnotes":""},"class_list":["post-1968","page","type-page","status-publish","hentry"],"_links":{"self":[{"href":"https:\/\/wp.ufpel.edu.br\/nuped\/wp-json\/wp\/v2\/pages\/1968","targetHints":{"allow":["GET"]}}],"collection":[{"href":"https:\/\/wp.ufpel.edu.br\/nuped\/wp-json\/wp\/v2\/pages"}],"about":[{"href":"https:\/\/wp.ufpel.edu.br\/nuped\/wp-json\/wp\/v2\/types\/page"}],"author":[{"embeddable":true,"href":"https:\/\/wp.ufpel.edu.br\/nuped\/wp-json\/wp\/v2\/users\/1165"}],"replies":[{"embeddable":true,"href":"https:\/\/wp.ufpel.edu.br\/nuped\/wp-json\/wp\/v2\/comments?post=1968"}],"version-history":[{"count":0,"href":"https:\/\/wp.ufpel.edu.br\/nuped\/wp-json\/wp\/v2\/pages\/1968\/revisions"}],"wp:attachment":[{"href":"https:\/\/wp.ufpel.edu.br\/nuped\/wp-json\/wp\/v2\/media?parent=1968"}],"curies":[{"name":"wp","href":"https:\/\/api.w.org\/{rel}","templated":true}]}}