{"id":1956,"date":"2021-11-26T14:40:51","date_gmt":"2021-11-26T17:40:51","guid":{"rendered":"https:\/\/wp.ufpel.edu.br\/nuped\/?page_id=1956"},"modified":"2021-11-26T14:40:51","modified_gmt":"2021-11-26T17:40:51","slug":"sao-lourenco-do-sul","status":"publish","type":"page","link":"https:\/\/wp.ufpel.edu.br\/nuped\/sao-lourenco-do-sul\/","title":{"rendered":"S\u00e3o Louren\u00e7o do Sul"},"content":{"rendered":"<p style=\"text-align: center\">\n<!-- iframe plugin v.6.0 wordpress.org\/plugins\/iframe\/ -->\n<iframe width=\"100%\" align=\"center\" height=\"600\" src=\"https:\/\/www.google.com\/maps\/d\/u\/0\/embed?mid=1-sPWOCBoly1J2FMhfV8t4lcEQ5FrDu5R&#038;ll=-31.407966099999975%2C-53.870366800000006&#038;z=8\" scrolling=\"yes\" class=\"iframe-class\" frameborder=\"0\"><\/iframe>\n<\/p>\n<p style=\"text-align: justify\">O Polo de Apoio ao Ensino a Dist\u00e2ncia &#8211; PAED &#8211; de S\u00e3o Louren\u00e7o do Sul completar\u00e1 15 anos neste ano de 2022, e ao longo desse per\u00edodo tem servido n\u00e3o s\u00f3 a comunidade lourenciana, mas de toda a regi\u00e3o, configurando importante espa\u00e7o de forma\u00e7\u00e3o inicial e continuada atrav\u00e9s das parcerias estabelecidas com reconhecidas Institui\u00e7\u00f5es de Ensino Superior: \u00e9 garantia de ensino p\u00fablico e gratuito de qualidade.<br \/>\nLocalizado junto \u00e0 Escola de Ensino Fundamental Professora Marina Vargas o PAED est\u00e1 muito bem estruturado: disp\u00f5e de laborat\u00f3rios de inform\u00e1tica, salas de tutoria, amplo audit\u00f3rio e todos os equipamentos necess\u00e1rios para a realiza\u00e7\u00e3o de aulas presenciais ou remotas, bem como de palestras e eventos diversos.<br \/>\nAl\u00e9m do v\u00ednculo com a UAB o Polo de S\u00e3o Louren\u00e7o tem presente seu compromisso com a educa\u00e7\u00e3o em todas as inst\u00e2ncias, estando comprometido com a Secretaria Municipal de Educa\u00e7\u00e3o, Cultura e Desporto na promo\u00e7\u00e3o de eventos formativos destinados aos profissionais da Educa\u00e7\u00e3o.<\/p>\n<p style=\"text-align: left\"><strong>Cidade\/Estado:<\/strong> S\u00e3o Louren\u00e7o do Sul, Rio Grande do Sul, Brasil<br \/>\n<strong>Endere\u00e7o:<\/strong> Av. Coronel Non\u00f4 Centeno, 933 &#8211; BAIRRO Avenida \/ CEP 96170-000<br \/>\n<strong>Telefone:<\/strong> (53) 32516068<br \/>\n<strong>Email:<\/strong> polosaolourenco@gmail.com<br \/>\n<b>Coordenadora:<\/b><span style=\"font-weight: 400\"> Camile Teixeira Corvello<\/span><\/p>\n<p><b>Redes Sociais:<\/b> <a href=\"https:\/\/www.facebook.com\/paedsls\">Facebook<\/a> \/ <a href=\"https:\/\/www.instagram.com\/paedsls\/\">Instagram<\/a> \/ <a href=\"https:\/\/www.youtube.com\/c\/PaedS%C3%A3oLouren%C3%A7odoSul\">YouTube<\/a><\/p>\n<p style=\"text-align: left\"><a href=\"https:\/\/institucional.ufpel.edu.br\/busca\/?p=s%C3%A3o+louren%C3%A7o+do+sul&amp;cursos=on\"><b>Veja os cursos e atividades da UFPel desenvolvidas na cidade de S\u00e3o Louren\u00e7o do Sul<\/b><\/a><\/p>\n\n\t\t<style type=\"text\/css\">\n\t\t\t#gallery-1 {\n\t\t\t\tmargin: auto;\n\t\t\t}\n\t\t\t#gallery-1 .gallery-item {\n\t\t\t\tfloat: left;\n\t\t\t\tmargin-top: 10px;\n\t\t\t\ttext-align: center;\n\t\t\t\twidth: 33%;\n\t\t\t}\n\t\t\t#gallery-1 img {\n\t\t\t\tborder: 2px solid #cfcfcf;\n\t\t\t}\n\t\t\t#gallery-1 .gallery-caption {\n\t\t\t\tmargin-left: 0;\n\t\t\t}\n\t\t\t\/* see gallery_shortcode() in wp-includes\/media.php *\/\n\t\t<\/style>\n\t\t<div id='gallery-1' class='gallery galleryid-1956 gallery-columns-3 gallery-size-medium'><dl class='gallery-item'>\n\t\t\t<dt class='gallery-icon landscape'>\n\t\t\t\t<img width=\"400\" height=\"300\" src=\"https:\/\/wp.ufpel.edu.br\/nuped\/files\/2022\/05\/PAED-e-MARINA-VARGAS-Paed-Sao-Lourenco-do-Sul-400x300.jpg\" class=\"attachment-medium size-medium\" alt=\"\" srcset=\"https:\/\/wp.ufpel.edu.br\/nuped\/files\/2022\/05\/PAED-e-MARINA-VARGAS-Paed-Sao-Lourenco-do-Sul-400x300.jpg 400w, https:\/\/wp.ufpel.edu.br\/nuped\/files\/2022\/05\/PAED-e-MARINA-VARGAS-Paed-Sao-Lourenco-do-Sul-1024x768.jpg 1024w, https:\/\/wp.ufpel.edu.br\/nuped\/files\/2022\/05\/PAED-e-MARINA-VARGAS-Paed-Sao-Lourenco-do-Sul-768x576.jpg 768w, https:\/\/wp.ufpel.edu.br\/nuped\/files\/2022\/05\/PAED-e-MARINA-VARGAS-Paed-Sao-Lourenco-do-Sul.jpg 1280w\" sizes=\"(max-width: 400px) 100vw, 400px\" \/>\n\t\t\t<\/dt><\/dl><dl class='gallery-item'>\n\t\t\t<dt class='gallery-icon landscape'>\n\t\t\t\t<img width=\"400\" height=\"300\" src=\"https:\/\/wp.ufpel.edu.br\/nuped\/files\/2022\/05\/PAED-e-MARINA-VARGAS-2022-Paed-Sao-Lourenco-do-Sul-400x300.jpg\" class=\"attachment-medium size-medium\" alt=\"\" srcset=\"https:\/\/wp.ufpel.edu.br\/nuped\/files\/2022\/05\/PAED-e-MARINA-VARGAS-2022-Paed-Sao-Lourenco-do-Sul-400x300.jpg 400w, https:\/\/wp.ufpel.edu.br\/nuped\/files\/2022\/05\/PAED-e-MARINA-VARGAS-2022-Paed-Sao-Lourenco-do-Sul-1024x768.jpg 1024w, https:\/\/wp.ufpel.edu.br\/nuped\/files\/2022\/05\/PAED-e-MARINA-VARGAS-2022-Paed-Sao-Lourenco-do-Sul-768x576.jpg 768w, https:\/\/wp.ufpel.edu.br\/nuped\/files\/2022\/05\/PAED-e-MARINA-VARGAS-2022-Paed-Sao-Lourenco-do-Sul.jpg 1280w\" sizes=\"(max-width: 400px) 100vw, 400px\" \/>\n\t\t\t<\/dt><\/dl><dl class='gallery-item'>\n\t\t\t<dt class='gallery-icon landscape'>\n\t\t\t\t<img width=\"400\" height=\"300\" src=\"https:\/\/wp.ufpel.edu.br\/nuped\/files\/2022\/05\/PAED-2022-Paed-Sao-Lourenco-do-Sul-400x300.jpg\" class=\"attachment-medium size-medium\" alt=\"\" srcset=\"https:\/\/wp.ufpel.edu.br\/nuped\/files\/2022\/05\/PAED-2022-Paed-Sao-Lourenco-do-Sul-400x300.jpg 400w, https:\/\/wp.ufpel.edu.br\/nuped\/files\/2022\/05\/PAED-2022-Paed-Sao-Lourenco-do-Sul-1024x768.jpg 1024w, https:\/\/wp.ufpel.edu.br\/nuped\/files\/2022\/05\/PAED-2022-Paed-Sao-Lourenco-do-Sul-768x576.jpg 768w, https:\/\/wp.ufpel.edu.br\/nuped\/files\/2022\/05\/PAED-2022-Paed-Sao-Lourenco-do-Sul.jpg 1280w\" sizes=\"(max-width: 400px) 100vw, 400px\" \/>\n\t\t\t<\/dt><\/dl><br style=\"clear: both\" \/>\n\t\t<\/div>\n\n<p>&nbsp;<\/p>\n","protected":false},"excerpt":{"rendered":"<p>O Polo de Apoio ao Ensino a Dist\u00e2ncia &#8211; PAED &#8211; de S\u00e3o Louren\u00e7o do Sul completar\u00e1 15 anos neste ano de 2022, e ao longo desse per\u00edodo tem servido n\u00e3o s\u00f3 a comunidade lourenciana, mas de toda a regi\u00e3o, configurando importante espa\u00e7o de forma\u00e7\u00e3o inicial e continuada atrav\u00e9s das parcerias estabelecidas com reconhecidas Institui\u00e7\u00f5es [&hellip;]<\/p>\n","protected":false},"author":1165,"featured_media":0,"parent":0,"menu_order":0,"comment_status":"closed","ping_status":"closed","template":"","meta":{"footnotes":""},"class_list":["post-1956","page","type-page","status-publish","hentry"],"_links":{"self":[{"href":"https:\/\/wp.ufpel.edu.br\/nuped\/wp-json\/wp\/v2\/pages\/1956","targetHints":{"allow":["GET"]}}],"collection":[{"href":"https:\/\/wp.ufpel.edu.br\/nuped\/wp-json\/wp\/v2\/pages"}],"about":[{"href":"https:\/\/wp.ufpel.edu.br\/nuped\/wp-json\/wp\/v2\/types\/page"}],"author":[{"embeddable":true,"href":"https:\/\/wp.ufpel.edu.br\/nuped\/wp-json\/wp\/v2\/users\/1165"}],"replies":[{"embeddable":true,"href":"https:\/\/wp.ufpel.edu.br\/nuped\/wp-json\/wp\/v2\/comments?post=1956"}],"version-history":[{"count":0,"href":"https:\/\/wp.ufpel.edu.br\/nuped\/wp-json\/wp\/v2\/pages\/1956\/revisions"}],"wp:attachment":[{"href":"https:\/\/wp.ufpel.edu.br\/nuped\/wp-json\/wp\/v2\/media?parent=1956"}],"curies":[{"name":"wp","href":"https:\/\/api.w.org\/{rel}","templated":true}]}}