{"id":1939,"date":"2021-11-26T14:37:37","date_gmt":"2021-11-26T17:37:37","guid":{"rendered":"https:\/\/wp.ufpel.edu.br\/nuped\/?page_id=1939"},"modified":"2021-11-26T14:37:37","modified_gmt":"2021-11-26T17:37:37","slug":"sao-francisco-de-paula","status":"publish","type":"page","link":"https:\/\/wp.ufpel.edu.br\/nuped\/sao-francisco-de-paula\/","title":{"rendered":"S\u00e3o Francisco de Paula"},"content":{"rendered":"<p style=\"text-align: center\">\n<!-- iframe plugin v.6.0 wordpress.org\/plugins\/iframe\/ -->\n<iframe width=\"100%\" align=\"center\" height=\"600\" src=\"https:\/\/www.google.com\/maps\/d\/u\/0\/embed?mid=1-sPWOCBoly1J2FMhfV8t4lcEQ5FrDu5R&#038;ll=-31.407966099999975%2C-53.870366800000006&#038;z=8\" scrolling=\"yes\" class=\"iframe-class\" frameborder=\"0\"><\/iframe>\n<\/p>\n<p style=\"text-align: justify\">O Centro de Apoio para a Educa\u00e7\u00e3o a Dist\u00e2ncia de S\u00e3o Francisco de Paula, Polo de Apoio Presencial da UAB, Universidade Aberta do Brasil, contando com o apoio da Prefeitura Municipal e da SME tem o objetivo de oportunizar, atrav\u00e9s da EAD (Educa\u00e7\u00e3o a Dist\u00e2ncia) novas perspectivas para o acesso de todos os indiv\u00edduos \u00e0s diversas oportunidades de expans\u00e3o e aperfei\u00e7oamento profissional, por ofertas de cursos de Gradua\u00e7\u00f5es, Licenciaturas, Especializa\u00e7\u00f5es, al\u00e9m de v\u00e1rios cursos de extens\u00e3o, oficinas e forma\u00e7\u00e3o continuada, voltados aos professores da rede p\u00fablica.<br \/>\nO Polo da UAB\/SFP \u00e9 um Centro de Apoio presencial de Educa\u00e7\u00e3o a Dist\u00e2ncia, que conta com um hist\u00f3rico de quatorze anos de plena atividade, onde buscamos atender a grande demanda da nossa regi\u00e3o, ou seja, mais de trinta munic\u00edpios distribu\u00eddos entre: Regi\u00e3o das Hort\u00eansias, Rota Rom\u00e2ntica, Regi\u00e3o da Neve, Vale do Paranhana, Vale dos Sinos e Regi\u00e3o Metropolitana de Porto Alegre, entre outros munic\u00edpios.<br \/>\nO CAED vem ocupando lugar de destaque sociocultural e educacional, por seu comprometimento e seriedade no que tangem a Educa\u00e7\u00e3o a Dist\u00e2ncia (EAD), de qualidade e efici\u00eancia.<br \/>\nContamos com um amplo e completo espa\u00e7o f\u00edsico para a execu\u00e7\u00e3o descentralizada de fun\u00e7\u00f5es did\u00e1tico-administrativas, \u00f3tima infraestrutura f\u00edsica, recursos humanos e tecnol\u00f3gicos, pr\u00e9dio pr\u00f3prio (com dois pisos), instala\u00e7\u00f5es modernas, salas de aulas e laborat\u00f3rios de inform\u00e1tica amplos e confort\u00e1veis, acessibilidades para cadeirantes com elevador, rampas e sanit\u00e1rios para cadeirantes e, o atendimento funciona nos turnos: manh\u00e3, tarde e noite.<br \/>\nO Polo da UAB de S\u00e3o Francisco de Paula \u00e9 uma forma de consolida\u00e7\u00e3o de direitos, cidadania e inclus\u00e3o social. Preocupa-se e oportunizar espa\u00e7os educativos de qualidade, que impulsionem o crescimento da nossa regi\u00e3o. \u00c9 uma realidade de sucesso que est\u00e1 se confirmando a cada dia, construindo proximidades e possibilidades de um futuro melhor! Como cita Paulo Freire: \u201cEnsinar n\u00e3o \u00e9 transferir conhecimento, mas criar as possibilidades para a sua produ\u00e7\u00e3o ou a sua constru\u00e7\u00e3o\u201d.<\/p>\n<p style=\"text-align: left\"><strong>Cidade\/Estado:<\/strong> S\u00e3o Francisco de Paula, Rio Grande do Sul, Brasil<br \/>\n<strong>Endere\u00e7o:<\/strong> Manoel Vicente Ferreira, 329<br \/>\n<strong>Telefone:<\/strong> (54) 32441665<br \/>\n<strong>Email:<\/strong> uabcaedsfp@gmail.com<br \/>\n<b>Coordenadora:<\/b><span style=\"font-weight: 400\"> Rosa Maria Klipel Carvalh\u00e3es<\/span><\/p>\n<p style=\"text-align: left\"><a href=\"https:\/\/institucional.ufpel.edu.br\/busca\/?p=s%C3%A3o+francisco+de+paula&amp;cursos=on\"><b>Veja os cursos e atividades\u00a0 da UFPel desenvolvidas na cidade de S\u00e3o Francisco de Paula<\/b><\/a><\/p>\n\n\t\t<style type=\"text\/css\">\n\t\t\t#gallery-1 {\n\t\t\t\tmargin: auto;\n\t\t\t}\n\t\t\t#gallery-1 .gallery-item {\n\t\t\t\tfloat: left;\n\t\t\t\tmargin-top: 10px;\n\t\t\t\ttext-align: center;\n\t\t\t\twidth: 33%;\n\t\t\t}\n\t\t\t#gallery-1 img {\n\t\t\t\tborder: 2px solid #cfcfcf;\n\t\t\t}\n\t\t\t#gallery-1 .gallery-caption {\n\t\t\t\tmargin-left: 0;\n\t\t\t}\n\t\t\t\/* see gallery_shortcode() in wp-includes\/media.php *\/\n\t\t<\/style>\n\t\t<div id='gallery-1' class='gallery galleryid-1939 gallery-columns-3 gallery-size-medium'><dl class='gallery-item'>\n\t\t\t<dt class='gallery-icon landscape'>\n\t\t\t\t<img width=\"400\" height=\"201\" src=\"https:\/\/wp.ufpel.edu.br\/nuped\/files\/2022\/05\/Placa_Identificacao-CAED-SFP-400x201.jpg\" class=\"attachment-medium size-medium\" alt=\"\" srcset=\"https:\/\/wp.ufpel.edu.br\/nuped\/files\/2022\/05\/Placa_Identificacao-CAED-SFP-400x201.jpg 400w, https:\/\/wp.ufpel.edu.br\/nuped\/files\/2022\/05\/Placa_Identificacao-CAED-SFP.jpg 755w\" sizes=\"(max-width: 400px) 100vw, 400px\" \/>\n\t\t\t<\/dt><\/dl><dl class='gallery-item'>\n\t\t\t<dt class='gallery-icon landscape'>\n\t\t\t\t<img width=\"400\" height=\"265\" src=\"https:\/\/wp.ufpel.edu.br\/nuped\/files\/2022\/05\/Laboratorio_Informatica_2-CAED-SFP-400x265.jpg\" class=\"attachment-medium size-medium\" alt=\"\" srcset=\"https:\/\/wp.ufpel.edu.br\/nuped\/files\/2022\/05\/Laboratorio_Informatica_2-CAED-SFP-400x265.jpg 400w, https:\/\/wp.ufpel.edu.br\/nuped\/files\/2022\/05\/Laboratorio_Informatica_2-CAED-SFP-1024x678.jpg 1024w, https:\/\/wp.ufpel.edu.br\/nuped\/files\/2022\/05\/Laboratorio_Informatica_2-CAED-SFP-768x508.jpg 768w, https:\/\/wp.ufpel.edu.br\/nuped\/files\/2022\/05\/Laboratorio_Informatica_2-CAED-SFP.jpg 1345w\" sizes=\"(max-width: 400px) 100vw, 400px\" \/>\n\t\t\t<\/dt><\/dl><dl class='gallery-item'>\n\t\t\t<dt class='gallery-icon landscape'>\n\t\t\t\t<img width=\"400\" height=\"352\" src=\"https:\/\/wp.ufpel.edu.br\/nuped\/files\/2022\/05\/Sala_8-CAED-SFP-400x352.jpg\" class=\"attachment-medium size-medium\" alt=\"\" srcset=\"https:\/\/wp.ufpel.edu.br\/nuped\/files\/2022\/05\/Sala_8-CAED-SFP-400x352.jpg 400w, https:\/\/wp.ufpel.edu.br\/nuped\/files\/2022\/05\/Sala_8-CAED-SFP.jpg 563w\" sizes=\"(max-width: 400px) 100vw, 400px\" \/>\n\t\t\t<\/dt><\/dl><br style=\"clear: both\" \/>\n\t\t<\/div>\n\n<p>&nbsp;<\/p>\n","protected":false},"excerpt":{"rendered":"<p>O Centro de Apoio para a Educa\u00e7\u00e3o a Dist\u00e2ncia de S\u00e3o Francisco de Paula, Polo de Apoio Presencial da UAB, Universidade Aberta do Brasil, contando com o apoio da Prefeitura Municipal e da SME tem o objetivo de oportunizar, atrav\u00e9s da EAD (Educa\u00e7\u00e3o a Dist\u00e2ncia) novas perspectivas para o acesso de todos os indiv\u00edduos \u00e0s [&hellip;]<\/p>\n","protected":false},"author":1165,"featured_media":0,"parent":0,"menu_order":0,"comment_status":"closed","ping_status":"closed","template":"","meta":{"footnotes":""},"class_list":["post-1939","page","type-page","status-publish","hentry"],"_links":{"self":[{"href":"https:\/\/wp.ufpel.edu.br\/nuped\/wp-json\/wp\/v2\/pages\/1939","targetHints":{"allow":["GET"]}}],"collection":[{"href":"https:\/\/wp.ufpel.edu.br\/nuped\/wp-json\/wp\/v2\/pages"}],"about":[{"href":"https:\/\/wp.ufpel.edu.br\/nuped\/wp-json\/wp\/v2\/types\/page"}],"author":[{"embeddable":true,"href":"https:\/\/wp.ufpel.edu.br\/nuped\/wp-json\/wp\/v2\/users\/1165"}],"replies":[{"embeddable":true,"href":"https:\/\/wp.ufpel.edu.br\/nuped\/wp-json\/wp\/v2\/comments?post=1939"}],"version-history":[{"count":0,"href":"https:\/\/wp.ufpel.edu.br\/nuped\/wp-json\/wp\/v2\/pages\/1939\/revisions"}],"wp:attachment":[{"href":"https:\/\/wp.ufpel.edu.br\/nuped\/wp-json\/wp\/v2\/media?parent=1939"}],"curies":[{"name":"wp","href":"https:\/\/api.w.org\/{rel}","templated":true}]}}