{"id":1924,"date":"2021-11-26T14:35:01","date_gmt":"2021-11-26T17:35:01","guid":{"rendered":"https:\/\/wp.ufpel.edu.br\/nuped\/?page_id=1924"},"modified":"2021-11-26T14:35:01","modified_gmt":"2021-11-26T17:35:01","slug":"santana-do-livramento","status":"publish","type":"page","link":"https:\/\/wp.ufpel.edu.br\/nuped\/santana-do-livramento\/","title":{"rendered":"Santana do Livramento"},"content":{"rendered":"<p style=\"text-align: center\">\n<!-- iframe plugin v.6.0 wordpress.org\/plugins\/iframe\/ -->\n<iframe width=\"100%\" align=\"center\" height=\"600\" src=\"https:\/\/www.google.com\/maps\/d\/u\/0\/embed?mid=1-sPWOCBoly1J2FMhfV8t4lcEQ5FrDu5R&#038;ll=-31.407966099999975%2C-53.870366800000006&#038;z=8\" scrolling=\"yes\" class=\"iframe-class\" frameborder=\"0\"><\/iframe>\n<\/p>\n<p style=\"text-align: left\"><strong>Apresenta\u00e7\u00e3o<\/strong><\/p>\n<p style=\"text-align: justify\">O P\u00f3lo Municipal de Apoio Presencial foi fundado em agosto de 2005 pela Prefeitura Municipal de Santana do Livramento, Estado do Rio Grande do Sul. Esta localiza\u00e7\u00e3o na Rua Rivad\u00e1vea Correa, n\u00ba 1271, no centro da cidade. Ofertando cursos de gradua\u00e7\u00e3o pela UAB I e UAB II, cursos Especializa\u00e7\u00e3o, Bacharelado s Tecnologia em cursos t\u00e9cnicos. O p\u00f3lo recebe alunos da regi\u00e3o da Campanha ga\u00facha e demais regi\u00f5es do RS por ser um p\u00f3lo de educa\u00e7\u00e3o \u00e0 dist\u00e2ncia.<\/p>\n<p style=\"text-align: left\"><strong>Identifica\u00e7\u00e3o<\/strong><\/p>\n<p style=\"text-align: justify\">Prefeitura Municipal de Santana do Livramento<\/p>\n<p style=\"text-align: justify\"><strong>1.1) Mantenedora: <\/strong><\/p>\n<p style=\"text-align: justify\">Secretaria Municipal de Educa\u00e7\u00e3o<\/p>\n<p style=\"text-align: justify\"><strong>1.2) Estabelecimento:<\/strong><\/p>\n<p style=\"text-align: justify\">P\u00f3lo Municipal de Apoio Presencial da Universidade Aberta do Brasil em EAD de Santana do Livramento -RS<\/p>\n<p style=\"text-align: justify\"><strong>1.3) Atos legais:<\/strong><\/p>\n<p style=\"text-align: justify\">Lei 5434, de 27 de junho de 2008. Lei n\u00ba 5435, de 27 de junho de 2008.<\/p>\n<p style=\"text-align: justify\"><strong>1<\/strong>.<strong>4) Termo de compromisso 2005\/2020:<\/strong><\/p>\n<p style=\"text-align: justify\">Acordo de coopera\u00e7\u00e3o 2005\/2020 Plano de conting\u00eancia para preven\u00e7\u00e3o, monitoramento e controle de transmiss\u00e3o de Covid 19, conforme Portaria vigente SEDUC\/RS, de 01\/08 de junho de 2020. Revis\u00e3o do Conselho do P\u00f3lo conforme portaria:<\/p>\n<p style=\"text-align: justify\">Decreto n\u00ba 5.314 de 31 de mar\u00e7o de 2010;<\/p>\n<p style=\"text-align: justify\">Decreto n\u00ba 101 de 03 de maio de 2012;<\/p>\n<p style=\"text-align: justify\">Decreto n\u00ba 279 de 18 de dezembro de 2019.<\/p>\n<p style=\"text-align: left\"><strong>Cidade\/Estado:<\/strong> Santana do Livramento, Rio Grande do Sul, Brasil<br \/>\n<strong>Endere\u00e7o:<\/strong> Rua Rivadavia Correa, N\u00ba 1271<br \/>\n<strong>Telefone:<\/strong> (55) 3968-1043<br \/>\n<strong>Email:<\/strong> polouabliv.rs@gmail.com<br \/>\n<b>Coordenadora:<\/b><span style=\"font-weight: 400\"> Prof\u00aa Beatriz Dutra Silva<\/span><\/p>\n<p><b>Redes Sociais:<\/b> <span style=\"font-weight: 400\"><a href=\"https:\/\/www.facebook.com\/polouablivrsgmailcom\/\">Facebook<\/a> | <a href=\"https:\/\/www.instagram.com\/polouabliv\/\">Instagram<\/a> | <a href=\"https:\/\/twitter.com\/UabEad\">Twitter<\/a> | <a href=\"http:\/\/polouablivramento.blogspot.com\/\">Blog<\/a><\/span><\/p>\n<p style=\"text-align: left\"><a href=\"https:\/\/institucional.ufpel.edu.br\/busca\/?p=santana+do+livramento&amp;cursos=on\"><b>Veja os cursos e atividades\u00a0 da UFPel desenvolvidas na cidade de Santana do Livramento<\/b><\/a><\/p>\n\n\t\t<style type=\"text\/css\">\n\t\t\t#gallery-1 {\n\t\t\t\tmargin: auto;\n\t\t\t}\n\t\t\t#gallery-1 .gallery-item {\n\t\t\t\tfloat: left;\n\t\t\t\tmargin-top: 10px;\n\t\t\t\ttext-align: center;\n\t\t\t\twidth: 33%;\n\t\t\t}\n\t\t\t#gallery-1 img {\n\t\t\t\tborder: 2px solid #cfcfcf;\n\t\t\t}\n\t\t\t#gallery-1 .gallery-caption {\n\t\t\t\tmargin-left: 0;\n\t\t\t}\n\t\t\t\/* see gallery_shortcode() in wp-includes\/media.php *\/\n\t\t<\/style>\n\t\t<div id='gallery-1' class='gallery galleryid-1924 gallery-columns-3 gallery-size-medium'><dl class='gallery-item'>\n\t\t\t<dt class='gallery-icon landscape'>\n\t\t\t\t<img width=\"400\" height=\"300\" src=\"https:\/\/wp.ufpel.edu.br\/nuped\/files\/2022\/02\/1-400x300.jpg\" class=\"attachment-medium size-medium\" alt=\"\" srcset=\"https:\/\/wp.ufpel.edu.br\/nuped\/files\/2022\/02\/1-400x300.jpg 400w, https:\/\/wp.ufpel.edu.br\/nuped\/files\/2022\/02\/1.jpg 640w\" sizes=\"(max-width: 400px) 100vw, 400px\" \/>\n\t\t\t<\/dt><\/dl><dl class='gallery-item'>\n\t\t\t<dt class='gallery-icon landscape'>\n\t\t\t\t<img width=\"400\" height=\"300\" src=\"https:\/\/wp.ufpel.edu.br\/nuped\/files\/2022\/02\/2-400x300.jpg\" class=\"attachment-medium size-medium\" alt=\"\" srcset=\"https:\/\/wp.ufpel.edu.br\/nuped\/files\/2022\/02\/2-400x300.jpg 400w, https:\/\/wp.ufpel.edu.br\/nuped\/files\/2022\/02\/2-1024x768.jpg 1024w, https:\/\/wp.ufpel.edu.br\/nuped\/files\/2022\/02\/2-768x576.jpg 768w, https:\/\/wp.ufpel.edu.br\/nuped\/files\/2022\/02\/2-1536x1152.jpg 1536w, https:\/\/wp.ufpel.edu.br\/nuped\/files\/2022\/02\/2-2048x1536.jpg 2048w\" sizes=\"(max-width: 400px) 100vw, 400px\" \/>\n\t\t\t<\/dt><\/dl><dl class='gallery-item'>\n\t\t\t<dt class='gallery-icon landscape'>\n\t\t\t\t<img width=\"400\" height=\"300\" src=\"https:\/\/wp.ufpel.edu.br\/nuped\/files\/2022\/02\/3-400x300.jpg\" class=\"attachment-medium size-medium\" alt=\"\" srcset=\"https:\/\/wp.ufpel.edu.br\/nuped\/files\/2022\/02\/3-400x300.jpg 400w, https:\/\/wp.ufpel.edu.br\/nuped\/files\/2022\/02\/3-1024x768.jpg 1024w, https:\/\/wp.ufpel.edu.br\/nuped\/files\/2022\/02\/3-768x576.jpg 768w, https:\/\/wp.ufpel.edu.br\/nuped\/files\/2022\/02\/3-1536x1152.jpg 1536w, https:\/\/wp.ufpel.edu.br\/nuped\/files\/2022\/02\/3-2048x1536.jpg 2048w\" sizes=\"(max-width: 400px) 100vw, 400px\" \/>\n\t\t\t<\/dt><\/dl><br style=\"clear: both\" \/><dl class='gallery-item'>\n\t\t\t<dt class='gallery-icon landscape'>\n\t\t\t\t<img width=\"400\" height=\"300\" src=\"https:\/\/wp.ufpel.edu.br\/nuped\/files\/2022\/02\/4-400x300.jpg\" class=\"attachment-medium size-medium\" alt=\"\" srcset=\"https:\/\/wp.ufpel.edu.br\/nuped\/files\/2022\/02\/4-400x300.jpg 400w, https:\/\/wp.ufpel.edu.br\/nuped\/files\/2022\/02\/4-1024x768.jpg 1024w, https:\/\/wp.ufpel.edu.br\/nuped\/files\/2022\/02\/4-768x576.jpg 768w, https:\/\/wp.ufpel.edu.br\/nuped\/files\/2022\/02\/4-1536x1152.jpg 1536w, https:\/\/wp.ufpel.edu.br\/nuped\/files\/2022\/02\/4-2048x1536.jpg 2048w\" sizes=\"(max-width: 400px) 100vw, 400px\" \/>\n\t\t\t<\/dt><\/dl><dl class='gallery-item'>\n\t\t\t<dt class='gallery-icon landscape'>\n\t\t\t\t<img width=\"400\" height=\"300\" src=\"https:\/\/wp.ufpel.edu.br\/nuped\/files\/2022\/02\/5-400x300.jpg\" class=\"attachment-medium size-medium\" alt=\"\" srcset=\"https:\/\/wp.ufpel.edu.br\/nuped\/files\/2022\/02\/5-400x300.jpg 400w, https:\/\/wp.ufpel.edu.br\/nuped\/files\/2022\/02\/5-1024x768.jpg 1024w, https:\/\/wp.ufpel.edu.br\/nuped\/files\/2022\/02\/5-768x576.jpg 768w, https:\/\/wp.ufpel.edu.br\/nuped\/files\/2022\/02\/5-1536x1152.jpg 1536w, https:\/\/wp.ufpel.edu.br\/nuped\/files\/2022\/02\/5-2048x1536.jpg 2048w\" sizes=\"(max-width: 400px) 100vw, 400px\" \/>\n\t\t\t<\/dt><\/dl>\n\t\t\t<br style='clear: both' \/>\n\t\t<\/div>\n\n<p>&nbsp;<\/p>\n","protected":false},"excerpt":{"rendered":"<p>Apresenta\u00e7\u00e3o O P\u00f3lo Municipal de Apoio Presencial foi fundado em agosto de 2005 pela Prefeitura Municipal de Santana do Livramento, Estado do Rio Grande do Sul. Esta localiza\u00e7\u00e3o na Rua Rivad\u00e1vea Correa, n\u00ba 1271, no centro da cidade. Ofertando cursos de gradua\u00e7\u00e3o pela UAB I e UAB II, cursos Especializa\u00e7\u00e3o, Bacharelado s Tecnologia em cursos [&hellip;]<\/p>\n","protected":false},"author":1165,"featured_media":0,"parent":0,"menu_order":0,"comment_status":"closed","ping_status":"closed","template":"","meta":{"footnotes":""},"class_list":["post-1924","page","type-page","status-publish","hentry"],"_links":{"self":[{"href":"https:\/\/wp.ufpel.edu.br\/nuped\/wp-json\/wp\/v2\/pages\/1924","targetHints":{"allow":["GET"]}}],"collection":[{"href":"https:\/\/wp.ufpel.edu.br\/nuped\/wp-json\/wp\/v2\/pages"}],"about":[{"href":"https:\/\/wp.ufpel.edu.br\/nuped\/wp-json\/wp\/v2\/types\/page"}],"author":[{"embeddable":true,"href":"https:\/\/wp.ufpel.edu.br\/nuped\/wp-json\/wp\/v2\/users\/1165"}],"replies":[{"embeddable":true,"href":"https:\/\/wp.ufpel.edu.br\/nuped\/wp-json\/wp\/v2\/comments?post=1924"}],"version-history":[{"count":0,"href":"https:\/\/wp.ufpel.edu.br\/nuped\/wp-json\/wp\/v2\/pages\/1924\/revisions"}],"wp:attachment":[{"href":"https:\/\/wp.ufpel.edu.br\/nuped\/wp-json\/wp\/v2\/media?parent=1924"}],"curies":[{"name":"wp","href":"https:\/\/api.w.org\/{rel}","templated":true}]}}