{"id":1916,"date":"2021-11-26T14:31:51","date_gmt":"2021-11-26T17:31:51","guid":{"rendered":"https:\/\/wp.ufpel.edu.br\/nuped\/?page_id=1916"},"modified":"2021-11-26T14:31:51","modified_gmt":"2021-11-26T17:31:51","slug":"hulha-negra","status":"publish","type":"page","link":"https:\/\/wp.ufpel.edu.br\/nuped\/hulha-negra\/","title":{"rendered":"Hulha Negra"},"content":{"rendered":"<p style=\"text-align: center\">\n<!-- iframe plugin v.6.0 wordpress.org\/plugins\/iframe\/ -->\n<iframe width=\"100%\" align=\"center\" height=\"600\" src=\"https:\/\/www.google.com\/maps\/d\/u\/0\/embed?mid=1-sPWOCBoly1J2FMhfV8t4lcEQ5FrDu5R&#038;ll=-31.407966099999975%2C-53.870366800000006&#038;z=8\" scrolling=\"yes\" class=\"iframe-class\" frameborder=\"0\"><\/iframe>\n<\/p>\n<p style=\"text-align: left\"><strong>O Munic\u00edpio<\/strong><\/p>\n<p style=\"text-align: justify\">O munic\u00edpio de Hulha Negra surgiu em torno da esta\u00e7\u00e3o rodovi\u00e1ria constru\u00edda em 1884, em torno da qual se formou uma comunidade, inicialmente batizada de Rio Negro, nome alterado na d\u00e9cada de 40. A pecu\u00e1ria e as charqueadas foram as principais atividades econ\u00f4micas at\u00e9 o final dos anos 30, substitu\u00eddas pelo frigor\u00edfico, hoje Pampeano. A coloniza\u00e7\u00e3o alem\u00e3, que teve in\u00edcio em 1925, tamb\u00e9m foi muito importante para o munic\u00edpio. A principal atividade econ\u00f4mica desses colonizadores era o plantio do trigo, que inclusive deu nome a comunidade chamada Trigol\u00e2ndia. A explora\u00e7\u00e3o do carv\u00e3o tamb\u00e9m foi uma atividade econ\u00f4mica desenvolvida no munic\u00edpio at\u00e9 o in\u00edcio dos anos 50 e ainda tem potencial para explora\u00e7\u00e3o futura. No final dos anos 70 teve in\u00edcio o processo de assentamento de fam\u00edlias provenientes da reforma agr\u00e1ria, sendo que hoje o munic\u00edpio possui 23 assentamentos, com mais de 800 fam\u00edlias. O munic\u00edpio, antes distrito de Bag\u00e9, teve sua emancipa\u00e7\u00e3o em 1992.<\/p>\n<p style=\"text-align: left\"><strong>A Educa\u00e7\u00e3o<\/strong><\/p>\n<p style=\"text-align: justify\">Com rela\u00e7\u00e3o \u00e0 educa\u00e7\u00e3o, o munic\u00edpio conta hoje com uma estrutura que vai desde a Educa\u00e7\u00e3o Infantil at\u00e9 o Ensino Superior atrav\u00e9s do Polo da Universidade Aberta do Brasil. A educa\u00e7\u00e3o a dist\u00e2ncia tem representado para os moradores do munic\u00edpio e de munic\u00edpios pr\u00f3ximos, a oportunidade de ingressar no Ensino Superior, pois, de outro modo teriam que se deslocar at\u00e9 o munic\u00edpio de Bag\u00e9, gerando custos e demanda maior de tempo. Al\u00e9m disso, a vinda de alunos e professores de outros munic\u00edpios tem gerado um movimento maior no com\u00e9rcio local, gerando renda para o munic\u00edpio.<\/p>\n<p style=\"text-align: left\"><strong>O Polo<\/strong><\/p>\n<p style=\"text-align: justify\">O Polo UAB de Hulha Negra foi inaugurado em 20 de julho de 2007. Possui laborat\u00f3rio com 30 computadores, biblioteca, secretaria, banheiros e tamb\u00e9m temos a possibilidade de utilizar as instala\u00e7\u00f5es da escola municipal que fica anexa ao Polo.<\/p>\n<p style=\"text-align: left\"><strong>Cidade\/Estado:<\/strong> Hulha Negra, Rio Grande do Sul, Brasil<br \/>\n<strong>Endere\u00e7o:<\/strong> Avenida Get\u00falio Vargas, S\/n\u00ba<br \/>\n<strong>Telefone:<\/strong> (53) 3249-1365<br \/>\n<strong>Email:<\/strong> polouabhulhanegra@gmail.com<br \/>\n<b>Coordenadora:<\/b><span style=\"font-weight: 400\"> Prof\u00aa Ariane Ribeiro Souza<\/span><\/p>\n<p><b>Redes Sociais:<\/b> <a href=\"https:\/\/www.facebook.com\/PoloUABHN\"><span style=\"font-weight: 400\">Facebook<\/span><\/a><\/p>\n<p style=\"text-align: left\"><a href=\"https:\/\/institucional.ufpel.edu.br\/busca\/?p=hulha+negra&amp;cursos=on\"><b>Veja os cursos e atividades\u00a0 da UFPel desenvolvidas na cidade de Hulha Negra<\/b><\/a><\/p>\n\n\t\t<style type=\"text\/css\">\n\t\t\t#gallery-1 {\n\t\t\t\tmargin: auto;\n\t\t\t}\n\t\t\t#gallery-1 .gallery-item {\n\t\t\t\tfloat: left;\n\t\t\t\tmargin-top: 10px;\n\t\t\t\ttext-align: center;\n\t\t\t\twidth: 33%;\n\t\t\t}\n\t\t\t#gallery-1 img {\n\t\t\t\tborder: 2px solid #cfcfcf;\n\t\t\t}\n\t\t\t#gallery-1 .gallery-caption {\n\t\t\t\tmargin-left: 0;\n\t\t\t}\n\t\t\t\/* see gallery_shortcode() in wp-includes\/media.php *\/\n\t\t<\/style>\n\t\t<div id='gallery-1' class='gallery galleryid-1916 gallery-columns-3 gallery-size-medium'><dl class='gallery-item'>\n\t\t\t<dt class='gallery-icon landscape'>\n\t\t\t\t<img width=\"400\" height=\"300\" src=\"https:\/\/wp.ufpel.edu.br\/nuped\/files\/2021\/12\/3-400x300.jpg\" class=\"attachment-medium size-medium\" alt=\"\" srcset=\"https:\/\/wp.ufpel.edu.br\/nuped\/files\/2021\/12\/3-400x300.jpg 400w, https:\/\/wp.ufpel.edu.br\/nuped\/files\/2021\/12\/3-1024x768.jpg 1024w, https:\/\/wp.ufpel.edu.br\/nuped\/files\/2021\/12\/3-768x576.jpg 768w, https:\/\/wp.ufpel.edu.br\/nuped\/files\/2021\/12\/3-1536x1152.jpg 1536w, https:\/\/wp.ufpel.edu.br\/nuped\/files\/2021\/12\/3-2048x1536.jpg 2048w\" sizes=\"(max-width: 400px) 100vw, 400px\" \/>\n\t\t\t<\/dt><\/dl><dl class='gallery-item'>\n\t\t\t<dt class='gallery-icon landscape'>\n\t\t\t\t<img width=\"400\" height=\"300\" src=\"https:\/\/wp.ufpel.edu.br\/nuped\/files\/2021\/12\/6-400x300.jpg\" class=\"attachment-medium size-medium\" alt=\"\" srcset=\"https:\/\/wp.ufpel.edu.br\/nuped\/files\/2021\/12\/6-400x300.jpg 400w, https:\/\/wp.ufpel.edu.br\/nuped\/files\/2021\/12\/6-1024x768.jpg 1024w, https:\/\/wp.ufpel.edu.br\/nuped\/files\/2021\/12\/6-768x576.jpg 768w, https:\/\/wp.ufpel.edu.br\/nuped\/files\/2021\/12\/6-1536x1152.jpg 1536w, https:\/\/wp.ufpel.edu.br\/nuped\/files\/2021\/12\/6-2048x1536.jpg 2048w\" sizes=\"(max-width: 400px) 100vw, 400px\" \/>\n\t\t\t<\/dt><\/dl><dl class='gallery-item'>\n\t\t\t<dt class='gallery-icon landscape'>\n\t\t\t\t<img width=\"400\" height=\"300\" src=\"https:\/\/wp.ufpel.edu.br\/nuped\/files\/2021\/12\/5-e1638992559752-1-400x300.jpeg\" class=\"attachment-medium size-medium\" alt=\"\" srcset=\"https:\/\/wp.ufpel.edu.br\/nuped\/files\/2021\/12\/5-e1638992559752-1-400x300.jpeg 400w, https:\/\/wp.ufpel.edu.br\/nuped\/files\/2021\/12\/5-e1638992559752-1-1024x768.jpeg 1024w, https:\/\/wp.ufpel.edu.br\/nuped\/files\/2021\/12\/5-e1638992559752-1-768x576.jpeg 768w, https:\/\/wp.ufpel.edu.br\/nuped\/files\/2021\/12\/5-e1638992559752-1-1536x1152.jpeg 1536w, https:\/\/wp.ufpel.edu.br\/nuped\/files\/2021\/12\/5-e1638992559752-1-2048x1536.jpeg 2048w\" sizes=\"(max-width: 400px) 100vw, 400px\" \/>\n\t\t\t<\/dt><\/dl><br style=\"clear: both\" \/><dl class='gallery-item'>\n\t\t\t<dt class='gallery-icon landscape'>\n\t\t\t\t<img width=\"400\" height=\"300\" src=\"https:\/\/wp.ufpel.edu.br\/nuped\/files\/2021\/12\/2-400x300.jpg\" class=\"attachment-medium size-medium\" alt=\"\" srcset=\"https:\/\/wp.ufpel.edu.br\/nuped\/files\/2021\/12\/2-400x300.jpg 400w, https:\/\/wp.ufpel.edu.br\/nuped\/files\/2021\/12\/2-1024x768.jpg 1024w, https:\/\/wp.ufpel.edu.br\/nuped\/files\/2021\/12\/2-768x576.jpg 768w, https:\/\/wp.ufpel.edu.br\/nuped\/files\/2021\/12\/2-1536x1152.jpg 1536w, https:\/\/wp.ufpel.edu.br\/nuped\/files\/2021\/12\/2-2048x1536.jpg 2048w\" sizes=\"(max-width: 400px) 100vw, 400px\" \/>\n\t\t\t<\/dt><\/dl><dl class='gallery-item'>\n\t\t\t<dt class='gallery-icon landscape'>\n\t\t\t\t<img width=\"400\" height=\"300\" src=\"https:\/\/wp.ufpel.edu.br\/nuped\/files\/2021\/12\/4-400x300.jpg\" class=\"attachment-medium size-medium\" alt=\"\" srcset=\"https:\/\/wp.ufpel.edu.br\/nuped\/files\/2021\/12\/4-400x300.jpg 400w, https:\/\/wp.ufpel.edu.br\/nuped\/files\/2021\/12\/4-1024x768.jpg 1024w, https:\/\/wp.ufpel.edu.br\/nuped\/files\/2021\/12\/4-768x576.jpg 768w, https:\/\/wp.ufpel.edu.br\/nuped\/files\/2021\/12\/4-1536x1152.jpg 1536w, https:\/\/wp.ufpel.edu.br\/nuped\/files\/2021\/12\/4-2048x1536.jpg 2048w\" sizes=\"(max-width: 400px) 100vw, 400px\" \/>\n\t\t\t<\/dt><\/dl><dl class='gallery-item'>\n\t\t\t<dt class='gallery-icon landscape'>\n\t\t\t\t<img width=\"400\" height=\"300\" src=\"https:\/\/wp.ufpel.edu.br\/nuped\/files\/2021\/12\/1-400x300.jpg\" class=\"attachment-medium size-medium\" alt=\"\" srcset=\"https:\/\/wp.ufpel.edu.br\/nuped\/files\/2021\/12\/1-400x300.jpg 400w, https:\/\/wp.ufpel.edu.br\/nuped\/files\/2021\/12\/1-1024x768.jpg 1024w, https:\/\/wp.ufpel.edu.br\/nuped\/files\/2021\/12\/1-768x576.jpg 768w, https:\/\/wp.ufpel.edu.br\/nuped\/files\/2021\/12\/1-1536x1152.jpg 1536w, https:\/\/wp.ufpel.edu.br\/nuped\/files\/2021\/12\/1-2048x1536.jpg 2048w\" sizes=\"(max-width: 400px) 100vw, 400px\" \/>\n\t\t\t<\/dt><\/dl><br style=\"clear: both\" \/>\n\t\t<\/div>\n\n<p>&nbsp;<\/p>\n","protected":false},"excerpt":{"rendered":"<p>O Munic\u00edpio O munic\u00edpio de Hulha Negra surgiu em torno da esta\u00e7\u00e3o rodovi\u00e1ria constru\u00edda em 1884, em torno da qual se formou uma comunidade, inicialmente batizada de Rio Negro, nome alterado na d\u00e9cada de 40. A pecu\u00e1ria e as charqueadas foram as principais atividades econ\u00f4micas at\u00e9 o final dos anos 30, substitu\u00eddas pelo frigor\u00edfico, hoje [&hellip;]<\/p>\n","protected":false},"author":1165,"featured_media":0,"parent":0,"menu_order":0,"comment_status":"closed","ping_status":"closed","template":"","meta":{"footnotes":""},"class_list":["post-1916","page","type-page","status-publish","hentry"],"_links":{"self":[{"href":"https:\/\/wp.ufpel.edu.br\/nuped\/wp-json\/wp\/v2\/pages\/1916","targetHints":{"allow":["GET"]}}],"collection":[{"href":"https:\/\/wp.ufpel.edu.br\/nuped\/wp-json\/wp\/v2\/pages"}],"about":[{"href":"https:\/\/wp.ufpel.edu.br\/nuped\/wp-json\/wp\/v2\/types\/page"}],"author":[{"embeddable":true,"href":"https:\/\/wp.ufpel.edu.br\/nuped\/wp-json\/wp\/v2\/users\/1165"}],"replies":[{"embeddable":true,"href":"https:\/\/wp.ufpel.edu.br\/nuped\/wp-json\/wp\/v2\/comments?post=1916"}],"version-history":[{"count":0,"href":"https:\/\/wp.ufpel.edu.br\/nuped\/wp-json\/wp\/v2\/pages\/1916\/revisions"}],"wp:attachment":[{"href":"https:\/\/wp.ufpel.edu.br\/nuped\/wp-json\/wp\/v2\/media?parent=1916"}],"curies":[{"name":"wp","href":"https:\/\/api.w.org\/{rel}","templated":true}]}}