{"id":1630,"date":"2021-08-20T11:10:29","date_gmt":"2021-08-20T14:10:29","guid":{"rendered":"https:\/\/wp.ufpel.edu.br\/nuped\/?page_id=1630"},"modified":"2025-01-30T16:10:09","modified_gmt":"2025-01-30T19:10:09","slug":"documentos","status":"publish","type":"page","link":"https:\/\/wp.ufpel.edu.br\/nuped\/uab\/documentos\/","title":{"rendered":"Documentos"},"content":{"rendered":"<h2 id=\"doc-modelo-editais\"><span style=\"color: #000080\">Modelos de Editais<\/span><\/h2>\n<p><a href=\"https:\/\/wp.ufpel.edu.br\/nuped\/files\/2025\/01\/1.1_Edital_CURSO_N_.ANO___Professor_Formador_MODIFICADO_309_2024-1.docx\">Edital CURSO N\u00ba.ANO &#8211; Professor Formador<\/a><\/p>\n<p><a href=\"https:\/\/wp.ufpel.edu.br\/nuped\/files\/2025\/01\/1.2_Edital_CURSO_N_.ANO___Tutoria_a_distancia_presencial_MODIFICADO_309_2024-1.docx\">Edital CURSO N\u00ba.ANO &#8211; Tutoria a Dist\u00e2ncia ou Presencial<\/a><\/p>\n<p>&nbsp;<\/p>\n<h2 id=\"doc-processo-selecao\"><span style=\"color: #000080\">Processo de Sele\u00e7\u00e3o<\/span><\/h2>\n<p><a href=\"https:\/\/wp.ufpel.edu.br\/ead\/files\/2021\/03\/MODELO-ana%CC%81lise-dos-recursos.docx\">MODELO ana\u0301lise dos recursos<\/a><\/p>\n<p><a href=\"https:\/\/wp.ufpel.edu.br\/ead\/files\/2021\/03\/MODELO-convocac%CC%A7a%CC%83o.docx\">MODELO convocac\u0327a\u0303o<\/a><\/p>\n<p><a href=\"https:\/\/wp.ufpel.edu.br\/ead\/files\/2021\/03\/MODELO-Ficha-de-avaliac%CC%A7a%CC%83o-do-Curri%CC%81culo.docx\">MODELO Ficha de avaliac\u0327a\u0303o do Curri\u0301culo<\/a><\/p>\n<p><a href=\"https:\/\/wp.ufpel.edu.br\/ead\/files\/2021\/03\/MODELO-homologac%CC%A7a%CC%83o-das-inscric%CC%A7o%CC%83es.docx\">MODELO homologac\u0327a\u0303o das inscric\u0327o\u0303es<\/a><\/p>\n<p><a href=\"https:\/\/wp.ufpel.edu.br\/ead\/files\/2021\/03\/MODELO-para-confere%CC%82ncia-de-documentac%CC%A7a%CC%83o-de-cadastro.docx\">MODELO para confere\u0302ncia de documentac\u0327a\u0303o de cadastro<\/a><\/p>\n<p><a href=\"https:\/\/wp.ufpel.edu.br\/ead\/files\/2021\/03\/MODELO-resultado-final.docx\">MODELO resultado final<\/a><\/p>\n<p><a href=\"https:\/\/wp.ufpel.edu.br\/ead\/files\/2021\/03\/MODELO-resultado-parcial.docx\">MODELO resultado parcial<\/a><\/p>\n<p>&nbsp;<\/p>\n<h2 id=\"doc-aprovacao-lotes-mensais\"><span style=\"color: #000080\">Aprova\u00e7\u00e3o dos Lotes Mensais<\/span><\/h2>\n<p><a href=\"https:\/\/wp.ufpel.edu.br\/ead\/files\/2021\/03\/MODELO-DE-PLANILHA-APROVAC%CC%A7A%CC%83O-MENSAL-DE-BOLSAS.xlsx\">MODELO DE PLANILHA \u2013 APROVAC\u0327A\u0303O MENSAL DE BOLSAS<\/a><\/p>\n<p><a href=\"https:\/\/wp.ufpel.edu.br\/ead\/files\/2021\/03\/MODELO-solicitac%CC%A7a%CC%83o-de-cadastro-de-bolsista.docx\">MODELO solicitac\u0327a\u0303o de cadastro de bolsista<\/a><\/p>\n<p>&nbsp;<\/p>\n<h2 id=\"doc-fichas-cadastro-bolsas\"><span style=\"color: #000080\">Fichas para Cadastro de Bolsas<\/span><\/h2>\n<p><a href=\"https:\/\/wp.ufpel.edu.br\/nuped\/files\/2025\/01\/Declarac\u0327a\u0303o-Na\u0303o-Acu\u0301mulo-de-Bolsas-1.doc\">Declarac\u0327a\u0303o Na\u0303o Acu\u0301mulo de Bolsas<\/a><\/p>\n<p><a href=\"https:\/\/wp.ufpel.edu.br\/nuped\/files\/2025\/01\/Ficha-de-cadastramento-Assistente-pedagogico.doc\">Ficha de cadastramento &#8211; Assistente pedag\u00f3gico<\/a><\/p>\n<p><a href=\"https:\/\/wp.ufpel.edu.br\/nuped\/files\/2025\/01\/Ficha-de-Cadastramento-Coordenadoria-Adjunta.doc\">Ficha de Cadastramento &#8211; Coordenadoria Adjunta<\/a><\/p>\n<p><a href=\"https:\/\/wp.ufpel.edu.br\/nuped\/files\/2025\/01\/Ficha-de-Cadastramento-Coordenadoria-de-curso.doc\">Ficha de Cadastramento &#8211; Coordenadoria de curso<\/a><\/p>\n<p><a href=\"https:\/\/wp.ufpel.edu.br\/nuped\/files\/2025\/01\/Ficha-de-Cadastramento-Coordenadoria-de-tutoria.doc\">Ficha de Cadastramento &#8211; Coordenadoria de tutoria<\/a><\/p>\n<p><a href=\"https:\/\/wp.ufpel.edu.br\/nuped\/files\/2025\/01\/Ficha-de-Cadastramento-Coordenadoria-geral.doc\">Ficha de Cadastramento &#8211; Coordenadoria geral<\/a><\/p>\n<p><a href=\"https:\/\/wp.ufpel.edu.br\/nuped\/files\/2025\/01\/Ficha-de-Cadastramento-Professor-conteudista.doc\">Ficha de Cadastramento &#8211; Professor conteudista<\/a><\/p>\n<p><a href=\"https:\/\/wp.ufpel.edu.br\/nuped\/files\/2025\/01\/Ficha-de-Cadastramento-Professor-formador.doc\">Ficha de Cadastramento &#8211; Professor formador<\/a><\/p>\n<p><a href=\"https:\/\/wp.ufpel.edu.br\/nuped\/files\/2025\/01\/Ficha-de-Cadastramento-Tutor.doc\">Ficha de Cadastramento &#8211; Tutor<\/a><\/p>\n<p><!--\n<a href=\"https:\/\/wp.ufpel.edu.br\/ead\/files\/2021\/03\/Declarac%CC%A7a%CC%83o-Na%CC%83o-Acu%CC%81mulo-de-Bolsas.doc\">Declarac\u0327a\u0303o Na\u0303o Acu\u0301mulo de Bolsas<\/a>\n\n<a href=\"https:\/\/wp.ufpel.edu.br\/ead\/files\/2021\/03\/Ficha_Termo_Assistente_a_Docencia_atualizado.doc\">Ficha_Termo_Assistente_a_Docencia_atualizado<\/a>\n\n<a href=\"https:\/\/wp.ufpel.edu.br\/ead\/files\/2021\/03\/Ficha_Termo_Coordenador_de_Curso_atualizada.doc\">Ficha_Termo_Coordenador_de_Curso_atualizada<\/a>\n\n<a href=\"https:\/\/wp.ufpel.edu.br\/ead\/files\/2021\/03\/Ficha_Termo_Coordenador_de_Tutoria_atualizada.doc\">Ficha_Termo_Coordenador_de_Tutoria_atualizada<\/a>\n\n<a href=\"https:\/\/wp.ufpel.edu.br\/ead\/files\/2021\/03\/Ficha_Termo_Professor_Formador_atualizada.doc\">Ficha_Termo_Professor_Formador_atualizada<\/a>\n\n<a href=\"https:\/\/wp.ufpel.edu.br\/ead\/files\/2021\/03\/Ficha_Termo_Tutores_atualizada.doc\">Ficha_Termo_Tutores_atualizada<\/a>\n--><\/p>\n","protected":false},"excerpt":{"rendered":"<p>Modelos de Editais Edital CURSO N\u00ba.ANO &#8211; Professor Formador Edital CURSO N\u00ba.ANO &#8211; Tutoria a Dist\u00e2ncia ou Presencial &nbsp; Processo de Sele\u00e7\u00e3o MODELO ana\u0301lise dos recursos MODELO convocac\u0327a\u0303o MODELO Ficha de avaliac\u0327a\u0303o do Curri\u0301culo MODELO homologac\u0327a\u0303o das inscric\u0327o\u0303es MODELO para confere\u0302ncia de documentac\u0327a\u0303o de cadastro MODELO resultado final MODELO resultado parcial &nbsp; Aprova\u00e7\u00e3o dos Lotes [&hellip;]<\/p>\n","protected":false},"author":1165,"featured_media":0,"parent":1531,"menu_order":0,"comment_status":"closed","ping_status":"closed","template":"","meta":{"footnotes":""},"class_list":["post-1630","page","type-page","status-publish","hentry"],"_links":{"self":[{"href":"https:\/\/wp.ufpel.edu.br\/nuped\/wp-json\/wp\/v2\/pages\/1630","targetHints":{"allow":["GET"]}}],"collection":[{"href":"https:\/\/wp.ufpel.edu.br\/nuped\/wp-json\/wp\/v2\/pages"}],"about":[{"href":"https:\/\/wp.ufpel.edu.br\/nuped\/wp-json\/wp\/v2\/types\/page"}],"author":[{"embeddable":true,"href":"https:\/\/wp.ufpel.edu.br\/nuped\/wp-json\/wp\/v2\/users\/1165"}],"replies":[{"embeddable":true,"href":"https:\/\/wp.ufpel.edu.br\/nuped\/wp-json\/wp\/v2\/comments?post=1630"}],"version-history":[{"count":7,"href":"https:\/\/wp.ufpel.edu.br\/nuped\/wp-json\/wp\/v2\/pages\/1630\/revisions"}],"predecessor-version":[{"id":5473,"href":"https:\/\/wp.ufpel.edu.br\/nuped\/wp-json\/wp\/v2\/pages\/1630\/revisions\/5473"}],"up":[{"embeddable":true,"href":"https:\/\/wp.ufpel.edu.br\/nuped\/wp-json\/wp\/v2\/pages\/1531"}],"wp:attachment":[{"href":"https:\/\/wp.ufpel.edu.br\/nuped\/wp-json\/wp\/v2\/media?parent=1630"}],"curies":[{"name":"wp","href":"https:\/\/api.w.org\/{rel}","templated":true}]}}