{"id":14,"date":"2021-07-09T19:17:47","date_gmt":"2021-07-09T22:17:47","guid":{"rendered":"https:\/\/wp.ufpel.edu.br\/nuped\/?page_id=14"},"modified":"2021-07-09T19:17:47","modified_gmt":"2021-07-09T22:17:47","slug":"coordenadores-2","status":"publish","type":"page","link":"https:\/\/wp.ufpel.edu.br\/nuped\/coordenadores-2\/","title":{"rendered":"Coordenadores"},"content":{"rendered":"<ul class=\"wpipessoa-lista\"><li class=\"wpipessoa-post clearfix\"><div class=\"wpipessoa-thumb\"><img width=\"200\" height=\"200\" src=\"https:\/\/wp.ufpel.edu.br\/nuped\/files\/2024\/04\/Carla-Felcher-200x200.jpg\" class=\"attachment-thumbnail size-thumbnail wp-post-image\" alt=\"\" \/><\/div><div class=\"wpipessoa-info\"><div class=\"wpipessoa-nome wpipessoa-fonte-grande\">Carla Denize Ott Felcher<\/div><div class=\"wpipessoa-funcao wpipessoa-fonte-italica\">Chefia da Se\u00e7\u00e3o de Pol\u00edticas Institucionais para EaD<\/div><div class=\"wpipessoa-lattes\"><a href=\"http:\/\/lattes.cnpq.br\/8589016214620796\" target=\"_blank\">Lattes<\/a><\/div><\/div><\/li><li class=\"wpipessoa-post clearfix\"><div class=\"wpipessoa-thumb\"><img width=\"200\" height=\"200\" src=\"https:\/\/wp.ufpel.edu.br\/nuped\/files\/2024\/04\/Christiano-Avila-200x200.png\" class=\"attachment-thumbnail size-thumbnail wp-post-image\" alt=\"\" \/><\/div><div class=\"wpipessoa-info\"><div class=\"wpipessoa-nome wpipessoa-fonte-grande\">Christiano Martino Otero Avila<\/div><div class=\"wpipessoa-funcao wpipessoa-fonte-italica\">Chefia do N\u00facleo de Pol\u00edticas de Educa\u00e7\u00e3o a Dist\u00e2ncia; Coordenador Adjunto do Programa Universidade Aberta do Brasil<\/div><div class=\"wpipessoa-lattes\"><a href=\"http:\/\/lattes.cnpq.br\/7651451630867803\" target=\"_blank\">Lattes<\/a><\/div><\/div><\/li><li class=\"wpipessoa-post clearfix\"><div class=\"wpipessoa-thumb\"><img width=\"200\" height=\"200\" src=\"https:\/\/wp.ufpel.edu.br\/nuped\/files\/2024\/04\/Larissa-Medianeira-Bolzan-200x200.jpeg\" class=\"attachment-thumbnail size-thumbnail wp-post-image\" alt=\"\" \/><\/div><div class=\"wpipessoa-info\"><div class=\"wpipessoa-nome wpipessoa-fonte-grande\">Larissa Medianeira Bolzan<\/div><div class=\"wpipessoa-funcao wpipessoa-fonte-italica\">Chefia da Se\u00e7\u00e3o de Apoio a Tecnologias Educacionais<\/div><div class=\"wpipessoa-lattes\"><a href=\"http:\/\/lattes.cnpq.br\/5646345717919827\" target=\"_blank\">Lattes<\/a><\/div><\/div><\/li><li class=\"wpipessoa-post clearfix\"><div class=\"wpipessoa-thumb\"><img width=\"200\" height=\"200\" src=\"https:\/\/wp.ufpel.edu.br\/nuped\/files\/2024\/04\/Rosaura-Silva-200x200.jpg\" class=\"attachment-thumbnail size-thumbnail wp-post-image\" alt=\"\" \/><\/div><div class=\"wpipessoa-info\"><div class=\"wpipessoa-nome wpipessoa-fonte-grande\">Rosaura Esp\u00edrito Santo da Silva<\/div><div class=\"wpipessoa-funcao wpipessoa-fonte-italica\">Chefia da Unidade Universidade Aberta do Brasil<\/div><div class=\"wpipessoa-lattes\"><a href=\"http:\/\/lattes.cnpq.br\/6933033473962484\" target=\"_blank\">Lattes<\/a><\/div><\/div><\/li><\/ul>\n","protected":false},"excerpt":{"rendered":"<div class=\"wpipessoa-lista wpipessoa-info\">\n<div class=\"wpipessoa-funcao wpipessoa-fonte-italica\">Chefia da Unidade Universidade Aberta do Brasil<\/div>\n<div class=\"wpipessoa-lattes\"><a href=\"http:\/\/lattes.cnpq.br\/6933033473962484\" target=\"_blank\">Lattes<\/a><\/div>\n<\/div>\n","protected":false},"author":1165,"featured_media":0,"parent":0,"menu_order":0,"comment_status":"closed","ping_status":"closed","template":"","meta":{"footnotes":""},"class_list":["post-14","page","type-page","status-publish","hentry"],"_links":{"self":[{"href":"https:\/\/wp.ufpel.edu.br\/nuped\/wp-json\/wp\/v2\/pages\/14","targetHints":{"allow":["GET"]}}],"collection":[{"href":"https:\/\/wp.ufpel.edu.br\/nuped\/wp-json\/wp\/v2\/pages"}],"about":[{"href":"https:\/\/wp.ufpel.edu.br\/nuped\/wp-json\/wp\/v2\/types\/page"}],"author":[{"embeddable":true,"href":"https:\/\/wp.ufpel.edu.br\/nuped\/wp-json\/wp\/v2\/users\/1165"}],"replies":[{"embeddable":true,"href":"https:\/\/wp.ufpel.edu.br\/nuped\/wp-json\/wp\/v2\/comments?post=14"}],"version-history":[{"count":0,"href":"https:\/\/wp.ufpel.edu.br\/nuped\/wp-json\/wp\/v2\/pages\/14\/revisions"}],"wp:attachment":[{"href":"https:\/\/wp.ufpel.edu.br\/nuped\/wp-json\/wp\/v2\/media?parent=14"}],"curies":[{"name":"wp","href":"https:\/\/api.w.org\/{rel}","templated":true}]}}