{"id":1385,"date":"2021-04-27T22:37:30","date_gmt":"2021-04-28T01:37:30","guid":{"rendered":"https:\/\/wp.ufpel.edu.br\/nate\/?page_id=1385"},"modified":"2021-04-27T22:37:30","modified_gmt":"2021-04-28T01:37:30","slug":"playlist-nate","status":"publish","type":"page","link":"https:\/\/wp.ufpel.edu.br\/nuped\/playlist-nate\/","title":{"rendered":"Playlist NATE"},"content":{"rendered":"\n<p>Playlist &#8211; NATE Docentes:<\/p>\n\n\n\n<div align=\"center\"><figure class=\"wp-block-embed-youtube wp-block-embed is-type-video is-provider-youtube wp-embed-aspect-16-9 wp-has-aspect-ratio\"><div class=\"wp-block-embed__wrapper\">\n<iframe title=\"Nate Estudantes\" width=\"500\" height=\"281\" src=\"https:\/\/www.youtube.com\/embed\/videoseries?list=PLaSZ-fRauv3Z5MqQWKKA72IeXJAh7ijkR\" frameborder=\"0\" allow=\"accelerometer; autoplay; clipboard-write; encrypted-media; gyroscope; picture-in-picture; web-share\" referrerpolicy=\"strict-origin-when-cross-origin\" allowfullscreen><\/iframe>\n<\/div><\/figure><\/div>\n\n\n\n<div style=\"height:35px\" aria-hidden=\"true\" class=\"wp-block-spacer\"><\/div>\n\n\n\n<p>Playlist &#8211; NATE Estudantes:<\/p>\n\n\n\n<div align=\"center\"><figure class=\"wp-block-embed-youtube wp-block-embed is-type-video is-provider-youtube wp-embed-aspect-16-9 wp-has-aspect-ratio\"><div class=\"wp-block-embed__wrapper\">\n<iframe title=\"Nate Estudantes\" width=\"500\" height=\"281\" src=\"https:\/\/www.youtube.com\/embed\/videoseries?list=PLaSZ-fRauv3Z5MqQWKKA72IeXJAh7ijkR\" frameborder=\"0\" allow=\"accelerometer; autoplay; clipboard-write; encrypted-media; gyroscope; picture-in-picture; web-share\" referrerpolicy=\"strict-origin-when-cross-origin\" allowfullscreen><\/iframe>\n<\/div><\/figure><\/div>\n\n\n\n<div style=\"height:35px\" aria-hidden=\"true\" class=\"wp-block-spacer\"><\/div>\n\n\n\n<p>Playlist &#8211; 1\u00aa Edi\u00e7\u00e3o &#8211; Semin\u00e1rio de Experi\u00eancias no Ensino n\u00e3o-presencial:<\/p>\n\n\n\n<div align=\"center\"><figure class=\"wp-block-embed-youtube wp-block-embed is-type-video is-provider-youtube wp-embed-aspect-16-9 wp-has-aspect-ratio\"><div class=\"wp-block-embed__wrapper\">\n<iframe title=\"1\u00aa Edi\u00e7\u00e3o do Semin\u00e1rio Experi\u00eancias no ensino n\u00e3o-presencial: dimens\u00f5es para o p\u00f3s-pandemia (2020).\" width=\"500\" height=\"281\" src=\"https:\/\/www.youtube.com\/embed\/videoseries?list=PLaSZ-fRauv3a2IXnP0ui7HMYov3ldrTSN\" frameborder=\"0\" allow=\"accelerometer; autoplay; clipboard-write; encrypted-media; gyroscope; picture-in-picture; web-share\" referrerpolicy=\"strict-origin-when-cross-origin\" allowfullscreen><\/iframe>\n<\/div><\/figure> <\/div>\n\n\n\n<div style=\"height:35px\" aria-hidden=\"true\" class=\"wp-block-spacer\"><\/div>\n\n\n\n<p>Playlist &#8211; 2\u00aa Edi\u00e7\u00e3o &#8211; Oficina de Monitores e Tutores:<\/p>\n\n\n\n<div align=\"center\"><figure class=\"wp-block-embed-youtube wp-block-embed is-type-video is-provider-youtube wp-embed-aspect-16-9 wp-has-aspect-ratio\"><div class=\"wp-block-embed__wrapper\">\n<iframe title=\"Oficina de Monitores e Tutores - Segunda Edi\u00e7\u00e3o\" width=\"500\" height=\"281\" src=\"https:\/\/www.youtube.com\/embed\/videoseries?list=PLaSZ-fRauv3aNcl_7hYQorGIvwiHbPKts\" frameborder=\"0\" allow=\"accelerometer; autoplay; clipboard-write; encrypted-media; gyroscope; picture-in-picture; web-share\" referrerpolicy=\"strict-origin-when-cross-origin\" allowfullscreen><\/iframe>\n<\/div><\/figure><\/div>\n\n\n\n<div style=\"height:35px\" aria-hidden=\"true\" class=\"wp-block-spacer\"><\/div>\n\n\n\n<p>Playlist &#8211; Integra\u00e7\u00f5es Cobalto x e-Aula<\/p>\n\n\n\n<div align=\"center\"><figure class=\"wp-block-embed-youtube wp-block-embed is-type-video is-provider-youtube wp-embed-aspect-16-9 wp-has-aspect-ratio\"><div class=\"wp-block-embed__wrapper\">\n<iframe title=\"Atualiza\u00e7\u00f5es: integra\u00e7\u00e3o Cobalto x e AULA\" width=\"500\" height=\"281\" src=\"https:\/\/www.youtube.com\/embed\/xiwgYRgpMCc?list=PLaSZ-fRauv3ZHnU2aQZ0iVmEIXO80-bJp\" frameborder=\"0\" allow=\"accelerometer; autoplay; clipboard-write; encrypted-media; gyroscope; picture-in-picture; web-share\" referrerpolicy=\"strict-origin-when-cross-origin\" allowfullscreen><\/iframe>\n<\/div><\/figure><\/div>\n\n\n\n<p><\/p>\n","protected":false},"excerpt":{"rendered":"<p>Playlist &#8211; NATE Docentes: Playlist &#8211; NATE Estudantes: Playlist &#8211; 1\u00aa Edi\u00e7\u00e3o &#8211; Semin\u00e1rio de Experi\u00eancias no Ensino n\u00e3o-presencial: Playlist &#8211; 2\u00aa Edi\u00e7\u00e3o &#8211; Oficina de Monitores e Tutores: Playlist &#8211; Integra\u00e7\u00f5es Cobalto x e-Aula<\/p>\n","protected":false},"author":1165,"featured_media":0,"parent":0,"menu_order":0,"comment_status":"closed","ping_status":"closed","template":"","meta":{"footnotes":""},"class_list":["post-1385","page","type-page","status-publish","hentry"],"_links":{"self":[{"href":"https:\/\/wp.ufpel.edu.br\/nuped\/wp-json\/wp\/v2\/pages\/1385","targetHints":{"allow":["GET"]}}],"collection":[{"href":"https:\/\/wp.ufpel.edu.br\/nuped\/wp-json\/wp\/v2\/pages"}],"about":[{"href":"https:\/\/wp.ufpel.edu.br\/nuped\/wp-json\/wp\/v2\/types\/page"}],"author":[{"embeddable":true,"href":"https:\/\/wp.ufpel.edu.br\/nuped\/wp-json\/wp\/v2\/users\/1165"}],"replies":[{"embeddable":true,"href":"https:\/\/wp.ufpel.edu.br\/nuped\/wp-json\/wp\/v2\/comments?post=1385"}],"version-history":[{"count":0,"href":"https:\/\/wp.ufpel.edu.br\/nuped\/wp-json\/wp\/v2\/pages\/1385\/revisions"}],"wp:attachment":[{"href":"https:\/\/wp.ufpel.edu.br\/nuped\/wp-json\/wp\/v2\/media?parent=1385"}],"curies":[{"name":"wp","href":"https:\/\/api.w.org\/{rel}","templated":true}]}}