{"id":1180,"date":"2020-12-04T15:30:43","date_gmt":"2020-12-04T18:30:43","guid":{"rendered":"https:\/\/wp.ufpel.edu.br\/nate\/?page_id=1180"},"modified":"2020-12-04T15:30:43","modified_gmt":"2020-12-04T18:30:43","slug":"evento","status":"publish","type":"page","link":"https:\/\/wp.ufpel.edu.br\/nuped\/evento\/","title":{"rendered":"EVENTO: \u201cEXPERI\u00caNCIAS NO ENSINO N\u00c3O PRESENCIAL: DIMENS\u00d5ES PARA O P\u00d3S-PANDEMIA\u201d"},"content":{"rendered":"<p><span style=\"font-size: 14pt\"><b>Entre os dias 8 e 10 de dezembro ser\u00e1 realizado o evento \u201cExperi\u00eancias no ensino n\u00e3o presencial: dimens\u00f5es para o p\u00f3s-pandemia\u201d que contar\u00e1 com a presen\u00e7a de diversos profissionais da \u00e1rea da educa\u00e7\u00e3o tanto do Brasil quanto da Europa. A realiza\u00e7\u00e3o \u00e9 da Pr\u00f3-reitoria de Ensino e NATE\/UFPel juntamente com NAAT\/CaVG, Unirede e Proedu. O evento ser\u00e1 promovido via Lives no youtube, os links seguem no corpo da mat\u00e9ria.<\/b><span style=\"font-weight: 400\"><br \/>\n<\/span><span style=\"font-weight: 400\"><br \/>\n<\/span><span style=\"font-weight: 400\">Buscando trazer uma perspectiva ampla das diferentes pr\u00e1ticas aconselh\u00e1veis e bem sucedidas nas experi\u00eancias de educa\u00e7\u00e3o online,\u00a0 os organizadores oferecem para a comunidade e interessados este conjunto de discuss\u00f5es sobre trocas e aprendizagem, observando diferentes cen\u00e1rios e buscando solu\u00e7\u00f5es que enfrentem da melhor maneira os desafios do ensino-aprendizagem remoto.\u00a0<\/span><\/span><\/p>\n<p><span style=\"font-weight: 400;font-size: 14pt\">O evento pode ser acompanhado nas datas e hor\u00e1rios indicados, juntamente com os links abaixo:<\/span><\/p>\n<p><span style=\"font-weight: 400;font-size: 14pt\">Roda de conversa sobre Gest\u00e3o e Acolhimento.<\/span><\/p>\n<p><span style=\"font-size: 14pt\"><span style=\"font-weight: 400\">\u00a0<\/span><a href=\"https:\/\/sites.google.com\/view\/eventosrodasdeconversa\/p%C3%A1gina-inicial\"><span style=\"font-weight: 400\">Conhe\u00e7a os palestrantes!!<\/span><\/a><span style=\"font-weight: 400\">\u00a0<\/span><\/span><\/p>\n<p><span style=\"font-weight: 400;font-size: 14pt\">Dia 08\/12 \u00e0s 18:00 horas:\u00a0<\/span><\/p>\n<p><span style=\"font-weight: 400;font-size: 14pt\">Link: <a href=\"https:\/\/www.youtube.com\/watch?v=CBiM9VlZqes\">https:\/\/www.youtube.com\/watch?v=CBiM9VlZqes<\/a><\/span><\/p>\n","protected":false},"excerpt":{"rendered":"<p>Entre os dias 8 e 10 de dezembro ser\u00e1 realizado o evento \u201cExperi\u00eancias no ensino n\u00e3o presencial: dimens\u00f5es para o p\u00f3s-pandemia\u201d que contar\u00e1 com a presen\u00e7a de diversos profissionais da \u00e1rea da educa\u00e7\u00e3o tanto do Brasil quanto da Europa. A realiza\u00e7\u00e3o \u00e9 da Pr\u00f3-reitoria de Ensino e NATE\/UFPel juntamente com NAAT\/CaVG, Unirede e Proedu. O [&hellip;]<\/p>\n","protected":false},"author":1165,"featured_media":0,"parent":0,"menu_order":0,"comment_status":"closed","ping_status":"closed","template":"","meta":{"footnotes":""},"class_list":["post-1180","page","type-page","status-publish","hentry"],"_links":{"self":[{"href":"https:\/\/wp.ufpel.edu.br\/nuped\/wp-json\/wp\/v2\/pages\/1180","targetHints":{"allow":["GET"]}}],"collection":[{"href":"https:\/\/wp.ufpel.edu.br\/nuped\/wp-json\/wp\/v2\/pages"}],"about":[{"href":"https:\/\/wp.ufpel.edu.br\/nuped\/wp-json\/wp\/v2\/types\/page"}],"author":[{"embeddable":true,"href":"https:\/\/wp.ufpel.edu.br\/nuped\/wp-json\/wp\/v2\/users\/1165"}],"replies":[{"embeddable":true,"href":"https:\/\/wp.ufpel.edu.br\/nuped\/wp-json\/wp\/v2\/comments?post=1180"}],"version-history":[{"count":0,"href":"https:\/\/wp.ufpel.edu.br\/nuped\/wp-json\/wp\/v2\/pages\/1180\/revisions"}],"wp:attachment":[{"href":"https:\/\/wp.ufpel.edu.br\/nuped\/wp-json\/wp\/v2\/media?parent=1180"}],"curies":[{"name":"wp","href":"https:\/\/api.w.org\/{rel}","templated":true}]}}