{"id":102,"date":"2020-07-07T18:12:59","date_gmt":"2020-07-07T21:12:59","guid":{"rendered":"https:\/\/wp.ufpel.edu.br\/nate\/?page_id=102"},"modified":"2020-07-07T18:12:59","modified_gmt":"2020-07-07T21:12:59","slug":"contato","status":"publish","type":"page","link":"https:\/\/wp.ufpel.edu.br\/nuped\/contato\/","title":{"rendered":"Contato NUPED &#8211; UFPel"},"content":{"rendered":"<div class=\"response-container-content ng-tns-c3796659248-32\">\n<div class=\"response-content ng-tns-c3796659248-32 ng-animate-disabled\">\n<div class=\"markdown markdown-main-panel ui-v2-enabled\" dir=\"ltr\">\n<p data-sourcepos=\"3:1-3:137\"><strong>Seja bem-vindo ao canal de contato do N\u00facleo de Pol\u00edticas de Educa\u00e7\u00e3o a Dist\u00e2ncia (NUPED) da Universidade Federal de Pelotas (UFPel)!<\/strong><\/p>\n<p data-sourcepos=\"5:1-5:140\">Estamos aqui para auxili\u00e1-lo em suas d\u00favidas, sugest\u00f5es e solicita\u00e7\u00f5es relacionadas aos nossos servi\u00e7os e plataformas de ensino a dist\u00e2ncia.<\/p>\n<p data-sourcepos=\"7:1-7:26\"><strong>Canais de Atendimento:<\/strong><\/p>\n<p data-sourcepos=\"19:1-19:31\"><strong>Fale com a equipe NUPED:<\/strong><\/p>\n<ul data-sourcepos=\"21:1-27:0\">\n<li><strong>Abra um chamado:<\/strong> https:\/\/atendimento.ufpel.edu.br\/<\/li>\n<li data-sourcepos=\"22:1-22:30\"><strong>Telefone:<\/strong> (53) 3284-4068<\/li>\n<li data-sourcepos=\"23:1-27:0\"><strong>Endere\u00e7o:<\/strong>\n<ul data-sourcepos=\"24:5-27:0\">\n<li data-sourcepos=\"24:5-24:30\">Rua Gomes Carneiro, 1 &#8211; Centro<\/li>\n<li>Sala 102 A &#8211; Campus Anglo<\/li>\n<li data-sourcepos=\"24:5-24:30\">Pelotas &#8211; RS, 96010-610<\/li>\n<\/ul>\n<\/li>\n<\/ul>\n<p data-sourcepos=\"28:1-28:21\"><strong>Redes Sociais:<\/strong><\/p>\n<ul data-sourcepos=\"30:1-33:0\">\n<li data-sourcepos=\"30:1-30:39\"><strong>Facebook:<\/strong> https:\/\/www.facebook.com\/nupedUFPel\/<\/li>\n<li data-sourcepos=\"30:1-30:39\"><strong>Instagram: <\/strong>https:\/\/www.instagram.com\/nuped.ufpel\/<\/li>\n<li data-sourcepos=\"32:1-33:0\"><strong>Twitter:<\/strong> https:\/\/twitter.com\/NUPEDUFPel<\/li>\n<\/ul>\n<p data-sourcepos=\"45:1-45:51\"><strong>Nossa equipe est\u00e1 \u00e0 disposi\u00e7\u00e3o para auxili\u00e1-lo!<\/strong><\/p>\n<p data-sourcepos=\"47:1-47:71\"><strong>NUPED &#8211; PRE &#8211; UFPel: Construindo juntos a educa\u00e7\u00e3o a dist\u00e2ncia do futuro!<\/strong><\/p>\n<\/div>\n<\/div>\n<\/div>\n","protected":false},"excerpt":{"rendered":"<p>Seja bem-vindo ao canal de contato do N\u00facleo de Pol\u00edticas de Educa\u00e7\u00e3o a Dist\u00e2ncia (NUPED) da Universidade Federal de Pelotas (UFPel)! Estamos aqui para auxili\u00e1-lo em suas d\u00favidas, sugest\u00f5es e solicita\u00e7\u00f5es relacionadas aos nossos servi\u00e7os e plataformas de ensino a dist\u00e2ncia. Canais de Atendimento: Fale com a equipe NUPED: Abra um chamado: https:\/\/atendimento.ufpel.edu.br\/ Telefone: (53) [&hellip;]<\/p>\n","protected":false},"author":1165,"featured_media":0,"parent":0,"menu_order":0,"comment_status":"closed","ping_status":"closed","template":"","meta":{"footnotes":""},"class_list":["post-102","page","type-page","status-publish","hentry"],"_links":{"self":[{"href":"https:\/\/wp.ufpel.edu.br\/nuped\/wp-json\/wp\/v2\/pages\/102","targetHints":{"allow":["GET"]}}],"collection":[{"href":"https:\/\/wp.ufpel.edu.br\/nuped\/wp-json\/wp\/v2\/pages"}],"about":[{"href":"https:\/\/wp.ufpel.edu.br\/nuped\/wp-json\/wp\/v2\/types\/page"}],"author":[{"embeddable":true,"href":"https:\/\/wp.ufpel.edu.br\/nuped\/wp-json\/wp\/v2\/users\/1165"}],"replies":[{"embeddable":true,"href":"https:\/\/wp.ufpel.edu.br\/nuped\/wp-json\/wp\/v2\/comments?post=102"}],"version-history":[{"count":0,"href":"https:\/\/wp.ufpel.edu.br\/nuped\/wp-json\/wp\/v2\/pages\/102\/revisions"}],"wp:attachment":[{"href":"https:\/\/wp.ufpel.edu.br\/nuped\/wp-json\/wp\/v2\/media?parent=102"}],"curies":[{"name":"wp","href":"https:\/\/api.w.org\/{rel}","templated":true}]}}