{"id":51,"date":"2020-12-10T11:05:57","date_gmt":"2020-12-10T14:05:57","guid":{"rendered":"https:\/\/wp.ufpel.edu.br\/nupecibio\/?page_id=51"},"modified":"2020-12-10T14:36:39","modified_gmt":"2020-12-10T17:36:39","slug":"acessibilidade","status":"publish","type":"page","link":"https:\/\/wp.ufpel.edu.br\/nupecibio\/acessibilidade\/","title":{"rendered":"Acessibilidade"},"content":{"rendered":"<h1 style=\"text-align: center\">Este site implementa as principais recomenda\u00e7\u00f5es de acessibilidade para web e atende \u00e0s diretrizes do Modelo de Acessibilidade em Governo Eletr\u00f4nico (eMAG).<\/h1>\n<p style=\"text-align: justify\">Na parte superior do site existe uma barra de acessibilidade onde encontram-se atalhos de navega\u00e7\u00e3o padronizados e a op\u00e7\u00e3o para alterar o contraste. Essas ferramentas est\u00e3o dispon\u00edveis em todas as p\u00e1ginas do site.<\/p>\n<p style=\"text-align: justify\">As teclas de atalho dispon\u00edveis neste site s\u00e3o:<\/p>\n<ul style=\"text-align: justify\">\n<li>1 \u2013 ir para o in\u00edcio do conte\u00fado principal da p\u00e1gina<\/li>\n<li>2 \u2013 ir para o menu de navega\u00e7\u00e3o principal<\/li>\n<li>3 \u2013 ir para o campo de busca interna do site<\/li>\n<li>4 \u2013 ir para o in\u00edcio do rodap\u00e9 do site<\/li>\n<li>5 \u2013 exibir esta p\u00e1gina sobre os recursos de acessibilidade<\/li>\n<li>6 \u2013 ativar \/ desativar o modo de alto contraste<\/li>\n<li>7 \u2013 exibir o mapa de p\u00e1ginas do site<\/li>\n<\/ul>\n<p style=\"text-align: justify\">Para utilizar as teclas de atalho, existem comandos espec\u00edficos de cada navegador:<\/p>\n<ul style=\"text-align: justify\">\n<li>Chrome:\u00a0<em>Alt<\/em>\u00a0+ n\u00famero<\/li>\n<li>Edge:\u00a0<em>Alt<\/em>\u00a0+ n\u00famero<\/li>\n<li>Firefox:\u00a0<em>Alt + Shift<\/em>\u00a0+ n\u00famero<\/li>\n<li>Internet Explorer:\u00a0<em>Alt<\/em>\u00a0+ n\u00famero +\u00a0<em>Enter<\/em><\/li>\n<li>Opera:\u00a0<em>Shift + Escape<\/em>\u00a0+ n\u00famero<\/li>\n<li>Safari:\u00a0<em>Option<\/em>\u00a0+ n\u00famero<\/li>\n<\/ul>\n<p style=\"text-align: justify\">A tecla\u00a0<em>Tab<\/em>\u00a0pode ser utilizada para navegar por todos os links do site, destacando-se com um contorno vermelho o item atualmente em foco.<\/p>\n<p style=\"text-align: justify\">O menu principal do site, ap\u00f3s colocado em foco, pode ser navegado com as seguintes teclas:<\/p>\n<ul>\n<li style=\"text-align: justify\">Enter \u2013 acessa o link do item em foco.<\/li>\n<li style=\"text-align: justify\">Barra de espa\u00e7o \u2013 se o item em foco possuir um submenu, abre o submenu; caso contr\u00e1rio acessa o link do item em foco.<\/li>\n<li style=\"text-align: justify\">Seta para direita \u2013 na barra de menu move o foco para o pr\u00f3ximo item; se o foco estiver no \u00faltimo item, retorna ao primeiro.<br \/>\nEm um submenu abre o submenu do item em foco, se houver, ou move o foco para o pr\u00f3ximo item da barra de menu.<\/li>\n<li style=\"text-align: justify\">Seta para esquerda \u2013 move o foco para o item anterior na barra de menu. Se o foco estiver no primeiro item, move para o \u00faltimo item.<\/li>\n<li style=\"text-align: justify\">Seta para baixo \u2013 move o foco um item abaixo no submenu.<\/li>\n<li style=\"text-align: justify\">Seta para cima \u2013 move o foco um item acima no submenu.<\/li>\n<li style=\"text-align: justify\">Home \u2013 move foco para o primeiro item da barra de menu ou do submenu.<\/li>\n<li style=\"text-align: justify\">End \u2013 move o foco para o \u00faltimo item da barra de menu ou do submenu.<\/li>\n<li style=\"text-align: justify\">Esc \u2013 retorna o foco para o n\u00edvel anterior, quando estiver em um submenu.<\/li>\n<li style=\"text-align: justify\">Letra ou n\u00famero \u2013 move o foco para pr\u00f3ximo item cujo t\u00edtulo inicie com a letra ou n\u00famero digitado.<\/li>\n<\/ul>\n","protected":false},"excerpt":{"rendered":"<p>Este site implementa as principais recomenda\u00e7\u00f5es de acessibilidade para web e atende \u00e0s diretrizes do Modelo de Acessibilidade em Governo Eletr\u00f4nico (eMAG). Na parte superior do site existe uma barra de acessibilidade onde encontram-se atalhos de navega\u00e7\u00e3o padronizados e a &hellip; <a href=\"https:\/\/wp.ufpel.edu.br\/nupecibio\/acessibilidade\/\">Continue lendo <span class=\"meta-nav\">&rarr;<\/span><\/a><\/p>\n","protected":false},"author":1101,"featured_media":0,"parent":0,"menu_order":0,"comment_status":"closed","ping_status":"closed","template":"","meta":{"footnotes":""},"class_list":["post-51","page","type-page","status-publish","hentry"],"_links":{"self":[{"href":"https:\/\/wp.ufpel.edu.br\/nupecibio\/wp-json\/wp\/v2\/pages\/51","targetHints":{"allow":["GET"]}}],"collection":[{"href":"https:\/\/wp.ufpel.edu.br\/nupecibio\/wp-json\/wp\/v2\/pages"}],"about":[{"href":"https:\/\/wp.ufpel.edu.br\/nupecibio\/wp-json\/wp\/v2\/types\/page"}],"author":[{"embeddable":true,"href":"https:\/\/wp.ufpel.edu.br\/nupecibio\/wp-json\/wp\/v2\/users\/1101"}],"replies":[{"embeddable":true,"href":"https:\/\/wp.ufpel.edu.br\/nupecibio\/wp-json\/wp\/v2\/comments?post=51"}],"version-history":[{"count":3,"href":"https:\/\/wp.ufpel.edu.br\/nupecibio\/wp-json\/wp\/v2\/pages\/51\/revisions"}],"predecessor-version":[{"id":92,"href":"https:\/\/wp.ufpel.edu.br\/nupecibio\/wp-json\/wp\/v2\/pages\/51\/revisions\/92"}],"wp:attachment":[{"href":"https:\/\/wp.ufpel.edu.br\/nupecibio\/wp-json\/wp\/v2\/media?parent=51"}],"curies":[{"name":"wp","href":"https:\/\/api.w.org\/{rel}","templated":true}]}}