{"id":15,"date":"2020-11-18T20:13:32","date_gmt":"2020-11-18T23:13:32","guid":{"rendered":"https:\/\/wp.ufpel.edu.br\/nupecibio\/?page_id=15"},"modified":"2021-02-25T11:03:09","modified_gmt":"2021-02-25T14:03:09","slug":"links-uteis","status":"publish","type":"page","link":"https:\/\/wp.ufpel.edu.br\/nupecibio\/links-uteis\/","title":{"rendered":"Links \u00fateis"},"content":{"rendered":"<p><a href=\"https:\/\/wp.ufpel.edu.br\/nupecibio\/files\/2021\/02\/Ferramentas-Digitais-para-Professores.pdf\">Ferramentas Digitais para Professores<\/a><\/p>\n<p><img loading=\"lazy\" decoding=\"async\" class=\"alignnone size-medium wp-image-122\" src=\"https:\/\/wp.ufpel.edu.br\/nupecibio\/files\/2021\/02\/Ferramentas-dig.-png-281x400.png\" alt=\"\" width=\"281\" height=\"400\" srcset=\"https:\/\/wp.ufpel.edu.br\/nupecibio\/files\/2021\/02\/Ferramentas-dig.-png-281x400.png 281w, https:\/\/wp.ufpel.edu.br\/nupecibio\/files\/2021\/02\/Ferramentas-dig.-png-211x300.png 211w, https:\/\/wp.ufpel.edu.br\/nupecibio\/files\/2021\/02\/Ferramentas-dig.-png.png 360w\" sizes=\"auto, (max-width: 281px) 100vw, 281px\" \/><\/p>\n<p style=\"text-align: justify\">Este material visa apresentar um leque de tecnologias digitais que podem otimizar o dia a dia dos professores e estimular o uso desses recursos em sala de aula e na vida profissional do docente. Mostrar que existe a necessidade de adapta\u00e7\u00e3o constante para acompanhar as evolu\u00e7\u00f5es e aplic\u00e1-las no cotidiano, principalmente porque a utiliza\u00e7\u00e3o adequada da tecnologia facilita muito o trabalho do professor e desperta o interesse dos alunos.<\/p>\n<p style=\"text-align: justify\">\n","protected":false},"excerpt":{"rendered":"<p>Ferramentas Digitais para Professores Este material visa apresentar um leque de tecnologias digitais que podem otimizar o dia a dia dos professores e estimular o uso desses recursos em sala de aula e na vida profissional do docente. Mostrar que &hellip; <a href=\"https:\/\/wp.ufpel.edu.br\/nupecibio\/links-uteis\/\">Continue lendo <span class=\"meta-nav\">&rarr;<\/span><\/a><\/p>\n","protected":false},"author":1101,"featured_media":122,"parent":0,"menu_order":0,"comment_status":"closed","ping_status":"closed","template":"","meta":{"footnotes":""},"class_list":["post-15","page","type-page","status-publish","has-post-thumbnail","hentry"],"_links":{"self":[{"href":"https:\/\/wp.ufpel.edu.br\/nupecibio\/wp-json\/wp\/v2\/pages\/15","targetHints":{"allow":["GET"]}}],"collection":[{"href":"https:\/\/wp.ufpel.edu.br\/nupecibio\/wp-json\/wp\/v2\/pages"}],"about":[{"href":"https:\/\/wp.ufpel.edu.br\/nupecibio\/wp-json\/wp\/v2\/types\/page"}],"author":[{"embeddable":true,"href":"https:\/\/wp.ufpel.edu.br\/nupecibio\/wp-json\/wp\/v2\/users\/1101"}],"replies":[{"embeddable":true,"href":"https:\/\/wp.ufpel.edu.br\/nupecibio\/wp-json\/wp\/v2\/comments?post=15"}],"version-history":[{"count":3,"href":"https:\/\/wp.ufpel.edu.br\/nupecibio\/wp-json\/wp\/v2\/pages\/15\/revisions"}],"predecessor-version":[{"id":123,"href":"https:\/\/wp.ufpel.edu.br\/nupecibio\/wp-json\/wp\/v2\/pages\/15\/revisions\/123"}],"wp:featuredmedia":[{"embeddable":true,"href":"https:\/\/wp.ufpel.edu.br\/nupecibio\/wp-json\/wp\/v2\/media\/122"}],"wp:attachment":[{"href":"https:\/\/wp.ufpel.edu.br\/nupecibio\/wp-json\/wp\/v2\/media?parent=15"}],"curies":[{"name":"wp","href":"https:\/\/api.w.org\/{rel}","templated":true}]}}