{"id":7,"date":"2018-04-13T10:15:39","date_gmt":"2018-04-13T13:15:39","guid":{"rendered":"https:\/\/wp.ufpel.edu.br\/nupat\/?page_id=7"},"modified":"2025-04-08T15:55:48","modified_gmt":"2025-04-08T18:55:48","slug":"orientacoes-para-movimentacoes-de-bens-permanentes","status":"publish","type":"page","link":"https:\/\/wp.ufpel.edu.br\/nupat\/orientacoes\/orientacoes-para-movimentacoes-de-bens-permanentes\/","title":{"rendered":"Movimenta\u00e7\u00f5es de Bens Permanentes"},"content":{"rendered":"<p style=\"text-align: center;\"><strong>Rotinas para controle dos Bens Permanentes da UFPel:<\/strong><\/p>\n<p>&nbsp;<\/p>\n<p style=\"text-align: justify;\"><strong><strong class=\"collapseomatic \" id=\"id69d519180303e\" rel=\"-highlander\" tabindex=\"0\" title=\" Transfer\u00eancia de Bens\"    > Transfer\u00eancia de Bens<\/strong><div id=\"target-id69d519180303e\" class=\"collapseomatic_content \"><\/strong><\/p>\n<p style=\"text-align: justify;\">Constitui na mudan\u00e7a da responsabilidade pela guarda e conserva\u00e7\u00e3o de um bem permanente .<\/p>\n<p style=\"text-align: justify;\">Ocorrendo a necessidade da transfer\u00eancia de bens dever\u00e1 ser informado ao N\u00facleo de Patrim\u00f4nio conforme orienta\u00e7\u00f5es dispon\u00edveis no <a href=\"https:\/\/wp.ufpel.edu.br\/sei\/files\/2018\/10\/07_Manual-SEI_PRA-TM-Equip.-Entre-Unid._rev05.indd_.pdf\">POP 09.01 Transfer\u00eancia de Bens entre Unidades<\/a><strong><\/div><\/strong><\/p>\n<p style=\"text-align: justify;\"><strong><strong class=\"collapseomatic \" id=\"id69d51918030e1\" rel=\"-highlander\" tabindex=\"0\" title=\"Unidade de Recolhimento e Desfazimento de Bens (URDB)\"    >Unidade de Recolhimento e Desfazimento de Bens (URDB)<\/strong><div id=\"target-id69d51918030e1\" class=\"collapseomatic_content \"><\/strong><\/p>\n<p style=\"text-align: justify;\">A Unidade de Recolhimento e Desfazimento de Bens (URDB) \u00e9 o local onde s\u00e3o armazenados os bens que n\u00e3o possuem mais utilidade \u00e0 determinada Unidade, mas que pode ser aproveitado por outra ou tamb\u00e9m bens considerados ociosos, cuja recupera\u00e7\u00e3o \u00e9 antiecon\u00f4mica ou imposs\u00edvel, n\u00e3o sendo, portanto, vi\u00e1vel sua utiliza\u00e7\u00e3o em qualquer atividade relacionada ao servi\u00e7o prestado.<\/p>\n<p><strong>Envio de\u00a0Materiais\/Equipamentos Permanentes \u00e0 URDB:<\/strong><\/p>\n<p style=\"text-align: justify;\">Ocorrendo a necessidade de envio de Materiais\/Equipamentos Permanentes \u00e0 URDB dever\u00e1 ser encaminhado ao N\u00facleo de Patrim\u00f4nio o documento &#8220;Termo de Transfer\u00eancia de Moveis e Equipamentos \u00e0 URDB&#8221;<strong>, <\/strong>conforme orienta\u00e7\u00f5es dispon\u00edveis em<a href=\"https:\/\/wp.ufpel.edu.br\/nupat\/files\/2025\/04\/09_Manual-SEI_PRA-TM-Unidades-para-URDB_rev05.pdf\"><span style=\"background-color: #ffffff;\"> POP 09.2 Transfer\u00eancia de de Bens das Unidades Acad\u00eamicas\/Administrativas para a URDB<\/span><\/a><\/p>\n<p><strong>Transfer\u00eancia de<\/strong>\u00a0<strong>Materiais\/Equipamentos Permanentes da URDB para as Unidades:<\/strong><\/p>\n<p style=\"text-align: justify;\">Caso haja interesse por parte das Unidades em algum bem permanente que esteja na URDB, dever\u00e1 ser encaminhado ao N\u00facleo de Patrim\u00f4nio o documento &#8220;Termo de Transfer\u00eancia de M\u00f3veis\/Equipamentos da URDB para as Unidades Acad\u00eamicas\/Administrativas&#8221; <strong>, <\/strong>conforme orienta\u00e7\u00f5es dispon\u00edveis em <a href=\"https:\/\/wp.ufpel.edu.br\/sei\/files\/2019\/01\/08_Manual-SEI_PRA-TM-URDB-para-Unidades_rev03-3.pdf\">POP 09.3 Transfer\u00eancia de Bens da URDB para as Unidades Acad\u00eamicas\/ Administrativas.<\/a><\/p>\n<p>Cabe refor\u00e7ar que:<\/p>\n<ul>\n<li style=\"text-align: justify;\">O transporte do bem permanente at\u00e9 a URDB \u00e9 de responsabilidade do N\u00facleo de Patrim\u00f4nio;<\/li>\n<li style=\"text-align: justify;\">Ap\u00f3s a retirada do bem da URDB o processo ser\u00e1 devolvido a unidade beneficiada para que esta confirme o recebimento do bem e promova assinatura do Termo de Transfer\u00eancia.<\/div><\/li>\n<\/ul>\n<p style=\"text-align: justify;\"><strong><strong class=\"collapseomatic \" id=\"id69d5191803111\" rel=\"-highlander\" tabindex=\"0\" title=\" Empr\u00e9stimo de Bens entre Unidades\"    > Empr\u00e9stimo de Bens entre Unidades<\/strong><div id=\"target-id69d5191803111\" class=\"collapseomatic_content \"><\/strong><\/p>\n<p style=\"text-align: justify;\">Constitui no empr\u00e9stimo de um bem permanente de uma unidade para outra, sem que haja a transfer\u00eancia de responsabilidade.<\/p>\n<p>Sempre que ocorrer o empr\u00e9stimo de Bens os seguintes procedimentos dever\u00e3o ser adotados:<br \/>\ni. Atrav\u00e9s do SEI abrir processo tipo \u2018Material: Patrim\u00f4nio\u2019;<br \/>\nii. Incluir um memorando informando que o bem ser\u00e1 emprestado para outra unidade. Neste Memorando dever\u00e1 constar as seguintes informa\u00e7\u00f5es: a)o n\u00famero do RP e descri\u00e7\u00e3o do bem; b) a Unidade que ficar\u00e1 de respons\u00e1vel pelo bem; e c) O servidor que ficar\u00e1 respons\u00e1vel pelo bem neste per\u00edodo;<br \/>\niii. Enviar o processo ao NUPAT.<\/p>\n<p>IMPORTANTE: Assim que o bem retornar \u00e0 Unidade de origem, no mesmo processo dever\u00e1 ser encaminhado novo memorando ao NUPAT com esta informa\u00e7\u00e3o.<\/div>\n<p><strong><strong class=\"collapseomatic \" id=\"id69d5191803138\" rel=\"-highlander\" tabindex=\"0\" title=\" Autoriza\u00e7\u00e3o para Sa\u00edda de Bem Patrimonial\"    > Autoriza\u00e7\u00e3o para Sa\u00edda de Bem Patrimonial<\/strong><div id=\"target-id69d5191803138\" class=\"collapseomatic_content \"><\/strong><\/p>\n<p>Quando necess\u00e1rio que algum bem patrimonial seja retirado das reparti\u00e7\u00f5es internas da UFPel, \u00e9 obrigat\u00f3rio a solicita\u00e7\u00e3o de autoriza\u00e7\u00e3o ao N\u00facleo de Patrim\u00f4nio.<\/p>\n<p style=\"text-align: justify;\">Para solicitar a autoriza\u00e7\u00e3o a unidade de origem dever\u00e1 encaminhar ao N\u00facleo de Patrim\u00f4nio o documento &#8220;Autoriza\u00e7\u00e3o para Sa\u00edda de Bem Patrimonial&#8221; , conforme orienta\u00e7\u00f5es dispon\u00edveis em <a href=\"https:\/\/wp.ufpel.edu.br\/sei\/files\/2018\/03\/04_Manual-SEI_PRA-Solic-Aut-Ret-Bens-Patrim_rev02.pdf\">POP 09.4 Solicita\u00e7\u00e3o de Autoriza\u00e7\u00e3o para Retirada de Bens Patrimoniais<\/a>. <strong>Este documento dever\u00e1 ser assinado pelo respons\u00e1vel da Unidade onde o bem est\u00e1 registrado, bem como pelo servidor respons\u00e1vel pela retirada\u00a0do equipamento das reparti\u00e7\u00f5es da UFPel.<\/strong><\/p>\n<p style=\"text-align: justify;\">Somente ap\u00f3s a autoriza\u00e7\u00e3o do N\u00facleo de Patrim\u00f4nio \u00e9 que a Unidade de origem poder\u00e1 providenciar a retirada do bem permanente das depend\u00eancias da UFPel.<\/p>\n<p>Cabe refor\u00e7ar que:<\/p>\n<ul>\n<li style=\"text-align: justify;\">O retorno do Equipamento \u00e0 UFPel \u00e9 de inteira responsabilidade da Unidade no qual o equipamento est\u00e1 registrado.<\/li>\n<li>Orientamos para que a unidade fique com a comprova\u00e7\u00e3o de entrega do bem permanente para terceiro.<\/div><\/li>\n<\/ul>\n<p>&nbsp;<\/p>\n","protected":false},"excerpt":{"rendered":"<p>Rotinas para controle dos Bens Permanentes da UFPel: &nbsp; &nbsp;<\/p>\n","protected":false},"author":667,"featured_media":0,"parent":35,"menu_order":0,"comment_status":"closed","ping_status":"closed","template":"","meta":{"footnotes":""},"class_list":["post-7","page","type-page","status-publish","hentry"],"_links":{"self":[{"href":"https:\/\/wp.ufpel.edu.br\/nupat\/wp-json\/wp\/v2\/pages\/7","targetHints":{"allow":["GET"]}}],"collection":[{"href":"https:\/\/wp.ufpel.edu.br\/nupat\/wp-json\/wp\/v2\/pages"}],"about":[{"href":"https:\/\/wp.ufpel.edu.br\/nupat\/wp-json\/wp\/v2\/types\/page"}],"author":[{"embeddable":true,"href":"https:\/\/wp.ufpel.edu.br\/nupat\/wp-json\/wp\/v2\/users\/667"}],"replies":[{"embeddable":true,"href":"https:\/\/wp.ufpel.edu.br\/nupat\/wp-json\/wp\/v2\/comments?post=7"}],"version-history":[{"count":33,"href":"https:\/\/wp.ufpel.edu.br\/nupat\/wp-json\/wp\/v2\/pages\/7\/revisions"}],"predecessor-version":[{"id":773,"href":"https:\/\/wp.ufpel.edu.br\/nupat\/wp-json\/wp\/v2\/pages\/7\/revisions\/773"}],"up":[{"embeddable":true,"href":"https:\/\/wp.ufpel.edu.br\/nupat\/wp-json\/wp\/v2\/pages\/35"}],"wp:attachment":[{"href":"https:\/\/wp.ufpel.edu.br\/nupat\/wp-json\/wp\/v2\/media?parent=7"}],"curies":[{"name":"wp","href":"https:\/\/api.w.org\/{rel}","templated":true}]}}