{"id":516,"date":"2021-07-16T17:07:13","date_gmt":"2021-07-16T20:07:13","guid":{"rendered":"https:\/\/wp.ufpel.edu.br\/nupat\/?page_id=516"},"modified":"2024-07-31T11:59:05","modified_gmt":"2024-07-31T14:59:05","slug":"contatos","status":"publish","type":"page","link":"https:\/\/wp.ufpel.edu.br\/nupat\/contatos\/","title":{"rendered":"CONTATOS"},"content":{"rendered":"<p><strong>N\u00facleo de Patrim\u00f4nio (NUPAT) | Sala: 303<\/strong><br \/>\nMarcia Correa Larrossa (Chefe do N\u00facleo)<br \/>\nCristiano Carvalho Lopes<br \/>\ne-mail: patrimonio@ufpel.edu.br<br \/>\nTelefone: +55 (53) 3284-3933<\/p>\n<p style=\"padding-left: 40px;\"><span style=\"text-decoration: underline;\">Se\u00e7\u00e3o de Registros Patrimoniais(SRPAT)<\/span><br \/>\nNeida Maria Barbosa da Marta (Chefe do N\u00facleo)<br \/>\nBruna Azambuja Cardoso<br \/>\ne-mail: patrimonio@ufpel.edu.br<br \/>\nTelefone: +55 (53) 3284-3933<\/p>\n<p style=\"padding-left: 40px;\"><span style=\"text-decoration: underline;\">Unidade de Recolhimento e Desfazimento de Bens (URDB)<\/span><br \/>\nAvenida Duque de Caxias, n. 104, Bairro Fragata (Antiga Laneira)<br \/>\ne-mail: dbfu.ufpel@gmail.com<br \/>\nTelefone: +55 (53) 3284-3280<\/p>\n<p style=\"padding-left: 40px;\"><span style=\"text-decoration: underline;\">Dep\u00f3sito de Recebimento de Bens Permanentes (Pra\u00e7a da Alf\u00e2ndega)<\/span><br \/>\nSimone Duarte Pires<br \/>\nRichele Corr\u00eaa<br \/>\nPra\u00e7a Domingos Rodrigues , n\u00b005\u00a0 , Bairro Porto\u00a0Pelotas\/RS,\u00a0 CEP 96010-440<br \/>\ne-mail: ufpelporto.almoxarifado@gmail.com<br \/>\nTelefone: +55 (53) 3284.3942<\/p>\n<p style=\"padding-left: 40px;\"><em>Hor\u00e1rio de atendimento do Dep\u00f3sito \u00e0s Unidades da UFPel:<\/em><br \/>\n<em>Segunda a sexta \u2013 08h \u00e0s 12h e 14h \u00e0s 18h<\/em><\/p>\n<p style=\"padding-left: 40px;\"><em>Hor\u00e1rio de Recebimento de Transportadoras:<br \/>\nSegunda a sexta \u2013 08h30 \u00e0s 11h00 e 14h30min \u00e0s 17h00<\/em><\/p>\n","protected":false},"excerpt":{"rendered":"<p>N\u00facleo de Patrim\u00f4nio (NUPAT) | Sala: 303 Marcia Correa Larrossa (Chefe do N\u00facleo) Cristiano Carvalho Lopes e-mail: patrimonio@ufpel.edu.br Telefone: +55 (53) 3284-3933 Se\u00e7\u00e3o de Registros Patrimoniais(SRPAT) Neida Maria Barbosa da Marta (Chefe do N\u00facleo) Bruna Azambuja Cardoso e-mail: patrimonio@ufpel.edu.br Telefone: +55 (53) 3284-3933 Unidade de Recolhimento e Desfazimento de Bens (URDB) Avenida Duque de Caxias, [&hellip;]<\/p>\n","protected":false},"author":844,"featured_media":0,"parent":0,"menu_order":0,"comment_status":"closed","ping_status":"closed","template":"","meta":{"footnotes":""},"class_list":["post-516","page","type-page","status-publish","hentry"],"_links":{"self":[{"href":"https:\/\/wp.ufpel.edu.br\/nupat\/wp-json\/wp\/v2\/pages\/516","targetHints":{"allow":["GET"]}}],"collection":[{"href":"https:\/\/wp.ufpel.edu.br\/nupat\/wp-json\/wp\/v2\/pages"}],"about":[{"href":"https:\/\/wp.ufpel.edu.br\/nupat\/wp-json\/wp\/v2\/types\/page"}],"author":[{"embeddable":true,"href":"https:\/\/wp.ufpel.edu.br\/nupat\/wp-json\/wp\/v2\/users\/844"}],"replies":[{"embeddable":true,"href":"https:\/\/wp.ufpel.edu.br\/nupat\/wp-json\/wp\/v2\/comments?post=516"}],"version-history":[{"count":10,"href":"https:\/\/wp.ufpel.edu.br\/nupat\/wp-json\/wp\/v2\/pages\/516\/revisions"}],"predecessor-version":[{"id":734,"href":"https:\/\/wp.ufpel.edu.br\/nupat\/wp-json\/wp\/v2\/pages\/516\/revisions\/734"}],"wp:attachment":[{"href":"https:\/\/wp.ufpel.edu.br\/nupat\/wp-json\/wp\/v2\/media?parent=516"}],"curies":[{"name":"wp","href":"https:\/\/api.w.org\/{rel}","templated":true}]}}