{"id":454,"date":"2021-07-06T11:15:01","date_gmt":"2021-07-06T14:15:01","guid":{"rendered":"https:\/\/wp.ufpel.edu.br\/nupat\/?page_id=454"},"modified":"2021-07-07T17:18:34","modified_gmt":"2021-07-07T20:18:34","slug":"mapeamento-dos-processos","status":"publish","type":"page","link":"https:\/\/wp.ufpel.edu.br\/nupat\/mapeamento-dos-processos\/","title":{"rendered":"MAPEAMENTO DOS PROCESSOS"},"content":{"rendered":"<p>Com o objetivo identificar as informa\u00e7\u00f5es, o fluxo e as partes envolvidas foi realizado o mapeamento dos processos relacionados \u00e0 gest\u00e3o patrimonial no \u00e2mbito da UFPel. Os processos mapeados podem ser localizados na p\u00e1gina do Escrit\u00f3rio de Processos da UFPel, atrav\u00e9s do link: <a href=\"https:\/\/wp.ufpel.edu.br\/escritoriodeprocessos\/processos-mapeados-ufpel\/\" target=\"_blank\" rel=\"noopener\">https:\/\/wp.ufpel.edu.br\/escritoriodeprocessos\/processos-mapeados-ufpel\/<\/a>.<\/p>\n","protected":false},"excerpt":{"rendered":"<p>Com o objetivo identificar as informa\u00e7\u00f5es, o fluxo e as partes envolvidas foi realizado o mapeamento dos processos relacionados \u00e0 gest\u00e3o patrimonial no \u00e2mbito da UFPel. Os processos mapeados podem ser localizados na p\u00e1gina do Escrit\u00f3rio de Processos da UFPel, atrav\u00e9s do link: https:\/\/wp.ufpel.edu.br\/escritoriodeprocessos\/processos-mapeados-ufpel\/.<\/p>\n","protected":false},"author":844,"featured_media":0,"parent":0,"menu_order":0,"comment_status":"closed","ping_status":"closed","template":"","meta":{"footnotes":""},"class_list":["post-454","page","type-page","status-publish","hentry"],"_links":{"self":[{"href":"https:\/\/wp.ufpel.edu.br\/nupat\/wp-json\/wp\/v2\/pages\/454","targetHints":{"allow":["GET"]}}],"collection":[{"href":"https:\/\/wp.ufpel.edu.br\/nupat\/wp-json\/wp\/v2\/pages"}],"about":[{"href":"https:\/\/wp.ufpel.edu.br\/nupat\/wp-json\/wp\/v2\/types\/page"}],"author":[{"embeddable":true,"href":"https:\/\/wp.ufpel.edu.br\/nupat\/wp-json\/wp\/v2\/users\/844"}],"replies":[{"embeddable":true,"href":"https:\/\/wp.ufpel.edu.br\/nupat\/wp-json\/wp\/v2\/comments?post=454"}],"version-history":[{"count":4,"href":"https:\/\/wp.ufpel.edu.br\/nupat\/wp-json\/wp\/v2\/pages\/454\/revisions"}],"predecessor-version":[{"id":493,"href":"https:\/\/wp.ufpel.edu.br\/nupat\/wp-json\/wp\/v2\/pages\/454\/revisions\/493"}],"wp:attachment":[{"href":"https:\/\/wp.ufpel.edu.br\/nupat\/wp-json\/wp\/v2\/media?parent=454"}],"curies":[{"name":"wp","href":"https:\/\/api.w.org\/{rel}","templated":true}]}}