{"id":377,"date":"2020-02-26T15:11:46","date_gmt":"2020-02-26T18:11:46","guid":{"rendered":"https:\/\/wp.ufpel.edu.br\/nupat\/?page_id=377"},"modified":"2026-02-25T09:20:02","modified_gmt":"2026-02-25T12:20:02","slug":"manual","status":"publish","type":"page","link":"https:\/\/wp.ufpel.edu.br\/nupat\/manual\/","title":{"rendered":"MANUAIS"},"content":{"rendered":"<p style=\"text-align: justify;\">Visando estabelecer a padroniza\u00e7\u00e3o dos procedimentos no que diz respeito \u00e0 guarda, tombamento, transfer\u00eancias, baixas, incorpora\u00e7\u00f5es, dentre outras a\u00e7\u00f5es pertinentes \u00e0 \u00e1rea de Patrim\u00f4nio, bem como atender \u00e0s exig\u00eancias dos \u00f3rg\u00e3os externos, como o Tribunal de Contas da Uni\u00e3o (TCU) e a Controladoria Geral da Uni\u00e3o (CGU), estamos disponibilizando o <strong>Manual de Gest\u00e3o Patrimonial da UFPel.<\/strong><\/p>\n<p>Link para acesso: <strong><a href=\"https:\/\/wp.ufpel.edu.br\/nupat\/files\/2026\/02\/Manual-de-Gestao-Patrimonial-da-UFPel_v9-2026.pdf\">Manual Gest\u00e3o Patrimonial da UFPel<\/a><\/strong><\/p>\n<p>&nbsp;<\/p>\n<p style=\"text-align: justify;\">Buscando orientar os servidores quanto \u00e0s pol\u00edticas e diretrizes aprovadas pelos \u00d3rg\u00e3os de Controle relacionados \u00e0 gest\u00e3o de bens im\u00f3veis, bem como padronizar e aperfei\u00e7oar os procedimentos relacionados ao gerenciamento dos pr\u00e9dios utilizados pela Universidade, estamos disponibilizando o <strong>Manual de Gest\u00e3o de Bens Im\u00f3veis da UFPel.<\/strong><\/p>\n<p>Link para acesso: <strong><a href=\"https:\/\/wp.ufpel.edu.br\/nupat\/files\/2024\/09\/compressed-Manual-de-Gestao-de-Bens-Imoveis-da-UFPel_Versao3.pdf\" target=\"_blank\" rel=\"noopener\">Manual de Gest\u00e3o de Bens Im\u00f3veis da UFPel<\/a><\/strong><\/p>\n","protected":false},"excerpt":{"rendered":"<p>Visando estabelecer a padroniza\u00e7\u00e3o dos procedimentos no que diz respeito \u00e0 guarda, tombamento, transfer\u00eancias, baixas, incorpora\u00e7\u00f5es, dentre outras a\u00e7\u00f5es pertinentes \u00e0 \u00e1rea de Patrim\u00f4nio, bem como atender \u00e0s exig\u00eancias dos \u00f3rg\u00e3os externos, como o Tribunal de Contas da Uni\u00e3o (TCU) e a Controladoria Geral da Uni\u00e3o (CGU), estamos disponibilizando o Manual de Gest\u00e3o Patrimonial da [&hellip;]<\/p>\n","protected":false},"author":844,"featured_media":0,"parent":0,"menu_order":0,"comment_status":"closed","ping_status":"closed","template":"","meta":{"footnotes":""},"class_list":["post-377","page","type-page","status-publish","hentry"],"_links":{"self":[{"href":"https:\/\/wp.ufpel.edu.br\/nupat\/wp-json\/wp\/v2\/pages\/377","targetHints":{"allow":["GET"]}}],"collection":[{"href":"https:\/\/wp.ufpel.edu.br\/nupat\/wp-json\/wp\/v2\/pages"}],"about":[{"href":"https:\/\/wp.ufpel.edu.br\/nupat\/wp-json\/wp\/v2\/types\/page"}],"author":[{"embeddable":true,"href":"https:\/\/wp.ufpel.edu.br\/nupat\/wp-json\/wp\/v2\/users\/844"}],"replies":[{"embeddable":true,"href":"https:\/\/wp.ufpel.edu.br\/nupat\/wp-json\/wp\/v2\/comments?post=377"}],"version-history":[{"count":3,"href":"https:\/\/wp.ufpel.edu.br\/nupat\/wp-json\/wp\/v2\/pages\/377\/revisions"}],"predecessor-version":[{"id":791,"href":"https:\/\/wp.ufpel.edu.br\/nupat\/wp-json\/wp\/v2\/pages\/377\/revisions\/791"}],"wp:attachment":[{"href":"https:\/\/wp.ufpel.edu.br\/nupat\/wp-json\/wp\/v2\/media?parent=377"}],"curies":[{"name":"wp","href":"https:\/\/api.w.org\/{rel}","templated":true}]}}