{"id":373,"date":"2020-02-18T09:52:11","date_gmt":"2020-02-18T12:52:11","guid":{"rendered":"https:\/\/wp.ufpel.edu.br\/nupat\/?page_id=373"},"modified":"2025-05-27T09:38:27","modified_gmt":"2025-05-27T12:38:27","slug":"bens-particulares-em-uso-na-ufpel","status":"publish","type":"page","link":"https:\/\/wp.ufpel.edu.br\/nupat\/orientacoes\/bens-particulares-em-uso-na-ufpel\/","title":{"rendered":"BENS PARTICULARES EM USO NA UFPEL"},"content":{"rendered":"<p>Em se tratando de bem particular que n\u00e3o ser\u00e1 doado \u00e0 UFPel os seguintes procedimentos dever\u00e3o ser adotados:<br \/>\ni. Abrir processo SEI \u2018Material : Patrim\u00f4nio\u2019;<br \/>\nii. Incluir e preencher o documento \u2018Termo de Permiss\u00e3o de Uso para Bem Particular\u2019 assinado pelo propriet\u00e1rio do bem e pelo Respons\u00e1vel pela Unidade;<br \/>\niii. Enviar ao NUPAT para os devidos encaminhamentos.<\/p>\n<p><strong>IMPORTANTE:<\/strong> Ap\u00f3s a sa\u00edda do bem das reparti\u00e7\u00f5es da UFPel, dever\u00e1 ser informado ao NUPAT.<\/p>\n<p class=\"Texto_Justificado_Recuo_Primeira_Linha\"><strong>Ressaltamos que\u00a0<u><em>este bem\u00a0n\u00e3o poder\u00e1\u00a0ser encaminhado \u00e0 Unidade de Recolhimento e Desfazimento de Bens (URDB)<\/em><\/u>, e que o seu\u00a0descarte\u00a0correto \u00e9 de responsabilidade do propriet\u00e1rio do bem.\u00a0<\/strong><\/p>\n<p><strong>\u00c9 de total responsabilidade do propriet\u00e1rio arcar com qualquer desgaste, dano ou sinistro \u2014 incluindo furto ou roubo \u2014 que venha a ocorrer com o bem, isentando a Universidade Federal de Pelotas de qualquer \u00f4nus relacionado a essas situa\u00e7\u00f5es. O propriet\u00e1rio compromete-se ainda a informar o N\u00facleo de Patrim\u00f4nio no momento da retirada do bem, seja por iniciativa pr\u00f3pria ou por solicita\u00e7\u00e3o do respons\u00e1vel pelo departamento, formalizando assim o encerramento deste termo.<\/strong><\/p>\n<p class=\"Texto_Justificado_Recuo_Primeira_Linha\">\n","protected":false},"excerpt":{"rendered":"<p>Em se tratando de bem particular que n\u00e3o ser\u00e1 doado \u00e0 UFPel os seguintes procedimentos dever\u00e3o ser adotados: i. Abrir processo SEI \u2018Material : Patrim\u00f4nio\u2019; ii. Incluir e preencher o documento \u2018Termo de Permiss\u00e3o de Uso para Bem Particular\u2019 assinado pelo propriet\u00e1rio do bem e pelo Respons\u00e1vel pela Unidade; iii. Enviar ao NUPAT para os [&hellip;]<\/p>\n","protected":false},"author":844,"featured_media":0,"parent":35,"menu_order":0,"comment_status":"closed","ping_status":"closed","template":"","meta":{"footnotes":""},"class_list":["post-373","page","type-page","status-publish","hentry"],"_links":{"self":[{"href":"https:\/\/wp.ufpel.edu.br\/nupat\/wp-json\/wp\/v2\/pages\/373","targetHints":{"allow":["GET"]}}],"collection":[{"href":"https:\/\/wp.ufpel.edu.br\/nupat\/wp-json\/wp\/v2\/pages"}],"about":[{"href":"https:\/\/wp.ufpel.edu.br\/nupat\/wp-json\/wp\/v2\/types\/page"}],"author":[{"embeddable":true,"href":"https:\/\/wp.ufpel.edu.br\/nupat\/wp-json\/wp\/v2\/users\/844"}],"replies":[{"embeddable":true,"href":"https:\/\/wp.ufpel.edu.br\/nupat\/wp-json\/wp\/v2\/comments?post=373"}],"version-history":[{"count":7,"href":"https:\/\/wp.ufpel.edu.br\/nupat\/wp-json\/wp\/v2\/pages\/373\/revisions"}],"predecessor-version":[{"id":776,"href":"https:\/\/wp.ufpel.edu.br\/nupat\/wp-json\/wp\/v2\/pages\/373\/revisions\/776"}],"up":[{"embeddable":true,"href":"https:\/\/wp.ufpel.edu.br\/nupat\/wp-json\/wp\/v2\/pages\/35"}],"wp:attachment":[{"href":"https:\/\/wp.ufpel.edu.br\/nupat\/wp-json\/wp\/v2\/media?parent=373"}],"curies":[{"name":"wp","href":"https:\/\/api.w.org\/{rel}","templated":true}]}}