{"id":35,"date":"2018-04-27T11:08:20","date_gmt":"2018-04-27T14:08:20","guid":{"rendered":"https:\/\/wp.ufpel.edu.br\/nupat\/?page_id=35"},"modified":"2021-07-07T17:14:23","modified_gmt":"2021-07-07T20:14:23","slug":"orientacoes","status":"publish","type":"page","link":"https:\/\/wp.ufpel.edu.br\/nupat\/orientacoes\/","title":{"rendered":"Orienta\u00e7\u00f5es"},"content":{"rendered":"<p>Aqui voc\u00ea encontrar\u00e1 as orienta\u00e7\u00f5es dos procedimentos rotineiros na Gest\u00e3o de Bens Patrimoniais na UFPel.<\/p>\n","protected":false},"excerpt":{"rendered":"<p>Aqui voc\u00ea encontrar\u00e1 as orienta\u00e7\u00f5es dos procedimentos rotineiros na Gest\u00e3o de Bens Patrimoniais na UFPel.<\/p>\n","protected":false},"author":844,"featured_media":0,"parent":0,"menu_order":0,"comment_status":"closed","ping_status":"closed","template":"","meta":{"footnotes":""},"class_list":["post-35","page","type-page","status-publish","hentry"],"_links":{"self":[{"href":"https:\/\/wp.ufpel.edu.br\/nupat\/wp-json\/wp\/v2\/pages\/35","targetHints":{"allow":["GET"]}}],"collection":[{"href":"https:\/\/wp.ufpel.edu.br\/nupat\/wp-json\/wp\/v2\/pages"}],"about":[{"href":"https:\/\/wp.ufpel.edu.br\/nupat\/wp-json\/wp\/v2\/types\/page"}],"author":[{"embeddable":true,"href":"https:\/\/wp.ufpel.edu.br\/nupat\/wp-json\/wp\/v2\/users\/844"}],"replies":[{"embeddable":true,"href":"https:\/\/wp.ufpel.edu.br\/nupat\/wp-json\/wp\/v2\/comments?post=35"}],"version-history":[{"count":4,"href":"https:\/\/wp.ufpel.edu.br\/nupat\/wp-json\/wp\/v2\/pages\/35\/revisions"}],"predecessor-version":[{"id":473,"href":"https:\/\/wp.ufpel.edu.br\/nupat\/wp-json\/wp\/v2\/pages\/35\/revisions\/473"}],"wp:attachment":[{"href":"https:\/\/wp.ufpel.edu.br\/nupat\/wp-json\/wp\/v2\/media?parent=35"}],"curies":[{"name":"wp","href":"https:\/\/api.w.org\/{rel}","templated":true}]}}