{"id":30,"date":"2018-04-27T10:58:38","date_gmt":"2018-04-27T13:58:38","guid":{"rendered":"https:\/\/wp.ufpel.edu.br\/nupat\/?page_id=30"},"modified":"2025-01-21T15:02:20","modified_gmt":"2025-01-21T18:02:20","slug":"documentos-necessarios-para-tombamento-de-projetos","status":"publish","type":"page","link":"https:\/\/wp.ufpel.edu.br\/nupat\/orientacoes\/documentos-necessarios-para-tombamento-de-projetos\/","title":{"rendered":"Registro Patrimonial de Equipamentos de Projetos"},"content":{"rendered":"<p style=\"text-align: center;\"><strong>Documenta\u00e7\u00e3o necess\u00e1ria para o registro patrimonial do equipamento<\/strong>\u00a0<strong>adquirido com recurso de projetos<\/strong><strong>:<\/strong><\/p>\n<p>&nbsp;<\/p>\n<p><strong><strong class=\"collapseomatic \" id=\"id69dc8c4d20c6a\" rel=\"-highlander\" tabindex=\"0\" title=\" Projeto CNPQ\"    > Projeto CNPQ<\/strong><div id=\"target-id69dc8c4d20c6a\" class=\"collapseomatic_content \"><\/strong><\/p>\n<p>a) In\u00edcio de Projeto:<\/p>\n<p>Enviar toda documenta\u00e7\u00e3o em processo aberto no SEI<\/p>\n<p>&#8211;\u00a0 Documento &#8220;Termo de concess\u00e3o e apoio financeiro&#8221;\u00a0 firmado com o CNPQ e o documento CNPQ &#8220;Rela\u00e7\u00e3o de Bens Patrimoniais (anexo I) .<\/p>\n<p>&#8211; C\u00f3pias das notas fiscais em nome do Professor Pesquisador.<\/p>\n<p>&#8211; Memorando do Professor Pesquisador solicitando o registro dos bens, definindo a localiza\u00e7\u00e3o dos equipamentos devendo constar nessa solicita\u00e7\u00e3o um n\u00famero para contato.<\/p>\n<p>&#8211; Os bens ser\u00e3o doados \u00e0 Institui\u00e7\u00e3o desde o in\u00edcio do projeto , conforme\u00a0Portaria n\u00ba 914\/2022 que em sua Se\u00e7\u00e3o V &#8211; Da Incorpora\u00e7\u00e3o de Bens, tamb\u00e9m esclarece o mencionado na 13.243.<\/p>\n<p><strong>\u00a0<\/strong><\/p>\n<p><em><strong>&#8211; Obs: Inclus\u00e3o como Doa\u00e7\u00e3o.<\/div><\/strong><\/em><\/p>\n<p><strong><strong class=\"collapseomatic \" id=\"id69dc8c4d20d00\" rel=\"-highlander\" tabindex=\"0\" title=\" Projeto FAPERGS\"    > Projeto FAPERGS<\/strong><div id=\"target-id69dc8c4d20d00\" class=\"collapseomatic_content \"><\/strong><\/p>\n<p>a) In\u00edcio do Projeto:<\/p>\n<p>Enviar toda documenta\u00e7\u00e3o em processo aberto no SEI<\/p>\n<p>&#8211; Anexo <strong>V<\/strong>\u00a0da Fapergs<strong>\u00a0<\/strong>preenchido e assinado pelo Reitor e Professor Pesquisador.<\/p>\n<p>&#8211; C\u00f3pias das notas fiscais em nome do Professor pesquisador.<\/p>\n<p>&#8211; Memorando do Professor Pesquisador solicitando o registro dos bens, definindo a localiza\u00e7\u00e3o dos equipamentos devendo constar nessa solicita\u00e7\u00e3o um n\u00famero para contato<em><strong>.<\/div><\/strong><\/em><\/p>\n<p><strong><strong class=\"collapseomatic \" id=\"id69dc8c4d20d2c\" rel=\"-highlander\" tabindex=\"0\" title=\" Projeto CAPES\"    > Projeto CAPES<\/strong><div id=\"target-id69dc8c4d20d2c\" class=\"collapseomatic_content \"><\/strong><\/p>\n<p>a) In\u00edcio do projeto.<\/p>\n<p>Enviar toda documenta\u00e7\u00e3o em processo aberto no SEI<\/p>\n<p>&#8211; Anexo VI preenchido e assinado pelo Outorgante e Receptor com data.<\/p>\n<p>&#8211; C\u00f3pias das notas fiscais em nome do Professor Pesquisador.<\/p>\n<p>&#8211;\u00a0Memorando do Professor Pesquisador solicitando o registro dos bens, definindo a localiza\u00e7\u00e3o dos equipamentos devendo constar nessa solicita\u00e7\u00e3o um n\u00famero para contato.<\/p>\n<p><strong><em>&#8211; Obs: Inclus\u00e3o em Doa\u00e7\u00e3o<\/div> <\/em><\/strong><\/p>\n<p>&nbsp;<\/p>\n","protected":false},"excerpt":{"rendered":"<p>Documenta\u00e7\u00e3o necess\u00e1ria para o registro patrimonial do equipamento\u00a0adquirido com recurso de projetos: &nbsp; &nbsp;<\/p>\n","protected":false},"author":844,"featured_media":0,"parent":35,"menu_order":0,"comment_status":"closed","ping_status":"closed","template":"","meta":{"footnotes":""},"class_list":["post-30","page","type-page","status-publish","hentry"],"_links":{"self":[{"href":"https:\/\/wp.ufpel.edu.br\/nupat\/wp-json\/wp\/v2\/pages\/30","targetHints":{"allow":["GET"]}}],"collection":[{"href":"https:\/\/wp.ufpel.edu.br\/nupat\/wp-json\/wp\/v2\/pages"}],"about":[{"href":"https:\/\/wp.ufpel.edu.br\/nupat\/wp-json\/wp\/v2\/types\/page"}],"author":[{"embeddable":true,"href":"https:\/\/wp.ufpel.edu.br\/nupat\/wp-json\/wp\/v2\/users\/844"}],"replies":[{"embeddable":true,"href":"https:\/\/wp.ufpel.edu.br\/nupat\/wp-json\/wp\/v2\/comments?post=30"}],"version-history":[{"count":24,"href":"https:\/\/wp.ufpel.edu.br\/nupat\/wp-json\/wp\/v2\/pages\/30\/revisions"}],"predecessor-version":[{"id":765,"href":"https:\/\/wp.ufpel.edu.br\/nupat\/wp-json\/wp\/v2\/pages\/30\/revisions\/765"}],"up":[{"embeddable":true,"href":"https:\/\/wp.ufpel.edu.br\/nupat\/wp-json\/wp\/v2\/pages\/35"}],"wp:attachment":[{"href":"https:\/\/wp.ufpel.edu.br\/nupat\/wp-json\/wp\/v2\/media?parent=30"}],"curies":[{"name":"wp","href":"https:\/\/api.w.org\/{rel}","templated":true}]}}