{"id":295,"date":"2019-03-19T12:17:38","date_gmt":"2019-03-19T15:17:38","guid":{"rendered":"https:\/\/wp.ufpel.edu.br\/nupat\/?page_id=295"},"modified":"2021-07-07T17:16:33","modified_gmt":"2021-07-07T20:16:33","slug":"informacoes-sobre-imoveis","status":"publish","type":"page","link":"https:\/\/wp.ufpel.edu.br\/nupat\/orientacoes\/informacoes-sobre-imoveis\/","title":{"rendered":"Informa\u00e7\u00f5es sobre im\u00f3veis"},"content":{"rendered":"<p style=\"text-align: justify\">O N\u00facleo de Patrim\u00f4nio (NUPAT) informa que faz parte de suas atribui\u00e7\u00f5es gerenciar demandas relacionadas aos BENS IM\u00d3VEIS da UFPel no que se refere a registro, guarda de documentos e regulariza\u00e7\u00e3o. Promovendo a atualiza\u00e7\u00e3o dos dados cadastrais, sempre que necess\u00e1rio, mediante as informa\u00e7\u00f5es constantes das c\u00f3pias de documentos e processos de aquisi\u00e7\u00e3o, constru\u00e7\u00e3o, reforma, loca\u00e7\u00e3o e avalia\u00e7\u00e3o dos im\u00f3veis, a serem fornecidas pelos setores t\u00e9cnicos desta Universidade.<\/p>\n<p style=\"text-align: justify\">Demandas que podem ser solicitadas ao NUPAT:<\/p>\n<p style=\"text-align: justify\">* Fornecer c\u00f3pia de certid\u00e3o de im\u00f3veis da UFPel;<\/p>\n<p style=\"text-align: justify\">* Retirar certid\u00e3o atualizada dos im\u00f3veis da institui\u00e7\u00e3o junto aos cart\u00f3rios de registro de im\u00f3vel;<\/p>\n<p style=\"text-align: justify\">* Regularizar situa\u00e7\u00e3o de registro dos im\u00f3veis da UFPel;<\/p>\n<p style=\"text-align: justify\">* Cadastrar im\u00f3veis no Sistema de Gerenciamento do patrim\u00f4nio imobili\u00e1rio de uso especial da Uni\u00e3o (SPIUNET) sejam estes oriundos de aquisi\u00e7\u00e3o ou doa\u00e7\u00e3o, al\u00e9m dos im\u00f3veis locados pela institui\u00e7\u00e3o;<\/p>\n<p style=\"text-align: justify\">* Solicitar situa\u00e7\u00e3o de im\u00f3vel utilizado por esta Universidade se pr\u00f3prio, cedido ou locado.<\/p>\n<p style=\"text-align: justify\">Todas as solicita\u00e7\u00f5es, desta natureza, relacionadas ao registro dos im\u00f3veis utilizados pela UFPel, dever\u00e3o ser encaminhadas ao NUPAT atrav\u00e9s do SEI.<\/p>\n","protected":false},"excerpt":{"rendered":"<p>O N\u00facleo de Patrim\u00f4nio (NUPAT) informa que faz parte de suas atribui\u00e7\u00f5es gerenciar demandas relacionadas aos BENS IM\u00d3VEIS da UFPel no que se refere a registro, guarda de documentos e regulariza\u00e7\u00e3o. Promovendo a atualiza\u00e7\u00e3o dos dados cadastrais, sempre que necess\u00e1rio, mediante as informa\u00e7\u00f5es constantes das c\u00f3pias de documentos e processos de aquisi\u00e7\u00e3o, constru\u00e7\u00e3o, reforma, loca\u00e7\u00e3o [&hellip;]<\/p>\n","protected":false},"author":844,"featured_media":0,"parent":35,"menu_order":2,"comment_status":"closed","ping_status":"closed","template":"","meta":{"footnotes":""},"class_list":["post-295","page","type-page","status-publish","hentry"],"_links":{"self":[{"href":"https:\/\/wp.ufpel.edu.br\/nupat\/wp-json\/wp\/v2\/pages\/295","targetHints":{"allow":["GET"]}}],"collection":[{"href":"https:\/\/wp.ufpel.edu.br\/nupat\/wp-json\/wp\/v2\/pages"}],"about":[{"href":"https:\/\/wp.ufpel.edu.br\/nupat\/wp-json\/wp\/v2\/types\/page"}],"author":[{"embeddable":true,"href":"https:\/\/wp.ufpel.edu.br\/nupat\/wp-json\/wp\/v2\/users\/844"}],"replies":[{"embeddable":true,"href":"https:\/\/wp.ufpel.edu.br\/nupat\/wp-json\/wp\/v2\/comments?post=295"}],"version-history":[{"count":3,"href":"https:\/\/wp.ufpel.edu.br\/nupat\/wp-json\/wp\/v2\/pages\/295\/revisions"}],"predecessor-version":[{"id":485,"href":"https:\/\/wp.ufpel.edu.br\/nupat\/wp-json\/wp\/v2\/pages\/295\/revisions\/485"}],"up":[{"embeddable":true,"href":"https:\/\/wp.ufpel.edu.br\/nupat\/wp-json\/wp\/v2\/pages\/35"}],"wp:attachment":[{"href":"https:\/\/wp.ufpel.edu.br\/nupat\/wp-json\/wp\/v2\/media?parent=295"}],"curies":[{"name":"wp","href":"https:\/\/api.w.org\/{rel}","templated":true}]}}