{"id":13,"date":"2018-04-13T10:16:29","date_gmt":"2018-04-13T13:16:29","guid":{"rendered":"https:\/\/wp.ufpel.edu.br\/nupat\/?page_id=13"},"modified":"2023-09-04T16:33:09","modified_gmt":"2023-09-04T19:33:09","slug":"solicitacao-de-doacoes","status":"publish","type":"page","link":"https:\/\/wp.ufpel.edu.br\/nupat\/solicitacao-de-doacoes\/","title":{"rendered":"DOA\u00c7\u00d5ES ( Doa\u00e7\u00f5es gov.br)"},"content":{"rendered":"<p><strong>Recebimento de Doa\u00e7\u00f5es de terceiros para a UFPel:<\/strong><\/p>\n<p>Qualquer doa\u00e7\u00e3o \u00e0 UFPel, seja ela com origem de pessoa f\u00edsica ou pessoa jur\u00eddica de direito privado, de acordo com a <a href=\"https:\/\/www.in.gov.br\/materia\/-\/asset_publisher\/Kujrw0TZC2Mb\/content\/id\/52749397\/do1-2018-11-30-instrucao-normativa-n-11-de-29-de-novembro-de-2018-52749333\" target=\"_blank\" rel=\"noopener\">Instru\u00e7\u00e3o Normativa n\u00b0 11, de 29 de novembro de 2018<\/a>, <strong>dever\u00e1 ocorrer, obrigatoriamente, atrav\u00e9s do Sistema Doa\u00e7\u00f5es gov.br.<\/strong> (<a href=\"https:\/\/doacoes.gov.br\/\">https:\/\/doacoes.gov.br\/<\/a>). Para isso, a Unidade interessada dever\u00e1 seguir a seguintes orienta\u00e7\u00f5es:<\/p>\n<ol>\n<li><span style=\"text-decoration: underline;\">Na situa\u00e7\u00e3o em que a Unidade recebe o contato do Doador de forma antecipada e j\u00e1 tem conhecimento das condi\u00e7\u00f5es em que o bem se encontra:<\/span>\n<ol>\n<li style=\"text-align: justify;\">o Doador dever\u00e1 fazer o cadastro no sistema Doa\u00e7\u00f5es gov.br da listagem dos bens que deseja doar, indicando cada item de forma individual, colocando o valor atualizado do bem e <strong>indicando nos campos \u00d3rg\u00e3o e Entidade do donat\u00e1rio a Funda\u00e7\u00e3o Universidade Federal de Pelotas como benefici\u00e1ria.<\/strong> Caso n\u00e3o seja indicado o donat\u00e1rio, o bem pode ser doado a qualquer outro ente p\u00fablico que manifestar interesse;<\/li>\n<li style=\"text-align: justify;\">A unidade interessada deve\u00a0 iniciar um processo no SEI do tipo &#8220;Material: Aquisi\u00e7\u00e3o por Doa\u00e7\u00e3o ou Permuta de Material Permanente&#8221;, no qual deve ser inclu\u00eddo memorando manifestando o interesse pelo bem objeto da doa\u00e7\u00e3o com a indica\u00e7\u00e3o do n\u00famero do an\u00fancio constante no sistema Doa\u00e7\u00f5es gov.br bem como\u00a0 a unidade a ser beneficiada. Ap\u00f3s, encaminhar o processo ao N\u00facleo de Patrim\u00f4nio (NUPAT),<strong> no prazo m\u00e1ximo de 05 dias ap\u00f3s a publica\u00e7\u00e3o do an\u00fancio<\/strong>. A partir das informa\u00e7\u00f5es deste processo \u00e9 que o NUPAT providenciar\u00e1 a manifesta\u00e7\u00e3o do interesse pelo bem cadastrado no sistema Doa\u00e7\u00f5es gov.br e providenciar\u00e1 a elabora\u00e7\u00e3o do termo de doa\u00e7\u00e3o;<\/li>\n<li>O Doador dever\u00e1 providenciar o cadastro de Usu\u00e1rio Externo no SEI, para posterior assinatura do termo de Doa\u00e7\u00e3o. Acesso ao link com as orienta\u00e7\u00f5es para o referido cadastro:\u00a0<a href=\"https:\/\/wp.ufpel.edu.br\/sei\/\" target=\"_blank\" rel=\"noopener\">https:\/\/wp.ufpel.edu.br\/sei\/;<\/a><\/li>\n<li>Por fim, o N\u00facleo de Patrim\u00f4nio encaminhar\u00e1 o processo \u00e0 Unidade beneficiada do bem, para confirma\u00e7\u00e3o do recebimento do mesmo. O transporte do bem at\u00e9 a UFPel dever\u00e1 ser ajustado entre a Unidade beneficiada e o Doador.<\/li>\n<\/ol>\n<\/li>\n<li><span style=\"text-decoration: underline;\">Na situa\u00e7\u00e3o em que a Unidade encontra o an\u00fancio no Doa\u00e7\u00f5es gov.br<\/span>\n<ol>\n<li style=\"text-align: justify;\">A Unidade, ap\u00f3s localizar um item em an\u00fancio no Doa\u00e7\u00f5es gov.br,\u00a0 dever\u00e1 entrar em contato com o doador para ter conhecimento das condi\u00e7\u00f5es em que o bem se encontra<\/li>\n<li style=\"text-align: justify;\">Se o bem atender a necessidade da unidade e estiver em boas condi\u00e7\u00f5es, a mesma\u00a0 deve\u00a0 iniciar um processo no SEI do tipo &#8220;Material: Aquisi\u00e7\u00e3o por Doa\u00e7\u00e3o ou Permuta de Material Permanente&#8221;, no qual deve ser inclu\u00eddo memorando manifestando o interesse pelo bem objeto da doa\u00e7\u00e3o com a indica\u00e7\u00e3o do n\u00famero do an\u00fancio constante no sistema Doa\u00e7\u00f5es gov.br bem como\u00a0 a unidade a ser beneficiada. Ap\u00f3s, encaminhar o processo ao N\u00facleo de Patrim\u00f4nio (NUPAT),<strong> no prazo m\u00e1ximo de 05 dias ap\u00f3s a publica\u00e7\u00e3o do an\u00fancio<\/strong>. A partir das informa\u00e7\u00f5es deste processo \u00e9 que o NUPAT providenciar\u00e1 a manifesta\u00e7\u00e3o do interesse pelo bem cadastrado no Doa\u00e7\u00f5es gov.br. Observar que o an\u00fancio fica publicado por um prazo m\u00e1ximo de at\u00e9 10 dias e neste intervalo outros entes p\u00fablicos podem manifestar interesse;<\/li>\n<li style=\"text-align: justify;\">O Doador dever\u00e1 providenciar o cadastro de Usu\u00e1rio Externo no SEI, para posterior assinatura do termo de Doa\u00e7\u00e3o. Acesso ao link com as orienta\u00e7\u00f5es para o referido cadastro:\u00a0<a href=\"https:\/\/wp.ufpel.edu.br\/sei\/\" target=\"_blank\" rel=\"noopener\">https:\/\/wp.ufpel.edu.br\/sei\/;<\/a><\/li>\n<li style=\"text-align: justify;\">Por fim, o N\u00facleo de Patrim\u00f4nio encaminhar\u00e1 o processo \u00e0 Unidade beneficiada do bem, para confirma\u00e7\u00e3o do recebimento do mesmo. O transporte do bem at\u00e9 a UFPel dever\u00e1 ser ajustado entre a Unidade beneficiada e o Doador.<\/li>\n<\/ol>\n<\/li>\n<\/ol>\n<p style=\"text-align: justify;\"><strong>ATEN\u00c7\u00c3O<\/strong> : Caso a <strong>doa\u00e7\u00e3o seja de livro<\/strong>\u00a0dever\u00e1, obrigatoriamente, ter a manifesta\u00e7\u00e3o da Coordena\u00e7\u00e3o de Bibliotecas no processo SEI com a an\u00e1lise se os mesmo est\u00e3o compat\u00edveis com as pol\u00edticas de doa\u00e7\u00f5es de acervo bibliogr\u00e1fico \u00e0 UFPel.<\/p>\n<ul>\n<li style=\"text-align: justify;\">Para consultar os an\u00fancios no Doa\u00e7\u00f5es gov.br, acessar o link <a href=\"https:\/\/doacoes.gov.br\/\" target=\"_blank\" rel=\"noopener\">https:\/\/doacoes.gov.br\/<\/a>\u00a0 e seguir as orienta\u00e7\u00f5es abaixo.<\/li>\n<\/ul>\n<p>1. Clicar em &#8216;An\u00fancios&#8217;:<\/p>\n<p><img class=\"alignnone size-large wp-image-576\" src=\"https:\/\/wp.ufpel.edu.br\/nupat\/files\/2022\/04\/Imagem-1-1024x530.png\" alt=\"\" width=\"1024\" height=\"530\" srcset=\"https:\/\/wp.ufpel.edu.br\/nupat\/files\/2022\/04\/Imagem-1-1024x530.png 1024w, https:\/\/wp.ufpel.edu.br\/nupat\/files\/2022\/04\/Imagem-1-400x207.png 400w, https:\/\/wp.ufpel.edu.br\/nupat\/files\/2022\/04\/Imagem-1-768x397.png 768w, https:\/\/wp.ufpel.edu.br\/nupat\/files\/2022\/04\/Imagem-1-1536x795.png 1536w, https:\/\/wp.ufpel.edu.br\/nupat\/files\/2022\/04\/Imagem-1.png 1591w\" sizes=\"(max-width: 1024px) 100vw, 1024px\" \/><\/p>\n<p>2. Na tela seguinte poder\u00e1 ser aplicado os filtros (1), ao lado aparecer\u00e3o todos os itens dispon\u00edveis para doa\u00e7\u00e3o (2):<\/p>\n<p><img class=\"alignnone size-large wp-image-578\" src=\"https:\/\/wp.ufpel.edu.br\/nupat\/files\/2022\/04\/Imagem-2-1024x528.png\" alt=\"\" width=\"1024\" height=\"528\" srcset=\"https:\/\/wp.ufpel.edu.br\/nupat\/files\/2022\/04\/Imagem-2-1024x528.png 1024w, https:\/\/wp.ufpel.edu.br\/nupat\/files\/2022\/04\/Imagem-2-400x206.png 400w, https:\/\/wp.ufpel.edu.br\/nupat\/files\/2022\/04\/Imagem-2-768x396.png 768w, https:\/\/wp.ufpel.edu.br\/nupat\/files\/2022\/04\/Imagem-2-1536x793.png 1536w, https:\/\/wp.ufpel.edu.br\/nupat\/files\/2022\/04\/Imagem-2.png 1595w\" sizes=\"(max-width: 1024px) 100vw, 1024px\" \/><\/p>\n<p>3. Ap\u00f3s, clicar no an\u00fancio com o item que deseja manifestar interesse para obter as informa\u00e7\u00f5es necess\u00e1rias: C\u00f3digo do an\u00fancio (1) e o anunciante do item (2):<\/p>\n<p><img class=\"alignnone size-large wp-image-579\" src=\"https:\/\/wp.ufpel.edu.br\/nupat\/files\/2022\/04\/Imagem-3-1024x529.png\" alt=\"\" width=\"1024\" height=\"529\" srcset=\"https:\/\/wp.ufpel.edu.br\/nupat\/files\/2022\/04\/Imagem-3-1024x529.png 1024w, https:\/\/wp.ufpel.edu.br\/nupat\/files\/2022\/04\/Imagem-3-400x207.png 400w, https:\/\/wp.ufpel.edu.br\/nupat\/files\/2022\/04\/Imagem-3-768x397.png 768w, https:\/\/wp.ufpel.edu.br\/nupat\/files\/2022\/04\/Imagem-3-1536x793.png 1536w, https:\/\/wp.ufpel.edu.br\/nupat\/files\/2022\/04\/Imagem-3.png 1597w\" sizes=\"(max-width: 1024px) 100vw, 1024px\" \/><\/p>\n<p>&nbsp;<\/p>\n<p>&nbsp;<\/p>\n","protected":false},"excerpt":{"rendered":"<p>Recebimento de Doa\u00e7\u00f5es de terceiros para a UFPel: Qualquer doa\u00e7\u00e3o \u00e0 UFPel, seja ela com origem de pessoa f\u00edsica ou pessoa jur\u00eddica de direito privado, de acordo com a Instru\u00e7\u00e3o Normativa n\u00b0 11, de 29 de novembro de 2018, dever\u00e1 ocorrer, obrigatoriamente, atrav\u00e9s do Sistema Doa\u00e7\u00f5es gov.br. (https:\/\/doacoes.gov.br\/). Para isso, a Unidade interessada dever\u00e1 seguir [&hellip;]<\/p>\n","protected":false},"author":667,"featured_media":0,"parent":0,"menu_order":0,"comment_status":"closed","ping_status":"closed","template":"","meta":{"footnotes":""},"class_list":["post-13","page","type-page","status-publish","hentry"],"_links":{"self":[{"href":"https:\/\/wp.ufpel.edu.br\/nupat\/wp-json\/wp\/v2\/pages\/13","targetHints":{"allow":["GET"]}}],"collection":[{"href":"https:\/\/wp.ufpel.edu.br\/nupat\/wp-json\/wp\/v2\/pages"}],"about":[{"href":"https:\/\/wp.ufpel.edu.br\/nupat\/wp-json\/wp\/v2\/types\/page"}],"author":[{"embeddable":true,"href":"https:\/\/wp.ufpel.edu.br\/nupat\/wp-json\/wp\/v2\/users\/667"}],"replies":[{"embeddable":true,"href":"https:\/\/wp.ufpel.edu.br\/nupat\/wp-json\/wp\/v2\/comments?post=13"}],"version-history":[{"count":27,"href":"https:\/\/wp.ufpel.edu.br\/nupat\/wp-json\/wp\/v2\/pages\/13\/revisions"}],"predecessor-version":[{"id":595,"href":"https:\/\/wp.ufpel.edu.br\/nupat\/wp-json\/wp\/v2\/pages\/13\/revisions\/595"}],"wp:attachment":[{"href":"https:\/\/wp.ufpel.edu.br\/nupat\/wp-json\/wp\/v2\/media?parent=13"}],"curies":[{"name":"wp","href":"https:\/\/api.w.org\/{rel}","templated":true}]}}