{"id":10,"date":"2018-04-13T10:16:07","date_gmt":"2018-04-13T13:16:07","guid":{"rendered":"https:\/\/wp.ufpel.edu.br\/nupat\/?page_id=10"},"modified":"2026-02-06T13:57:27","modified_gmt":"2026-02-06T16:57:27","slug":"legislacoes","status":"publish","type":"page","link":"https:\/\/wp.ufpel.edu.br\/nupat\/legislacoes\/","title":{"rendered":"Legisla\u00e7\u00e3o"},"content":{"rendered":"<address>As opera\u00e7\u00f5es inerentes ao controle patrimonial est\u00e3o amparadas na seguinte legisla\u00e7\u00e3o:<\/address>\n<address>\u00a0<\/address>\n<address>&#8211; <a href=\"http:\/\/www.comprasnet.gov.br\/legislacao\/in\/in205_88.htm\" target=\"_blank\" rel=\"noopener\">Instru\u00e7\u00e3o Normativa n\u00b0 205\/88 da SEDAP<\/a> \u2013 que \u00e9 o principal instrumento que rege o controle de material, tanto de consumo, quanto permanente, na Administra\u00e7\u00e3o P\u00fablica Federal. Nela est\u00e3o descritas as principais atividades a serem desenvolvidas pelos \u00f3rg\u00e3os componentes da Administra\u00e7\u00e3o.<\/address>\n<address>\u00a0<\/address>\n<address>\u00a0&#8211;\u00a0 <a href=\"https:\/\/www.planalto.gov.br\/ccivil_03\/_ato2019-2022\/2022\/lei\/L14479.htm#:~:text=LEI%20N%C2%BA%2014.479%2C%20DE%2021,o%20Programa%20Computadores%20para%20Inclus%C3%A3o\" target=\"_blank\" rel=\"noopener\">Decreto n\u00ba12.785\u00a0 de 19 de Dezembro de 2025<\/a> &#8211; <span style=\"text-align: justify;\">Disp\u00f5e sobre\u00a0 mecanismos para promo\u00e7\u00e3o da circularidade de bens m\u00f3veis , no \u00e2mbito da administra\u00e7\u00e3o p\u00fablica federal direta , aut\u00e1rquica e fundacional.<\/span><\/address>\n<address>\u00a0<\/address>\n<address>\u00a0<a href=\"http:\/\/portalfns.saude.gov.br\/images\/banners\/Sigem\/Portaria_448_de_13_de_Setembro_de_2002.pdf\" target=\"_blank\" rel=\"noopener\">&#8211; Portaria n\u00b0 448 de 2002 da Secretaria do Tesouro Nacional<\/a>, que define o que s\u00e3o bens permanentes, consumo e servi\u00e7os, al\u00e9m do detalhamento da natureza de despesas para suas respectivas contas.<\/address>\n<address>\u00a0<\/address>\n<address><a href=\"http:\/\/www.planalto.gov.br\/Ccivil_03\/leis\/L4320.htm\" target=\"_blank\" rel=\"noopener\">&#8211; Lei n\u00b0 4.320 de 17 de mar\u00e7o de 1964<\/a>. Institui Normas Gerais de Direito Financeiro da Uni\u00e3o, dos Estados, dos Munic\u00edpios e do Distrito Federal, Bras\u00edlia 1964.<\/address>\n<address>\u00a0<\/address>\n<address><a href=\"http:\/\/www.planalto.gov.br\/ccivil_03\/Leis\/l8666cons.htm\" target=\"_blank\" rel=\"noopener\">&#8211; Lei n\u00ba 8.666, de 21 de junho de 1993<\/a>, pois o seu artigo 17 trata das Aliena\u00e7\u00f5es de Bens M\u00f3veis e Im\u00f3veis;<\/address>\n<address>\u00a0<\/address>\n<address>&#8211; <a href=\"http:\/\/www.planalto.gov.br\/ccivil_03\/_ato2004-2006\/2006\/decreto\/d5940.htm\" target=\"_blank\" rel=\"noopener\">Decreto n\u00ba 5.940, de 25 de outubro de 2006<\/a>, sobre doa\u00e7\u00f5es para associa\u00e7\u00f5es de catadores de res\u00edduos recicl\u00e1veis;<\/address>\n<address>\u00a0<\/address>\n<address>\u00a0<\/address>\n<address>\u00a0<\/address>\n<address>\u00a0<\/address>\n","protected":false},"excerpt":{"rendered":"<p>As opera\u00e7\u00f5es inerentes ao controle patrimonial est\u00e3o amparadas na seguinte legisla\u00e7\u00e3o: \u00a0 &#8211; Instru\u00e7\u00e3o Normativa n\u00b0 205\/88 da SEDAP \u2013 que \u00e9 o principal instrumento que rege o controle de material, tanto de consumo, quanto permanente, na Administra\u00e7\u00e3o P\u00fablica Federal. Nela est\u00e3o descritas as principais atividades a serem desenvolvidas pelos \u00f3rg\u00e3os componentes da Administra\u00e7\u00e3o. \u00a0 [&hellip;]<\/p>\n","protected":false},"author":667,"featured_media":0,"parent":0,"menu_order":0,"comment_status":"closed","ping_status":"closed","template":"","meta":{"footnotes":""},"class_list":["post-10","page","type-page","status-publish","hentry"],"_links":{"self":[{"href":"https:\/\/wp.ufpel.edu.br\/nupat\/wp-json\/wp\/v2\/pages\/10","targetHints":{"allow":["GET"]}}],"collection":[{"href":"https:\/\/wp.ufpel.edu.br\/nupat\/wp-json\/wp\/v2\/pages"}],"about":[{"href":"https:\/\/wp.ufpel.edu.br\/nupat\/wp-json\/wp\/v2\/types\/page"}],"author":[{"embeddable":true,"href":"https:\/\/wp.ufpel.edu.br\/nupat\/wp-json\/wp\/v2\/users\/667"}],"replies":[{"embeddable":true,"href":"https:\/\/wp.ufpel.edu.br\/nupat\/wp-json\/wp\/v2\/comments?post=10"}],"version-history":[{"count":3,"href":"https:\/\/wp.ufpel.edu.br\/nupat\/wp-json\/wp\/v2\/pages\/10\/revisions"}],"predecessor-version":[{"id":789,"href":"https:\/\/wp.ufpel.edu.br\/nupat\/wp-json\/wp\/v2\/pages\/10\/revisions\/789"}],"wp:attachment":[{"href":"https:\/\/wp.ufpel.edu.br\/nupat\/wp-json\/wp\/v2\/media?parent=10"}],"curies":[{"name":"wp","href":"https:\/\/api.w.org\/{rel}","templated":true}]}}