{"id":2,"date":"2017-05-26T21:29:45","date_gmt":"2017-05-27T00:29:45","guid":{"rendered":"https:\/\/wp.ufpel.edu.br\/numesa\/?page_id=2"},"modified":"2020-07-03T18:28:14","modified_gmt":"2020-07-03T21:28:14","slug":"pagina-exemplo","status":"publish","type":"page","link":"https:\/\/wp.ufpel.edu.br\/numesa\/","title":{"rendered":""},"content":{"rendered":"<div class=\"bodytext_center\"><strong><a href=\"https:\/\/wp.ufpel.edu.br\/labserg\/quem_somos\/#secao5\">CLIQUE AQUI PARA ACESSAR TODAS AS INFORMA\u00c7\u00d5ES SOBRE O NUMESA (N\u00daCLEO MULTIDISCIPLINAR EM ERGONOMIA, SEGURAN\u00c7A E ACESSIBILIDADE)<\/a><\/BR><\/BR>AGUARDAMOS SUA VISITA!!<\/strong><\/div>\n","protected":false},"excerpt":{"rendered":"<p>CLIQUE AQUI PARA ACESSAR TODAS AS INFORMA\u00c7\u00d5ES SOBRE O NUMESA (N\u00daCLEO MULTIDISCIPLINAR EM ERGONOMIA, SEGURAN\u00c7A E ACESSIBILIDADE)AGUARDAMOS SUA VISITA!!<\/p>\n","protected":false},"author":275,"featured_media":0,"parent":0,"menu_order":1,"comment_status":"closed","ping_status":"closed","template":"","meta":{"jetpack_post_was_ever_published":false,"footnotes":""},"class_list":["post-2","page","type-page","status-publish","hentry","nodate","item-wrap"],"jetpack_sharing_enabled":true,"jetpack_shortlink":"https:\/\/wp.me\/P8NaYk-2","_links":{"self":[{"href":"https:\/\/wp.ufpel.edu.br\/numesa\/wp-json\/wp\/v2\/pages\/2","targetHints":{"allow":["GET"]}}],"collection":[{"href":"https:\/\/wp.ufpel.edu.br\/numesa\/wp-json\/wp\/v2\/pages"}],"about":[{"href":"https:\/\/wp.ufpel.edu.br\/numesa\/wp-json\/wp\/v2\/types\/page"}],"author":[{"embeddable":true,"href":"https:\/\/wp.ufpel.edu.br\/numesa\/wp-json\/wp\/v2\/users\/275"}],"replies":[{"embeddable":true,"href":"https:\/\/wp.ufpel.edu.br\/numesa\/wp-json\/wp\/v2\/comments?post=2"}],"version-history":[{"count":28,"href":"https:\/\/wp.ufpel.edu.br\/numesa\/wp-json\/wp\/v2\/pages\/2\/revisions"}],"predecessor-version":[{"id":197,"href":"https:\/\/wp.ufpel.edu.br\/numesa\/wp-json\/wp\/v2\/pages\/2\/revisions\/197"}],"wp:attachment":[{"href":"https:\/\/wp.ufpel.edu.br\/numesa\/wp-json\/wp\/v2\/media?parent=2"}],"curies":[{"name":"wp","href":"https:\/\/api.w.org\/{rel}","templated":true}]}}