{"id":883,"date":"2021-07-05T15:40:05","date_gmt":"2021-07-05T18:40:05","guid":{"rendered":"https:\/\/wp.ufpel.edu.br\/numat\/?page_id=883"},"modified":"2021-07-07T17:46:02","modified_gmt":"2021-07-07T20:46:02","slug":"mapeamento-dos-processos","status":"publish","type":"page","link":"https:\/\/wp.ufpel.edu.br\/numat\/mapeamento-dos-processos\/","title":{"rendered":"Mapeamento dos processos"},"content":{"rendered":"<p style=\"text-align: justify\">Com o objetivo identificar as informa\u00e7\u00f5es, o fluxo e as partes envolvidas foi realizado o mapeamento dos processos relacionados \u00e0 aquisi\u00e7\u00f5es\/contrata\u00e7\u00f5es bem como ao acompanhamento da entrega dos materiais e servi\u00e7os. Os processos mapeados podem ser localizados na p\u00e1gina do Escrit\u00f3rio de Processos da UFPel, atrav\u00e9s do link:\u00a0<a href=\"https:\/\/wp.ufpel.edu.br\/escritoriodeprocessos\/processos-mapeados-ufpel\/\" target=\"_blank\" rel=\"noopener\">https:\/\/wp.ufpel.edu.br\/escritoriodeprocessos\/processos-mapeados-ufpel\/<\/a>.<\/p>\n","protected":false},"excerpt":{"rendered":"<p>Com o objetivo identificar as informa\u00e7\u00f5es, o fluxo e as partes envolvidas foi realizado o mapeamento dos processos relacionados \u00e0 aquisi\u00e7\u00f5es\/contrata\u00e7\u00f5es bem como ao acompanhamento da entrega dos materiais e servi\u00e7os. Os processos mapeados podem ser localizados na p\u00e1gina do Escrit\u00f3rio de Processos da UFPel, atrav\u00e9s do link:\u00a0https:\/\/wp.ufpel.edu.br\/escritoriodeprocessos\/processos-mapeados-ufpel\/.<\/p>\n","protected":false},"author":843,"featured_media":0,"parent":0,"menu_order":0,"comment_status":"closed","ping_status":"closed","template":"","meta":{"footnotes":""},"class_list":["post-883","page","type-page","status-publish","hentry"],"_links":{"self":[{"href":"https:\/\/wp.ufpel.edu.br\/numat\/wp-json\/wp\/v2\/pages\/883","targetHints":{"allow":["GET"]}}],"collection":[{"href":"https:\/\/wp.ufpel.edu.br\/numat\/wp-json\/wp\/v2\/pages"}],"about":[{"href":"https:\/\/wp.ufpel.edu.br\/numat\/wp-json\/wp\/v2\/types\/page"}],"author":[{"embeddable":true,"href":"https:\/\/wp.ufpel.edu.br\/numat\/wp-json\/wp\/v2\/users\/843"}],"replies":[{"embeddable":true,"href":"https:\/\/wp.ufpel.edu.br\/numat\/wp-json\/wp\/v2\/comments?post=883"}],"version-history":[{"count":4,"href":"https:\/\/wp.ufpel.edu.br\/numat\/wp-json\/wp\/v2\/pages\/883\/revisions"}],"predecessor-version":[{"id":906,"href":"https:\/\/wp.ufpel.edu.br\/numat\/wp-json\/wp\/v2\/pages\/883\/revisions\/906"}],"wp:attachment":[{"href":"https:\/\/wp.ufpel.edu.br\/numat\/wp-json\/wp\/v2\/media?parent=883"}],"curies":[{"name":"wp","href":"https:\/\/api.w.org\/{rel}","templated":true}]}}