{"id":84,"date":"2018-04-16T12:23:19","date_gmt":"2018-04-16T15:23:19","guid":{"rendered":"https:\/\/wp.ufpel.edu.br\/numat\/?page_id=84"},"modified":"2022-08-25T15:44:15","modified_gmt":"2022-08-25T18:44:15","slug":"nucleo-de-material","status":"publish","type":"page","link":"https:\/\/wp.ufpel.edu.br\/numat\/","title":{"rendered":"N\u00facleo de Material"},"content":{"rendered":"<p>O <strong>N\u00facleo de Material (NUMAT)<\/strong> tem como principais atribui\u00e7\u00f5es:<\/p>\n<ul>\n<li>Realizar a solicita\u00e7\u00e3o de compras e pesquisa de pre\u00e7os de itens comuns a todas as unidades da UFPel;<\/li>\n<li>Analisar e executar as solicita\u00e7\u00f5es de compras\/servi\u00e7os por dispensa, inexigibilidade de licita\u00e7\u00e3o e ades\u00e3o a ata de registro de pre\u00e7o de outros \u00f3rg\u00e3os ou entidades da Administra\u00e7\u00e3o P\u00fablica Federal;<\/li>\n<li>Analisar, executar e acompanhar as solicita\u00e7\u00f5es de compras por importa\u00e7\u00e3o e solicita\u00e7\u00e3o de envio de equipamentos importados para conserto no exterior;<\/li>\n<li>Analisar e executar as solicita\u00e7\u00f5es de pagamentos diversos como anuidades, cursos, publica\u00e7\u00f5es, assinaturas de revistas, jornais e peri\u00f3dicos, taxas diversas, multas, indeniza\u00e7\u00f5es, reconhecimento de passivo de pessoa jur\u00eddica;<\/li>\n<li>Analisar e executar as solicita\u00e7\u00f5es de anula\u00e7\u00e3o\/cancelamento de empenho;<\/li>\n<li>Conceder atestados de capacidade t\u00e9cnica para fornecedores;<\/li>\n<li>Solicitar a renova\u00e7\u00e3o de licen\u00e7a de funcionamento para a aquisi\u00e7\u00e3o de produtos qu\u00edmicos controlados pela Pol\u00edcia Federal e inser\u00e7\u00e3o no sistema Siproquim 2 das informa\u00e7\u00f5es enviadas pelas unidades que utilizam tais produtos;<\/li>\n<li>Controlar as notas de empenho com os prazos de entrega expirados, realizando contato com os fornecedores exigindo entrega dos materiais;<\/li>\n<li>Controlar o registro e atualiza\u00e7\u00f5es do cadastro de fornecedores, bem como as ocorr\u00eancias nos sistemas;<\/li>\n<li>Emitir empenhos relativos \u00e0s solicita\u00e7\u00f5es das unidades acad\u00eamicas e administrativas;<\/li>\n<li>Dar ci\u00eancia dos empenhos emitidos aos fornecedores;<\/li>\n<li>Controlar as aquisi\u00e7\u00f5es pelo Sistema de Registro de Pre\u00e7os;<\/li>\n<\/ul>\n<p>&nbsp;<\/p>\n<p>A <strong>Unidade de Almoxarifado Central<\/strong> <strong>(UALMOX)<\/strong> tem como principais atribui\u00e7\u00f5es:<\/p>\n<ul>\n<li>Receber e conferir materiais de consumo e suas respectivas notas fiscais;<\/li>\n<li>Entregar materiais de consumo nas unidades administrativas e acad\u00eamicas da UFPel;<\/li>\n<li>Encaminhar as notas fiscais para os devidos atestes, bem como para pagamento;<\/li>\n<li>Organizar e controlar a quantidade dos materiais em estoque;<\/li>\n<li>Lan\u00e7ar cr\u00e9dito para as unidades administrativas e acad\u00eamicas da UFPel;<\/li>\n<li>Elaborar relat\u00f3rio mensal para a Coordena\u00e7\u00e3o de Finan\u00e7as e Contabilidade.<\/li>\n<\/ul>\n<p>&nbsp;<\/p>\n<p><a href=\"https:\/\/wp.ufpel.edu.br\/pra\/contatos\/\" target=\"_blank\" rel=\"noopener noreferrer\">Equipe e Contatos<\/a><\/p>\n","protected":false},"excerpt":{"rendered":"<p>O N\u00facleo de Material (NUMAT) tem como principais atribui\u00e7\u00f5es: Realizar a solicita\u00e7\u00e3o de compras e pesquisa de pre\u00e7os de itens comuns a todas as unidades da UFPel; Analisar e executar as solicita\u00e7\u00f5es de compras\/servi\u00e7os por dispensa, inexigibilidade de licita\u00e7\u00e3o e ades\u00e3o a ata de registro de pre\u00e7o de outros \u00f3rg\u00e3os ou entidades da Administra\u00e7\u00e3o P\u00fablica [&hellip;]<\/p>\n","protected":false},"author":843,"featured_media":0,"parent":0,"menu_order":0,"comment_status":"closed","ping_status":"closed","template":"","meta":{"footnotes":""},"class_list":["post-84","page","type-page","status-publish","hentry"],"_links":{"self":[{"href":"https:\/\/wp.ufpel.edu.br\/numat\/wp-json\/wp\/v2\/pages\/84","targetHints":{"allow":["GET"]}}],"collection":[{"href":"https:\/\/wp.ufpel.edu.br\/numat\/wp-json\/wp\/v2\/pages"}],"about":[{"href":"https:\/\/wp.ufpel.edu.br\/numat\/wp-json\/wp\/v2\/types\/page"}],"author":[{"embeddable":true,"href":"https:\/\/wp.ufpel.edu.br\/numat\/wp-json\/wp\/v2\/users\/843"}],"replies":[{"embeddable":true,"href":"https:\/\/wp.ufpel.edu.br\/numat\/wp-json\/wp\/v2\/comments?post=84"}],"version-history":[{"count":64,"href":"https:\/\/wp.ufpel.edu.br\/numat\/wp-json\/wp\/v2\/pages\/84\/revisions"}],"predecessor-version":[{"id":1032,"href":"https:\/\/wp.ufpel.edu.br\/numat\/wp-json\/wp\/v2\/pages\/84\/revisions\/1032"}],"wp:attachment":[{"href":"https:\/\/wp.ufpel.edu.br\/numat\/wp-json\/wp\/v2\/media?parent=84"}],"curies":[{"name":"wp","href":"https:\/\/api.w.org\/{rel}","templated":true}]}}