{"id":65,"date":"2018-04-16T11:29:38","date_gmt":"2018-04-16T14:29:38","guid":{"rendered":"https:\/\/wp.ufpel.edu.br\/numat\/?page_id=65"},"modified":"2021-02-22T13:08:09","modified_gmt":"2021-02-22T16:08:09","slug":"formularios","status":"publish","type":"page","link":"https:\/\/wp.ufpel.edu.br\/numat\/formularios\/","title":{"rendered":"Formul\u00e1rios"},"content":{"rendered":"<p><strong><span style=\"color: #000000\">Com a implementa\u00e7\u00e3o do <span style=\"color: #0000ff\"><a style=\"color: #0000ff\" href=\"https:\/\/sei.ufpel.edu.br\/sip\/login.php?sigla_orgao_sistema=UFPel&amp;sigla_sistema=SEI&amp;infra_url=L3NlaS8=\" target=\"_blank\" rel=\"noopener noreferrer\">SEI!<\/a><\/span> ocorreram algumas altera\u00e7\u00f5es nas rotinas de envio dos pedidos \u00e0 CMP que j\u00e1 foram atualizadas nos <\/span><a href=\"https:\/\/wp.ufpel.edu.br\/pra\/cmp\/material\/tutoriais\/\"><span style=\"color: #0000ff\">tutoriais<\/span><\/a>.<\/strong><\/p>\n","protected":false},"excerpt":{"rendered":"<p>Com a implementa\u00e7\u00e3o do SEI! ocorreram algumas altera\u00e7\u00f5es nas rotinas de envio dos pedidos \u00e0 CMP que j\u00e1 foram atualizadas nos tutoriais.<\/p>\n","protected":false},"author":843,"featured_media":0,"parent":0,"menu_order":0,"comment_status":"closed","ping_status":"closed","template":"","meta":{"footnotes":""},"class_list":["post-65","page","type-page","status-publish","hentry"],"_links":{"self":[{"href":"https:\/\/wp.ufpel.edu.br\/numat\/wp-json\/wp\/v2\/pages\/65","targetHints":{"allow":["GET"]}}],"collection":[{"href":"https:\/\/wp.ufpel.edu.br\/numat\/wp-json\/wp\/v2\/pages"}],"about":[{"href":"https:\/\/wp.ufpel.edu.br\/numat\/wp-json\/wp\/v2\/types\/page"}],"author":[{"embeddable":true,"href":"https:\/\/wp.ufpel.edu.br\/numat\/wp-json\/wp\/v2\/users\/843"}],"replies":[{"embeddable":true,"href":"https:\/\/wp.ufpel.edu.br\/numat\/wp-json\/wp\/v2\/comments?post=65"}],"version-history":[{"count":12,"href":"https:\/\/wp.ufpel.edu.br\/numat\/wp-json\/wp\/v2\/pages\/65\/revisions"}],"predecessor-version":[{"id":675,"href":"https:\/\/wp.ufpel.edu.br\/numat\/wp-json\/wp\/v2\/pages\/65\/revisions\/675"}],"wp:attachment":[{"href":"https:\/\/wp.ufpel.edu.br\/numat\/wp-json\/wp\/v2\/media?parent=65"}],"curies":[{"name":"wp","href":"https:\/\/api.w.org\/{rel}","templated":true}]}}