{"id":516,"date":"2019-04-10T15:09:54","date_gmt":"2019-04-10T18:09:54","guid":{"rendered":"https:\/\/wp.ufpel.edu.br\/numat\/?page_id=516"},"modified":"2022-03-23T19:23:23","modified_gmt":"2022-03-23T22:23:23","slug":"codigo-siasg","status":"publish","type":"page","link":"https:\/\/wp.ufpel.edu.br\/numat\/codigo-siasg\/","title":{"rendered":"C\u00f3digo SIASG"},"content":{"rendered":"<p><span style=\"color: #000000\">Para consultar a especifica\u00e7\u00e3o de materiais, bem como o c\u00f3digo SIASG de material, acessar o link:<\/span><\/p>\n<h1 class=\"title\"><span style=\"font-size: 12pt\"><a href=\"https:\/\/catalogo.compras.gov.br\/cnbs-web\/busca\" target=\"_blank\" rel=\"noopener\"><span style=\"color: #0000ff\">CAT\u00c1LOGO DE MATERIAIS(CATMAT) E SERVI\u00c7OS(CATSER)<\/span><\/a><\/span><\/h1>\n","protected":false},"excerpt":{"rendered":"<p>Para consultar a especifica\u00e7\u00e3o de materiais, bem como o c\u00f3digo SIASG de material, acessar o link: CAT\u00c1LOGO DE MATERIAIS(CATMAT) E SERVI\u00c7OS(CATSER)<\/p>\n","protected":false},"author":843,"featured_media":0,"parent":0,"menu_order":0,"comment_status":"closed","ping_status":"closed","template":"","meta":{"footnotes":""},"class_list":["post-516","page","type-page","status-publish","hentry"],"_links":{"self":[{"href":"https:\/\/wp.ufpel.edu.br\/numat\/wp-json\/wp\/v2\/pages\/516","targetHints":{"allow":["GET"]}}],"collection":[{"href":"https:\/\/wp.ufpel.edu.br\/numat\/wp-json\/wp\/v2\/pages"}],"about":[{"href":"https:\/\/wp.ufpel.edu.br\/numat\/wp-json\/wp\/v2\/types\/page"}],"author":[{"embeddable":true,"href":"https:\/\/wp.ufpel.edu.br\/numat\/wp-json\/wp\/v2\/users\/843"}],"replies":[{"embeddable":true,"href":"https:\/\/wp.ufpel.edu.br\/numat\/wp-json\/wp\/v2\/comments?post=516"}],"version-history":[{"count":9,"href":"https:\/\/wp.ufpel.edu.br\/numat\/wp-json\/wp\/v2\/pages\/516\/revisions"}],"predecessor-version":[{"id":1020,"href":"https:\/\/wp.ufpel.edu.br\/numat\/wp-json\/wp\/v2\/pages\/516\/revisions\/1020"}],"wp:attachment":[{"href":"https:\/\/wp.ufpel.edu.br\/numat\/wp-json\/wp\/v2\/media?parent=516"}],"curies":[{"name":"wp","href":"https:\/\/api.w.org\/{rel}","templated":true}]}}