{"id":40,"date":"2018-04-13T10:29:40","date_gmt":"2018-04-13T13:29:40","guid":{"rendered":"https:\/\/wp.ufpel.edu.br\/numat\/?page_id=40"},"modified":"2026-01-20T11:47:44","modified_gmt":"2026-01-20T14:47:44","slug":"tutoriais","status":"publish","type":"page","link":"https:\/\/wp.ufpel.edu.br\/numat\/tutoriais\/","title":{"rendered":"Tutoriais"},"content":{"rendered":"<p><strong><strong class=\"collapseomatic \" id=\"id69d650b766856\"  tabindex=\"0\" title=\" Orienta\u00e7\u00f5es conforme Lei 14.133\/2021\"    > Orienta\u00e7\u00f5es conforme Lei 14.133\/2021<\/strong><div id=\"target-id69d650b766856\" class=\"collapseomatic_content \"><\/span><\/strong><\/p>\n<p><span style=\"font-size: 10pt;\"><a href=\"https:\/\/wp.ufpel.edu.br\/numat\/files\/2025\/03\/Orientacoes-Aquisicoes-Contratacoes-08.08-2.pptx.pdf\" target=\"_blank\" rel=\"noopener\">ORIENTA\u00c7\u00d5ES PARA AQUISI\u00c7\u00d5ES\/CONTRATA\u00c7\u00d5ES NA UFPEL (LEI 14.133\/2021)<\/a> (mar\u00e7o\/2025)<\/span><\/p>\n<p><span style=\"font-size: 10pt;\"><a href=\"https:\/\/wp.ufpel.edu.br\/numat\/files\/2023\/03\/Localizacao-da-Classe-Grupo-no-PGC.pdf\" target=\"_blank\" rel=\"noopener\">LOCALIZA\u00c7\u00c3O CLASSE\/GRUPO NO DFD<\/a>\u00a0(mar\u00e7o\/2023)<\/span><\/p>\n<p><span style=\"font-size: 10pt;\"><a href=\"https:\/\/wp.ufpel.edu.br\/numat\/files\/2026\/01\/Orientacoes-ETP-e-TR_Versao2_rev04.pdf\">ORIENTA\u00c7\u00d5ES PARA A ELABORA\u00c7\u00c3O DO ETP E DO TR<\/a> (janeiro\/2026)<\/span><\/p>\n<p><span style=\"font-size: 10pt;\"><a href=\"https:\/\/wp.ufpel.edu.br\/numat\/files\/2023\/07\/DECLARACAO-DE-QUE-NAO-EMPREGA-MENORES-MODELO.pdf\" target=\"_blank\" rel=\"noopener\">DECLARA\u00c7\u00c3O DE QUE N\u00c3O EMPREGA MENORES (MODELO)<\/a><\/span><\/p>\n<p><span style=\"font-size: 10.0pt;\"><a href=\"https:\/\/wp.ufpel.edu.br\/numat\/files\/2023\/02\/SEI_23110.003886_2023_04.pdf\" target=\"_blank\" rel=\"noopener\">MEMORANDO n\u00ba 01\/2023\/CMP\/PRA &#8211; ORIENTA\u00c7\u00d5ES INICIAIS DA TRANSI\u00c7\u00c3O PARA LEI N\u00ba14.133\/2021<\/a><\/span><\/p>\n<p><span style=\"font-size: 10pt;\"><a href=\"https:\/\/wp.ufpel.edu.br\/numat\/files\/2023\/02\/SEI_23110.006133_2023_42-2.pdf\" target=\"_blank\" rel=\"noopener\">MEMORANDO n\u00ba 04\/2023\/CMP\/PRA &#8211; ORIENTA\u00c7\u00d5ES INICIAIS DA TRANSI\u00c7\u00c3O PARA LEI N\u00ba14.133\/2021<\/a><\/span><\/p>\n<p><span style=\"font-size: 10pt;\"><a href=\"https:\/\/wp.ufpel.edu.br\/numat\/files\/2023\/03\/SEI_23110.009707_2023_34.pdf\" target=\"_blank\" rel=\"noopener\">MEMORANDO n\u00ba 06\/2023\/CMP\/PRA &#8211; ORIENTA\u00c7\u00d5ES COM RELA\u00c7\u00c3O AO C\u00d3DIGO SIASG<\/a><\/span><\/p>\n<p><span style=\"font-size: 10pt;\"><a href=\"https:\/\/wp.ufpel.edu.br\/numat\/files\/2023\/06\/SEI_23110.023494_2023_53.pdf\" target=\"_blank\" rel=\"noopener\">MEMORANDO n\u00ba 09\/2023\/CMP\/PRA &#8211; ORIENTA\u00c7\u00d5ES AN\u00c1LISE DE RISCOS<\/a><\/span><\/p>\n<p><span style=\"font-size: 10pt;\"><a href=\"https:\/\/wp.ufpel.edu.br\/numat\/files\/2025\/03\/SEI_23110.008006_2025_40.pdf\" target=\"_blank\" rel=\"noopener\">MEMORANDO n\u00ba 04\/2025\/CMP\/PRA &#8211; ORIENTA\u00c7\u00d5ES COM RELA\u00c7\u00c3O AO PREENCHIMENTO DO TR NO SEI<\/a><\/span><\/p>\n<p><span style=\"font-size: 10pt;\"><a href=\"https:\/\/wp.ufpel.edu.br\/numat\/files\/2025\/03\/SEI_23110.010516_2025_87.pdf\">MEMORANDO n\u00ba 06\/2025\/CMP\/PRA &#8211; ORIENTA\u00c7\u00d5ES SOBRE O PREENCHIMENTO DO C\u00d3DIGO NCM NOS PEDIDOS DO COBALTO<\/a><\/span><\/p>\n<p><span style=\"font-size: 10pt;\"><\/div><\/span><\/p>\n<p><strong><strong class=\"collapseomatic \" id=\"id69d650b76697f\" rel=\"-highlander\" tabindex=\"0\" title=\" Orienta\u00e7\u00f5es com rela\u00e7\u00e3o a pesquisa de pre\u00e7os\"    > Orienta\u00e7\u00f5es com rela\u00e7\u00e3o a pesquisa de pre\u00e7os<\/strong><div id=\"target-id69d650b76697f\" class=\"collapseomatic_content \"><\/strong><\/p>\n<p><span style=\"font-size: 10pt;\"><a href=\"https:\/\/wp.ufpel.edu.br\/numat\/files\/2025\/07\/Tutorial-busca-de-precos-atualizado-3-1.pptx.pdf\">TUTORIAL PARA BUSCA DE PRE\u00c7OS DE REFER\u00caNCIA<\/a> (julho\/2025)<\/span><\/p>\n<p><span style=\"font-size: 10pt;\"><a href=\"https:\/\/wp.ufpel.edu.br\/numat\/files\/2023\/03\/SOLICITACAO-DE-ORCAMENTO-PARA-FORNECEDORES.docx\">SOLICITA\u00c7\u00c3O DE OR\u00c7AMENTO PARA FORNECEDORES<\/a>\u00a0(fevereiro\/2023)<\/span><\/p>\n<p><span style=\"font-size: 10pt;\"><a href=\"https:\/\/wp.ufpel.edu.br\/numat\/files\/2023\/03\/Modelo-de-Orcamento-a-ser-fornecido-pelos-fornecedores-1.docx\">MODELO DE OR\u00c7AMENTO A SER PREENCHIDO PELOS FORNECEDORES<\/a>\u00a0(mar\u00e7o\/2023)<\/span><\/p>\n<p><span style=\"font-size: 10pt;\"><a href=\"https:\/\/wp.ufpel.edu.br\/numat\/files\/2023\/05\/TUTORIAL-PARA-BUSCA-DE-ATA-DE-PREGAO-1-1.pdf\">BUSCA DE ATA DE PREG\u00c3O<\/a>\u00a0(maio\/2023)<\/span><\/p>\n<p><span style=\"font-size: 10pt;\"><a href=\"https:\/\/wp.ufpel.edu.br\/numat\/files\/2023\/02\/Manual-Painel-de-precos-1.pdf\" target=\"_blank\" rel=\"noopener\">MANUAL DO USU\u00c1RIO PAINEL DE PRE\u00c7OS<\/a> <\/span>(<span style=\"font-size: 10pt;\">janeiro\/2018<\/span>)<\/p>\n<p><a href=\"https:\/\/paineldeprecos.planejamento.gov.br\/videos\" target=\"_blank\" rel=\"noopener\"><span style=\"font-size: 10pt;\">V\u00cdDEOS SOBRE O PAINEL DE PRE\u00c7OS<\/span><\/a><\/p>\n<p><a href=\"https:\/\/www.gov.br\/saude\/pt-br\/acesso-a-informacao\/banco-de-precos\" target=\"_blank\" rel=\"noopener\"><span style=\"font-size: 10pt;\">ORIENTA\u00c7\u00d5ES SOBRE O BANCO DE PRE\u00c7OS EM SA\u00daDE<\/span><\/a><\/p>\n<p><span style=\"font-size: 10pt;\"><a href=\"https:\/\/wp.ufpel.edu.br\/sei\/?page_id=698\" target=\"_blank\" rel=\"noopener noreferrer\"><\/div><\/a><\/span><\/p>\n<p><strong><strong class=\"collapseomatic \" id=\"id69d650b7669c3\" rel=\"-highlander\" tabindex=\"0\" title=\" Tutoriais Sistema de Compras Cobalto\"    > Tutoriais Sistema de Compras Cobalto<\/strong><div id=\"target-id69d650b7669c3\" class=\"collapseomatic_content \"><\/strong><\/p>\n<p><span style=\"font-size: 10pt;\"><a href=\"https:\/\/wp.ufpel.edu.br\/numat\/files\/2021\/03\/Rotina-para-conceder-acesso-modulos-compras-contratacao-e-orcamento-1.pdf\" target=\"_blank\" rel=\"noopener\">CONCEDER ACESSO M\u00d3DULOS COMPRAS\/CONTRATA\u00c7\u00d5ES E OR\u00c7AMENTO NO COBALTO<\/a> (mar\u00e7o\/2021)<\/span><\/p>\n<p><span style=\"font-size: 10pt;\"><a href=\"https:\/\/wp.ufpel.edu.br\/numat\/files\/2025\/07\/Orientacoes-Preenchimento-TR-Cobalto-Novas-Aquisicoes.pptx-4.pdf\" target=\"_blank\" rel=\"noopener\">SISTEMA DE COMPRAS:\u00a0 NOVA AQUISI\u00c7\u00c3O TERMO DE REFER\u00caNCIA MODELO AGU<\/a>\u00a0<\/span><span style=\"font-size: 10pt;\">(julho\/2025)<\/span><\/p>\n<p><span style=\"font-size: 10pt;\"><a href=\"https:\/\/wp.ufpel.edu.br\/numat\/files\/2021\/07\/Tutorial-Sistema-de-Compras-Nova-Aquisicao-Contratacao.pdf\" target=\"_blank\" rel=\"noopener\">SISTEMA DE COMPRAS:\u00a0 AQUISI\u00c7\u00c3O-CONTRATA\u00c7\u00c3O<\/a> <\/span><span style=\"font-size: 10pt;\">(junho\/2021)<\/span><\/p>\n<p><span style=\"font-size: 10pt;\">\u00a0<a href=\"https:\/\/wp.ufpel.edu.br\/numat\/files\/2021\/07\/Tutorial-Sistema-de-Compras-Pedido-SRP.pdf\" target=\"_blank\" rel=\"noopener\">SISTEMA DE COMPRAS: PEDIDOS PREG\u00c3O SRP<\/a> (junho\/2021)<\/span><\/p>\n<p><span style=\"font-size: 10pt;\"><a href=\"https:\/\/wp.ufpel.edu.br\/numat\/files\/2021\/03\/Tutorial-Sistema-de-Compras-Consulta-Empenho-1.pdf\" target=\"_blank\" rel=\"noopener\">SISTEMA DE COMPRAS: CONSULTA A EMPENHO<\/a> (mar\u00e7o\/2021)<\/span><\/p>\n<p><span style=\"font-size: 10pt;\"><a href=\"https:\/\/wp.ufpel.edu.br\/numat\/files\/2021\/03\/Tutorial-Sistema-de-Compras-Extrato-Linha-Orcamentaria-2.pdf\" target=\"_blank\" rel=\"noopener\">SISTEMA DE COMPRAS &#8211; EXTRATO LINHA OR\u00c7AMENT\u00c1RIA<\/a>\u00a0(mar\u00e7o\/2021)<\/span><\/p>\n<p><span style=\"font-size: 10pt;\"><\/div><\/span><\/p>\n<p><strong><strong class=\"collapseomatic \" id=\"id69d650b7669f2\" rel=\"-highlander\" tabindex=\"0\" title=\" Tutoriais SEI\"    > Tutoriais SEI<\/strong><div id=\"target-id69d650b7669f2\" class=\"collapseomatic_content \"><\/strong><\/p>\n<p><span style=\"font-size: 10pt;\"><a href=\"https:\/\/wp.ufpel.edu.br\/sei\/?page_id=698\" target=\"_blank\" rel=\"noopener noreferrer\">TUTORIAL PARA ENVIO DE SOLICITA\u00c7\u00c3O NOVAS AQUISI\u00c7\u00d5ES\/CONTRATA\u00c7\u00d5ES SEI <\/a>\u00a0(julho\/2021)<\/span><\/p>\n<p><span style=\"font-size: 10pt;\"><a href=\"https:\/\/wp.ufpel.edu.br\/sei\/?page_id=698\" target=\"_blank\" rel=\"noopener noreferrer\">TUTORIAL PARA ENVIO DE SOLICITA\u00c7\u00c3O PREG\u00d5ES SRP SEI <\/a>\u00a0(julho\/2021)<\/span><\/p>\n<p><span style=\"font-size: 10pt;\"><a href=\"https:\/\/wp.ufpel.edu.br\/sei\/?page_id=698\" target=\"_blank\" rel=\"noopener noreferrer\">TUTORIAL PARA ENVIO DE NOTAS FISCAIS PARA PAGAMENTO SEI<\/div><\/a><\/span><\/p>\n<p><strong><strong class=\"collapseomatic \" id=\"id69d650b766a17\" rel=\"-highlander\" tabindex=\"0\" title=\" Orienta\u00e7\u00f5es Natureza de Despesa e obten\u00e7\u00e3o c\u00f3digo SIASG\"    > Orienta\u00e7\u00f5es Natureza de Despesa e obten\u00e7\u00e3o c\u00f3digo SIASG<\/strong><div id=\"target-id69d650b766a17\" class=\"collapseomatic_content \"><\/strong><\/p>\n<p><span style=\"font-size: 10pt;\"><a href=\"https:\/\/wp.ufpel.edu.br\/numat\/files\/2021\/03\/NATUREZA-DE-DESPESA.pdf\" target=\"_blank\" rel=\"noopener noreferrer\">NATUREZA DE DESPESA<\/a><\/span><\/p>\n<p><span style=\"font-size: 10pt;\"><a href=\"https:\/\/wp.ufpel.edu.br\/numat\/files\/2023\/03\/TUTORIAL-PARA-OBTENCAO-DO-CODIGO-SIASG-1.pdf\">OBTEN\u00c7\u00c3O DO C\u00d3DIGO SIASG<\/a> (mar\u00e7o\/2023)<\/div><\/span><\/p>\n<p>&nbsp;<\/p>\n","protected":false},"excerpt":{"rendered":"<p>&nbsp;<\/p>\n","protected":false},"author":667,"featured_media":0,"parent":0,"menu_order":0,"comment_status":"closed","ping_status":"closed","template":"","meta":{"footnotes":""},"class_list":["post-40","page","type-page","status-publish","hentry"],"_links":{"self":[{"href":"https:\/\/wp.ufpel.edu.br\/numat\/wp-json\/wp\/v2\/pages\/40","targetHints":{"allow":["GET"]}}],"collection":[{"href":"https:\/\/wp.ufpel.edu.br\/numat\/wp-json\/wp\/v2\/pages"}],"about":[{"href":"https:\/\/wp.ufpel.edu.br\/numat\/wp-json\/wp\/v2\/types\/page"}],"author":[{"embeddable":true,"href":"https:\/\/wp.ufpel.edu.br\/numat\/wp-json\/wp\/v2\/users\/667"}],"replies":[{"embeddable":true,"href":"https:\/\/wp.ufpel.edu.br\/numat\/wp-json\/wp\/v2\/comments?post=40"}],"version-history":[{"count":4,"href":"https:\/\/wp.ufpel.edu.br\/numat\/wp-json\/wp\/v2\/pages\/40\/revisions"}],"predecessor-version":[{"id":1649,"href":"https:\/\/wp.ufpel.edu.br\/numat\/wp-json\/wp\/v2\/pages\/40\/revisions\/1649"}],"wp:attachment":[{"href":"https:\/\/wp.ufpel.edu.br\/numat\/wp-json\/wp\/v2\/media?parent=40"}],"curies":[{"name":"wp","href":"https:\/\/api.w.org\/{rel}","templated":true}]}}