{"id":34,"date":"2018-04-13T10:29:08","date_gmt":"2018-04-13T13:29:08","guid":{"rendered":"https:\/\/wp.ufpel.edu.br\/numat\/?page_id=34"},"modified":"2025-03-27T10:18:34","modified_gmt":"2025-03-27T13:18:34","slug":"produtos-quimicos-controlados","status":"publish","type":"page","link":"https:\/\/wp.ufpel.edu.br\/numat\/produtos-quimicos-controlados\/","title":{"rendered":"Prod.Qu\u00edmicos Controlados"},"content":{"rendered":"<p style=\"text-align: justify;\"><span style=\"font-weight: 400;\">O acompanhamento da aquisi\u00e7\u00e3o, uso, armazenamento e descarte dos produtos qu\u00edmicos controlados pelo Ex\u00e9rcito e pela Pol\u00edcia Federal \u00e9 realizado pelo N\u00facleo de Gest\u00e3o Ambiental (NGA), e a p\u00e1gina com todas as orienta\u00e7\u00f5es pode ser acessado atrav\u00e9s<\/span> deste <a href=\"https:\/\/wp.ufpel.edu.br\/npa\/produtos-quimicos-controlados\/\" target=\"_blank\" rel=\"noopener\">link<\/a>.<\/p>\n<p>&nbsp;<\/p>\n<p>&nbsp;<\/p>\n","protected":false},"excerpt":{"rendered":"<p>O acompanhamento da aquisi\u00e7\u00e3o, uso, armazenamento e descarte dos produtos qu\u00edmicos controlados pelo Ex\u00e9rcito e pela Pol\u00edcia Federal \u00e9 realizado pelo N\u00facleo de Gest\u00e3o Ambiental (NGA), e a p\u00e1gina com todas as orienta\u00e7\u00f5es pode ser acessado atrav\u00e9s deste link. &nbsp; &nbsp;<\/p>\n","protected":false},"author":667,"featured_media":0,"parent":0,"menu_order":0,"comment_status":"closed","ping_status":"closed","template":"","meta":{"footnotes":""},"class_list":["post-34","page","type-page","status-publish","hentry"],"_links":{"self":[{"href":"https:\/\/wp.ufpel.edu.br\/numat\/wp-json\/wp\/v2\/pages\/34","targetHints":{"allow":["GET"]}}],"collection":[{"href":"https:\/\/wp.ufpel.edu.br\/numat\/wp-json\/wp\/v2\/pages"}],"about":[{"href":"https:\/\/wp.ufpel.edu.br\/numat\/wp-json\/wp\/v2\/types\/page"}],"author":[{"embeddable":true,"href":"https:\/\/wp.ufpel.edu.br\/numat\/wp-json\/wp\/v2\/users\/667"}],"replies":[{"embeddable":true,"href":"https:\/\/wp.ufpel.edu.br\/numat\/wp-json\/wp\/v2\/comments?post=34"}],"version-history":[{"count":20,"href":"https:\/\/wp.ufpel.edu.br\/numat\/wp-json\/wp\/v2\/pages\/34\/revisions"}],"predecessor-version":[{"id":1547,"href":"https:\/\/wp.ufpel.edu.br\/numat\/wp-json\/wp\/v2\/pages\/34\/revisions\/1547"}],"wp:attachment":[{"href":"https:\/\/wp.ufpel.edu.br\/numat\/wp-json\/wp\/v2\/media?parent=34"}],"curies":[{"name":"wp","href":"https:\/\/api.w.org\/{rel}","templated":true}]}}