{"id":1563,"date":"2025-03-28T10:27:43","date_gmt":"2025-03-28T13:27:43","guid":{"rendered":"https:\/\/wp.ufpel.edu.br\/numat\/?page_id=1563"},"modified":"2025-10-28T09:52:17","modified_gmt":"2025-10-28T12:52:17","slug":"credenciamento","status":"publish","type":"page","link":"https:\/\/wp.ufpel.edu.br\/numat\/credenciamento\/","title":{"rendered":"Credenciamento"},"content":{"rendered":"<p><strong>Aviso de Credenciamento 2025<\/strong><\/p>\n<p><strong><strong class=\"collapseomatic \" id=\"id69d39b3841f7c\"  tabindex=\"0\" title=\" Abril\"    > Abril<\/strong><\/span><\/strong><\/p>\n<p><strong>Credenciamento de interessados em prestar servi\u00e7os de Leiloeiro Oficial, conforme condi\u00e7\u00f5es, quantidades e <\/strong><strong>exig\u00eancias estabelecidas neste Edital e seus anexos:<\/strong><\/p>\n<p><a href=\"https:\/\/wp.ufpel.edu.br\/numat\/files\/2025\/04\/SEI_3015793_PRA_Edital_Credenciamento_02_2025-1.pdf\">Edital_Credenciamento_02_2025 <\/a><\/p>\n<p><a href=\"https:\/\/wp.ufpel.edu.br\/numat\/files\/2025\/04\/SEI_2711928_PRA_Termo_de_Referencia_Serv_Credenciamento_c_con1.pdf\">Termo de Refer\u00eancia<\/a><\/p>\n<p><a href=\"https:\/\/wp.ufpel.edu.br\/numat\/files\/2025\/04\/SEI_3001805_PRA_Minuta_de_Contrato-1-1.pdf\">Minuta de Contrato<\/a><\/p>\n<p><a href=\"https:\/\/pncp.gov.br\/app\/editais\/92242080000100\/2025\/45\">https:\/\/pncp.gov.br\/app\/editais\/92242080000100\/2025\/45<\/a><\/p>\n<p><a href=\"https:\/\/wp.ufpel.edu.br\/numat\/files\/2025\/04\/SEI_3032117_Resposta-a-impugnacao-edital-02-2025.pdf\">SEI_3032117_Resposta a impugna\u00e7\u00e3o edital 02 2025<\/a><\/p>\n<p><a href=\"https:\/\/wp.ufpel.edu.br\/numat\/files\/2025\/04\/SEI_3032225_PRA_Edital_Credenciamento_02_2025-RETIFICADO.pdf\">SEI_3032225_PRA_Edital_Credenciamento_02_2025 RETIFICADO ap\u00f3s impugna\u00e7\u00e3o <\/a><\/p>\n<p><a href=\"https:\/\/pncp.gov.br\/app\/editais\/92242080000100\/2025\/49\">https:\/\/pncp.gov.br\/app\/editais\/92242080000100\/2025\/49<\/a><\/p>\n<p><a href=\"https:\/\/wp.ufpel.edu.br\/numat\/files\/2025\/05\/SEI_3045860_Ata_de_Reuniao.pdf\">SEI_3045860_Ata_de_Reuniao<\/a><\/p>\n<p><strong>Link de acesso a sess\u00e3o do sorteio agendado para o dia 12\/05\/2025 a partir das 14h<\/strong><\/p>\n<p><a href=\"https:\/\/webconf.ufpel.edu.br\/b\/jac-uu9-gdu-yl9\">https:\/\/webconf.ufpel.edu.br\/b\/jac-uu9-gdu-yl9<\/a><\/p>\n<p><a href=\"https:\/\/wp.ufpel.edu.br\/numat\/files\/2025\/05\/SEI_3056960_Ata_de_Reuniao-Retificada.pdf\">SEI_3056960_Ata_de_Reuniao Retificada<\/a><\/p>\n<p><strong>Resultado do sorteio com a ordem de classifica\u00e7\u00e3o dos credenciados:<\/strong><\/p>\n<p><a href=\"https:\/\/wp.ufpel.edu.br\/numat\/files\/2025\/05\/SEI_3063860_Ata_de_Reuniao-1.pdf\">SEI_3063860_Ata_de_Reuniao Sorteio<\/a><\/p>\n<p><strong>Publica\u00e7\u00e3o de solicita\u00e7\u00f5es de credenciamento fora do prazo estipulado:<\/strong><\/p>\n<p><a href=\"https:\/\/wp.ufpel.edu.br\/numat\/files\/2025\/05\/SEI_3064846_Despacho.pdf\">SEI_3064846_Despacho<\/a><\/p>\n<p><strong><strong class=\"collapseomatic \" id=\"id69d39b3842015\"  tabindex=\"0\" title=\" Junho\"    > Junho<\/strong><\/span><\/strong><\/p>\n<p><strong>Credenciamento de pessoas jur\u00eddicas e\/ou f\u00edsicas, que comercializem produtos e\/ou servi\u00e7os, interessadas em apresentar proposta para participa\u00e7\u00e3o no Clube de Benef\u00edcios a Servidores(as) da UFPel, conforme condi\u00e7\u00f5es e exig\u00eancias estabelecidas neste Edital e seus anexos:<\/strong><\/p>\n<p><a href=\"https:\/\/wp.ufpel.edu.br\/numat\/files\/2025\/06\/SEI_3121888_PRA_Edital_Credenciamento_03_2025.pdf\">SEI_3121888_PRA_Edital_Credenciamento_03_2025<\/a><\/p>\n<p><a href=\"https:\/\/wp.ufpel.edu.br\/numat\/files\/2025\/06\/ANEXO-I-TERMO-DE-ADESAO-03_2025.pdf\">ANEXO I TERMO DE ADES\u00c3O 03_2025<\/a><\/p>\n<p><a href=\"https:\/\/wp.ufpel.edu.br\/numat\/files\/2025\/06\/ANEXO-II-FORMULARIO-DE-DESINSTENCIA-03_2025.pdf\">ANEXO II FORMUL\u00c1RIO DE DESINST\u00caNCIA 03_2025<\/a><\/p>\n<p><a href=\"https:\/\/pncp.gov.br\/app\/editais\/92242080000100\/2025\/110\">https:\/\/pncp.gov.br\/app\/editais\/92242080000100\/2025\/110<\/a><\/p>\n<p><a href=\"https:\/\/wp.ufpel.edu.br\/numat\/files\/2025\/10\/SEI_3400757_PRA_Edital_Credenciamento_03_2025_Retificado-2.pdf\">SEI_3400757_PRA_Edital_Credenciamento_03_2025_Retificado<\/a><\/p>\n<p><a href=\"https:\/\/wp.ufpel.edu.br\/numat\/files\/2025\/10\/ANEXO_1-1.pdf\">Anexo I TERMO DE ADES\u00c3O 03\/2025 RETIFICADO<\/a><\/p>\n<p><a href=\"https:\/\/wp.ufpel.edu.br\/numat\/files\/2025\/10\/ANEXO_2.pdf\">Anexo II FORMUL\u00c1RIO DE DESIST\u00caNCIA 03\/2025 RETIFICADO<\/a><\/p>\n<p><a href=\"https:\/\/pncp.gov.br\/app\/editais\/92242080000100\/2025\/316\">https:\/\/pncp.gov.br\/app\/editais\/92242080000100\/2025\/316<\/a><\/p>\n<p>&nbsp;<\/p>\n","protected":false},"excerpt":{"rendered":"<p>Aviso de Credenciamento 2025 Credenciamento de interessados em prestar servi\u00e7os de Leiloeiro Oficial, conforme condi\u00e7\u00f5es, quantidades e exig\u00eancias estabelecidas neste Edital e seus anexos: Edital_Credenciamento_02_2025 Termo de Refer\u00eancia Minuta de Contrato https:\/\/pncp.gov.br\/app\/editais\/92242080000100\/2025\/45 SEI_3032117_Resposta a impugna\u00e7\u00e3o edital 02 2025 SEI_3032225_PRA_Edital_Credenciamento_02_2025 RETIFICADO ap\u00f3s impugna\u00e7\u00e3o https:\/\/pncp.gov.br\/app\/editais\/92242080000100\/2025\/49 SEI_3045860_Ata_de_Reuniao Link de acesso a sess\u00e3o do sorteio agendado para o dia [&hellip;]<\/p>\n","protected":false},"author":843,"featured_media":0,"parent":0,"menu_order":0,"comment_status":"closed","ping_status":"closed","template":"","meta":{"footnotes":""},"class_list":["post-1563","page","type-page","status-publish","hentry"],"_links":{"self":[{"href":"https:\/\/wp.ufpel.edu.br\/numat\/wp-json\/wp\/v2\/pages\/1563","targetHints":{"allow":["GET"]}}],"collection":[{"href":"https:\/\/wp.ufpel.edu.br\/numat\/wp-json\/wp\/v2\/pages"}],"about":[{"href":"https:\/\/wp.ufpel.edu.br\/numat\/wp-json\/wp\/v2\/types\/page"}],"author":[{"embeddable":true,"href":"https:\/\/wp.ufpel.edu.br\/numat\/wp-json\/wp\/v2\/users\/843"}],"replies":[{"embeddable":true,"href":"https:\/\/wp.ufpel.edu.br\/numat\/wp-json\/wp\/v2\/comments?post=1563"}],"version-history":[{"count":4,"href":"https:\/\/wp.ufpel.edu.br\/numat\/wp-json\/wp\/v2\/pages\/1563\/revisions"}],"predecessor-version":[{"id":1647,"href":"https:\/\/wp.ufpel.edu.br\/numat\/wp-json\/wp\/v2\/pages\/1563\/revisions\/1647"}],"wp:attachment":[{"href":"https:\/\/wp.ufpel.edu.br\/numat\/wp-json\/wp\/v2\/media?parent=1563"}],"curies":[{"name":"wp","href":"https:\/\/api.w.org\/{rel}","templated":true}]}}