{"id":121,"date":"2018-04-16T14:10:38","date_gmt":"2018-04-16T17:10:38","guid":{"rendered":"https:\/\/wp.ufpel.edu.br\/numat\/?page_id=121"},"modified":"2021-07-13T22:36:28","modified_gmt":"2021-07-14T01:36:28","slug":"importacao","status":"publish","type":"page","link":"https:\/\/wp.ufpel.edu.br\/numat\/importacao\/","title":{"rendered":"Importa\u00e7\u00e3o"},"content":{"rendered":"<p>A rela\u00e7\u00e3o dos documentos necess\u00e1rios para a importa\u00e7\u00e3o pode ser solicitado atrav\u00e9s do e-mail: materialufpel@gmail.com.<\/p>\n<p>&nbsp;<\/p>\n","protected":false},"excerpt":{"rendered":"<p>A rela\u00e7\u00e3o dos documentos necess\u00e1rios para a importa\u00e7\u00e3o pode ser solicitado atrav\u00e9s do e-mail: materialufpel@gmail.com. &nbsp;<\/p>\n","protected":false},"author":843,"featured_media":0,"parent":0,"menu_order":0,"comment_status":"closed","ping_status":"closed","template":"","meta":{"footnotes":""},"class_list":["post-121","page","type-page","status-publish","hentry"],"_links":{"self":[{"href":"https:\/\/wp.ufpel.edu.br\/numat\/wp-json\/wp\/v2\/pages\/121","targetHints":{"allow":["GET"]}}],"collection":[{"href":"https:\/\/wp.ufpel.edu.br\/numat\/wp-json\/wp\/v2\/pages"}],"about":[{"href":"https:\/\/wp.ufpel.edu.br\/numat\/wp-json\/wp\/v2\/types\/page"}],"author":[{"embeddable":true,"href":"https:\/\/wp.ufpel.edu.br\/numat\/wp-json\/wp\/v2\/users\/843"}],"replies":[{"embeddable":true,"href":"https:\/\/wp.ufpel.edu.br\/numat\/wp-json\/wp\/v2\/comments?post=121"}],"version-history":[{"count":7,"href":"https:\/\/wp.ufpel.edu.br\/numat\/wp-json\/wp\/v2\/pages\/121\/revisions"}],"predecessor-version":[{"id":948,"href":"https:\/\/wp.ufpel.edu.br\/numat\/wp-json\/wp\/v2\/pages\/121\/revisions\/948"}],"wp:attachment":[{"href":"https:\/\/wp.ufpel.edu.br\/numat\/wp-json\/wp\/v2\/media?parent=121"}],"curies":[{"name":"wp","href":"https:\/\/api.w.org\/{rel}","templated":true}]}}