{"id":1195,"date":"2023-06-20T21:57:48","date_gmt":"2023-06-21T00:57:48","guid":{"rendered":"https:\/\/wp.ufpel.edu.br\/numat\/?page_id=1195"},"modified":"2023-10-04T21:09:47","modified_gmt":"2023-10-05T00:09:47","slug":"almoxarifado-central","status":"publish","type":"page","link":"https:\/\/wp.ufpel.edu.br\/numat\/almoxarifado-central\/","title":{"rendered":"Almoxarifado Central"},"content":{"rendered":"<p><strong><strong class=\"collapseomatic \" id=\"id69d580040e9cb\" rel=\"-highlander\" tabindex=\"0\" title=\" Orienta\u00e7\u00f5es utiliza\u00e7\u00e3o do sistema SIADS e funcionalidades do Cobalto\"    > Orienta\u00e7\u00f5es utiliza\u00e7\u00e3o do sistema SIADS e funcionalidades do Cobalto<\/strong><div id=\"target-id69d580040e9cb\" class=\"collapseomatic_content \"><\/strong><\/p>\n<p><span style=\"font-size: 10pt;\"> <a href=\"https:\/\/wp.ufpel.edu.br\/numat\/files\/2023\/06\/SEI_23110.022956_2023_15.pdf\" target=\"_blank\" rel=\"noopener\">Memorando-Circular n\u00ba 8\/2023\/CMP\/PRA\/REITORIA\u00a0<\/a> &#8211; <\/span><strong><em>Orienta\u00e7\u00f5es iniciais sobre a utiliza\u00e7\u00e3o do SIADS para pedidos de itens em estoque no Amoxarifado<\/em><\/strong><\/p>\n<p><strong>OBS.:<\/strong> Em complementa\u00e7\u00e3o ao Memorando-Circular n\u00ba 8\/2023\/CMP\/PRA\/REITORIA, informamos que caso a sua Unidade n\u00e3o esteja cadastrada no SIADS \u00e9 necess\u00e1rio, inicialmente, solicitar o cadastro da Unidade atrav\u00e9s do documento SEI &#8216;PRA Formul\u00e1rio p\/cria\u00e7\u00e3o Unidade no sistema SIADS&#8217;, encaminhando \u00e0 Se\u00e7\u00e3o de Empenhos (SEMP). SOMENTE ap\u00f3s esse cadastro ser\u00e1 poss\u00edvel vincular o usu\u00e1rio a respectiva Unidade.<\/p>\n<p><span style=\"font-size: 10pt;\"><a href=\"https:\/\/wp.ufpel.edu.br\/numat\/files\/2023\/10\/SEI_23110.038830_2023_62.pdf\">Memorando-Circular n\u00ba 5\/2023\/UALMOX\/NUMAT\/CMP\/PRA\/REITORIA<\/a> &#8211; <\/span><span style=\"font-size: 10pt;\"><strong><em><span style=\"font-size: 12pt;\">Disponibiliza\u00e7\u00e3o de funcionalidades no Cobalto e prazos de requisi\u00f5es de itens do estoque do<\/span><\/em><\/strong><em><span style=\"font-size: 12pt;\"> <strong>Almoxarifado Central<\/strong> <\/span><\/em><\/div><\/span><\/p>\n<p><strong><strong class=\"collapseomatic \" id=\"id69d580040ea81\" rel=\"-highlander\" tabindex=\"0\" title=\" Listagem C\u00f3digo Unidades Requisitantes\"    > Listagem C\u00f3digo Unidades Requisitantes<\/strong><div id=\"target-id69d580040ea81\" class=\"collapseomatic_content \"><\/strong><\/p>\n<p><span style=\"font-size: 10pt;\"><a href=\"https:\/\/wp.ufpel.edu.br\/numat\/files\/2023\/09\/Relacao-UORG-Requisitante.xlsx-Planilha1-1.pdf\">Rela\u00e7\u00e3o UORG Requisitante<\/a>\u00a0<\/span><span style=\"font-size: 10pt;\"><\/div><\/span><\/p>\n<p><strong><strong class=\"collapseomatic \" id=\"id69d580040eab0\" rel=\"-highlander\" tabindex=\"0\" title=\" Consulta Saldo Or\u00e7ament\u00e1rio Dispon\u00edvel Almoxarifado\"    > Consulta Saldo Or\u00e7ament\u00e1rio Dispon\u00edvel Almoxarifado<\/strong><div id=\"target-id69d580040eab0\" class=\"collapseomatic_content \"><\/strong><\/p>\n<p><span style=\"font-size: 10pt;\"><strong><em>Para consultas at\u00e9 setembro de 2023: <\/em><\/strong><a href=\"https:\/\/docs.google.com\/spreadsheets\/d\/14-bq6lqLOdcLwUdJ04ltgY65fodrjFuS\/edit?usp=sharing&amp;ouid=112045410268368034957&amp;rtpof=true&amp;sd=true\" target=\"_blank\" rel=\"noopener\">Controle Saldo Or\u00e7ament\u00e1rio Almoxarifado por Unidade<\/a>\u00a0<\/span><\/p>\n<p><span style=\"font-size: 10pt;\"><em><strong>Para consultas a partir de outubro de 2023<\/strong><\/em>: <a href=\"https:\/\/wp.ufpel.edu.br\/numat\/files\/2023\/10\/Consulta-Saldo-Orcamentario-da-Unidade.pdf\">Consulta Saldo Orcamentario da Unidade<\/a>.<\/span><span style=\"font-size: 10pt; color: var(--cor-texto); font-family: var(--fonte-corpo);\"><\/div><\/span><\/p>\n<p><strong><strong class=\"collapseomatic \" id=\"id69d580040eaf3\" rel=\"-highlander\" tabindex=\"0\" title=\" Capacita\u00e7\u00e3o SIADS Almoxarifado\"    > Capacita\u00e7\u00e3o SIADS Almoxarifado<\/strong><div id=\"target-id69d580040eaf3\" class=\"collapseomatic_content \"><\/strong><\/p>\n<p><span style=\"font-size: 10pt;\"><a href=\"https:\/\/wp.ufpel.edu.br\/numat\/files\/2023\/06\/Treinamento-SIADS.pptx-1.pdf\" target=\"_blank\" rel=\"noopener\">Apresenta\u00e7\u00e3o Treinamento SIADS (27 e 29\/06\/2023)<\/a><\/span><\/p>\n<p><span style=\"font-size: 10pt;\"><span style=\"font-size: 12pt;\"><strong>OBS<\/strong>.: Informamos que a partir de outubro\/2023 os pedidos dos vales \u00e1gua e g\u00e1s, assim como a consulta ao saldo or\u00e7ament\u00e1rio dispon\u00edvel por Unidade ocorrer\u00e3o atrav\u00e9s do Cobalto, conforme orienta\u00e7\u00f5es constantes no <a href=\"https:\/\/wp.ufpel.edu.br\/numat\/files\/2023\/10\/SEI_23110.038830_2023_62-1.pdf\">Memorando-Circular n\u00ba 5\/2023\/UALMOX\/NUMAT\/CMP\/PRA\/REITORIA<\/a>.\u00a0<\/span> <\/div><\/span><\/p>\n<p><strong><strong class=\"collapseomatic \" id=\"id69d580040eb29\" rel=\"-highlander\" tabindex=\"0\" title=\" Tutorias Cobalto Almoxarifado\"    > Tutorias Cobalto Almoxarifado<\/strong><div id=\"target-id69d580040eb29\" class=\"collapseomatic_content \"><\/strong><\/p>\n<p><strong>Para uso pelas Unidades Demandantes:<\/strong><\/p>\n<p><a href=\"https:\/\/wp.ufpel.edu.br\/numat\/files\/2023\/09\/Consulta-Saldo-Orcamentario-da-Unidade.pdf\">Consulta Saldo Or\u00e7ament\u00e1rio da Unidade<\/a><\/p>\n<p><a href=\"https:\/\/wp.ufpel.edu.br\/numat\/files\/2023\/09\/Consulta-ao-quantitativo-e-valores-dos-vales-agua-e-gas-no-Cobalto.pdf\">Consulta ao quantitativo e valores dos vales \u00e1gua e g\u00e1s no Cobalto<\/a><\/p>\n<p><a href=\"https:\/\/wp.ufpel.edu.br\/numat\/files\/2023\/09\/Solicitacao-de-vale-agua-e-vale-gas-do-Almoxarifado-Central.pdf\">Solicita\u00e7\u00e3o de vale \u00e1gua e vale g\u00e1s do Almoxarifado Central<\/a><\/p>\n<p><strong>Para uso pela Unidade de Almoxarifado:<\/strong><\/p>\n<p><a href=\"https:\/\/wp.ufpel.edu.br\/numat\/files\/2023\/09\/Cadastro-de-vales-agua-e-gas-no-Cobalto.pdf\">Cadastro de vales \u00e1gua e g\u00e1s no Cobalto<\/a><\/p>\n<p><a href=\"https:\/\/wp.ufpel.edu.br\/numat\/files\/2023\/09\/Consulta-ao-quantitativo-e-valores-dos-vales-agua-e-gas-no-Cobalto-1.pdf\">Consulta ao quantitativo e valores dos vales \u00e1gua e g\u00e1s no Cobalto<\/a><\/p>\n<p><a href=\"https:\/\/wp.ufpel.edu.br\/numat\/files\/2023\/10\/Consulta-Saldo-Orcamentario-da-Unidade-Almoxarifado-1.pdf\">Consulta Saldo Or\u00e7ament\u00e1rio da Unidade &#8211; Almoxarifado<\/a><\/p>\n<p><a href=\"https:\/\/wp.ufpel.edu.br\/numat\/files\/2023\/09\/Atendendo-as-requisicoes-vales-agua-e-gas.pdf\">Atendendo as requisi\u00e7\u00f5es vales \u00e1gua e g\u00e1s<\/a><\/p>\n<p><a href=\"https:\/\/wp.ufpel.edu.br\/numat\/files\/2023\/09\/Atendendo-as-requisicoes-SIADS.pdf\">Atendendo as requisi\u00e7\u00f5es SIADS<\/a><span style=\"font-size: 10pt;\"><\/div><\/span><\/p>\n<p><strong><strong class=\"collapseomatic \" id=\"id69d580040eb54\" rel=\"-highlander\" tabindex=\"0\" title=\" Tutorias SIADS\"    > Tutorias SIADS<\/strong><div id=\"target-id69d580040eb54\" class=\"collapseomatic_content \"><\/strong><\/p>\n<p><span style=\"font-size: 10pt;\">Link de acesso:\u00a0<a href=\"https:\/\/siads.fazenda.gov.br\/tutorial\/html\/index.html\" target=\"_blank\" rel=\"noopener\">https:\/\/siads.fazenda.gov.br\/tutorial\/html\/index.html<\/a> <\/span><span style=\"font-size: 10pt;\"><\/div><\/span><\/p>\n<p><strong><strong class=\"collapseomatic \" id=\"id69d580040eb75\" rel=\"-highlander\" tabindex=\"0\" title=\" Relat\u00f3rios SIADS\"    > Relat\u00f3rios SIADS<\/strong><div id=\"target-id69d580040eb75\" class=\"collapseomatic_content \"><\/strong><\/p>\n<p><span style=\"font-size: 12pt;\"><strong>Para consultar os materiais dispon\u00edveis em estoque no almoxarifado:<\/strong><\/span><\/p>\n<p>No SIADS acessar Estoque-Relat\u00f3rios-Invent\u00e1rio Consumo\/Permanente Atual.<\/p>\n<p>Preencher os campos: \u201c<em>UORG<\/em>\u201d selecionando a op\u00e7\u00e3o \u201c<em>056744 \u2013 ALMOX FUF-PELOTAS<\/em>\u201d e a \u201c<em>Natureza de Bens<\/em>\u201d selecionando a op\u00e7\u00e3o \u201cMaterial de Consumo\u201d.<\/p>\n<p>&nbsp;<\/p>\n<p><strong>Para consultar o consumo mensal da Unidade:<\/strong><\/p>\n<p>No SIADS acessar Estoque-Relat\u00f3rios-Consumo por UASG\/UORG\/Material Novo.<\/p>\n<p>Preencher os campos: <em>\u201cUORG\u201d<\/em> localizar a UGR correspondente da Unidade, a \u201c<em>Natureza de Bens<\/em>\u201d selecionando a op\u00e7\u00e3o \u201c<em>Material de Consumo<\/em>\u201d e o per\u00edodo correspondente.<span style=\"font-size: 10pt;\"><\/div><\/span><\/p>\n<p><strong><strong class=\"collapseomatic \" id=\"id69d580040eb9b\" rel=\"-highlander\" tabindex=\"0\" title=\" Acesso ao sistema SIADS\"    > Acesso ao sistema SIADS<\/strong><div id=\"target-id69d580040eb9b\" class=\"collapseomatic_content \"><\/strong><\/p>\n<p><span style=\"font-size: 10pt;\">Link de acesso:\u00a0<a href=\"https:\/\/siads.fazenda.gov.br\/siadsweb\/login\" target=\"_blank\" rel=\"noopener\">https:\/\/siads.fazenda.gov.br\/siadsweb\/login<\/a> <\/span><span style=\"font-size: 10pt;\"><\/div><\/span><\/p>\n<p>&nbsp;<\/p>\n<p>&nbsp;<\/p>\n<p>&nbsp;<\/p>\n","protected":false},"excerpt":{"rendered":"<p>&nbsp; &nbsp; &nbsp;<\/p>\n","protected":false},"author":843,"featured_media":0,"parent":0,"menu_order":0,"comment_status":"closed","ping_status":"closed","template":"","meta":{"footnotes":""},"class_list":["post-1195","page","type-page","status-publish","hentry"],"_links":{"self":[{"href":"https:\/\/wp.ufpel.edu.br\/numat\/wp-json\/wp\/v2\/pages\/1195","targetHints":{"allow":["GET"]}}],"collection":[{"href":"https:\/\/wp.ufpel.edu.br\/numat\/wp-json\/wp\/v2\/pages"}],"about":[{"href":"https:\/\/wp.ufpel.edu.br\/numat\/wp-json\/wp\/v2\/types\/page"}],"author":[{"embeddable":true,"href":"https:\/\/wp.ufpel.edu.br\/numat\/wp-json\/wp\/v2\/users\/843"}],"replies":[{"embeddable":true,"href":"https:\/\/wp.ufpel.edu.br\/numat\/wp-json\/wp\/v2\/comments?post=1195"}],"version-history":[{"count":48,"href":"https:\/\/wp.ufpel.edu.br\/numat\/wp-json\/wp\/v2\/pages\/1195\/revisions"}],"predecessor-version":[{"id":1435,"href":"https:\/\/wp.ufpel.edu.br\/numat\/wp-json\/wp\/v2\/pages\/1195\/revisions\/1435"}],"wp:attachment":[{"href":"https:\/\/wp.ufpel.edu.br\/numat\/wp-json\/wp\/v2\/media?parent=1195"}],"curies":[{"name":"wp","href":"https:\/\/api.w.org\/{rel}","templated":true}]}}