{"id":10,"date":"2018-04-13T10:26:03","date_gmt":"2018-04-13T13:26:03","guid":{"rendered":"https:\/\/wp.ufpel.edu.br\/numat\/?page_id=10"},"modified":"2025-09-30T11:26:57","modified_gmt":"2025-09-30T14:26:57","slug":"certidoes","status":"publish","type":"page","link":"https:\/\/wp.ufpel.edu.br\/numat\/certidoes\/","title":{"rendered":"Certid\u00f5es"},"content":{"rendered":"<p>Sites para consulta das certid\u00f5es de Pessoa Jur\u00eddica:<\/p>\n<p><a href=\"https:\/\/servicos.receitafederal.gov.br\/servico\/certidoes\/#\/home\" target=\"_blank\" rel=\"noopener noreferrer\"><img class=\"alignnone wp-image-105\" src=\"https:\/\/wp.ufpel.edu.br\/numat\/files\/2018\/04\/receita_federal_logo-400x261.jpg\" alt=\"\" width=\"123\" height=\"80\" srcset=\"https:\/\/wp.ufpel.edu.br\/numat\/files\/2018\/04\/receita_federal_logo-400x261.jpg 400w, https:\/\/wp.ufpel.edu.br\/numat\/files\/2018\/04\/receita_federal_logo-768x501.jpg 768w, https:\/\/wp.ufpel.edu.br\/numat\/files\/2018\/04\/receita_federal_logo-1024x667.jpg 1024w, https:\/\/wp.ufpel.edu.br\/numat\/files\/2018\/04\/receita_federal_logo.jpg 1628w\" sizes=\"(max-width: 123px) 100vw, 123px\" \/><\/a>\u00a0<a href=\"https:\/\/consulta-crf.caixa.gov.br\/consultacrf\/pages\/consultaEmpregador.jsf\" target=\"_blank\" rel=\"noopener noreferrer\"><img class=\"alignnone wp-image-109\" src=\"https:\/\/wp.ufpel.edu.br\/numat\/files\/2018\/04\/logo_FGTS-400x190.png\" alt=\"\" width=\"168\" height=\"80\" \/><\/a>\u00a0<a href=\"http:\/\/www.tst.jus.br\/certidao\" target=\"_blank\" rel=\"noopener noreferrer\"><img class=\"alignnone wp-image-111\" src=\"https:\/\/wp.ufpel.edu.br\/numat\/files\/2018\/04\/capa_news_2823-400x200.jpg\" alt=\"\" width=\"160\" height=\"80\" \/><\/a>\u00a0\u00a0<a href=\"https:\/\/solucoes.receita.fazenda.gov.br\/Servicos\/cnpjreva\/cnpjreva_solicitacao.asp\" target=\"_blank\" rel=\"noopener noreferrer\"><img class=\"alignnone wp-image-112\" src=\"https:\/\/wp.ufpel.edu.br\/numat\/files\/2018\/04\/icones_350-x-350_px_final_05.png\" alt=\"\" width=\"80\" height=\"80\" srcset=\"https:\/\/wp.ufpel.edu.br\/numat\/files\/2018\/04\/icones_350-x-350_px_final_05.png 350w, https:\/\/wp.ufpel.edu.br\/numat\/files\/2018\/04\/icones_350-x-350_px_final_05-200x200.png 200w\" sizes=\"(max-width: 80px) 100vw, 80px\" \/><\/a><\/p>\n<p>Sites para consulta das certid\u00f5es de Pessoa F\u00edsica:<\/p>\n<p><a href=\"https:\/\/servicos.receitafederal.gov.br\/servico\/certidoes\/#\/home\" target=\"_blank\" rel=\"noopener noreferrer\"><img class=\"alignnone wp-image-105\" src=\"https:\/\/wp.ufpel.edu.br\/numat\/files\/2018\/04\/receita_federal_logo-400x261.jpg\" alt=\"\" width=\"123\" height=\"80\" srcset=\"https:\/\/wp.ufpel.edu.br\/numat\/files\/2018\/04\/receita_federal_logo-400x261.jpg 400w, https:\/\/wp.ufpel.edu.br\/numat\/files\/2018\/04\/receita_federal_logo-768x501.jpg 768w, https:\/\/wp.ufpel.edu.br\/numat\/files\/2018\/04\/receita_federal_logo-1024x667.jpg 1024w, https:\/\/wp.ufpel.edu.br\/numat\/files\/2018\/04\/receita_federal_logo.jpg 1628w\" sizes=\"(max-width: 123px) 100vw, 123px\" \/><\/a><a href=\"http:\/\/www.tst.jus.br\/certidao\" target=\"_blank\" rel=\"noopener noreferrer\"><img class=\"alignnone wp-image-111\" src=\"https:\/\/wp.ufpel.edu.br\/numat\/files\/2018\/04\/capa_news_2823-400x200.jpg\" alt=\"\" width=\"160\" height=\"80\" \/><\/a><\/p>\n","protected":false},"excerpt":{"rendered":"<p>Sites para consulta das certid\u00f5es de Pessoa Jur\u00eddica: \u00a0\u00a0\u00a0\u00a0 Sites para consulta das certid\u00f5es de Pessoa F\u00edsica:<\/p>\n","protected":false},"author":667,"featured_media":0,"parent":0,"menu_order":0,"comment_status":"closed","ping_status":"closed","template":"","meta":{"footnotes":""},"class_list":["post-10","page","type-page","status-publish","hentry"],"_links":{"self":[{"href":"https:\/\/wp.ufpel.edu.br\/numat\/wp-json\/wp\/v2\/pages\/10","targetHints":{"allow":["GET"]}}],"collection":[{"href":"https:\/\/wp.ufpel.edu.br\/numat\/wp-json\/wp\/v2\/pages"}],"about":[{"href":"https:\/\/wp.ufpel.edu.br\/numat\/wp-json\/wp\/v2\/types\/page"}],"author":[{"embeddable":true,"href":"https:\/\/wp.ufpel.edu.br\/numat\/wp-json\/wp\/v2\/users\/667"}],"replies":[{"embeddable":true,"href":"https:\/\/wp.ufpel.edu.br\/numat\/wp-json\/wp\/v2\/comments?post=10"}],"version-history":[{"count":4,"href":"https:\/\/wp.ufpel.edu.br\/numat\/wp-json\/wp\/v2\/pages\/10\/revisions"}],"predecessor-version":[{"id":1638,"href":"https:\/\/wp.ufpel.edu.br\/numat\/wp-json\/wp\/v2\/pages\/10\/revisions\/1638"}],"wp:attachment":[{"href":"https:\/\/wp.ufpel.edu.br\/numat\/wp-json\/wp\/v2\/media?parent=10"}],"curies":[{"name":"wp","href":"https:\/\/api.w.org\/{rel}","templated":true}]}}