{"id":5,"date":"2018-04-13T10:03:12","date_gmt":"2018-04-13T13:03:12","guid":{"rendered":"https:\/\/wp.ufpel.edu.br\/nulic\/?page_id=5"},"modified":"2025-05-08T10:37:38","modified_gmt":"2025-05-08T13:37:38","slug":"legislacao","status":"publish","type":"page","link":"https:\/\/wp.ufpel.edu.br\/nulic\/legislacao\/","title":{"rendered":"Legisla\u00e7\u00e3o"},"content":{"rendered":"<p><strong><span style=\"font-family: georgia, palatino, serif; font-size: 12pt;\">P<\/span><span style=\"font-family: georgia, palatino, serif; font-size: 12pt;\">rincipais Textos Legais:<\/span><\/strong><\/p>\n<p><span style=\"font-family: georgia, palatino, serif; font-size: 12pt; color: #000000;\"><strong><small><a href=\"http:\/\/legislacao.planalto.gov.br\/legisla\/legislacao.nsf\/Viw_Identificacao\/lei%2014.133-2021?OpenDocument\">LEI N\u00ba 14.133, DE 1\u00ba DE ABRIL DE 2021<\/a><\/small> <\/strong>&#8211; Lei de Licita\u00e7\u00f5es e Contratos Administrativos.<\/span><\/p>\n<p><span style=\"font-family: georgia, palatino, serif; font-size: 12pt; color: #000000;\"><strong><small><a style=\"color: #000000;\" href=\"https:\/\/www.planalto.gov.br\/ccivil_03\/_ato2023-2026\/2023\/decreto\/d11462.htm\">DECRETO N\u00ba 11.462, DE 31 DE MAR\u00c7O DE 2023 <\/a><\/small><\/strong>&#8211; Disp\u00f5e sobre o sistema de registro de pre\u00e7os para a contrata\u00e7\u00e3o de bens e servi\u00e7os, inclusive obras e servi\u00e7os de engenharia, no \u00e2mbito da Administra\u00e7\u00e3o P\u00fablica federal direta, aut\u00e1rquica e fundacional.<\/span><\/p>\n<p><span style=\"font-family: georgia, palatino, serif; font-size: 12pt; color: #000000;\"><a style=\"color: #000000;\" href=\"https:\/\/www2.camara.leg.br\/legin\/fed\/decret\/2024\/decreto-11890-22-janeiro-2024-795276-publicacaooriginal-170913-pe.html\"><strong>DECRETO N\u00ba 11.890, DE 22 DE JANEIRO DE 2024<\/strong><\/a> &#8211; Disp\u00f5e sobre a aplica\u00e7\u00e3o da margem de prefer\u00eancia no \u00e2mbito da administra\u00e7\u00e3o p\u00fablica federal direta, aut\u00e1rquica e fundacional, e institui a Comiss\u00e3o Interministerial de Contrata\u00e7\u00f5es P\u00fablicas para o Desenvolvimento Sustent\u00e1vel.<\/span><\/p>\n<p><span style=\"font-family: georgia, palatino, serif; font-size: 12pt; color: #000000;\"><a style=\"color: #000000;\" href=\"http:\/\/www.planalto.gov.br\/ccivil_03\/Leis\/lcp\/lcp123.htm\"><strong>LEI COMPLEMENTAR N\u00ba 123, DE 14 DE DEZEMBRO DE 2006<\/strong><\/a> &#8211; Normas gerais relativas ao tratamento diferenciado e favorecido a ser dispensado \u00e0s microempresas e empresas de pequeno porte no \u00e2mbito dos Poderes da Uni\u00e3o, dos Estados, do Distrito Federal e dos Munic\u00edpios.<\/span><\/p>\n<p><span style=\"font-family: georgia, palatino, serif; font-size: 12pt; color: #000000;\"><strong><a style=\"color: #000000;\" href=\"https:\/\/www.in.gov.br\/materia\/-\/asset_publisher\/Kujrw0TZC2Mb\/content\/id\/20239255\/do1-2017-05-26-instrucao-normativa-n-5-de-26-de-maio-de-2017-20237783\">INSTRU\u00c7\u00c3O NORMATIVA N\u00ba 5, DE 26 DE MAIO DE 2017<\/a><\/strong> &#8211;\u00a0\u00a0Disp\u00f5e sobre as regras e diretrizes do procedimento de contrata\u00e7\u00e3o de servi\u00e7os sob o regime de execu\u00e7\u00e3o indireta no \u00e2mbito da Administra\u00e7\u00e3o P\u00fablica federal direta, aut\u00e1rquica e fundacional.<\/span><\/p>\n<p><span style=\"font-family: georgia, palatino, serif; color: #000000;\"><strong><a style=\"color: #000000;\" href=\"https:\/\/www.in.gov.br\/en\/web\/dou\/-\/instrucao-normativa-n-73-de-5-de-agosto-de-2020-270711836\">INSTRU\u00c7\u00c3O NORMATIVA N\u00ba 73, DE 5 DE AGOSTO DE 2020<\/a> <\/strong>&#8211; Disp\u00f5e sobre o procedimento administrativo para a realiza\u00e7\u00e3o de pesquisa de pre\u00e7os para a aquisi\u00e7\u00e3o de bens e contrata\u00e7\u00e3o de servi\u00e7os em geral, no \u00e2mbito da administra\u00e7\u00e3o p\u00fablica federal direta, aut\u00e1rquica e fundacional.<\/span><\/p>\n<p><span style=\"font-family: georgia, palatino, serif; color: #000000;\"><strong><a style=\"color: #000000;\" href=\"https:\/\/www.in.gov.br\/en\/web\/dou\/-\/instrucao-normativa-n-73-de-5-de-agosto-de-2020-270711836\">INSTRU\u00c7\u00c3O NORMATIVA <\/a><a style=\"color: #000000;\" href=\"https:\/\/www.gov.br\/compras\/pt-br\/acesso-a-informacao\/legislacao\/instrucoes-normativas\/instrucao-normativa-seges-me-no-73-de-30-de-setembro-de-2022\">SEGES\/ME N\u00ba 73, DE 30 DE SETEMBRO DE 2022<\/a><\/strong> &#8211; Disp\u00f5e sobre a licita\u00e7\u00e3o pelo crit\u00e9rio de julgamento por menor pre\u00e7o ou maior desconto, na forma eletr\u00f4nica, para a contrata\u00e7\u00e3o de bens, servi\u00e7os e obras, no \u00e2mbito da Administra\u00e7\u00e3o P\u00fablica federal direta, aut\u00e1rquica e fundacional.<\/span><\/p>\n<p>&nbsp;<\/p>\n<p><strong><span style=\"font-family: georgia, palatino, serif; font-size: 12pt;\">\u00d3rg\u00e3os orientadores:<\/span><\/strong><\/p>\n<p><span style=\"font-family: georgia, palatino, serif; font-size: 12pt;\"><a href=\"http:\/\/www4.planalto.gov.br\/legislacao\" target=\"_blank\" rel=\"noopener noreferrer\">PORTAL DA LEGISLA\u00c7\u00c3O DO GOVERNO FEDERAL (planalto.gov.br)<\/a><\/span><\/p>\n<p><span style=\"font-family: georgia, palatino, serif; font-size: 12pt;\"><a href=\"https:\/\/www.gov.br\/compras\/pt-br\/acesso-a-informacao\/legislacao\/legislacao-por-tema\" target=\"_blank\" rel=\"noopener noreferrer\">LEGISLA\u00c7\u00c3O POR TEMAS (Compras.gov.br)<\/a><\/span><\/p>\n<div class=\"notranslate ESMNde HGLrXd ojE3Fb\">\n<div class=\"q0vns\">\n<div class=\"eqA2re UnOTSe Vwoesf\" aria-hidden=\"true\"><a style=\"font-family: georgia, palatino, serif; font-size: 12pt; text-align: justify;\" href=\"https:\/\/www.gov.br\/agu\/pt-br\" target=\"_blank\" rel=\"noopener noreferrer\">ORIENTA\u00c7\u00d5ES DA ADVOCACIA-GERAL DA UNI\u00c3O SOBRE LICITA\u00c7\u00d5ES E CONTRATOS<\/a><\/div>\n<\/div>\n<\/div>\n<p><span style=\"font-family: georgia, palatino, serif; font-size: 12pt;\"><a href=\"http:\/\/www.cgu.gov.br\/Publicacoes\/orientacoes-aos-gestores\/orientacoes-aos-gestores\" target=\"_blank\" rel=\"noopener noreferrer\">ORIENTA\u00c7\u00d5ES DA CONTROLADORIA-GERAL DA UNI\u00c3O <\/a><a href=\"https:\/\/www.gov.br\/agu\/pt-br\" target=\"_blank\" rel=\"noopener noreferrer\">SOBRE LICITA\u00c7\u00d5ES E CONTRATOS<\/a><\/span><\/p>\n<p><span style=\"font-family: georgia, palatino, serif; font-size: 12pt;\"><a href=\"https:\/\/licitacoesecontratos.tcu.gov.br\/apresentacao\/\" target=\"_blank\" rel=\"noopener noreferrer\">ORIENTA\u00c7\u00d5ES DO TRIBUNAL DE CONTAS DA UNI\u00c3O SOBRE LICITA\u00c7\u00d5ES E CONTRATOS<\/a><\/span><\/p>\n<p><span style=\"font-family: georgia, palatino, serif; font-size: 12pt;\"><a href=\"https:\/\/portal.tcu.gov.br\/jurisprudencia\" target=\"_blank\" rel=\"noopener noreferrer\">JURISPRUD\u00caNCIA SISTEMATIZADA DO TRIBUNAL DE CONTAS DA UNI\u00c3O<\/a><\/span><\/p>\n<p>&nbsp;<\/p>\n<p>&nbsp;<\/p>\n<p>&nbsp;<\/p>\n","protected":false},"excerpt":{"rendered":"<p>Principais Textos Legais: LEI N\u00ba 14.133, DE 1\u00ba DE ABRIL DE 2021 &#8211; Lei de Licita\u00e7\u00f5es e Contratos Administrativos. DECRETO N\u00ba 11.462, DE 31 DE MAR\u00c7O DE 2023 &#8211; Disp\u00f5e sobre o sistema de registro de pre\u00e7os para a contrata\u00e7\u00e3o de bens e servi\u00e7os, inclusive obras e servi\u00e7os de engenharia, no \u00e2mbito da Administra\u00e7\u00e3o P\u00fablica [&hellip;]<\/p>\n","protected":false},"author":667,"featured_media":0,"parent":0,"menu_order":0,"comment_status":"closed","ping_status":"closed","template":"","meta":{"footnotes":""},"class_list":["post-5","page","type-page","status-publish","hentry"],"_links":{"self":[{"href":"https:\/\/wp.ufpel.edu.br\/nulic\/wp-json\/wp\/v2\/pages\/5","targetHints":{"allow":["GET"]}}],"collection":[{"href":"https:\/\/wp.ufpel.edu.br\/nulic\/wp-json\/wp\/v2\/pages"}],"about":[{"href":"https:\/\/wp.ufpel.edu.br\/nulic\/wp-json\/wp\/v2\/types\/page"}],"author":[{"embeddable":true,"href":"https:\/\/wp.ufpel.edu.br\/nulic\/wp-json\/wp\/v2\/users\/667"}],"replies":[{"embeddable":true,"href":"https:\/\/wp.ufpel.edu.br\/nulic\/wp-json\/wp\/v2\/comments?post=5"}],"version-history":[{"count":26,"href":"https:\/\/wp.ufpel.edu.br\/nulic\/wp-json\/wp\/v2\/pages\/5\/revisions"}],"predecessor-version":[{"id":250,"href":"https:\/\/wp.ufpel.edu.br\/nulic\/wp-json\/wp\/v2\/pages\/5\/revisions\/250"}],"wp:attachment":[{"href":"https:\/\/wp.ufpel.edu.br\/nulic\/wp-json\/wp\/v2\/media?parent=5"}],"curies":[{"name":"wp","href":"https:\/\/api.w.org\/{rel}","templated":true}]}}