{"id":40,"date":"2018-07-02T14:36:05","date_gmt":"2018-07-02T17:36:05","guid":{"rendered":"https:\/\/wp.ufpel.edu.br\/nulic\/?page_id=40"},"modified":"2021-02-17T15:56:36","modified_gmt":"2021-02-17T18:56:36","slug":"relacao-pregoes-homologados","status":"publish","type":"page","link":"https:\/\/wp.ufpel.edu.br\/nulic\/relacao-pregoes-homologados\/","title":{"rendered":"Preg\u00f5es Homologados"},"content":{"rendered":"<div class=\"dados-cobalto cobalto-lista-pregoes\"><form id=\"formLicitacoes\" method=\"get\"><p>Selecione o ano: <select name=\"pregoesAno\" onchange=\"javascript:formLicitacoes.submit();\"><option selected>2026<\/option><option>2025<\/option><option>2024<\/option><option>2023<\/option><option>2022<\/option><option>2021<\/option><\/select><\/p><\/form><table class=\"tabela-pregoes cobalto-tabela-zebrada\"><tr><th>Preg\u00e3o<\/th><th>Modalidade<\/th><th>Objeto<\/th><th>Data Vig\u00eancia<\/th><th>Processo<\/th><\/tr><tr><td>90045\/2025<\/td><td>SRP<\/td><td>PISOS, REVESTIMENTOS, ARGAMASSAS, REJUNTES E OUTROS MATERIAIS AFINS NECESS\u00c1RIOS AOS SERVI\u00c7OS DE CONSTRU\u00c7\u00c3O E REFORMA A CARGO DA SUINFRA. <\/td><td>13\/03\/2026<\/td><td class=\"nowrap\">23110.033266\/2025-53<\/td><\/tr><\/table><\/div>\n<p>&nbsp;<\/p>\n","protected":false},"excerpt":{"rendered":"<p>&nbsp;<\/p>\n","protected":false},"author":846,"featured_media":0,"parent":0,"menu_order":0,"comment_status":"closed","ping_status":"closed","template":"page-sem-sidebar.php","meta":{"footnotes":""},"class_list":["post-40","page","type-page","status-publish","hentry"],"_links":{"self":[{"href":"https:\/\/wp.ufpel.edu.br\/nulic\/wp-json\/wp\/v2\/pages\/40","targetHints":{"allow":["GET"]}}],"collection":[{"href":"https:\/\/wp.ufpel.edu.br\/nulic\/wp-json\/wp\/v2\/pages"}],"about":[{"href":"https:\/\/wp.ufpel.edu.br\/nulic\/wp-json\/wp\/v2\/types\/page"}],"author":[{"embeddable":true,"href":"https:\/\/wp.ufpel.edu.br\/nulic\/wp-json\/wp\/v2\/users\/846"}],"replies":[{"embeddable":true,"href":"https:\/\/wp.ufpel.edu.br\/nulic\/wp-json\/wp\/v2\/comments?post=40"}],"version-history":[{"count":23,"href":"https:\/\/wp.ufpel.edu.br\/nulic\/wp-json\/wp\/v2\/pages\/40\/revisions"}],"predecessor-version":[{"id":162,"href":"https:\/\/wp.ufpel.edu.br\/nulic\/wp-json\/wp\/v2\/pages\/40\/revisions\/162"}],"wp:attachment":[{"href":"https:\/\/wp.ufpel.edu.br\/nulic\/wp-json\/wp\/v2\/media?parent=40"}],"curies":[{"name":"wp","href":"https:\/\/api.w.org\/{rel}","templated":true}]}}