{"id":30,"date":"2018-05-29T14:20:04","date_gmt":"2018-05-29T17:20:04","guid":{"rendered":"https:\/\/wp.ufpel.edu.br\/nulic\/?page_id=30"},"modified":"2021-07-07T17:12:15","modified_gmt":"2021-07-07T20:12:15","slug":"apresentacao","status":"publish","type":"page","link":"https:\/\/wp.ufpel.edu.br\/nulic\/apresentacao\/","title":{"rendered":"Apresenta\u00e7\u00e3o"},"content":{"rendered":"<p>O\u00a0<strong>N\u00facleo de Licita\u00e7\u00f5es (NULIC)<\/strong>\u00a0tem como principais atribui\u00e7\u00f5es:<\/p>\n<ul>\n<li>Planejar, acompanhar e conduzir os processos licitat\u00f3rios para aquisi\u00e7\u00e3o e\/ou aliena\u00e7\u00e3o de bens, concess\u00f5es de espa\u00e7o f\u00edsico bem como contrata\u00e7\u00e3o de obras e servi\u00e7os de engenharia;<\/li>\n<li>Orientar e revisar a elabora\u00e7\u00e3o de editais de licita\u00e7\u00f5es e minutas de contratos;<\/li>\n<li>Coordenar e orientar a a\u00e7\u00e3o dos Pre\u00adgoeiros, Comiss\u00e3o Permanente de Licita\u00e7\u00f5es e equipe de apoio;<\/li>\n<li>Elaborar editais e minutas de contratos referentes a obras e servi\u00e7os de engenharia, a aquisi\u00e7\u00e3o de bens e a contrata\u00e7\u00e3o de servi\u00e7os;<\/li>\n<li>Publicar o edital de licita\u00e7\u00e3o;<\/li>\n<li>Executar os processos licitat\u00f3rios;<\/li>\n<li>Acolher, julgar e responder \u00e0s impugna\u00e7\u00f5es de edital nos termos da legisla\u00e7\u00e3o vigente;<\/li>\n<li>Receber, examinar e julgar documentos de habilita\u00e7\u00e3o;<\/li>\n<li>Receber, examinar e julgar propostas de pre\u00e7o e conduzir sua sess\u00e3o p\u00fablica;<\/li>\n<li>Encami\u00adnhar o processo instru\u00eddo para a homologa\u00e7\u00e3o;<\/li>\n<li>Publicar a licita\u00e7\u00e3o e conduzir sua sess\u00e3o p\u00fablica.<\/li>\n<\/ul>\n","protected":false},"excerpt":{"rendered":"<p>O\u00a0N\u00facleo de Licita\u00e7\u00f5es (NULIC)\u00a0tem como principais atribui\u00e7\u00f5es: Planejar, acompanhar e conduzir os processos licitat\u00f3rios para aquisi\u00e7\u00e3o e\/ou aliena\u00e7\u00e3o de bens, concess\u00f5es de espa\u00e7o f\u00edsico bem como contrata\u00e7\u00e3o de obras e servi\u00e7os de engenharia; Orientar e revisar a elabora\u00e7\u00e3o de editais de licita\u00e7\u00f5es e minutas de contratos; Coordenar e orientar a a\u00e7\u00e3o dos Pre\u00adgoeiros, Comiss\u00e3o Permanente [&hellip;]<\/p>\n","protected":false},"author":846,"featured_media":0,"parent":0,"menu_order":0,"comment_status":"closed","ping_status":"closed","template":"","meta":{"footnotes":""},"class_list":["post-30","page","type-page","status-publish","hentry"],"_links":{"self":[{"href":"https:\/\/wp.ufpel.edu.br\/nulic\/wp-json\/wp\/v2\/pages\/30","targetHints":{"allow":["GET"]}}],"collection":[{"href":"https:\/\/wp.ufpel.edu.br\/nulic\/wp-json\/wp\/v2\/pages"}],"about":[{"href":"https:\/\/wp.ufpel.edu.br\/nulic\/wp-json\/wp\/v2\/types\/page"}],"author":[{"embeddable":true,"href":"https:\/\/wp.ufpel.edu.br\/nulic\/wp-json\/wp\/v2\/users\/846"}],"replies":[{"embeddable":true,"href":"https:\/\/wp.ufpel.edu.br\/nulic\/wp-json\/wp\/v2\/comments?post=30"}],"version-history":[{"count":28,"href":"https:\/\/wp.ufpel.edu.br\/nulic\/wp-json\/wp\/v2\/pages\/30\/revisions"}],"predecessor-version":[{"id":220,"href":"https:\/\/wp.ufpel.edu.br\/nulic\/wp-json\/wp\/v2\/pages\/30\/revisions\/220"}],"wp:attachment":[{"href":"https:\/\/wp.ufpel.edu.br\/nulic\/wp-json\/wp\/v2\/media?parent=30"}],"curies":[{"name":"wp","href":"https:\/\/api.w.org\/{rel}","templated":true}]}}