{"id":265,"date":"2025-11-27T18:45:33","date_gmt":"2025-11-27T21:45:33","guid":{"rendered":"https:\/\/wp.ufpel.edu.br\/nulic\/?page_id=265"},"modified":"2025-12-01T14:42:58","modified_gmt":"2025-12-01T17:42:58","slug":"manual-do-fornecedor","status":"publish","type":"page","link":"https:\/\/wp.ufpel.edu.br\/nulic\/manual-do-fornecedor\/","title":{"rendered":"Manual do Fornecedor"},"content":{"rendered":"<p>A seguir, apresentam-se os manuais destinados a orientar os fornecedores quanto \u00e0 correta utiliza\u00e7\u00e3o do sistema Compras.gov.br. Esses materiais t\u00eam por finalidade apoiar o desempenho das rotinas operacionais, esclarecer procedimentos e contribuir para a adequada participa\u00e7\u00e3o nos processos licitat\u00f3rios realizados na Universidade Federal de Pelotas.<\/p>\n<p><a href=\"https:\/\/wp.ufpel.edu.br\/nulic\/files\/2025\/11\/Manual-do-Fornecedor.pdf\" target=\"_blank\" rel=\"noopener\">Manual do Fornecedor<\/a><\/p>\n<p><a href=\"https:\/\/wp.ufpel.edu.br\/nulic\/files\/2025\/12\/Manual-Fornecedor-Cadastro-de-Proposta.pdf\" target=\"_blank\" rel=\"noopener\">Manual do fornecedor vers\u00e3o resumida: Cadastro e Consulta da Proposta<\/a><\/p>\n","protected":false},"excerpt":{"rendered":"<p>A seguir, apresentam-se os manuais destinados a orientar os fornecedores quanto \u00e0 correta utiliza\u00e7\u00e3o do sistema Compras.gov.br. Esses materiais t\u00eam por finalidade apoiar o desempenho das rotinas operacionais, esclarecer procedimentos e contribuir para a adequada participa\u00e7\u00e3o nos processos licitat\u00f3rios realizados na Universidade Federal de Pelotas. Manual do Fornecedor Manual do fornecedor vers\u00e3o resumida: Cadastro e [&hellip;]<\/p>\n","protected":false},"author":1457,"featured_media":0,"parent":0,"menu_order":0,"comment_status":"closed","ping_status":"closed","template":"","meta":{"footnotes":""},"class_list":["post-265","page","type-page","status-publish","hentry"],"_links":{"self":[{"href":"https:\/\/wp.ufpel.edu.br\/nulic\/wp-json\/wp\/v2\/pages\/265","targetHints":{"allow":["GET"]}}],"collection":[{"href":"https:\/\/wp.ufpel.edu.br\/nulic\/wp-json\/wp\/v2\/pages"}],"about":[{"href":"https:\/\/wp.ufpel.edu.br\/nulic\/wp-json\/wp\/v2\/types\/page"}],"author":[{"embeddable":true,"href":"https:\/\/wp.ufpel.edu.br\/nulic\/wp-json\/wp\/v2\/users\/1457"}],"replies":[{"embeddable":true,"href":"https:\/\/wp.ufpel.edu.br\/nulic\/wp-json\/wp\/v2\/comments?post=265"}],"version-history":[{"count":4,"href":"https:\/\/wp.ufpel.edu.br\/nulic\/wp-json\/wp\/v2\/pages\/265\/revisions"}],"predecessor-version":[{"id":280,"href":"https:\/\/wp.ufpel.edu.br\/nulic\/wp-json\/wp\/v2\/pages\/265\/revisions\/280"}],"wp:attachment":[{"href":"https:\/\/wp.ufpel.edu.br\/nulic\/wp-json\/wp\/v2\/media?parent=265"}],"curies":[{"name":"wp","href":"https:\/\/api.w.org\/{rel}","templated":true}]}}