{"id":95,"date":"2016-03-24T09:55:39","date_gmt":"2016-03-24T12:55:39","guid":{"rendered":"https:\/\/wp.ufpel.edu.br\/nulab\/?page_id=95"},"modified":"2016-06-06T12:30:37","modified_gmt":"2016-06-06T15:30:37","slug":"clc","status":"publish","type":"page","link":"https:\/\/wp.ufpel.edu.br\/nulab\/clc\/","title":{"rendered":"Centro de Letras e Comunica\u00e7\u00e3o (CLC)"},"content":{"rendered":"<p><a href=\"https:\/\/wp.ufpel.edu.br\/nulab\/clc\/jornalismo\/\">Jornalismo<\/a><\/p>\n<p><a href=\"https:\/\/wp.ufpel.edu.br\/nulab\/clc\/letras-licenciaturas\/\">Letras (Licenciaturas)<\/a><\/p>\n<p><a href=\"https:\/\/wp.ufpel.edu.br\/nulab\/clc\/letras-bacharelados\/\">Letras (Bacharelados)<\/a><\/p>\n<p>&nbsp;<\/p>\n<p>&nbsp;<\/p>\n<p><a href=\"https:\/\/wp.ufpel.edu.br\/nulab\/clc\/laboratorio-de-edicao-audiovisual\/\">Laborat\u00f3rio de Edi\u00e7\u00e3o Audiovisual<\/a><\/p>\n<p><a href=\"https:\/\/wp.ufpel.edu.br\/nulab\/clc\/laboratorio-de-linguas\/\">Laborat\u00f3rio de L\u00ednguas<\/a><\/p>\n<p><a href=\"https:\/\/wp.ufpel.edu.br\/nulab\/clc\/laboratorio-de-traducao\/\">Laborat\u00f3rio de Tradu\u00e7\u00e3o<\/a><\/p>\n","protected":false},"excerpt":{"rendered":"<p>Jornalismo Letras (Licenciaturas) Letras (Bacharelados) &nbsp; &nbsp; Laborat\u00f3rio de Edi\u00e7\u00e3o Audiovisual Laborat\u00f3rio de L\u00ednguas Laborat\u00f3rio de Tradu\u00e7\u00e3o<\/p>\n","protected":false},"author":634,"featured_media":0,"parent":0,"menu_order":0,"comment_status":"closed","ping_status":"closed","template":"","meta":{"footnotes":""},"class_list":["post-95","page","type-page","status-publish","hentry"],"_links":{"self":[{"href":"https:\/\/wp.ufpel.edu.br\/nulab\/wp-json\/wp\/v2\/pages\/95","targetHints":{"allow":["GET"]}}],"collection":[{"href":"https:\/\/wp.ufpel.edu.br\/nulab\/wp-json\/wp\/v2\/pages"}],"about":[{"href":"https:\/\/wp.ufpel.edu.br\/nulab\/wp-json\/wp\/v2\/types\/page"}],"author":[{"embeddable":true,"href":"https:\/\/wp.ufpel.edu.br\/nulab\/wp-json\/wp\/v2\/users\/634"}],"replies":[{"embeddable":true,"href":"https:\/\/wp.ufpel.edu.br\/nulab\/wp-json\/wp\/v2\/comments?post=95"}],"version-history":[{"count":10,"href":"https:\/\/wp.ufpel.edu.br\/nulab\/wp-json\/wp\/v2\/pages\/95\/revisions"}],"predecessor-version":[{"id":1991,"href":"https:\/\/wp.ufpel.edu.br\/nulab\/wp-json\/wp\/v2\/pages\/95\/revisions\/1991"}],"wp:attachment":[{"href":"https:\/\/wp.ufpel.edu.br\/nulab\/wp-json\/wp\/v2\/media?parent=95"}],"curies":[{"name":"wp","href":"https:\/\/api.w.org\/{rel}","templated":true}]}}